{"id":1926,"date":"2026-01-06T02:46:29","date_gmt":"2026-01-06T02:46:29","guid":{"rendered":"https:\/\/lyfilter.com\/?post_type=product&#038;p=1926"},"modified":"2026-01-07T07:58:22","modified_gmt":"2026-01-07T07:58:22","slug":"pes-pleated-filter-cartridge-precision-flow-meter-water-sensor","status":"publish","type":"product","link":"https:\/\/lyfilter.com\/de\/pes-pleated-filter-cartridge-precision-flow-meter-water-sensor\/","title":{"rendered":"PES-Faltenfilterpatrone\/Pr\u00e4zisionsdurchflussmesser-Wassersensor"},"content":{"rendered":"<p><strong>PES-Faltenfilterpatrone\/Pr\u00e4zisionsdurchflussmesser-Wassersensor<\/strong><\/p>\n<p><img decoding=\"async\" src=\"https:\/\/img.yfisher.com\/m6076\/1725731185aiz\/jpg70-t3-scale100.webp\" alt=\"PES Faltenfilterpatrone\/Pr\u00e4zisions-Durchflussmesser Wassersensor 2\" data-alt=\"PES Pleated Filter Cartridge\/precision flow meter water sensor\" data-lazy=\"2\" title=\"\"><img decoding=\"async\" src=\"https:\/\/img.yfisher.com\/m6076\/1725731185xk6\/jpg70-t3-scale100.webp\" alt=\"PES-Faltenfilterpatrone\/Pr\u00e4zisionsdurchflussmesser-Wassersensor 4\" data-alt=\"PES Pleated Filter Cartridge\/precision flow meter water sensor\" data-=\"\" data-lazy=\"2\" title=\"\"><img decoding=\"async\" src=\"https:\/\/img.yfisher.com\/m6076\/17257311852i8\/jpg70-t3-scale100.webp\" alt=\"PES-Faltenfilterpatrone\/Pr\u00e4zisionsdurchflussmesser-Wassersensor 6\" data-alt=\"PES Pleated Filter Cartridge\/precision flow meter water sensor\" data-lazy=\"2\" title=\"\"><img decoding=\"async\" src=\"https:\/\/img.yfisher.com\/m6076\/1725731185fat\/jpg70-t3-scale100.webp\" alt=\"PES-Faltenfilterpatrone\/Pr\u00e4zisionsdurchflussmesser-Wassersensor 8\" data-alt=\"PES Pleated Filter Cartridge\/precision flow meter water sensor\" data-lazy=\"2\" title=\"\"><img decoding=\"async\" src=\"https:\/\/img.yfisher.com\/m6076\/172573118513n\/jpg70-t3-scale100.webp\" alt=\"PES-Faltenfilterpatrone\/Pr\u00e4zisionsdurchflussmesser-Wassersensor 10\" data-alt=\"PES Pleated Filter Cartridge\/precision flow meter water sensor\" data-lazy=\"2\" title=\"\"><\/p>\n<p><strong>Produkt-Einf\u00fchrung<\/strong><\/p>\n<p>Die PP-Kartusche verwendet eine gefaltete PP-Fasermembran als Filtrationsmedium.<br \/>\nDie PP-Patrone ist ein fortschrittlicher station\u00e4rer Intensivfilter, der in einer breiten Palette von R\u00fcckhaltegraden von 0,1um bis 60um erh\u00e4ltlich ist. Die Porengr\u00f6\u00dfe wird durch die Vibration des Speisedrucks nicht beeintr\u00e4chtigt. Aufgrund seiner einzigartigen niedrigen Differenzdruck, hohe Durchflussmenge, hervorragende Filtration und zog viele Kunden<\/p>\n<p>Spezifikation<\/p>\n<p>&nbsp;<\/p>\n<p><strong>Wettbewerbsvorteile<\/strong><\/p>\n<p>1.gut und hohe Qualit\u00e4tskontrolle ,<br \/>\n2. prompte Lieferung ,<br \/>\n3. das Design und Logo des Kunden sind willkommen, ,<br \/>\n4. umweltfreundliche Produkte ,<br \/>\n5. geringer Druckabfall, lange Nutzungsdauer<\/p>\n<p>6. volle Bandbreite an Entfernungswerten<\/p>\n<p>7. Abgestufte Porendichte f\u00fcr hohe Schmutzaufnahmekapazit\u00e4t<\/p>\n<p>8. ausgezeichnete chemische Vertr\u00e4glichkeit.<\/p>\n<p>Geeignet zum Filtern von organischen L\u00f6sungsmitteln, sauren Basen<\/p>\n<p>&nbsp;<\/p>\n<p><strong>Merkmale:<br \/>\n<\/strong>1. Der Membranstapel besteht aus einer PP-Superfeinfasermembran und einer importierten Deflektorschicht und verf\u00fcgt \u00fcber ein hohes Aufnahmeverm\u00f6gen f\u00fcr Schadstoffe.<br \/>\n2. Umfassende Anwendbarkeit<br \/>\n3. Gro\u00dfer Durchfluss, geringer Widerstand, gro\u00dfe Menge an aufgenommenen Schadstoffen und lange Nutzungsdauer<br \/>\n4. Anwendung der Hei\u00dfschwei\u00dftechnik ohne Bindemittel und ohne Eintrag von chemischen Schadstoffen<br \/>\n5. Jede Filterpatrone der pharmazeutischen Qualit\u00e4t wurde mit Injektionswasser gewaschen; jede Filterpatrone der elektronischen Qualit\u00e4t wurde mit ultrareinem Wasser gewaschen.<\/p>\n<p><strong>Anwendung:<br \/>\n<\/strong>1. Elektronische Industrie: Chemische Produkte und reines Wasser<br \/>\n2. Sicherheitsfilter f\u00fcr Umkehrosmose<br \/>\n3. Lebensmittel- und Getr\u00e4nkeindustrie: Mineralwasser, Weine und Fruchts\u00e4fte usw.<br \/>\n4. Medizinische Industrie: Fl\u00fcssigmedikamente, Gase usw.<br \/>\n5. Chemische Industrie: Organische L\u00f6sungsmittel usw.<br \/>\n6. Erd\u00f6lindustrie: \u00dcberflutung von \u00d6lfeldern<br \/>\n7. Feinfiltration f\u00fcr eine Vielzahl von Gasen<br \/>\n8. Viel feinere Vorfiltration<\/p>\n<p>&nbsp;<\/p>\n<p><strong>Zusammenfassung der Vorteile<\/strong><br \/>\n1. universelle chemische Vertr\u00e4glichkeit, gro\u00dfes Durchflussvolumen, niedriger Differenzdruck und lange Lebensdauer.<br \/>\n2. eine breite Palette von R\u00fcckhaltewerten f\u00fcr verschiedene Filtrationsanforderungen<br \/>\n3.Anwendung der thermischen Bindungstechnik, fest und keine Verschmutzung der Produkte<br \/>\n4.clean in gemeinsamen Wege und sterilisieren mit sterilisierenden Schrank und Dampf<\/p>\n<h4><strong>Spezifikation<\/strong><\/h4>\n<div class=\"table-responsive\">\n<table class=\"aliDataTable\">\n<tbody>\n<tr align=\"left\">\n<td valign=\"top\" width=\"284\"><strong>L\u00e4nge<\/strong><\/td>\n<td valign=\"top\" width=\"284\"><strong>5\u201d, 10\u201d ,20\u201d , 30\u201d , 40\u201d<\/strong><\/td>\n<\/tr>\n<tr align=\"left\">\n<td valign=\"top\"><strong>Pr\u00e4zision<\/strong><\/td>\n<td valign=\"top\"><strong>0.1,\u00a00.22,\u00a00.45,\u00a01,\u00a05,\u00a010,\u00a020,25,\u00a030,\u00a050,\u00a060<\/strong><\/td>\n<\/tr>\n<\/tbody>\n<\/table>\n<\/div>\n<p>&nbsp;<\/p>\n<h4><\/h4>\n<h4><strong>Technische Daten\u00a0<\/strong><\/h4>\n<div class=\"table-responsive\">\n<table class=\"aliDataTable\">\n<tbody>\n<tr align=\"left\">\n<td valign=\"top\" width=\"188\"><strong>Pr\u00e4zision der Filtration\u00a0<\/strong><\/td>\n<td valign=\"top\" width=\"380\"><strong>0.1,\u00a0\u00a00.2,\u00a0\u00a00.45,\u00a0\u00a00.65,\u00a0\u00a00.8,\u00a0\u00a01,\u00a0\u00a02,\u00a0\u00a03,\u00a0\u00a05,\u00a0\u00a010,\u00a0\u00a020,\u00a0\u00a025,\u00a0\u00a030,\u00a0\u00a050,\u00a0\u00a060<\/strong><\/td>\n<\/tr>\n<tr align=\"left\">\n<td valign=\"top\"><strong>Effektive Filtrationsfl\u00e4che<\/strong><\/td>\n<td valign=\"top\"><strong>0.40-0.7<\/strong><\/td>\n<\/tr>\n<tr align=\"left\">\n<td valign=\"top\"><strong>Max. Betriebsdruck<\/strong><\/td>\n<td valign=\"top\"><strong>\u00a0042Mpa25\u00b0C<\/strong><\/td>\n<\/tr>\n<tr align=\"left\">\n<td valign=\"top\"><strong>Max. Betriebstemperatur<\/strong><\/td>\n<td valign=\"top\"><strong>88\u00b0C, 0,28Mpa; 60\u00b0C, 0,42Mpa<\/strong><\/td>\n<\/tr>\n<tr align=\"left\">\n<td valign=\"top\"><strong>Temperatur der Sterilisation<\/strong><\/td>\n<td valign=\"top\"><strong>121\u00b0C 30min<\/strong><\/td>\n<\/tr>\n<\/tbody>\n<\/table>\n<\/div>\n<p>&nbsp;<\/p>\n<h4><strong>Verbindung\u00a0<\/strong><\/h4>\n<div class=\"table-responsive\">\n<table class=\"aliDataTable\">\n<tbody>\n<tr align=\"left\">\n<td valign=\"top\" width=\"284\"><strong>Typ Speer<\/strong><\/td>\n<td valign=\"top\" width=\"284\"><strong>\u00a0<img decoding=\"async\" src=\"https:\/\/img.yfisher.com\/m6076\/1725731185qn2\/jpg70-t3-scale100.webp\" alt=\"PES Faltenfilterpatrone\/Pr\u00e4zisions-Durchflussmesser Wassersensor 12\" data-alt=\"PES Pleated Filter Cartridge\/precision flow meter water sensor\" data-=\"\" data-lazy=\"2\" title=\"\"><\/strong><\/td>\n<\/tr>\n<tr align=\"left\">\n<td valign=\"top\"><strong>215 Typ<\/strong><\/td>\n<td valign=\"top\"><strong>\u00a0<img decoding=\"async\" src=\"https:\/\/img.yfisher.com\/m6076\/1725731185bp0\/jpg70-t3-scale100.webp\" alt=\"PES-Faltenfilterpatrone\/Pr\u00e4zisionsdurchflussmesser-Wassersensor 14\" data-alt=\"PES Pleated Filter Cartridge\/precision flow meter water sensor\" data-=\"\" data-lazy=\"2\" title=\"\"><\/strong><\/td>\n<\/tr>\n<tr align=\"left\">\n<td valign=\"top\"><\/td>\n<td valign=\"top\"><\/td>\n<\/tr>\n<tr align=\"left\">\n<td valign=\"top\"><strong>226 Typ<\/strong><\/td>\n<td valign=\"top\"><strong>\u00a0<img decoding=\"async\" src=\"https:\/\/img.yfisher.com\/m6076\/1725731185ogz\/jpg70-t3-scale100.webp\" alt=\"PES-Faltenfilterpatrone\/Pr\u00e4zisionsdurchflussmesser-Wassersensor 16\" data-alt=\"PES Pleated Filter Cartridge\/precision flow meter water sensor\" data-=\"\" data-lazy=\"2\" title=\"\"><\/strong><\/td>\n<\/tr>\n<tr align=\"left\">\n<td valign=\"top\"><strong>Platte Typ<\/strong><\/td>\n<td valign=\"top\"><strong>\u00a0\u00a0<img decoding=\"async\" src=\"https:\/\/img.yfisher.com\/m6076\/1725731185yjw\/jpg70-t3-scale100.webp\" alt=\"PES-Faltenfilterpatrone\/Pr\u00e4zisionsdurchflussmesser-Wassersensor 18\" data-alt=\"PES Pleated Filter Cartridge\/precision flow meter water sensor\" data-=\"\" data-lazy=\"2\" title=\"\"><\/strong><\/td>\n<\/tr>\n<\/tbody>\n<\/table>\n<\/div>\n<p>&nbsp;<\/p>\n<p><strong>\u00a0<\/strong><\/p>\n<p><strong>Material der Filtermembran<\/strong><\/p>\n<p>&nbsp;<\/p>\n<div class=\"table-responsive\">\n<table class=\"aliDataTable\">\n<tbody>\n<tr align=\"left\">\n<td valign=\"top\" width=\"284\"><strong>Material der Filtermembran<\/strong><\/td>\n<td valign=\"top\" width=\"284\"><strong>Anmeldung\u00a0<\/strong><\/td>\n<\/tr>\n<tr align=\"left\">\n<td valign=\"top\"><strong>PP<\/strong><\/td>\n<td rowspan=\"5\" valign=\"top\"><strong>1.Elektronikindustrie: Umkehrosmose Wasser System\u00a0<\/strong><\/p>\n<p><strong>Vorfiltration, Vorfiltration von deionisiertem Wasser<\/strong><\/p>\n<p><strong>2) Lebensmittelhersteller: Filtration von Getr\u00e4nken,\u00a0<\/strong><\/p>\n<p><strong>Bier und Mineralwasser<\/strong><\/p>\n<p><strong>3) Chemische Anlage: Filtration von organischen L\u00f6sungsmitteln und Tinte.<\/strong><\/p>\n<p><strong>4. pharmazeutische Industrie: Filtration von\u00a0<\/strong><\/p>\n<p><strong>Pharmazeutische und biologische Serumprodukte,<\/strong><\/p>\n<p><strong>Druckluft und Gas\u00a0<\/strong><\/p>\n<p><strong>5.andere: Filtration von Beschichtungsl\u00f6sungen, Prozessfl\u00fcssigkeiten,<\/strong><\/p>\n<p><strong>\u00a0Photoresist und magnetische Medien.<\/strong><\/p>\n<p><strong>\u00a0<\/strong><\/td>\n<\/tr>\n<tr align=\"left\">\n<td valign=\"top\"><strong>PTFE<\/strong><\/td>\n<\/tr>\n<tr align=\"left\">\n<td valign=\"top\"><strong>PES<\/strong><\/td>\n<\/tr>\n<tr align=\"left\">\n<td valign=\"top\"><strong>N66<\/strong><\/td>\n<\/tr>\n<tr align=\"left\">\n<td valign=\"top\"><strong>Kohlefaser<\/strong><\/td>\n<\/tr>\n<\/tbody>\n<\/table>\n<\/div>","protected":false},"excerpt":{"rendered":"<table>\n<thead>\n<tr>\n<th>Artikel<\/th>\n<th>Details<\/th>\n<\/tr>\n<\/thead>\n<tbody>\n<tr>\n<td>anwendbare Industrien<\/td>\n<td>Hotels, Lebensmittel- und Getr\u00e4nkefabrik, Restaurant, Lebensmittelgesch\u00e4ft, Lebensmittel- und Getr\u00e4nkel\u00e4den<\/td>\n<\/tr>\n<tr>\n<td>Herkunftsort<\/td>\n<td>Guangdong, China<\/td>\n<\/tr>\n<tr>\n<td>Markenname<\/td>\n<td>LvYuan\/OEM<\/td>\n<\/tr>\n<tr>\n<td>Marketing-Typ<\/td>\n<td>Neues Produkt 2020<\/td>\n<\/tr>\n<tr>\n<td>Video-Ausgangsinspektion<\/td>\n<td>Zur Verf\u00fcgung gestellt<\/td>\n<\/tr>\n<tr>\n<td>Service nach der Garantie<\/td>\n<td>Technische Unterst\u00fctzung per Video<\/td>\n<\/tr>\n<tr>\n<td>Kundendienst<\/td>\n<td>Technische Unterst\u00fctzung per Video<\/td>\n<\/tr>\n<tr>\n<td>lokaler Servicestandort<\/td>\n<td>keine<\/td>\n<\/tr>\n<tr>\n<td>Standort des Ausstellungsraums<\/td>\n<td>keine<\/td>\n<\/tr>\n<tr>\n<td>Maschinenpr\u00fcfbericht<\/td>\n<td>Nicht verf\u00fcgbar<\/td>\n<\/tr>\n<tr>\n<td>Garantie<\/td>\n<td>1 Jahr<\/td>\n<\/tr>\n<tr>\n<td>Garantie f\u00fcr Kernkomponenten<\/td>\n<td>1 Jahr<\/td>\n<\/tr>\n<tr>\n<td>Material<\/td>\n<td>Papierkarton; Polypropylen oder PVDF, PTFE, PES, N66<\/td>\n<\/tr>\n<tr>\n<td>Oberfl\u00e4che<\/td>\n<td>Polypropylen<\/td>\n<\/tr>\n<tr>\n<td>Mikron-Einstufung<\/td>\n<td>0,1, 0,45, 0,5, 0,68, 0,8, 1, 2-60 \u00b5m<\/td>\n<\/tr>\n<tr>\n<td>Gr\u00f6\u00dfe<\/td>\n<td>normaler Karton 53\u00d732\u00d732 cm; 5\u2033, 10\u2033, 20\u2033, 30\u2033, 40\u2033 oder individuell<\/td>\n<\/tr>\n<tr>\n<td>Gewicht<\/td>\n<td>von Fall zu Fall<\/td>\n<\/tr>\n<tr>\n<td>Macht<\/td>\n<td>NA<\/td>\n<\/tr>\n<tr>\n<td>Farbe<\/td>\n<td>Wei\u00df<\/td>\n<\/tr>\n<tr>\n<td>Qualit\u00e4t<\/td>\n<td>Ausgezeichnet, lebensmittelecht<\/td>\n<\/tr>\n<tr>\n<td>Innendurchmesser<\/td>\n<td>32mm, 35mm<\/td>\n<\/tr>\n<tr>\n<td>Au\u00dfendurchmesser<\/td>\n<td>68mm, 70mm<\/td>\n<\/tr>\n<tr>\n<td>Schnittstelle<\/td>\n<td>flacher Typ, 215, 222, 226<\/td>\n<\/tr>\n<tr>\n<td>Kerngr\u00f6\u00dfe<\/td>\n<td>Kern, oder ohne Kern<\/td>\n<\/tr>\n<tr>\n<td>Kernkomponenten<\/td>\n<td>Elektronischer Teil, falls vorhanden<\/td>\n<\/tr>\n<tr>\n<td>Lieferf\u00e4higkeit<\/td>\n<td>5000 St\u00fcck\/St\u00fcck pro Tag<\/td>\n<\/tr>\n<\/tbody>\n<\/table>","protected":false},"featured_media":1941,"comment_status":"open","ping_status":"closed","template":"","meta":{"_gspb_post_css":""},"product_brand":[],"product_cat":[17,23],"product_tag":[836,838,839,834,835,837],"class_list":{"0":"post-1926","1":"product","2":"type-product","3":"status-publish","4":"has-post-thumbnail","6":"product_cat-sediment-filter","7":"product_cat-pp-filter-cartridge","8":"product_tag-0-1-60-micron-filter","9":"product_tag-222-226-interface-cartridge","10":"product_tag-beverage-water-filtration","11":"product_tag-food-grade-filter-cartridge","12":"product_tag-membrane-filter-cartridge","13":"product_tag-pp-pvdf-ptfe-pes-n66","15":"first","16":"instock","17":"shipping-taxable","18":"product-type-simple"},"_links":{"self":[{"href":"https:\/\/lyfilter.com\/de\/wp-json\/wp\/v2\/product\/1926","targetHints":{"allow":["GET"]}}],"collection":[{"href":"https:\/\/lyfilter.com\/de\/wp-json\/wp\/v2\/product"}],"about":[{"href":"https:\/\/lyfilter.com\/de\/wp-json\/wp\/v2\/types\/product"}],"replies":[{"embeddable":true,"href":"https:\/\/lyfilter.com\/de\/wp-json\/wp\/v2\/comments?post=1926"}],"wp:featuredmedia":[{"embeddable":true,"href":"https:\/\/lyfilter.com\/de\/wp-json\/wp\/v2\/media\/1941"}],"wp:attachment":[{"href":"https:\/\/lyfilter.com\/de\/wp-json\/wp\/v2\/media?parent=1926"}],"wp:term":[{"taxonomy":"product_brand","embeddable":true,"href":"https:\/\/lyfilter.com\/de\/wp-json\/wp\/v2\/product_brand?post=1926"},{"taxonomy":"product_cat","embeddable":true,"href":"https:\/\/lyfilter.com\/de\/wp-json\/wp\/v2\/product_cat?post=1926"},{"taxonomy":"product_tag","embeddable":true,"href":"https:\/\/lyfilter.com\/de\/wp-json\/wp\/v2\/product_tag?post=1926"}],"curies":[{"name":"wp","href":"https:\/\/api.w.org\/{rel}","templated":true}]}}