{"id":1899,"date":"2026-01-06T01:37:42","date_gmt":"2026-01-06T01:37:42","guid":{"rendered":"https:\/\/lyfilter.com\/?post_type=product&#038;p=1899"},"modified":"2026-01-06T01:37:42","modified_gmt":"2026-01-06T01:37:42","slug":"water-treatment-10-20-30-40-inch-melt-blown-filter-cartridge-sediment-water-filter-for-industrial-liquid-filtration","status":"publish","type":"product","link":"https:\/\/lyfilter.com\/de\/water-treatment-10-20-30-40-inch-melt-blown-filter-cartridge-sediment-water-filter-for-industrial-liquid-filtration\/","title":{"rendered":"Wasseraufbereitung 10\u201d 20 30 40 Zoll Schmelze geblasen Filter Patrone Sediment Wasserfilter f\u00fcr industrielle Fl\u00fcssigkeitsfiltration"},"content":{"rendered":"<table>\n<thead>\n<tr>\n<th>Artikel<\/th>\n<th>Details<\/th>\n<\/tr>\n<\/thead>\n<tbody>\n<tr>\n<td>anwendbare Industrien<\/td>\n<td>Produktionsanlagen, Lebensmittel- und Getr\u00e4nkehersteller, Hausgebrauch, Wasseraufbereitung<\/td>\n<\/tr>\n<tr>\n<td>Herkunftsort<\/td>\n<td>Guangdong, China<\/td>\n<\/tr>\n<tr>\n<td>Markenname<\/td>\n<td>Lvyuan, OEM, ODM<\/td>\n<\/tr>\n<tr>\n<td>Material<\/td>\n<td>PP<\/td>\n<\/tr>\n<tr>\n<td>Rohmaterial<\/td>\n<td>PP-Faser<\/td>\n<\/tr>\n<tr>\n<td>Gewicht<\/td>\n<td>angepasst<\/td>\n<\/tr>\n<tr>\n<td>Gr\u00f6\u00dfenoptionen<\/td>\n<td>individuell, schlank, jumbo<\/td>\n<\/tr>\n<tr>\n<td>Form<\/td>\n<td>Zylinder<\/td>\n<\/tr>\n<tr>\n<td>Farbe<\/td>\n<td>wei\u00df<\/td>\n<\/tr>\n<tr>\n<td>Funktion<\/td>\n<td>individuelle Gr\u00f6\u00dfe und Logo, Stahlblech<\/td>\n<\/tr>\n<tr>\n<td>Aussehen<\/td>\n<td>gepr\u00e4gt, gl\u00e4nzend, etc.<\/td>\n<\/tr>\n<tr>\n<td>Verwendung<\/td>\n<td>Wasseraufbereitung<\/td>\n<\/tr>\n<tr>\n<td>Anmeldung<\/td>\n<td>Industrie<\/td>\n<\/tr>\n<tr>\n<td>Zertifizierung<\/td>\n<td>SGS<\/td>\n<\/tr>\n<tr>\n<td>Verpackung<\/td>\n<td>Papierschachtel<\/td>\n<\/tr>\n<tr>\n<td>Macht<\/td>\n<td>0<\/td>\n<\/tr>\n<tr>\n<td>Garantie<\/td>\n<td>Nicht verf\u00fcgbar<\/td>\n<\/tr>\n<tr>\n<td>Kundendienst<\/td>\n<td>Online-Unterst\u00fctzung<\/td>\n<\/tr>\n<tr>\n<td>Lieferf\u00e4higkeit<\/td>\n<td>5000 St\u00fcck\/St\u00fcck pro Woche<\/td>\n<\/tr>\n<\/tbody>\n<\/table>","protected":false},"excerpt":{"rendered":"<p>Diese PP-Patrone ist f\u00fcr die Art und Weise, wie Sie Wasser aufbereiten, konzipiert - egal, ob es sich um eine Fabrikanlage oder den Heimgebrauch handelt. Sie k\u00f6nnen die Gr\u00f6\u00dfe, die Oberfl\u00e4che und das Branding individuell anpassen, damit sie in Ihr Geh\u00e4use passt und im Regal gut aussieht.<\/p>","protected":false},"featured_media":1907,"comment_status":"open","ping_status":"closed","template":"","meta":{"_gspb_post_css":""},"product_brand":[],"product_cat":[23,17],"product_tag":[822,824,757,648,823,813],"class_list":{"0":"post-1899","1":"product","2":"type-product","3":"status-publish","4":"has-post-thumbnail","6":"product_cat-pp-filter-cartridge","7":"product_cat-sediment-filter","8":"product_tag-custom-water-treatment-filter","9":"product_tag-oem-odm-pp-filter","10":"product_tag-pp-fiber-filter-element","11":"product_tag-pp-filter-cartridge","12":"product_tag-sgs-certified-cartridge","13":"product_tag-slim-jumbo-cartridge","15":"first","16":"instock","17":"shipping-taxable","18":"product-type-simple"},"_links":{"self":[{"href":"https:\/\/lyfilter.com\/de\/wp-json\/wp\/v2\/product\/1899","targetHints":{"allow":["GET"]}}],"collection":[{"href":"https:\/\/lyfilter.com\/de\/wp-json\/wp\/v2\/product"}],"about":[{"href":"https:\/\/lyfilter.com\/de\/wp-json\/wp\/v2\/types\/product"}],"replies":[{"embeddable":true,"href":"https:\/\/lyfilter.com\/de\/wp-json\/wp\/v2\/comments?post=1899"}],"wp:featuredmedia":[{"embeddable":true,"href":"https:\/\/lyfilter.com\/de\/wp-json\/wp\/v2\/media\/1907"}],"wp:attachment":[{"href":"https:\/\/lyfilter.com\/de\/wp-json\/wp\/v2\/media?parent=1899"}],"wp:term":[{"taxonomy":"product_brand","embeddable":true,"href":"https:\/\/lyfilter.com\/de\/wp-json\/wp\/v2\/product_brand?post=1899"},{"taxonomy":"product_cat","embeddable":true,"href":"https:\/\/lyfilter.com\/de\/wp-json\/wp\/v2\/product_cat?post=1899"},{"taxonomy":"product_tag","embeddable":true,"href":"https:\/\/lyfilter.com\/de\/wp-json\/wp\/v2\/product_tag?post=1899"}],"curies":[{"name":"wp","href":"https:\/\/api.w.org\/{rel}","templated":true}]}}