{"id":1880,"date":"2026-01-06T01:35:15","date_gmt":"2026-01-06T01:35:15","guid":{"rendered":"https:\/\/lyfilter.com\/?post_type=product&#038;p=1880"},"modified":"2026-01-06T01:35:16","modified_gmt":"2026-01-06T01:35:16","slug":"factory-polypropylene-blown-water-purification-5-micron-filters-pp-sediment-cartridge-filter","status":"publish","type":"product","link":"https:\/\/lyfilter.com\/de\/factory-polypropylene-blown-water-purification-5-micron-filters-pp-sediment-cartridge-filter\/","title":{"rendered":"Fabrik Polypropylen geblasen Wasseraufbereitung 5 Mikron Filter PP Sediment Patrone Filter"},"content":{"rendered":"<table>\n<thead>\n<tr>\n<th>Artikel<\/th>\n<th>Details<\/th>\n<\/tr>\n<\/thead>\n<tbody>\n<tr>\n<td>Produktname<\/td>\n<td>PP-Sedimentfilter<\/td>\n<\/tr>\n<tr>\n<td>Markenname<\/td>\n<td>Lvyuan \/ OEM<\/td>\n<\/tr>\n<tr>\n<td>Herkunftsort<\/td>\n<td>Guangdong, China<\/td>\n<\/tr>\n<tr>\n<td>Material<\/td>\n<td>Polypropylen<\/td>\n<\/tr>\n<tr>\n<td>Filtermedien<\/td>\n<td>Polypropylen PP gesponnen<\/td>\n<\/tr>\n<tr>\n<td>Mikron-Rate<\/td>\n<td>1 \/ 3 \/ 5 \/ 10 \/ 25 \/ 50 \/ 75 \/ 100 Mikron<\/td>\n<\/tr>\n<tr>\n<td>L\u00e4ngenoptionen<\/td>\n<td>5\u2033, 10\u2033, 20\u2033, 30\u2033, 40\u2033, 50\u2033<\/td>\n<\/tr>\n<tr>\n<td>Endkappen-Optionen<\/td>\n<td>DOE \/ 222Fin \/ 226Fin \/ 222Flat \/ 226Flat<\/td>\n<\/tr>\n<tr>\n<td>Dichtungsmaterial \/ O-Ring<\/td>\n<td>Silizium \/ EPDM \/ Viton<\/td>\n<\/tr>\n<tr>\n<td>innerer Kern<\/td>\n<td>PP \/ Edelstahl \/ keine<\/td>\n<\/tr>\n<tr>\n<td>Verwendung<\/td>\n<td>Fl\u00fcssigkeits-Patronenfilter<\/td>\n<\/tr>\n<tr>\n<td>Anmeldung<\/td>\n<td>Wasserfilterteile, Umkehrosmose<\/td>\n<\/tr>\n<tr>\n<td>Zertifizierung<\/td>\n<td>CE, SGS<\/td>\n<\/tr>\n<tr>\n<td>Gr\u00f6\u00dfe<\/td>\n<td>Standard oder Individualisierung<\/td>\n<\/tr>\n<tr>\n<td>Gewicht<\/td>\n<td>h\u00e4ngt<\/td>\n<\/tr>\n<tr>\n<td>Macht<\/td>\n<td>0<\/td>\n<\/tr>\n<tr>\n<td>Garantie<\/td>\n<td>Nicht verf\u00fcgbar<\/td>\n<\/tr>\n<tr>\n<td>Kundendienst<\/td>\n<td>Online-Unterst\u00fctzung<\/td>\n<\/tr>\n<tr>\n<td>Lieferf\u00e4higkeit<\/td>\n<td>5000 St\u00fcck\/St\u00fcck pro Tag<\/td>\n<\/tr>\n<tr>\n<td>anwendbare Industrien<\/td>\n<td>Hotels, Bekleidungsgesch\u00e4fte, Baustoffgesch\u00e4fte, Fertigungsbetriebe, Maschinenreparaturwerkst\u00e4tten, Lebensmittel- und Getr\u00e4nkefabriken, Bauernh\u00f6fe, Restaurants, Haushalte, Einzelhandel, Lebensmittelgesch\u00e4fte, Druckereien, Bauunternehmen, Energie- und Bergbauunternehmen, Lebensmittel- und Getr\u00e4nkem\u00e4rkte, Werbeunternehmen<\/td>\n<\/tr>\n<\/tbody>\n<\/table>","protected":false},"excerpt":{"rendered":"<p>Diese PP-Sedimentkartusche sorgt f\u00fcr einen reibungslosen Betrieb Ihres Wassersystems, indem sie allt\u00e4gliche Partikel wie Rost, Sand und Schlamm zur\u00fcckh\u00e4lt. W\u00e4hlen Sie die Mikronzahl und L\u00e4nge, die Sie ben\u00f6tigen, und passen Sie dann die Endkappe und den O-Ring an Ihr Geh\u00e4use an, um einen schnellen und sauberen Austausch zu erm\u00f6glichen.<\/p>","protected":false},"featured_media":1900,"comment_status":"open","ping_status":"closed","template":"","meta":{"_gspb_post_css":""},"product_brand":[],"product_cat":[23,17],"product_tag":[819,683,821,662,649,820],"class_list":{"0":"post-1880","1":"product","2":"type-product","3":"status-publish","4":"has-post-thumbnail","6":"product_cat-pp-filter-cartridge","7":"product_cat-sediment-filter","8":"product_tag-5-micron-pp-filter","9":"product_tag-doe-222-226-end-caps","10":"product_tag-polypropylene-pp-spun","11":"product_tag-pp-sediment-filter","12":"product_tag-reverse-osmosis-prefilter","13":"product_tag-sediment-cartridge-filter","15":"first","16":"instock","17":"shipping-taxable","18":"product-type-simple"},"_links":{"self":[{"href":"https:\/\/lyfilter.com\/de\/wp-json\/wp\/v2\/product\/1880","targetHints":{"allow":["GET"]}}],"collection":[{"href":"https:\/\/lyfilter.com\/de\/wp-json\/wp\/v2\/product"}],"about":[{"href":"https:\/\/lyfilter.com\/de\/wp-json\/wp\/v2\/types\/product"}],"replies":[{"embeddable":true,"href":"https:\/\/lyfilter.com\/de\/wp-json\/wp\/v2\/comments?post=1880"}],"wp:featuredmedia":[{"embeddable":true,"href":"https:\/\/lyfilter.com\/de\/wp-json\/wp\/v2\/media\/1900"}],"wp:attachment":[{"href":"https:\/\/lyfilter.com\/de\/wp-json\/wp\/v2\/media?parent=1880"}],"wp:term":[{"taxonomy":"product_brand","embeddable":true,"href":"https:\/\/lyfilter.com\/de\/wp-json\/wp\/v2\/product_brand?post=1880"},{"taxonomy":"product_cat","embeddable":true,"href":"https:\/\/lyfilter.com\/de\/wp-json\/wp\/v2\/product_cat?post=1880"},{"taxonomy":"product_tag","embeddable":true,"href":"https:\/\/lyfilter.com\/de\/wp-json\/wp\/v2\/product_tag?post=1880"}],"curies":[{"name":"wp","href":"https:\/\/api.w.org\/{rel}","templated":true}]}}