{"id":1848,"date":"2026-01-05T10:12:13","date_gmt":"2026-01-05T10:12:13","guid":{"rendered":"https:\/\/lyfilter.com\/?post_type=product&#038;p=1848"},"modified":"2026-01-05T10:12:13","modified_gmt":"2026-01-05T10:12:13","slug":"big-diameter-4-5x40-inch-water-filter-pleated-melt-blown-filter-cartridge-polypropylene-filter-with-plastic-connector-code","status":"publish","type":"product","link":"https:\/\/lyfilter.com\/de\/big-diameter-4-5x40-inch-water-filter-pleated-melt-blown-filter-cartridge-polypropylene-filter-with-plastic-connector-code\/","title":{"rendered":"Gro\u00dfer Durchmesser 4,5\u00d740 Zoll Wasserfilter plissiert\/schmelzgeblasen Filterpatrone Polypropylen-Filter mit Kunststoff-Anschluss-Code"},"content":{"rendered":"<table>\n<thead>\n<tr>\n<th>Artikel<\/th>\n<th>Einzelheiten<\/th>\n<\/tr>\n<\/thead>\n<tbody>\n<tr>\n<td>Titel<\/td>\n<td>wasserfilter plissiert\/schmelzgeblasen filterpatrone polypropylenfilter<\/td>\n<\/tr>\n<tr>\n<td>Zustand<\/td>\n<td>neu<\/td>\n<\/tr>\n<tr>\n<td>anwendbare Industrien<\/td>\n<td>Hotels, Bekleidungsgesch\u00e4fte, Baustoffgesch\u00e4fte, Fertigungsbetriebe, Maschinenreparaturwerkst\u00e4tten, Lebensmittel- und Getr\u00e4nkefabriken, landwirtschaftliche Betriebe, Restaurants, Haushalte, Einzelhandel, Lebensmittelgesch\u00e4fte, Druckereien, Bauunternehmen, Energie- und Bergbauunternehmen, Lebensmittel- und Getr\u00e4nkeh\u00e4ndler, Werbeunternehmen<\/td>\n<\/tr>\n<tr>\n<td>Herkunftsort<\/td>\n<td>guangdong, china<\/td>\n<\/tr>\n<tr>\n<td>Markenname<\/td>\n<td>Ivyuan\/oem<\/td>\n<\/tr>\n<tr>\n<td>Material<\/td>\n<td>Polypropylen<\/td>\n<\/tr>\n<tr>\n<td>Gewicht<\/td>\n<td>Erstausr\u00fcster<\/td>\n<\/tr>\n<tr>\n<td>Gr\u00f6\u00dfe<\/td>\n<td>Erstausr\u00fcster<\/td>\n<\/tr>\n<tr>\n<td>Macht<\/td>\n<td>0<\/td>\n<\/tr>\n<tr>\n<td>Garantie<\/td>\n<td>nicht verf\u00fcgbar<\/td>\n<\/tr>\n<tr>\n<td>Produktname<\/td>\n<td>wasserfilter plissiert\/schmelzgeblasen filterpatrone polypropylenfilter<\/td>\n<\/tr>\n<tr>\n<td>Filtertyp<\/td>\n<td>Rille, Pr\u00e4gung, Punkte, Firmenlogo<\/td>\n<\/tr>\n<tr>\n<td>Au\u00dfendurchmesser<\/td>\n<td>10-200 mm<\/td>\n<\/tr>\n<tr>\n<td>Genauigkeit<\/td>\n<td>1-100 Mikron<\/td>\n<\/tr>\n<tr>\n<td>Innendurchmesser<\/td>\n<td>Erstausr\u00fcster<\/td>\n<\/tr>\n<tr>\n<td>Filteradapter<\/td>\n<td>angepasst<\/td>\n<\/tr>\n<tr>\n<td>h\u00f6chste Temperatur<\/td>\n<td>80\u2103<\/td>\n<\/tr>\n<tr>\n<td>Arbeitsdruckabfall<\/td>\n<td>0,1 kgf\/c\u33a1<\/td>\n<\/tr>\n<tr>\n<td>h\u00f6chst beengt<\/td>\n<td>5 kgf\/c\u33a1<\/td>\n<\/tr>\n<tr>\n<td>maximaler Druckabfall<\/td>\n<td>3 kgf\/c\u33a1<\/td>\n<\/tr>\n<tr>\n<td>Kundendienst<\/td>\n<td>Online-Support<\/td>\n<\/tr>\n<tr>\n<td>Verkaufseinheiten<\/td>\n<td>Einzelposten<\/td>\n<\/tr>\n<tr>\n<td>einzelne Packungsgr\u00f6\u00dfe<\/td>\n<td>111 \u00d7 35 \u00d7 35 cm<\/td>\n<\/tr>\n<tr>\n<td>Einzelbruttogewicht<\/td>\n<td>15.000 kg<\/td>\n<\/tr>\n<tr>\n<td>Pakettyp<\/td>\n<td>gro\u00dfe Durchmesser 4,5 \u00d7 40 Zoll plissierte\/schmelzgeblasene Polypropylen-Filterpatrone mit Kunststoffanschluss; verpackt in Export-Papierkarton<\/td>\n<\/tr>\n<tr>\n<td>Vorlaufzeit (1-100 St\u00fcck)<\/td>\n<td>2 Tage<\/td>\n<\/tr>\n<tr>\n<td>Vorlaufzeit (101-500 St\u00fcck)<\/td>\n<td>3 Tage<\/td>\n<\/tr>\n<tr>\n<td>Vorlaufzeit (501-5000 St\u00fcck)<\/td>\n<td>7 Tage<\/td>\n<\/tr>\n<tr>\n<td>Vorlaufzeit (&gt;5000 St\u00fcck)<\/td>\n<td>noch zu verhandeln<\/td>\n<\/tr>\n<\/tbody>\n<\/table>","protected":false},"excerpt":{"rendered":"<p>Diese Polypropylen-Filterpatrone tr\u00e4gt zur Reduzierung von Sedimenten und Feinpartikeln bei, damit Ihr Wasser sauberer bleibt und Ihre Ger\u00e4te zuverl\u00e4ssiger laufen. W\u00e4hlen Sie zwischen plissierten und geblasenen Ausf\u00fchrungen, w\u00e4hlen Sie die Mikronzahl und passen Sie Gr\u00f6\u00dfe, Adapter und Branding an Ihre Einrichtung an. Es ist f\u00fcr den Export verpackt und wird durch Online-Support unterst\u00fctzt.<\/p>","protected":false},"featured_media":1856,"comment_status":"open","ping_status":"closed","template":"","meta":{"_gspb_post_css":""},"product_brand":[],"product_cat":[23,17],"product_tag":[327,815,746,722,814,729],"class_list":{"0":"post-1848","1":"product","2":"type-product","3":"status-publish","4":"has-post-thumbnail","6":"product_cat-pp-filter-cartridge","7":"product_cat-sediment-filter","8":"product_tag-1-100-micron-filter","9":"product_tag-custom-adaptor-cartridge","10":"product_tag-melt-blown-filter-cartridge","11":"product_tag-oem-water-filter","12":"product_tag-pleated-water-filter-cartridge","13":"product_tag-polypropylene-filter-cartridge","15":"first","16":"instock","17":"shipping-taxable","18":"product-type-simple"},"_links":{"self":[{"href":"https:\/\/lyfilter.com\/de\/wp-json\/wp\/v2\/product\/1848","targetHints":{"allow":["GET"]}}],"collection":[{"href":"https:\/\/lyfilter.com\/de\/wp-json\/wp\/v2\/product"}],"about":[{"href":"https:\/\/lyfilter.com\/de\/wp-json\/wp\/v2\/types\/product"}],"replies":[{"embeddable":true,"href":"https:\/\/lyfilter.com\/de\/wp-json\/wp\/v2\/comments?post=1848"}],"wp:featuredmedia":[{"embeddable":true,"href":"https:\/\/lyfilter.com\/de\/wp-json\/wp\/v2\/media\/1856"}],"wp:attachment":[{"href":"https:\/\/lyfilter.com\/de\/wp-json\/wp\/v2\/media?parent=1848"}],"wp:term":[{"taxonomy":"product_brand","embeddable":true,"href":"https:\/\/lyfilter.com\/de\/wp-json\/wp\/v2\/product_brand?post=1848"},{"taxonomy":"product_cat","embeddable":true,"href":"https:\/\/lyfilter.com\/de\/wp-json\/wp\/v2\/product_cat?post=1848"},{"taxonomy":"product_tag","embeddable":true,"href":"https:\/\/lyfilter.com\/de\/wp-json\/wp\/v2\/product_tag?post=1848"}],"curies":[{"name":"wp","href":"https:\/\/api.w.org\/{rel}","templated":true}]}}