{"id":1825,"date":"2026-01-05T09:45:20","date_gmt":"2026-01-05T09:45:20","guid":{"rendered":"https:\/\/lyfilter.com\/?post_type=product&#038;p=1825"},"modified":"2026-01-05T09:45:20","modified_gmt":"2026-01-05T09:45:20","slug":"industrial-ppf-water-cartridge-filter-big-blue-5-micronspolypropylene-spun-filter","status":"publish","type":"product","link":"https:\/\/lyfilter.com\/de\/industrial-ppf-water-cartridge-filter-big-blue-5-micronspolypropylene-spun-filter\/","title":{"rendered":"Industrieller PPF-Wasserpatronenfilter gro\u00df blau 5 MikronPolypropylen Spinnfilter"},"content":{"rendered":"<table>\n<thead>\n<tr>\n<th>Artikel<\/th>\n<th>Einzelheiten<\/th>\n<\/tr>\n<\/thead>\n<tbody>\n<tr>\n<td>Zustand<\/td>\n<td>neu<\/td>\n<\/tr>\n<tr>\n<td>anwendbare Industrien<\/td>\n<td>Hotels, Bekleidungsgesch\u00e4fte, Baustoffgesch\u00e4fte, Fertigungsbetriebe, Maschinenreparaturwerkst\u00e4tten, Lebensmittel- und Getr\u00e4nkefabriken, landwirtschaftliche Betriebe, Restaurants, Haushalte, Einzelhandel, Lebensmittelgesch\u00e4fte, Druckereien, Bauunternehmen, Energie- und Bergbauunternehmen, Lebensmittel- und Getr\u00e4nkeh\u00e4ndler, Werbeunternehmen<\/td>\n<\/tr>\n<tr>\n<td>Service nach der Garantie<\/td>\n<td>Online-Support<\/td>\n<\/tr>\n<tr>\n<td>lokaler Servicestandort<\/td>\n<td>keine<\/td>\n<\/tr>\n<tr>\n<td>Standort des Ausstellungsraums<\/td>\n<td>keine<\/td>\n<\/tr>\n<tr>\n<td>Video-Ausgangsinspektion<\/td>\n<td>bereitgestellt<\/td>\n<\/tr>\n<tr>\n<td>Maschinenpr\u00fcfbericht<\/td>\n<td>bereitgestellt<\/td>\n<\/tr>\n<tr>\n<td>Marketing-Typ<\/td>\n<td>normales Produkt<\/td>\n<\/tr>\n<tr>\n<td>Garantie f\u00fcr Kernkomponenten<\/td>\n<td>1 Jahr<\/td>\n<\/tr>\n<tr>\n<td>Kernkomponenten<\/td>\n<td>Druckbeh\u00e4lter<\/td>\n<\/tr>\n<tr>\n<td>Herkunftsort<\/td>\n<td>guangdong, china<\/td>\n<\/tr>\n<tr>\n<td>Markenname<\/td>\n<td>Ivyuan\/oem<\/td>\n<\/tr>\n<tr>\n<td>Garantie<\/td>\n<td>1 Jahr<\/td>\n<\/tr>\n<tr>\n<td>Kundendienst<\/td>\n<td>Online-Support<\/td>\n<\/tr>\n<tr>\n<td>Produktname<\/td>\n<td>PP-Spinnfilter<\/td>\n<\/tr>\n<tr>\n<td>Filtertyp<\/td>\n<td>Rille, Pr\u00e4gung, Punkte, Firmenlogo<\/td>\n<\/tr>\n<tr>\n<td>Au\u00dfendurchmesser<\/td>\n<td>10-200 mm<\/td>\n<\/tr>\n<tr>\n<td>Genauigkeit<\/td>\n<td>1-100 Mikron<\/td>\n<\/tr>\n<tr>\n<td>Innendurchmesser<\/td>\n<td>Erstausr\u00fcster<\/td>\n<\/tr>\n<tr>\n<td>Filteradapter<\/td>\n<td>flacher Typ, Typ 222, Typ 226, Typ 215<\/td>\n<\/tr>\n<tr>\n<td>h\u00f6chste Temperatur<\/td>\n<td>80\u2103<\/td>\n<\/tr>\n<tr>\n<td>Arbeitsdruckabfall<\/td>\n<td>0,1 kgf\/c\u33a1<\/td>\n<\/tr>\n<tr>\n<td>h\u00f6chst beengt<\/td>\n<td>5 kgf\/c\u33a1<\/td>\n<\/tr>\n<tr>\n<td>maximaler Druckabfall<\/td>\n<td>3 kgf\/c\u33a1<\/td>\n<\/tr>\n<\/tbody>\n<\/table>","protected":false},"excerpt":{"rendered":"<p>Dieser gesponnene PP-Filter f\u00e4ngt Sedimente und feine Partikel ab, damit Ihr Wasser oder Ihr Prozess sauberer und stabiler bleibt. W\u00e4hlen Sie die Mikronzahl, die Gr\u00f6\u00dfe und den Adapter, den Sie ben\u00f6tigen, mit OEM-Optionen f\u00fcr das Branding. Au\u00dferdem erhalten Sie Online-Support und eine 1-Jahres-Garantie, damit Sie sich keine Sorgen machen m\u00fcssen.<\/p>","protected":false},"featured_media":1828,"comment_status":"open","ping_status":"closed","template":"","meta":{"_gspb_post_css":""},"product_brand":[],"product_cat":[23,17],"product_tag":[327,809,334,810,662,808],"class_list":{"0":"post-1825","1":"product","2":"type-product","3":"status-publish","4":"has-post-thumbnail","6":"product_cat-pp-filter-cartridge","7":"product_cat-sediment-filter","8":"product_tag-1-100-micron-filter","9":"product_tag-cartridge-filter","10":"product_tag-industrial-water-filter","11":"product_tag-oem-filter-cartridge","12":"product_tag-pp-sediment-filter","13":"product_tag-spun-pp-filter","15":"first","16":"instock","17":"shipping-taxable","18":"product-type-simple"},"_links":{"self":[{"href":"https:\/\/lyfilter.com\/de\/wp-json\/wp\/v2\/product\/1825","targetHints":{"allow":["GET"]}}],"collection":[{"href":"https:\/\/lyfilter.com\/de\/wp-json\/wp\/v2\/product"}],"about":[{"href":"https:\/\/lyfilter.com\/de\/wp-json\/wp\/v2\/types\/product"}],"replies":[{"embeddable":true,"href":"https:\/\/lyfilter.com\/de\/wp-json\/wp\/v2\/comments?post=1825"}],"wp:featuredmedia":[{"embeddable":true,"href":"https:\/\/lyfilter.com\/de\/wp-json\/wp\/v2\/media\/1828"}],"wp:attachment":[{"href":"https:\/\/lyfilter.com\/de\/wp-json\/wp\/v2\/media?parent=1825"}],"wp:term":[{"taxonomy":"product_brand","embeddable":true,"href":"https:\/\/lyfilter.com\/de\/wp-json\/wp\/v2\/product_brand?post=1825"},{"taxonomy":"product_cat","embeddable":true,"href":"https:\/\/lyfilter.com\/de\/wp-json\/wp\/v2\/product_cat?post=1825"},{"taxonomy":"product_tag","embeddable":true,"href":"https:\/\/lyfilter.com\/de\/wp-json\/wp\/v2\/product_tag?post=1825"}],"curies":[{"name":"wp","href":"https:\/\/api.w.org\/{rel}","templated":true}]}}