{"id":1818,"date":"2026-01-05T09:41:48","date_gmt":"2026-01-05T09:41:48","guid":{"rendered":"https:\/\/lyfilter.com\/?post_type=product&#038;p=1818"},"modified":"2026-04-24T16:45:54","modified_gmt":"2026-04-24T16:45:54","slug":"5-small-water-filter-pp-filter-cartridge-filter-with-transparent-housing","status":"publish","type":"product","link":"https:\/\/lyfilter.com\/de\/5-small-water-filter-pp-filter-cartridge-filter-with-transparent-housing\/","title":{"rendered":"5\u2033 kleiner Wasserfilter\/pp-Filterpatrone\/Filter mit transparentem Geh\u00e4use"},"content":{"rendered":"<table>\n<thead>\n<tr>\n<th>Artikel<\/th>\n<th>Einzelheiten<\/th>\n<\/tr>\n<\/thead>\n<tbody>\n<tr>\n<td>Herkunftsort<\/td>\n<td>Guangdong, China<\/td>\n<\/tr>\n<tr>\n<td>Markenname<\/td>\n<td>LvYuan\/OEM<\/td>\n<\/tr>\n<tr>\n<td>Modellnummer<\/td>\n<td>LY-PP-05<\/td>\n<\/tr>\n<tr>\n<td>Farbe<\/td>\n<td>wei\u00df<\/td>\n<\/tr>\n<tr>\n<td>Gr\u00f6\u00dfe<\/td>\n<td>5, 10, 20, 30, 40 Zoll<\/td>\n<\/tr>\n<tr>\n<td>Innendurchmesser<\/td>\n<td>28, 30 mm<\/td>\n<\/tr>\n<tr>\n<td>Au\u00dfendurchmesser<\/td>\n<td>60-62 mm<\/td>\n<\/tr>\n<tr>\n<td>Kerngr\u00f6\u00dfe<\/td>\n<td>Kern; ohne Kern<\/td>\n<\/tr>\n<tr>\n<td>Mikron-Einstufung<\/td>\n<td>0,1, 5, 10, 20, 50, 100 Mikrometer<\/td>\n<\/tr>\n<tr>\n<td>Schnittstelle<\/td>\n<td>flacher Typ; 222; 226<\/td>\n<\/tr>\n<tr>\n<td>Oberfl\u00e4che<\/td>\n<td>Rille; Punkte<\/td>\n<\/tr>\n<tr>\n<td>Material<\/td>\n<td>Polypropylen<\/td>\n<\/tr>\n<tr>\n<td>Modell<\/td>\n<td>schlank; jumbo<\/td>\n<\/tr>\n<tr>\n<td>Lieferf\u00e4higkeit<\/td>\n<td>5000 St\u00fcck\/St\u00fcck pro Tag<\/td>\n<\/tr>\n<\/tbody>\n<\/table>","protected":false},"excerpt":{"rendered":"<p>Diese PP-Filterpatrone ist f\u00fcr flexible Installationen gedacht, mit Slim- oder Jumbo-Optionen und einem breiten Mikron-Bereich. W\u00e4hlen Sie die Schnittstelle und den Kerntyp, der zu Ihrem Geh\u00e4use passt.<\/p>","protected":false},"featured_media":1826,"comment_status":"open","ping_status":"closed","template":"","meta":{"_gspb_post_css":""},"product_brand":[],"product_cat":[23,17],"product_tag":[804,806,807,663,648,805],"class_list":{"0":"post-1818","1":"product","2":"type-product","3":"status-publish","4":"has-post-thumbnail","6":"product_cat-pp-filter-cartridge","7":"product_cat-sediment-filter","8":"product_tag-0-1-micron-pp-cartridge","9":"product_tag-222-226-filter-interface","10":"product_tag-groove-points-surface-filter","11":"product_tag-jumbo-pp-filter-cartridge","12":"product_tag-pp-filter-cartridge","13":"product_tag-slim-pp-filter","15":"first","16":"instock","17":"shipping-taxable","18":"product-type-simple"},"_links":{"self":[{"href":"https:\/\/lyfilter.com\/de\/wp-json\/wp\/v2\/product\/1818","targetHints":{"allow":["GET"]}}],"collection":[{"href":"https:\/\/lyfilter.com\/de\/wp-json\/wp\/v2\/product"}],"about":[{"href":"https:\/\/lyfilter.com\/de\/wp-json\/wp\/v2\/types\/product"}],"replies":[{"embeddable":true,"href":"https:\/\/lyfilter.com\/de\/wp-json\/wp\/v2\/comments?post=1818"}],"wp:featuredmedia":[{"embeddable":true,"href":"https:\/\/lyfilter.com\/de\/wp-json\/wp\/v2\/media\/1826"}],"wp:attachment":[{"href":"https:\/\/lyfilter.com\/de\/wp-json\/wp\/v2\/media?parent=1818"}],"wp:term":[{"taxonomy":"product_brand","embeddable":true,"href":"https:\/\/lyfilter.com\/de\/wp-json\/wp\/v2\/product_brand?post=1818"},{"taxonomy":"product_cat","embeddable":true,"href":"https:\/\/lyfilter.com\/de\/wp-json\/wp\/v2\/product_cat?post=1818"},{"taxonomy":"product_tag","embeddable":true,"href":"https:\/\/lyfilter.com\/de\/wp-json\/wp\/v2\/product_tag?post=1818"}],"curies":[{"name":"wp","href":"https:\/\/api.w.org\/{rel}","templated":true}]}}