{"id":1760,"date":"2026-01-05T09:05:39","date_gmt":"2026-01-05T09:05:39","guid":{"rendered":"https:\/\/lyfilter.com\/?post_type=product&#038;p=1760"},"modified":"2026-01-05T09:05:40","modified_gmt":"2026-01-05T09:05:40","slug":"high-flow-jumbo-slim-pp-ppf-water-filter-cartridge-5-micron-for-waste-river-sea-well-water-pre-filtering","status":"publish","type":"product","link":"https:\/\/lyfilter.com\/de\/high-flow-jumbo-slim-pp-ppf-water-filter-cartridge-5-micron-for-waste-river-sea-well-water-pre-filtering\/","title":{"rendered":"High Flow Jumbo\/Slim PP PPF Wasserfilterpatrone 5 Mikron f\u00fcr Abfall\/Fluss\/Meer\/Brunnenwasser Vorfilterung"},"content":{"rendered":"<table>\n<thead>\n<tr>\n<th>Artikel<\/th>\n<th>Einzelheiten<\/th>\n<\/tr>\n<\/thead>\n<tbody>\n<tr>\n<td>anwendbare Industrien<\/td>\n<td>Hotels; Bekleidungsgesch\u00e4fte; Baustoffgesch\u00e4fte; Fertigungsbetriebe; Maschinenreparaturwerkst\u00e4tten; Lebensmittel- und Getr\u00e4nkefabriken; Bauernh\u00f6fe; Restaurants; Haushalte; Einzelhandel; Lebensmittelgesch\u00e4fte; Druckereien; Bauunternehmen; Energie und Bergbau; Lebensmittel- und Getr\u00e4nkegesch\u00e4fte; Werbeunternehmen<\/td>\n<\/tr>\n<tr>\n<td>Herkunftsort<\/td>\n<td>Guangdong, China<\/td>\n<\/tr>\n<tr>\n<td>Markenname<\/td>\n<td>Lvyuan \/ OEM<\/td>\n<\/tr>\n<tr>\n<td>Material<\/td>\n<td>Polypropylen<\/td>\n<\/tr>\n<tr>\n<td>Gewicht<\/td>\n<td>h\u00e4ngt<\/td>\n<\/tr>\n<tr>\n<td>Gr\u00f6\u00dfe<\/td>\n<td>Standard oder Individualisierung<\/td>\n<\/tr>\n<tr>\n<td>Macht<\/td>\n<td>0<\/td>\n<\/tr>\n<tr>\n<td>Garantie<\/td>\n<td>Nicht verf\u00fcgbar<\/td>\n<\/tr>\n<tr>\n<td>Produktname<\/td>\n<td>ppf Wasserfilterpatrone 5 Mikron<\/td>\n<\/tr>\n<tr>\n<td>Mikron-Rate<\/td>\n<td>1\/3\/5\/10\/25\/50\/75\/100 Mikron Filterpatrone<\/td>\n<\/tr>\n<tr>\n<td>Zertifizierung<\/td>\n<td>CE, SGS<\/td>\n<\/tr>\n<tr>\n<td>Anmeldung<\/td>\n<td>Wasserfilterteile; Umkehrosmose<\/td>\n<\/tr>\n<tr>\n<td>L\u00e4nge<\/td>\n<td>5\u2033, 10\u2033, 20\u2033, 30\u2033, 40\u2033, 50\u2033 Zoll<\/td>\n<\/tr>\n<tr>\n<td>Filtermedien<\/td>\n<td>Polypropylen (PP) gesponnen<\/td>\n<\/tr>\n<tr>\n<td>Endkappe<\/td>\n<td>DOE \/ 222Fin \/ 226Fin \/ 222Flat \/ 226Flat<\/td>\n<\/tr>\n<tr>\n<td>Material der Dichtung\/des Rings<\/td>\n<td>Silizium \/ EPDM \/ Viton<\/td>\n<\/tr>\n<tr>\n<td>Verwendung<\/td>\n<td>Fl\u00fcssigkeit Patronenfilter<\/td>\n<\/tr>\n<tr>\n<td>innerer Kern<\/td>\n<td>PP; rostfreier Stahl; keine<\/td>\n<\/tr>\n<tr>\n<td>Kundendienst<\/td>\n<td>Online-Unterst\u00fctzung<\/td>\n<\/tr>\n<tr>\n<td>Lieferf\u00e4higkeit<\/td>\n<td>5000 St\u00fcck\/St\u00fcck pro Tag (ppf Wasserfilter)<\/td>\n<\/tr>\n<\/tbody>\n<\/table>","protected":false},"excerpt":{"rendered":"<p>Diese 5-Mikron-PPF-Wasserfilterpatrone tr\u00e4gt zur Reduzierung von Sedimenten bei und sorgt so f\u00fcr eine reibungslosere Umkehrosmose- und Wasserfiltrationsleistung. W\u00e4hlen Sie die L\u00e4nge, die Endkappe und die Kernoption, die zu Ihrem Geh\u00e4use passt.<\/p>","protected":false},"featured_media":1761,"comment_status":"open","ping_status":"closed","template":"","meta":{"_gspb_post_css":""},"product_brand":[],"product_cat":[23,17],"product_tag":[794,650,681,795,793,649],"class_list":{"0":"post-1760","1":"product","2":"type-product","3":"status-publish","4":"has-post-thumbnail","6":"product_cat-pp-filter-cartridge","7":"product_cat-sediment-filter","8":"product_tag-5-micron-pp-spun-filter","9":"product_tag-doe-222-226-end-cap","10":"product_tag-liquid-cartridge-filter","11":"product_tag-ppf-sediment-filter-cartridge","12":"product_tag-ppf-water-filter-cartridge-5-micron","13":"product_tag-reverse-osmosis-prefilter","15":"first","16":"instock","17":"shipping-taxable","18":"product-type-simple"},"_links":{"self":[{"href":"https:\/\/lyfilter.com\/de\/wp-json\/wp\/v2\/product\/1760","targetHints":{"allow":["GET"]}}],"collection":[{"href":"https:\/\/lyfilter.com\/de\/wp-json\/wp\/v2\/product"}],"about":[{"href":"https:\/\/lyfilter.com\/de\/wp-json\/wp\/v2\/types\/product"}],"replies":[{"embeddable":true,"href":"https:\/\/lyfilter.com\/de\/wp-json\/wp\/v2\/comments?post=1760"}],"wp:featuredmedia":[{"embeddable":true,"href":"https:\/\/lyfilter.com\/de\/wp-json\/wp\/v2\/media\/1761"}],"wp:attachment":[{"href":"https:\/\/lyfilter.com\/de\/wp-json\/wp\/v2\/media?parent=1760"}],"wp:term":[{"taxonomy":"product_brand","embeddable":true,"href":"https:\/\/lyfilter.com\/de\/wp-json\/wp\/v2\/product_brand?post=1760"},{"taxonomy":"product_cat","embeddable":true,"href":"https:\/\/lyfilter.com\/de\/wp-json\/wp\/v2\/product_cat?post=1760"},{"taxonomy":"product_tag","embeddable":true,"href":"https:\/\/lyfilter.com\/de\/wp-json\/wp\/v2\/product_tag?post=1760"}],"curies":[{"name":"wp","href":"https:\/\/api.w.org\/{rel}","templated":true}]}}