{"id":1710,"date":"2026-01-05T08:28:37","date_gmt":"2026-01-05T08:28:37","guid":{"rendered":"https:\/\/lyfilter.com\/?post_type=product&#038;p=1710"},"modified":"2026-01-05T08:28:37","modified_gmt":"2026-01-05T08:28:37","slug":"2-5-x-10-20-30-40-inches-5-micron-pp-melt-blown-cartridges-for-sediment-filter-sales","status":"publish","type":"product","link":"https:\/\/lyfilter.com\/de\/2-5-x-10-20-30-40-inches-5-micron-pp-melt-blown-cartridges-for-sediment-filter-sales\/","title":{"rendered":"2,5 x 10\/20\/30\/40 Zoll 5 Mikron PP Melt Blown Patronen f\u00fcr Sedimentfilter Verkauf"},"content":{"rendered":"<table>\n<thead>\n<tr>\n<th>Artikel<\/th>\n<th>Einzelheiten<\/th>\n<\/tr>\n<\/thead>\n<tbody>\n<tr>\n<td>Zustand<\/td>\n<td>Neu<\/td>\n<\/tr>\n<tr>\n<td>anwendbare Industrien<\/td>\n<td>Hotels; Bekleidungsgesch\u00e4fte; Baustoffgesch\u00e4fte; Fertigungsbetriebe; Maschinenreparaturwerkst\u00e4tten; Lebensmittel- und Getr\u00e4nkefabriken; Bauernh\u00f6fe; Restaurants; Haushalte; Einzelhandel; Lebensmittelgesch\u00e4fte; Druckereien; Bauunternehmen; Energie und Bergbau; Lebensmittel- und Getr\u00e4nkegesch\u00e4fte; Werbeunternehmen<\/td>\n<\/tr>\n<tr>\n<td>Service nach der Garantie<\/td>\n<td>Online-Unterst\u00fctzung<\/td>\n<\/tr>\n<tr>\n<td>lokaler Servicestandort<\/td>\n<td>keine<\/td>\n<\/tr>\n<tr>\n<td>Standort des Ausstellungsraums<\/td>\n<td>keine<\/td>\n<\/tr>\n<tr>\n<td>Herkunftsort<\/td>\n<td>Guangdong, China<\/td>\n<\/tr>\n<tr>\n<td>Markenname<\/td>\n<td>Lvyuan \/ OEM<\/td>\n<\/tr>\n<tr>\n<td>Material<\/td>\n<td>Karton<\/td>\n<\/tr>\n<tr>\n<td>Gewicht<\/td>\n<td>h\u00e4ngt<\/td>\n<\/tr>\n<tr>\n<td>Gr\u00f6\u00dfe<\/td>\n<td>als Anfrage<\/td>\n<\/tr>\n<tr>\n<td>Macht<\/td>\n<td>0<\/td>\n<\/tr>\n<tr>\n<td>Garantie<\/td>\n<td>Nicht verf\u00fcgbar<\/td>\n<\/tr>\n<tr>\n<td>Produktname<\/td>\n<td>PP Schmelzgeblasene Kartuschen<\/td>\n<\/tr>\n<tr>\n<td>Mikron-Rate<\/td>\n<td>Filterpatrone mit 1, 3, 5 und 10 Mikron<\/td>\n<\/tr>\n<tr>\n<td>Zertifizierung<\/td>\n<td>CE, SGS<\/td>\n<\/tr>\n<tr>\n<td>Anmeldung<\/td>\n<td>Wasserfilterteile; Umkehrosmose<\/td>\n<\/tr>\n<tr>\n<td>L\u00e4nge<\/td>\n<td>5\u2033, 10\u2033, 20\u2033, 30\u2033, 40\u2033, 50\u2033 Zoll<\/td>\n<\/tr>\n<tr>\n<td>Filtermedien<\/td>\n<td>Polypropylen (PP)-Membran<\/td>\n<\/tr>\n<tr>\n<td>Endkappe<\/td>\n<td>DOE; 222+Fin; 222+Flat; 226+Fin; 226+Flat<\/td>\n<\/tr>\n<tr>\n<td>Material der Dichtung\/des Rings<\/td>\n<td>Silizium \/ EPDM \/ Viton<\/td>\n<\/tr>\n<tr>\n<td>Verwendung<\/td>\n<td>Fl\u00fcssigkeit Patronenfilter<\/td>\n<\/tr>\n<tr>\n<td>innerer Kern<\/td>\n<td>PP oder keine<\/td>\n<\/tr>\n<tr>\n<td>Lieferf\u00e4higkeit<\/td>\n<td>5000 St\u00fcck\/St\u00fcck pro Tag (5 Mikron PP Melt Blown Patronen)<\/td>\n<\/tr>\n<\/tbody>\n<\/table>","protected":false},"excerpt":{"rendered":"<p>Diese schmelzgeblasenen PP-Patronen tragen zur Reduzierung von Sedimenten bei und sorgen so f\u00fcr einen gleichm\u00e4\u00dfigeren Wasserfluss in Umkehrosmose- und Filtergeh\u00e4usen. W\u00e4hlen Sie die Gr\u00f6\u00dfe, Endkappe und Dichtung, die zu Ihrer Anlage passt.<\/p>","protected":false},"featured_media":1718,"comment_status":"open","ping_status":"closed","template":"","meta":{"_gspb_post_css":""},"product_brand":[],"product_cat":[17,23],"product_tag":[786,650,681,785,669,649],"class_list":{"0":"post-1710","1":"product","2":"type-product","3":"status-publish","4":"has-post-thumbnail","6":"product_cat-sediment-filter","7":"product_cat-pp-filter-cartridge","8":"product_tag-5-micron-pp-cartridge","9":"product_tag-doe-222-226-end-cap","10":"product_tag-liquid-cartridge-filter","11":"product_tag-pp-melt-blown-cartridges","12":"product_tag-pp-sediment-filter-cartridge","13":"product_tag-reverse-osmosis-prefilter","15":"first","16":"instock","17":"shipping-taxable","18":"product-type-simple"},"_links":{"self":[{"href":"https:\/\/lyfilter.com\/de\/wp-json\/wp\/v2\/product\/1710","targetHints":{"allow":["GET"]}}],"collection":[{"href":"https:\/\/lyfilter.com\/de\/wp-json\/wp\/v2\/product"}],"about":[{"href":"https:\/\/lyfilter.com\/de\/wp-json\/wp\/v2\/types\/product"}],"replies":[{"embeddable":true,"href":"https:\/\/lyfilter.com\/de\/wp-json\/wp\/v2\/comments?post=1710"}],"wp:featuredmedia":[{"embeddable":true,"href":"https:\/\/lyfilter.com\/de\/wp-json\/wp\/v2\/media\/1718"}],"wp:attachment":[{"href":"https:\/\/lyfilter.com\/de\/wp-json\/wp\/v2\/media?parent=1710"}],"wp:term":[{"taxonomy":"product_brand","embeddable":true,"href":"https:\/\/lyfilter.com\/de\/wp-json\/wp\/v2\/product_brand?post=1710"},{"taxonomy":"product_cat","embeddable":true,"href":"https:\/\/lyfilter.com\/de\/wp-json\/wp\/v2\/product_cat?post=1710"},{"taxonomy":"product_tag","embeddable":true,"href":"https:\/\/lyfilter.com\/de\/wp-json\/wp\/v2\/product_tag?post=1710"}],"curies":[{"name":"wp","href":"https:\/\/api.w.org\/{rel}","templated":true}]}}