{"id":1680,"date":"2026-01-05T07:59:40","date_gmt":"2026-01-05T07:59:40","guid":{"rendered":"https:\/\/lyfilter.com\/?post_type=product&#038;p=1680"},"modified":"2026-01-05T08:02:58","modified_gmt":"2026-01-05T08:02:58","slug":"5-10-20-30-40-inch-home-industrial-use-1-5-20-micron-cartridges-pp-filter-cartridge-melt-blown-for-water-purification-filtering","status":"publish","type":"product","link":"https:\/\/lyfilter.com\/de\/5-10-20-30-40-inch-home-industrial-use-1-5-20-micron-cartridges-pp-filter-cartridge-melt-blown-for-water-purification-filtering\/","title":{"rendered":"5 10 20 30 40 Zoll Home Industrielle Verwendung 1 5 20 Mikron Patronen PP-Filterpatrone Melt Blown f\u00fcr die Wasseraufbereitung Filterung"},"content":{"rendered":"<table>\n<thead>\n<tr>\n<th>Artikel<\/th>\n<th>Einzelheiten<\/th>\n<\/tr>\n<\/thead>\n<tbody>\n<tr>\n<td>Zustand<\/td>\n<td>Neu<\/td>\n<\/tr>\n<tr>\n<td>anwendbare Industrien<\/td>\n<td>Hotels; Bekleidungsgesch\u00e4fte; Baustoffgesch\u00e4fte; Fertigungsbetriebe; Maschinenreparaturwerkst\u00e4tten; Lebensmittel- und Getr\u00e4nkefabriken; Bauernh\u00f6fe; Restaurants; Haushalte; Einzelhandel; Lebensmittelgesch\u00e4fte; Druckereien; Bauunternehmen; Energie und Bergbau; Lebensmittel- und Getr\u00e4nkegesch\u00e4fte; Werbeunternehmen<\/td>\n<\/tr>\n<tr>\n<td>Service nach der Garantie<\/td>\n<td>Online-Unterst\u00fctzung<\/td>\n<\/tr>\n<tr>\n<td>lokaler Servicestandort<\/td>\n<td>keine<\/td>\n<\/tr>\n<tr>\n<td>Standort des Ausstellungsraums<\/td>\n<td>keine<\/td>\n<\/tr>\n<tr>\n<td>Video-Ausgangsinspektion<\/td>\n<td>Zur Verf\u00fcgung gestellt<\/td>\n<\/tr>\n<tr>\n<td>Maschinenpr\u00fcfbericht<\/td>\n<td>Nicht verf\u00fcgbar<\/td>\n<\/tr>\n<tr>\n<td>Marketing-Typ<\/td>\n<td>Gew\u00f6hnliches Produkt<\/td>\n<\/tr>\n<tr>\n<td>Garantie f\u00fcr Kernkomponenten<\/td>\n<td>Nicht verf\u00fcgbar<\/td>\n<\/tr>\n<tr>\n<td>Herkunftsort<\/td>\n<td>Guangdong, China<\/td>\n<\/tr>\n<tr>\n<td>Markenname<\/td>\n<td>Lvyuan \/ OEM<\/td>\n<\/tr>\n<tr>\n<td>Material<\/td>\n<td>Polybeutel<\/td>\n<\/tr>\n<tr>\n<td>Gewicht<\/td>\n<td>h\u00e4ngt<\/td>\n<\/tr>\n<tr>\n<td>Gr\u00f6\u00dfe<\/td>\n<td>als Anfrage<\/td>\n<\/tr>\n<tr>\n<td>Macht<\/td>\n<td>0<\/td>\n<\/tr>\n<tr>\n<td>Garantie<\/td>\n<td>Nicht verf\u00fcgbar<\/td>\n<\/tr>\n<tr>\n<td>Produktname<\/td>\n<td>pp-filterpatrone schmelzen bown<\/td>\n<\/tr>\n<tr>\n<td>Mikron-Rate<\/td>\n<td>Filterpatrone mit 1, 3, 5 und 10 Mikron<\/td>\n<\/tr>\n<tr>\n<td>Zertifizierung<\/td>\n<td>CE, SGS<\/td>\n<\/tr>\n<tr>\n<td>Anmeldung<\/td>\n<td>Wasserfilterteile, Umkehrosmose<\/td>\n<\/tr>\n<tr>\n<td>L\u00e4nge<\/td>\n<td>5\u2033, 10\u2033, 20\u2033, 30\u2033, 40\u2033, 50\u2033 Zoll<\/td>\n<\/tr>\n<tr>\n<td>Filtermedien<\/td>\n<td>Polypropylen (PP)-Membran<\/td>\n<\/tr>\n<tr>\n<td>Endkappe<\/td>\n<td>DOE; 222+Fin; 222+Flat; 226+Fin; 226+Flat<\/td>\n<\/tr>\n<tr>\n<td>Material der Dichtung\/des Rings<\/td>\n<td>Silizium \/ EPDM \/ Viton<\/td>\n<\/tr>\n<tr>\n<td>Verwendung<\/td>\n<td>Fl\u00fcssigkeit Patronenfilter<\/td>\n<\/tr>\n<tr>\n<td>innerer Kern<\/td>\n<td>PP oder keine<\/td>\n<\/tr>\n<tr>\n<td>Kernkomponenten<\/td>\n<td>Fl\u00fcssigkeitsfilterpatrone<\/td>\n<\/tr>\n<tr>\n<td>Lieferf\u00e4higkeit<\/td>\n<td>5000 St\u00fcck\/St\u00fcck pro Tag (pp-Filter)<\/td>\n<\/tr>\n<tr>\n<td>zus\u00e4tzliche Beschreibung<\/td>\n<td>5\/10\/20\/30\/40 Zoll f\u00fcr den Heim- und Industriegebrauch; 1\/5\/20 Mikron Optionen; PP Melt Blown f\u00fcr die Wasseraufbereitung Filterung<\/td>\n<\/tr>\n<\/tbody>\n<\/table>","protected":false},"excerpt":{"rendered":"<p>Diese PP-Meltblown-Filterpatrone hilft bei der Reduzierung von Sedimenten f\u00fcr saubereres Wasser in Umkehrosmose- und Kl\u00e4rsystemen. W\u00e4hlen Sie die Mikronzahl, L\u00e4nge und Endkappe, die zu Ihrem Geh\u00e4use passt.<\/p>","protected":false},"featured_media":1687,"comment_status":"open","ping_status":"closed","template":"","meta":{"_gspb_post_css":""},"product_brand":[],"product_cat":[17,23],"product_tag":[772,681,771,768,649,773],"class_list":{"0":"post-1680","1":"product","2":"type-product","3":"status-publish","4":"has-post-thumbnail","6":"product_cat-sediment-filter","7":"product_cat-pp-filter-cartridge","8":"product_tag-1-5-20-micron-cartridge","9":"product_tag-liquid-cartridge-filter","10":"product_tag-pp-filter-cartridge-10-inch","11":"product_tag-pp-melt-blown-filter-cartridge","12":"product_tag-reverse-osmosis-prefilter","13":"product_tag-water-purification-cartridge","15":"first","16":"instock","17":"shipping-taxable","18":"product-type-simple"},"_links":{"self":[{"href":"https:\/\/lyfilter.com\/de\/wp-json\/wp\/v2\/product\/1680","targetHints":{"allow":["GET"]}}],"collection":[{"href":"https:\/\/lyfilter.com\/de\/wp-json\/wp\/v2\/product"}],"about":[{"href":"https:\/\/lyfilter.com\/de\/wp-json\/wp\/v2\/types\/product"}],"replies":[{"embeddable":true,"href":"https:\/\/lyfilter.com\/de\/wp-json\/wp\/v2\/comments?post=1680"}],"wp:featuredmedia":[{"embeddable":true,"href":"https:\/\/lyfilter.com\/de\/wp-json\/wp\/v2\/media\/1687"}],"wp:attachment":[{"href":"https:\/\/lyfilter.com\/de\/wp-json\/wp\/v2\/media?parent=1680"}],"wp:term":[{"taxonomy":"product_brand","embeddable":true,"href":"https:\/\/lyfilter.com\/de\/wp-json\/wp\/v2\/product_brand?post=1680"},{"taxonomy":"product_cat","embeddable":true,"href":"https:\/\/lyfilter.com\/de\/wp-json\/wp\/v2\/product_cat?post=1680"},{"taxonomy":"product_tag","embeddable":true,"href":"https:\/\/lyfilter.com\/de\/wp-json\/wp\/v2\/product_tag?post=1680"}],"curies":[{"name":"wp","href":"https:\/\/api.w.org\/{rel}","templated":true}]}}