{"id":1654,"date":"2026-01-05T07:46:02","date_gmt":"2026-01-05T07:46:02","guid":{"rendered":"https:\/\/lyfilter.com\/?post_type=product&#038;p=1654"},"modified":"2026-01-05T07:46:02","modified_gmt":"2026-01-05T07:46:02","slug":"good-discount-price10-20-inch-5-micron-pp-melt-blown-water-cartridge-for-removal-sediment-water-filtration","status":"publish","type":"product","link":"https:\/\/lyfilter.com\/de\/good-discount-price10-20-inch-5-micron-pp-melt-blown-water-cartridge-for-removal-sediment-water-filtration\/","title":{"rendered":"Guter Rabatt Preis10 20 Zoll 5 Mikron PP schmelzen geblasen Wasser Patrone f\u00fcr die Entfernung Sediment Wasserfiltration"},"content":{"rendered":"<table>\n<thead>\n<tr>\n<th>Artikel<\/th>\n<th>Einzelheiten<\/th>\n<\/tr>\n<\/thead>\n<tbody>\n<tr>\n<td>Herkunftsort<\/td>\n<td>Guangdong, China<\/td>\n<\/tr>\n<tr>\n<td>Markenname<\/td>\n<td>Lvyuan oder OEM<\/td>\n<\/tr>\n<tr>\n<td>Modellnummer<\/td>\n<td>LY-PP<\/td>\n<\/tr>\n<tr>\n<td>Leistung (w)<\/td>\n<td>0<\/td>\n<\/tr>\n<tr>\n<td>Spannung (v)<\/td>\n<td>0<\/td>\n<\/tr>\n<tr>\n<td>Typ<\/td>\n<td>Umkehrosmose<\/td>\n<\/tr>\n<tr>\n<td>Zertifizierung<\/td>\n<td>ce; SGS<\/td>\n<\/tr>\n<tr>\n<td>verwenden.<\/td>\n<td>Haushalt Vorfiltrierung<\/td>\n<\/tr>\n<tr>\n<td>Form<\/td>\n<td>Zylinder<\/td>\n<\/tr>\n<tr>\n<td>Farbe<\/td>\n<td>wei\u00df<\/td>\n<\/tr>\n<tr>\n<td>Verpackung<\/td>\n<td>Papierschachtel<\/td>\n<\/tr>\n<tr>\n<td>Rohmaterial<\/td>\n<td>pp Faser<\/td>\n<\/tr>\n<tr>\n<td>Aussehen<\/td>\n<td>gepr\u00e4gt; gl\u00e4nzend; usw.<\/td>\n<\/tr>\n<tr>\n<td>Mikron-Rate<\/td>\n<td>5-10 Mikron<\/td>\n<\/tr>\n<tr>\n<td>L\u00e4nge<\/td>\n<td>10\u2033 \/ 20\u2033 \/ 30\u2033 \/ 40\u2033<\/td>\n<\/tr>\n<tr>\n<td>Filtermedien<\/td>\n<td>PP<\/td>\n<\/tr>\n<tr>\n<td>Zertifikat<\/td>\n<td>ISO9001 \/ SGS<\/td>\n<\/tr>\n<tr>\n<td>Name<\/td>\n<td>PP-Wasserpatrone<\/td>\n<\/tr>\n<tr>\n<td>Lieferf\u00e4higkeit<\/td>\n<td>5000 St\u00fcck\/St\u00fcck pro Woche<\/td>\n<\/tr>\n<\/tbody>\n<\/table>","protected":false},"excerpt":{"rendered":"<p>Diese PP-Wasserpatrone ist f\u00fcr die Vorfiltration im Haushalt gedacht, um Sedimente aufzufangen, bevor sie Ihr RO-System erreichen. W\u00e4hlen Sie die L\u00e4nge und Mikronzahl, die zu Ihrem Geh\u00e4use passt.<\/p>","protected":false},"featured_media":1667,"comment_status":"open","ping_status":"closed","template":"","meta":{"_gspb_post_css":""},"product_brand":[],"product_cat":[23,17],"product_tag":[765,764,762,638,761,763],"class_list":{"0":"post-1654","1":"product","2":"type-product","3":"status-publish","4":"has-post-thumbnail","6":"product_cat-pp-filter-cartridge","7":"product_cat-sediment-filter","8":"product_tag-10-20-30-40-inch-cartridge","9":"product_tag-5-10-micron-pp-filter","10":"product_tag-household-prefilter-cartridge","11":"product_tag-pp-fiber-filter-cartridge","12":"product_tag-pp-water-cartridge","13":"product_tag-reverse-osmosis-pre-filtration","15":"first","16":"instock","17":"shipping-taxable","18":"product-type-simple"},"_links":{"self":[{"href":"https:\/\/lyfilter.com\/de\/wp-json\/wp\/v2\/product\/1654","targetHints":{"allow":["GET"]}}],"collection":[{"href":"https:\/\/lyfilter.com\/de\/wp-json\/wp\/v2\/product"}],"about":[{"href":"https:\/\/lyfilter.com\/de\/wp-json\/wp\/v2\/types\/product"}],"replies":[{"embeddable":true,"href":"https:\/\/lyfilter.com\/de\/wp-json\/wp\/v2\/comments?post=1654"}],"wp:featuredmedia":[{"embeddable":true,"href":"https:\/\/lyfilter.com\/de\/wp-json\/wp\/v2\/media\/1667"}],"wp:attachment":[{"href":"https:\/\/lyfilter.com\/de\/wp-json\/wp\/v2\/media?parent=1654"}],"wp:term":[{"taxonomy":"product_brand","embeddable":true,"href":"https:\/\/lyfilter.com\/de\/wp-json\/wp\/v2\/product_brand?post=1654"},{"taxonomy":"product_cat","embeddable":true,"href":"https:\/\/lyfilter.com\/de\/wp-json\/wp\/v2\/product_cat?post=1654"},{"taxonomy":"product_tag","embeddable":true,"href":"https:\/\/lyfilter.com\/de\/wp-json\/wp\/v2\/product_tag?post=1654"}],"curies":[{"name":"wp","href":"https:\/\/api.w.org\/{rel}","templated":true}]}}