{"id":1621,"date":"2026-01-05T07:21:06","date_gmt":"2026-01-05T07:21:06","guid":{"rendered":"https:\/\/lyfilter.com\/?post_type=product&#038;p=1621"},"modified":"2026-01-05T07:21:06","modified_gmt":"2026-01-05T07:21:06","slug":"china-suppliers-water-treatment-filters-pp-melt-blown-filter-cartridge-10-20-inchfor-water-filters","status":"publish","type":"product","link":"https:\/\/lyfilter.com\/de\/china-suppliers-water-treatment-filters-pp-melt-blown-filter-cartridge-10-20-inchfor-water-filters\/","title":{"rendered":"China Lieferanten Wasseraufbereitung Filter pp schmelzen geblasen Filterpatrone 10 20 Zollf\u00fcr Wasserfilter"},"content":{"rendered":"<table>\n<thead>\n<tr>\n<th>Artikel<\/th>\n<th>Einzelheiten<\/th>\n<\/tr>\n<\/thead>\n<tbody>\n<tr>\n<td>anwendbare Industrien<\/td>\n<td>Produktionsst\u00e4tte; Lebensmittel- und Getr\u00e4nkefabrik; Heimgebrauch; Wasseraufbereitung<\/td>\n<\/tr>\n<tr>\n<td>Herkunftsort<\/td>\n<td>Guangdong, China<\/td>\n<\/tr>\n<tr>\n<td>Markenname<\/td>\n<td>Lvyuan; OEM; ODM<\/td>\n<\/tr>\n<tr>\n<td>Material<\/td>\n<td>Seiten<\/td>\n<\/tr>\n<tr>\n<td>Gewicht<\/td>\n<td>angepasst<\/td>\n<\/tr>\n<tr>\n<td>Gr\u00f6\u00dfe<\/td>\n<td>angepasst<\/td>\n<\/tr>\n<tr>\n<td>Macht<\/td>\n<td>0<\/td>\n<\/tr>\n<tr>\n<td>Garantie<\/td>\n<td>Nicht verf\u00fcgbar<\/td>\n<\/tr>\n<tr>\n<td>Funktion<\/td>\n<td>Hoher Wirkungsgrad<\/td>\n<\/tr>\n<tr>\n<td>L\u00e4nge<\/td>\n<td>10 \/ 20 \/ 30 \/ 40 Zoll oder kundenspezifisch<\/td>\n<\/tr>\n<tr>\n<td>Zertifizierung<\/td>\n<td>SGS<\/td>\n<\/tr>\n<tr>\n<td>Abtragleistung<\/td>\n<td>1 Mikrometer; 5 Mikrometer<\/td>\n<\/tr>\n<tr>\n<td>Verwendung<\/td>\n<td>Wasseraufbereitung<\/td>\n<\/tr>\n<tr>\n<td>Anmeldung<\/td>\n<td>Industrie<\/td>\n<\/tr>\n<tr>\n<td>Farbe<\/td>\n<td>wei\u00df<\/td>\n<\/tr>\n<tr>\n<td>Verpackung<\/td>\n<td>Papierschachtel<\/td>\n<\/tr>\n<tr>\n<td>Rohmaterial<\/td>\n<td>pp Faser<\/td>\n<\/tr>\n<tr>\n<td>Aussehen<\/td>\n<td>gepr\u00e4gt; gl\u00e4nzend; usw.<\/td>\n<\/tr>\n<tr>\n<td>Kundendienst<\/td>\n<td>Online-Unterst\u00fctzung<\/td>\n<\/tr>\n<tr>\n<td>Verkaufseinheiten<\/td>\n<td>Einzelnes Element<\/td>\n<\/tr>\n<tr>\n<td>einzelne Packungsgr\u00f6\u00dfe<\/td>\n<td>34 \u00d7 34 \u00d7 54 cm<\/td>\n<\/tr>\n<tr>\n<td>Einzelbruttogewicht<\/td>\n<td>5.800 kg<\/td>\n<\/tr>\n<tr>\n<td>Pakettyp<\/td>\n<td>Papierschachtel<\/td>\n<\/tr>\n<tr>\n<td>Vorlaufzeit (1-500 Kartons)<\/td>\n<td>7 Tage<\/td>\n<\/tr>\n<tr>\n<td>Vorlaufzeit (501-1000 Kartons)<\/td>\n<td>10 Tage<\/td>\n<\/tr>\n<tr>\n<td>Vorlaufzeit (1001-2000 Kartons)<\/td>\n<td>15 Tage<\/td>\n<\/tr>\n<tr>\n<td>Vorlaufzeit (&gt;2000 Kartons)<\/td>\n<td>Noch zu verhandeln<\/td>\n<\/tr>\n<\/tbody>\n<\/table>","protected":false},"excerpt":{"rendered":"<p>Dieses PP-Faser-Filterelement sorgt f\u00fcr sauberes Wasser in Aufbereitungsanlagen, indem es feine Partikel mit 1 oder 5 Mikron abscheidet. W\u00e4hlen Sie Standard- oder Sonderl\u00e4ngen, die zu Ihrer Anlage passen.<\/p>","protected":false},"featured_media":1628,"comment_status":"open","ping_status":"closed","template":"","meta":{"_gspb_post_css":""},"product_brand":[],"product_cat":[17,23],"product_tag":[756,345,755,636,757,300],"class_list":{"0":"post-1621","1":"product","2":"type-product","3":"status-publish","4":"has-post-thumbnail","6":"product_cat-sediment-filter","7":"product_cat-pp-filter-cartridge","8":"product_tag-1-micron-filter-element","9":"product_tag-5-micron-filter-element","10":"product_tag-high-efficiency-pp-filter","11":"product_tag-industrial-water-treatment","12":"product_tag-pp-fiber-filter-element","13":"product_tag-pp-water-treatment-filter","15":"first","16":"instock","17":"shipping-taxable","18":"product-type-simple"},"_links":{"self":[{"href":"https:\/\/lyfilter.com\/de\/wp-json\/wp\/v2\/product\/1621","targetHints":{"allow":["GET"]}}],"collection":[{"href":"https:\/\/lyfilter.com\/de\/wp-json\/wp\/v2\/product"}],"about":[{"href":"https:\/\/lyfilter.com\/de\/wp-json\/wp\/v2\/types\/product"}],"replies":[{"embeddable":true,"href":"https:\/\/lyfilter.com\/de\/wp-json\/wp\/v2\/comments?post=1621"}],"wp:featuredmedia":[{"embeddable":true,"href":"https:\/\/lyfilter.com\/de\/wp-json\/wp\/v2\/media\/1628"}],"wp:attachment":[{"href":"https:\/\/lyfilter.com\/de\/wp-json\/wp\/v2\/media?parent=1621"}],"wp:term":[{"taxonomy":"product_brand","embeddable":true,"href":"https:\/\/lyfilter.com\/de\/wp-json\/wp\/v2\/product_brand?post=1621"},{"taxonomy":"product_cat","embeddable":true,"href":"https:\/\/lyfilter.com\/de\/wp-json\/wp\/v2\/product_cat?post=1621"},{"taxonomy":"product_tag","embeddable":true,"href":"https:\/\/lyfilter.com\/de\/wp-json\/wp\/v2\/product_tag?post=1621"}],"curies":[{"name":"wp","href":"https:\/\/api.w.org\/{rel}","templated":true}]}}