{"id":1614,"date":"2026-01-05T07:19:25","date_gmt":"2026-01-05T07:19:25","guid":{"rendered":"https:\/\/lyfilter.com\/?post_type=product&#038;p=1614"},"modified":"2026-01-05T07:19:25","modified_gmt":"2026-01-05T07:19:25","slug":"big-flow-rate-1-5-10-microns-polypropylene-water-filter-pp-melt-blown-cartridge-filter-for-ro-water-system-pre-filtration","status":"publish","type":"product","link":"https:\/\/lyfilter.com\/de\/big-flow-rate-1-5-10-microns-polypropylene-water-filter-pp-melt-blown-cartridge-filter-for-ro-water-system-pre-filtration\/","title":{"rendered":"Gro\u00dfer Durchfluss 1 5 10 Mikron Polypropylen Wasserfilter pp schmelzen geblasenen Patronenfilter f\u00fcr RO Wasser-System Vorfiltration"},"content":{"rendered":"<table>\n<thead>\n<tr>\n<th>Artikel<\/th>\n<th>Einzelheiten<\/th>\n<\/tr>\n<\/thead>\n<tbody>\n<tr>\n<td>anwendbare Industrien<\/td>\n<td>Lebensmittel- und Getr\u00e4nkefabrik; Bauernh\u00f6fe; Restaurant; Hausgebrauch; Lebensmittel- und Getr\u00e4nkel\u00e4den<\/td>\n<\/tr>\n<tr>\n<td>Herkunftsort<\/td>\n<td>Guangdong, China<\/td>\n<\/tr>\n<tr>\n<td>Markenname<\/td>\n<td>LVYUAN\/OEM<\/td>\n<\/tr>\n<tr>\n<td>Material<\/td>\n<td>Polypropylen<\/td>\n<\/tr>\n<tr>\n<td>Gewicht<\/td>\n<td>OEM<\/td>\n<\/tr>\n<tr>\n<td>Gr\u00f6\u00dfe<\/td>\n<td>OEM<\/td>\n<\/tr>\n<tr>\n<td>Macht<\/td>\n<td>0<\/td>\n<\/tr>\n<tr>\n<td>Garantie<\/td>\n<td>Nicht verf\u00fcgbar<\/td>\n<\/tr>\n<tr>\n<td>Produktname<\/td>\n<td>Schmelzgeblasene Serie PP Polypropylen Wasserfilterpatrone Sediment<\/td>\n<\/tr>\n<tr>\n<td>Filtertyp<\/td>\n<td>Rille; Pr\u00e4gung; Punkte; Firmenlogo<\/td>\n<\/tr>\n<tr>\n<td>Au\u00dfendurchmesser<\/td>\n<td>10-200 mm<\/td>\n<\/tr>\n<tr>\n<td>Genauigkeit<\/td>\n<td>1-100 Mikron<\/td>\n<\/tr>\n<tr>\n<td>Innendurchmesser<\/td>\n<td>OEM<\/td>\n<\/tr>\n<tr>\n<td>Filteradapter<\/td>\n<td>Flacher Typ; Typ 222; Typ 226; Typ 215<\/td>\n<\/tr>\n<tr>\n<td>h\u00f6chste Temperatur<\/td>\n<td>80\u2103<\/td>\n<\/tr>\n<tr>\n<td>Arbeitsdruckabfall<\/td>\n<td>0,1 kgf\/c\u33a1<\/td>\n<\/tr>\n<tr>\n<td>h\u00f6chst beengt<\/td>\n<td>5 kgf\/c\u33a1<\/td>\n<\/tr>\n<tr>\n<td>maximaler Druckverlust<\/td>\n<td>3 kgf\/c\u33a1<\/td>\n<\/tr>\n<tr>\n<td>Kundendienst<\/td>\n<td>Online-Unterst\u00fctzung<\/td>\n<\/tr>\n<tr>\n<td>Verkaufseinheiten<\/td>\n<td>Einzelnes Element<\/td>\n<\/tr>\n<tr>\n<td>einzelne Packungsgr\u00f6\u00dfe<\/td>\n<td>53 \u00d7 33 \u00d7 33 cm<\/td>\n<\/tr>\n<tr>\n<td>einzelne gr<\/td>\n<td><\/td>\n<\/tr>\n<\/tbody>\n<\/table>","protected":false},"excerpt":{"rendered":"<p>Diese schmelzgeblasene PP-Kartusche hilft bei der Reduzierung von Sedimenten in der Fl\u00fcssigwasserfiltration, von K\u00fcchen bis hin zu kleinen Pflanzen. W\u00e4hlen Sie den f\u00fcr Ihr Geh\u00e4use passenden Adaptertyp und die passende Mikronzahl.<\/p>","protected":false},"featured_media":1622,"comment_status":"open","ping_status":"closed","template":"","meta":{"_gspb_post_css":""},"product_brand":[],"product_cat":[23,17],"product_tag":[752,753,661,729,751,754],"class_list":{"0":"post-1614","1":"product","2":"type-product","3":"status-publish","4":"has-post-thumbnail","6":"product_cat-pp-filter-cartridge","7":"product_cat-sediment-filter","8":"product_tag-1-5-10-micron-cartridge","9":"product_tag-liquid-water-filter-cartridge","10":"product_tag-melt-blown-pp-filter-cartridge","11":"product_tag-polypropylene-filter-cartridge","12":"product_tag-pp-sediment-water-filter","13":"product_tag-water-filter-adaptor-222-226","15":"first","16":"instock","17":"shipping-taxable","18":"product-type-simple"},"_links":{"self":[{"href":"https:\/\/lyfilter.com\/de\/wp-json\/wp\/v2\/product\/1614","targetHints":{"allow":["GET"]}}],"collection":[{"href":"https:\/\/lyfilter.com\/de\/wp-json\/wp\/v2\/product"}],"about":[{"href":"https:\/\/lyfilter.com\/de\/wp-json\/wp\/v2\/types\/product"}],"replies":[{"embeddable":true,"href":"https:\/\/lyfilter.com\/de\/wp-json\/wp\/v2\/comments?post=1614"}],"wp:featuredmedia":[{"embeddable":true,"href":"https:\/\/lyfilter.com\/de\/wp-json\/wp\/v2\/media\/1622"}],"wp:attachment":[{"href":"https:\/\/lyfilter.com\/de\/wp-json\/wp\/v2\/media?parent=1614"}],"wp:term":[{"taxonomy":"product_brand","embeddable":true,"href":"https:\/\/lyfilter.com\/de\/wp-json\/wp\/v2\/product_brand?post=1614"},{"taxonomy":"product_cat","embeddable":true,"href":"https:\/\/lyfilter.com\/de\/wp-json\/wp\/v2\/product_cat?post=1614"},{"taxonomy":"product_tag","embeddable":true,"href":"https:\/\/lyfilter.com\/de\/wp-json\/wp\/v2\/product_tag?post=1614"}],"curies":[{"name":"wp","href":"https:\/\/api.w.org\/{rel}","templated":true}]}}