{"id":1587,"date":"2026-01-05T07:11:17","date_gmt":"2026-01-05T07:11:17","guid":{"rendered":"https:\/\/lyfilter.com\/?post_type=product&#038;p=1587"},"modified":"2026-05-07T08:46:14","modified_gmt":"2026-05-07T08:46:14","slug":"high-flow-water-filter-rate-pp-material-40-inch-big-blue-water-filter-cartridge-for-10-micron-industrial-water-filter-machine","status":"publish","type":"product","link":"https:\/\/lyfilter.com\/de\/high-flow-water-filter-rate-pp-material-40-inch-big-blue-water-filter-cartridge-for-10-micron-industrial-water-filter-machine\/","title":{"rendered":"Hoher Durchfluss Wasserfilterrate PP Material 40 Zoll gro\u00dfe blaue Wasserfilterpatrone f\u00fcr 10 Mikron industrielle Wasserfiltermaschine"},"content":{"rendered":"<table>\n<thead>\n<tr>\n<th>Artikel<\/th>\n<th>Einzelheiten<\/th>\n<\/tr>\n<\/thead>\n<tbody>\n<tr>\n<td>Zustand<\/td>\n<td>Neu<\/td>\n<\/tr>\n<tr>\n<td>anwendbare Industrien<\/td>\n<td>Hotels; Bekleidungsgesch\u00e4fte; Baustoffgesch\u00e4fte; Fertigungsbetriebe; Maschinenreparaturwerkst\u00e4tten; Lebensmittel- und Getr\u00e4nkefabriken; Bauernh\u00f6fe; Restaurants; Haushalte; Einzelhandel; Lebensmittelgesch\u00e4fte; Druckereien; Bauunternehmen; Energie und Bergbau; Lebensmittel- und Getr\u00e4nkegesch\u00e4fte; Werbeunternehmen<\/td>\n<\/tr>\n<tr>\n<td>Herkunftsort<\/td>\n<td>Guangdong, China<\/td>\n<\/tr>\n<tr>\n<td>Markenname<\/td>\n<td>LVYUAN\/OEM<\/td>\n<\/tr>\n<tr>\n<td>Material<\/td>\n<td>Polypropylen<\/td>\n<\/tr>\n<tr>\n<td>Gewicht<\/td>\n<td>OEM<\/td>\n<\/tr>\n<tr>\n<td>Gr\u00f6\u00dfe<\/td>\n<td>OEM<\/td>\n<\/tr>\n<tr>\n<td>Macht<\/td>\n<td>0<\/td>\n<\/tr>\n<tr>\n<td>Garantie<\/td>\n<td>Nicht verf\u00fcgbar<\/td>\n<\/tr>\n<tr>\n<td>Produktname<\/td>\n<td>PP gro\u00dfe blaue Wasserfilterpatrone f\u00fcr industrielle Wasserfiltermaschine<\/td>\n<\/tr>\n<tr>\n<td>Filtertyp<\/td>\n<td>Rille; Pr\u00e4gung; Punkte; Firmenlogo<\/td>\n<\/tr>\n<tr>\n<td>Au\u00dfendurchmesser<\/td>\n<td>10-200 mm<\/td>\n<\/tr>\n<tr>\n<td>Genauigkeit<\/td>\n<td>1-100 Mikron<\/td>\n<\/tr>\n<tr>\n<td>Innendurchmesser<\/td>\n<td>OEM<\/td>\n<\/tr>\n<tr>\n<td>Filteradapter<\/td>\n<td>Kundenspezifisch<\/td>\n<\/tr>\n<tr>\n<td>h\u00f6chste Temperatur<\/td>\n<td>80\u2103<\/td>\n<\/tr>\n<tr>\n<td>Arbeitsdruckabfall<\/td>\n<td>0,1 kgf\/c\u33a1<\/td>\n<\/tr>\n<tr>\n<td>h\u00f6chst beengt<\/td>\n<td>5 kgf\/c\u33a1<\/td>\n<\/tr>\n<tr>\n<td>maximaler Druckverlust<\/td>\n<td>3 kgf\/c\u33a1<\/td>\n<\/tr>\n<tr>\n<td>Kundendienst<\/td>\n<td>Online-Unterst\u00fctzung<\/td>\n<\/tr>\n<tr>\n<td>Verkaufseinheiten<\/td>\n<td>Einzelnes Element<\/td>\n<\/tr>\n<tr>\n<td>einzelne Packungsgr\u00f6\u00dfe<\/td>\n<td>111 \u00d7 35 \u00d7 35 cm<\/td>\n<\/tr>\n<tr>\n<td>Einzelbruttogewicht<\/td>\n<td>15.000 kg<\/td>\n<\/tr>\n<tr>\n<td>Pakettyp<\/td>\n<td>Export-Papierkarton; hochflie\u00dfendes PP-Material 40 Zoll gro\u00dfe blaue Kartusche (10 Mikron) f\u00fcr Industriemaschinen<\/td>\n<\/tr>\n<tr>\n<td>Vorlaufzeit (1-100 St\u00fcck)<\/td>\n<td>2 Tage<\/td>\n<\/tr>\n<tr>\n<td>Vorlaufzeit (101-500 St\u00fcck)<\/td>\n<td>3 Tage<\/td>\n<\/tr>\n<tr>\n<td>Vorlaufzeit (501-5000 St\u00fcck)<\/td>\n<td>7 Tage<\/td>\n<\/tr>\n<tr>\n<td>Vorlaufzeit (&gt;5000 St\u00fcck)<\/td>\n<td>Noch zu verhandeln<\/td>\n<\/tr>\n<\/tbody>\n<\/table>","protected":false},"excerpt":{"rendered":"<p>Diese PP Big Blue-Patrone wurde f\u00fcr industrielle Wasserfiltermaschinen entwickelt, die einen konstanten Durchfluss und eine zuverl\u00e4ssige Partikelentfernung ben\u00f6tigen. Passen Sie den Adapter und das Finish an Ihre Einrichtung an.<\/p>","protected":false},"featured_media":1596,"comment_status":"open","ping_status":"closed","template":"","meta":{"_gspb_post_css":""},"product_brand":[],"product_cat":[23,17],"product_tag":[297,744,741,343,743,742],"class_list":{"0":"post-1587","1":"product","2":"type-product","3":"status-publish","4":"has-post-thumbnail","6":"product_cat-pp-filter-cartridge","7":"product_cat-sediment-filter","8":"product_tag-1-100-micron-cartridge","9":"product_tag-10-micron-big-blue-filter","10":"product_tag-big-blue-water-filter-cartridge","11":"product_tag-high-flow-pp-filter","12":"product_tag-industrial-water-filter-cartridge","13":"product_tag-pp-big-blue-cartridge","15":"first","16":"instock","17":"shipping-taxable","18":"product-type-simple"},"_links":{"self":[{"href":"https:\/\/lyfilter.com\/de\/wp-json\/wp\/v2\/product\/1587","targetHints":{"allow":["GET"]}}],"collection":[{"href":"https:\/\/lyfilter.com\/de\/wp-json\/wp\/v2\/product"}],"about":[{"href":"https:\/\/lyfilter.com\/de\/wp-json\/wp\/v2\/types\/product"}],"replies":[{"embeddable":true,"href":"https:\/\/lyfilter.com\/de\/wp-json\/wp\/v2\/comments?post=1587"}],"wp:featuredmedia":[{"embeddable":true,"href":"https:\/\/lyfilter.com\/de\/wp-json\/wp\/v2\/media\/1596"}],"wp:attachment":[{"href":"https:\/\/lyfilter.com\/de\/wp-json\/wp\/v2\/media?parent=1587"}],"wp:term":[{"taxonomy":"product_brand","embeddable":true,"href":"https:\/\/lyfilter.com\/de\/wp-json\/wp\/v2\/product_brand?post=1587"},{"taxonomy":"product_cat","embeddable":true,"href":"https:\/\/lyfilter.com\/de\/wp-json\/wp\/v2\/product_cat?post=1587"},{"taxonomy":"product_tag","embeddable":true,"href":"https:\/\/lyfilter.com\/de\/wp-json\/wp\/v2\/product_tag?post=1587"}],"curies":[{"name":"wp","href":"https:\/\/api.w.org\/{rel}","templated":true}]}}