{"id":1586,"date":"2026-01-05T07:07:06","date_gmt":"2026-01-05T07:07:06","guid":{"rendered":"https:\/\/lyfilter.com\/?post_type=product&#038;p=1586"},"modified":"2026-01-05T07:07:07","modified_gmt":"2026-01-05T07:07:07","slug":"meltblown-polypropylene-spun-poly-water-filter-cartridge-cartridges-10-20-30-40-inch-for-ro-water-purifier-purification-system","status":"publish","type":"product","link":"https:\/\/lyfilter.com\/de\/meltblown-polypropylene-spun-poly-water-filter-cartridge-cartridges-10-20-30-40-inch-for-ro-water-purifier-purification-system\/","title":{"rendered":"Meltblown Polypropylen Spun Poly Wasserfilterpatrone Patronen 10 20 30 40 Zoll f\u00fcr RO Wasserreiniger Reinigungssystem"},"content":{"rendered":"<table>\n<thead>\n<tr>\n<th>Artikel<\/th>\n<th>Einzelheiten<\/th>\n<\/tr>\n<\/thead>\n<tbody>\n<tr>\n<td>Zustand<\/td>\n<td>Neu<\/td>\n<\/tr>\n<tr>\n<td>anwendbare Industrien<\/td>\n<td>Hotels; Bekleidungsgesch\u00e4fte; Baustoffgesch\u00e4fte; Fertigungsbetriebe; Maschinenreparaturwerkst\u00e4tten; Lebensmittel- und Getr\u00e4nkefabriken; Bauernh\u00f6fe; Restaurants; Haushalte; Einzelhandel; Lebensmittelgesch\u00e4fte; Druckereien; Bauunternehmen; Energie und Bergbau; Lebensmittel- und Getr\u00e4nkegesch\u00e4fte; Werbeunternehmen<\/td>\n<\/tr>\n<tr>\n<td>Service nach der Garantie<\/td>\n<td>Online-Unterst\u00fctzung<\/td>\n<\/tr>\n<tr>\n<td>lokaler Servicestandort<\/td>\n<td>keine<\/td>\n<\/tr>\n<tr>\n<td>Standort des Ausstellungsraums<\/td>\n<td>keine<\/td>\n<\/tr>\n<tr>\n<td>Herkunftsort<\/td>\n<td>Guangdong, China<\/td>\n<\/tr>\n<tr>\n<td>Markenname<\/td>\n<td>Lvyuan \/ OEM<\/td>\n<\/tr>\n<tr>\n<td>Material<\/td>\n<td>Polypropylen<\/td>\n<\/tr>\n<tr>\n<td>Gewicht<\/td>\n<td>h\u00e4ngt<\/td>\n<\/tr>\n<tr>\n<td>Gr\u00f6\u00dfe<\/td>\n<td>Standard oder Individualisierung<\/td>\n<\/tr>\n<tr>\n<td>Macht<\/td>\n<td>0<\/td>\n<\/tr>\n<tr>\n<td>Garantie<\/td>\n<td>Nicht verf\u00fcgbar<\/td>\n<\/tr>\n<tr>\n<td>Produktname<\/td>\n<td>Wasserfilterpatrone 20 Zoll<\/td>\n<\/tr>\n<tr>\n<td>Mikron-Rate<\/td>\n<td>1\/3\/5\/10\/25\/50\/75\/100 Mikron Filterpatrone<\/td>\n<\/tr>\n<tr>\n<td>Zertifizierung<\/td>\n<td>CE, SGS<\/td>\n<\/tr>\n<tr>\n<td>Anmeldung<\/td>\n<td>Wasserfilterteile, Umkehrosmose<\/td>\n<\/tr>\n<tr>\n<td>L\u00e4nge<\/td>\n<td>5\u2033, 10\u2033, 20\u2033, 30\u2033, 40\u2033, 50\u2033 Zoll<\/td>\n<\/tr>\n<tr>\n<td>Filtermedien<\/td>\n<td>Polypropylen (PP) gesponnen<\/td>\n<\/tr>\n<tr>\n<td>Endkappe<\/td>\n<td>DOE \/ 222Fin \/ 226Fin \/ 222Flat \/ 226Flat<\/td>\n<\/tr>\n<tr>\n<td>Material der Dichtung\/des Rings<\/td>\n<td>Silizium \/ EPDM \/ Viton<\/td>\n<\/tr>\n<tr>\n<td>Verwendung<\/td>\n<td>Fl\u00fcssigkeit Patronenfilter<\/td>\n<\/tr>\n<tr>\n<td>innerer Kern<\/td>\n<td>PP; rostfreier Stahl; keine<\/td>\n<\/tr>\n<tr>\n<td>Verkaufseinheiten<\/td>\n<td>Einzelnes Element<\/td>\n<\/tr>\n<tr>\n<td>einzelne Packungsgr\u00f6\u00dfe<\/td>\n<td>55 \u00d7 10 \u00d7 10 cm<\/td>\n<\/tr>\n<tr>\n<td>Einzelbruttogewicht<\/td>\n<td>2.000 kg<\/td>\n<\/tr>\n<tr>\n<td>Pakettyp<\/td>\n<td>Meltblown Polypropylen Spun Poly Wasserfilterpatrone f\u00fcr RO Wasserreiniger\/Reinigungssystem; Angebot ist nur Referenz - senden Sie Spezifikationen f\u00fcr den besten Preis<\/td>\n<\/tr>\n<tr>\n<td>Kartonverpackung (10 Zoll)<\/td>\n<td>50 St\u00fcck\/Ktn, 400 \u00d7 400 \u00d7 685 mm<\/td>\n<\/tr>\n<tr>\n<td>Kartonverpackung (20 Zoll)<\/td>\n<td>25 St\u00fcck\/Ktn, 400 \u00d7 400 \u00d7 685 mm<\/td>\n<\/tr>\n<tr>\n<td>Kartonverpackung (30 Zoll)<\/td>\n<td>25 St\u00fcck\/Ktn, 835 \u00d7 435 \u00d7 425 mm<\/td>\n<\/tr>\n<tr>\n<td>Kartonverpackung (40 Zoll)<\/td>\n<td>25 St\u00fcck\/Ktn, 1100 \u00d7 395 \u00d7 400 mm<\/td>\n<\/tr>\n<tr>\n<td>Vorlaufzeit (1-2000 St\u00fcck)<\/td>\n<td>15 Tage<\/td>\n<\/tr>\n<tr>\n<td>Vorlaufzeit (&gt;2000 St\u00fcck)<\/td>\n<td>Noch zu verhandeln<\/td>\n<\/tr>\n<tr>\n<td>Produkthinweis<\/td>\n<td>Meltblown PP spun Wasserfilterpatronen 10\/20\/30\/40 Zoll f\u00fcr RO Wasserreiniger Reinigungssystem<\/td>\n<\/tr>\n<\/tbody>\n<\/table>","protected":false},"excerpt":{"rendered":"<p>Diese 20-Zoll-Wasserfilterpatrone hilft bei der Reduzierung von Sedimenten und feinen Partikeln f\u00fcr eine gleichm\u00e4\u00dfigere Umkehrosmose- und Reinigungsleistung. Passen Sie die Anschl\u00fcsse an Ihr Geh\u00e4use an.<\/p>","protected":false},"featured_media":1589,"comment_status":"open","ping_status":"closed","template":"","meta":{"_gspb_post_css":""},"product_brand":[],"product_cat":[23,17],"product_tag":[327,691,681,675,649,731],"class_list":{"0":"post-1586","1":"product","2":"type-product","3":"status-publish","4":"has-post-thumbnail","6":"product_cat-pp-filter-cartridge","7":"product_cat-sediment-filter","8":"product_tag-1-100-micron-filter","9":"product_tag-20-inch-water-filter-cartridge","10":"product_tag-liquid-cartridge-filter","11":"product_tag-pp-spun-filter-cartridge","12":"product_tag-reverse-osmosis-prefilter","13":"product_tag-water-filter-parts","15":"first","16":"instock","17":"shipping-taxable","18":"product-type-simple"},"_links":{"self":[{"href":"https:\/\/lyfilter.com\/de\/wp-json\/wp\/v2\/product\/1586","targetHints":{"allow":["GET"]}}],"collection":[{"href":"https:\/\/lyfilter.com\/de\/wp-json\/wp\/v2\/product"}],"about":[{"href":"https:\/\/lyfilter.com\/de\/wp-json\/wp\/v2\/types\/product"}],"replies":[{"embeddable":true,"href":"https:\/\/lyfilter.com\/de\/wp-json\/wp\/v2\/comments?post=1586"}],"wp:featuredmedia":[{"embeddable":true,"href":"https:\/\/lyfilter.com\/de\/wp-json\/wp\/v2\/media\/1589"}],"wp:attachment":[{"href":"https:\/\/lyfilter.com\/de\/wp-json\/wp\/v2\/media?parent=1586"}],"wp:term":[{"taxonomy":"product_brand","embeddable":true,"href":"https:\/\/lyfilter.com\/de\/wp-json\/wp\/v2\/product_brand?post=1586"},{"taxonomy":"product_cat","embeddable":true,"href":"https:\/\/lyfilter.com\/de\/wp-json\/wp\/v2\/product_cat?post=1586"},{"taxonomy":"product_tag","embeddable":true,"href":"https:\/\/lyfilter.com\/de\/wp-json\/wp\/v2\/product_tag?post=1586"}],"curies":[{"name":"wp","href":"https:\/\/api.w.org\/{rel}","templated":true}]}}