{"id":1551,"date":"2026-01-05T06:51:53","date_gmt":"2026-01-05T06:51:53","guid":{"rendered":"https:\/\/lyfilter.com\/?post_type=product&#038;p=1551"},"modified":"2026-01-05T06:51:53","modified_gmt":"2026-01-05T06:51:53","slug":"household-ro-water-10-inch-granular-udf-activated-carbon-filter-cartridge-gac-for-pre-filtration","status":"publish","type":"product","link":"https:\/\/lyfilter.com\/de\/household-ro-water-10-inch-granular-udf-activated-carbon-filter-cartridge-gac-for-pre-filtration\/","title":{"rendered":"Haushalt RO Wasser 10 Zoll k\u00f6rnige UDF Aktivkohle-Filterpatrone GAC f\u00fcr die Vorfiltration"},"content":{"rendered":"<table>\n<thead>\n<tr>\n<th>Artikel<\/th>\n<th>Einzelheiten<\/th>\n<\/tr>\n<\/thead>\n<tbody>\n<tr>\n<td>Klassifizierung<\/td>\n<td>Chemisches Hilfsmittel<\/td>\n<\/tr>\n<tr>\n<td>cas no.<\/td>\n<td>h\u00e4ngt<\/td>\n<\/tr>\n<tr>\n<td>andere Namen<\/td>\n<td>h\u00e4ngt<\/td>\n<\/tr>\n<tr>\n<td>mf<\/td>\n<td>h\u00e4ngt<\/td>\n<\/tr>\n<tr>\n<td>einecs Nr.<\/td>\n<td>h\u00e4ngt<\/td>\n<\/tr>\n<tr>\n<td>Reinheit<\/td>\n<td>h\u00e4ngt<\/td>\n<\/tr>\n<tr>\n<td>Herkunftsort<\/td>\n<td>Guangdong, China<\/td>\n<\/tr>\n<tr>\n<td>Typ<\/td>\n<td>Schwarzer Kohlenstoff<\/td>\n<\/tr>\n<tr>\n<td>Verwendung<\/td>\n<td>Beschichtungshilfsmittel; Elektronikchemikalien; Lederhilfsmittel; Papierchemikalien; Erd\u00f6ladditive; Kunststoffhilfsmittel; Gummihilfsmittel; Tenside; Textilhilfsmittel; Wasseraufbereitungschemikalien; Fl\u00fcssigpatronenfilter<\/td>\n<\/tr>\n<tr>\n<td>Markenname<\/td>\n<td>Lvyuan \/ OEM<\/td>\n<\/tr>\n<tr>\n<td>Modellnummer<\/td>\n<td>Baureihe LY-PPF<\/td>\n<\/tr>\n<tr>\n<td>Produktname<\/td>\n<td>ro Filterpatrone<\/td>\n<\/tr>\n<tr>\n<td>Mikron-Rate<\/td>\n<td>Filterpatrone mit 1, 3, 5 und 10 Mikron<\/td>\n<\/tr>\n<tr>\n<td>Zertifizierung<\/td>\n<td>CE, SGS<\/td>\n<\/tr>\n<tr>\n<td>Anmeldung<\/td>\n<td>Wasserfilterteile, Umkehrosmose<\/td>\n<\/tr>\n<tr>\n<td>L\u00e4nge<\/td>\n<td>5\u2033, 10\u2033, 20\u2033, 30\u2033, 40\u2033, 50\u2033 Zoll<\/td>\n<\/tr>\n<tr>\n<td>Filtermedien<\/td>\n<td>Polypropylen (PP)-Membran<\/td>\n<\/tr>\n<tr>\n<td>Endkappe<\/td>\n<td>DOE; 222+Fin; 222+Flat; 226+Fin; 226+Flat<\/td>\n<\/tr>\n<tr>\n<td>Material der Dichtung\/des Rings<\/td>\n<td>Silizium \/ EPDM \/ Viton<\/td>\n<\/tr>\n<tr>\n<td>Lieferf\u00e4higkeit<\/td>\n<td>5000 St\u00fcck\/St\u00fcck pro Tag (udf-Aktivkohlefilter)<\/td>\n<\/tr>\n<\/tbody>\n<\/table>","protected":false},"excerpt":{"rendered":"<p>Diese RO-Filterpatrone hilft Ihnen, feine Partikel zu reduzieren, damit Ihr Wasser klarer und zuverl\u00e4ssiger wird. W\u00e4hlen Sie die Mikronzahl, Gr\u00f6\u00dfe, Endkappe und Dichtung, die zu Ihrem Geh\u00e4use passt.<\/p>","protected":false},"featured_media":1561,"comment_status":"open","ping_status":"closed","template":"","meta":{"_gspb_post_css":""},"product_brand":[],"product_cat":[23,17],"product_tag":[644,734,660,733,732,731],"class_list":{"0":"post-1551","1":"product","2":"type-product","3":"status-publish","4":"has-post-thumbnail","6":"product_cat-pp-filter-cartridge","7":"product_cat-sediment-filter","8":"product_tag-1-micron-filter-cartridge","9":"product_tag-doe-end-cap","10":"product_tag-pp-membrane-filter","11":"product_tag-reverse-osmosis-cartridge","12":"product_tag-ro-filter-cartridge","13":"product_tag-water-filter-parts","15":"first","16":"instock","17":"shipping-taxable","18":"product-type-simple"},"_links":{"self":[{"href":"https:\/\/lyfilter.com\/de\/wp-json\/wp\/v2\/product\/1551","targetHints":{"allow":["GET"]}}],"collection":[{"href":"https:\/\/lyfilter.com\/de\/wp-json\/wp\/v2\/product"}],"about":[{"href":"https:\/\/lyfilter.com\/de\/wp-json\/wp\/v2\/types\/product"}],"replies":[{"embeddable":true,"href":"https:\/\/lyfilter.com\/de\/wp-json\/wp\/v2\/comments?post=1551"}],"wp:featuredmedia":[{"embeddable":true,"href":"https:\/\/lyfilter.com\/de\/wp-json\/wp\/v2\/media\/1561"}],"wp:attachment":[{"href":"https:\/\/lyfilter.com\/de\/wp-json\/wp\/v2\/media?parent=1551"}],"wp:term":[{"taxonomy":"product_brand","embeddable":true,"href":"https:\/\/lyfilter.com\/de\/wp-json\/wp\/v2\/product_brand?post=1551"},{"taxonomy":"product_cat","embeddable":true,"href":"https:\/\/lyfilter.com\/de\/wp-json\/wp\/v2\/product_cat?post=1551"},{"taxonomy":"product_tag","embeddable":true,"href":"https:\/\/lyfilter.com\/de\/wp-json\/wp\/v2\/product_tag?post=1551"}],"curies":[{"name":"wp","href":"https:\/\/api.w.org\/{rel}","templated":true}]}}