{"id":1533,"date":"2026-01-04T10:55:37","date_gmt":"2026-01-04T10:55:37","guid":{"rendered":"https:\/\/lyfilter.com\/?post_type=product&#038;p=1533"},"modified":"2026-01-04T11:03:32","modified_gmt":"2026-01-04T11:03:32","slug":"best-quality-filtro-carbon-activado-agua-filtros-de-sedimento-pp","status":"publish","type":"product","link":"https:\/\/lyfilter.com\/de\/best-quality-filtro-carbon-activado-agua-filtros-de-sedimento-pp\/","title":{"rendered":"Beste Qualit\u00e4t Aktivkohlefilter f\u00fcr Wasserfilter PP"},"content":{"rendered":"<table>\n<thead>\n<tr>\n<th>\u00dcbersicht<\/th>\n<th>Name des Produkts<\/th>\n<th>filtro carbon activado agua<\/th>\n<\/tr>\n<\/thead>\n<tbody>\n<tr>\n<td>\u00dcbersicht<\/td>\n<td>Serie\/Modell<\/td>\n<td>Baureihe LY-PPF<\/td>\n<\/tr>\n<tr>\n<td>\u00dcbersicht<\/td>\n<td>Marke<\/td>\n<td>Lvyuan \/ OEM<\/td>\n<\/tr>\n<tr>\n<td>Schnelle Details<\/td>\n<td>Ort der Herkunft<\/td>\n<td>Guangdong, China<\/td>\n<\/tr>\n<tr>\n<td>Schnelle Details<\/td>\n<td>Filtermedien<\/td>\n<td>PP schmelzgeblasene Filterpatrone<\/td>\n<\/tr>\n<tr>\n<td>Schnelle Details<\/td>\n<td>Mikron Rate<\/td>\n<td>1, 3, 5, 10 ~ 100<\/td>\n<\/tr>\n<tr>\n<td>Schnelle Details<\/td>\n<td>Anmeldung<\/td>\n<td>Wasserfilterteile, Umkehrosmose<\/td>\n<\/tr>\n<tr>\n<td>Schnelle Details<\/td>\n<td>Verwendung<\/td>\n<td>Fl\u00fcssigkeits-Patronenfilter<\/td>\n<\/tr>\n<tr>\n<td>Schnelle Details<\/td>\n<td>L\u00e4nge<\/td>\n<td>5\u2033, 10\u2033, 20\u2033, 30\u2033, 40\u2033, 50\u2033<\/td>\n<\/tr>\n<tr>\n<td>Schnelle Details<\/td>\n<td>Endkappe<\/td>\n<td>DOE, 222+Fin, 222+Flat, 226+Fin, 226+Flat<\/td>\n<\/tr>\n<tr>\n<td>Schnelle Details<\/td>\n<td>Material der Dichtung \/ des O-Rings<\/td>\n<td>Silizium \/ EPDM \/ Viton<\/td>\n<\/tr>\n<tr>\n<td>Schnelle Details<\/td>\n<td>Innerer Kern<\/td>\n<td>PP oder keine<\/td>\n<\/tr>\n<tr>\n<td>Schnelle Details<\/td>\n<td>Zertifizierung<\/td>\n<td>CE, SGS<\/td>\n<\/tr>\n<tr>\n<td>Lieferf\u00e4higkeit<\/td>\n<td>T\u00e4gliche Kapazit\u00e4t<\/td>\n<td>5000 St\u00fcck\/St\u00fcck pro Tag<\/td>\n<\/tr>\n<\/tbody>\n<\/table>\n<p>&nbsp;<\/p>","protected":false},"excerpt":{"rendered":"<p>Eine zuverl\u00e4ssige Kartuschenoption f\u00fcr sauberes Wasser, mit flexiblen Mikronwerten und Gr\u00f6\u00dfen, die in viele RO- und Filtergeh\u00e4use passen.<\/p>","protected":false},"featured_media":1539,"comment_status":"open","ping_status":"closed","template":"","meta":{"_gspb_post_css":""},"product_brand":[],"product_cat":[23,17],"product_tag":[297,723,298,725,355,724],"class_list":{"0":"post-1533","1":"product","2":"type-product","3":"status-publish","4":"has-post-thumbnail","6":"product_cat-pp-filter-cartridge","7":"product_cat-sediment-filter","8":"product_tag-1-100-micron-cartridge","9":"product_tag-activated-carbon-cartridge","10":"product_tag-lvyuan-oem","11":"product_tag-pp-melt-blown-filter","12":"product_tag-reverse-osmosis-filter","13":"product_tag-water-filtration-parts","15":"first","16":"instock","17":"shipping-taxable","18":"product-type-simple"},"_links":{"self":[{"href":"https:\/\/lyfilter.com\/de\/wp-json\/wp\/v2\/product\/1533","targetHints":{"allow":["GET"]}}],"collection":[{"href":"https:\/\/lyfilter.com\/de\/wp-json\/wp\/v2\/product"}],"about":[{"href":"https:\/\/lyfilter.com\/de\/wp-json\/wp\/v2\/types\/product"}],"replies":[{"embeddable":true,"href":"https:\/\/lyfilter.com\/de\/wp-json\/wp\/v2\/comments?post=1533"}],"wp:featuredmedia":[{"embeddable":true,"href":"https:\/\/lyfilter.com\/de\/wp-json\/wp\/v2\/media\/1539"}],"wp:attachment":[{"href":"https:\/\/lyfilter.com\/de\/wp-json\/wp\/v2\/media?parent=1533"}],"wp:term":[{"taxonomy":"product_brand","embeddable":true,"href":"https:\/\/lyfilter.com\/de\/wp-json\/wp\/v2\/product_brand?post=1533"},{"taxonomy":"product_cat","embeddable":true,"href":"https:\/\/lyfilter.com\/de\/wp-json\/wp\/v2\/product_cat?post=1533"},{"taxonomy":"product_tag","embeddable":true,"href":"https:\/\/lyfilter.com\/de\/wp-json\/wp\/v2\/product_tag?post=1533"}],"curies":[{"name":"wp","href":"https:\/\/api.w.org\/{rel}","templated":true}]}}