{"id":1532,"date":"2026-01-04T10:51:46","date_gmt":"2026-01-04T10:51:46","guid":{"rendered":"https:\/\/lyfilter.com\/?post_type=product&#038;p=1532"},"modified":"2026-01-04T10:51:47","modified_gmt":"2026-01-04T10:51:47","slug":"jumbo-pp-udf-cto-carbon-10-big-blue-cartridge-with-water-filter-housing","status":"publish","type":"product","link":"https:\/\/lyfilter.com\/de\/jumbo-pp-udf-cto-carbon-10-big-blue-cartridge-with-water-filter-housing\/","title":{"rendered":"Jumbo PP UDF CTO Kohlenstoff 10\u2033 gro\u00dfe blaue Kartusche mit Wasserfiltergeh\u00e4use"},"content":{"rendered":"<table>\n<thead>\n<tr>\n<th>Abschnitt<\/th>\n<th>Artikel<\/th>\n<th>Einzelheiten<\/th>\n<\/tr>\n<\/thead>\n<tbody>\n<tr>\n<td>\u00dcbersicht<\/td>\n<td>Name des Produkts<\/td>\n<td>10 gro\u00dfe blaue Patrone<\/td>\n<\/tr>\n<tr>\n<td>Schnelle Details<\/td>\n<td>Ort der Herkunft<\/td>\n<td>Guangdong, China<\/td>\n<\/tr>\n<tr>\n<td>Schnelle Details<\/td>\n<td>Markenname<\/td>\n<td>Lvyuan \/ OEM<\/td>\n<\/tr>\n<tr>\n<td>Schnelle Details<\/td>\n<td>Modellnummer<\/td>\n<td>Baureihe LY-PPF<\/td>\n<\/tr>\n<tr>\n<td>Schnelle Details<\/td>\n<td>Mikron Rate<\/td>\n<td>1, 3, 5, 10, 20 Mikron Filterpatrone<\/td>\n<\/tr>\n<tr>\n<td>Schnelle Details<\/td>\n<td>Zertifizierung<\/td>\n<td>CE, SGS<\/td>\n<\/tr>\n<tr>\n<td>Schnelle Details<\/td>\n<td>Anmeldung<\/td>\n<td>Wasserfilterteile, Umkehrosmose<\/td>\n<\/tr>\n<tr>\n<td>Schnelle Details<\/td>\n<td>L\u00e4nge<\/td>\n<td>5\u2033, 10\u2033, 20\u2033, 30\u2033, 40\u2033, 50\u2033 Zoll<\/td>\n<\/tr>\n<tr>\n<td>Schnelle Details<\/td>\n<td>Filtermedien<\/td>\n<td>Polypropylen (PP)-Membran<\/td>\n<\/tr>\n<tr>\n<td>Schnelle Details<\/td>\n<td>Endkappe<\/td>\n<td>DOE, 222+Fin, 222+Flat, 226+Fin, 226+Flat<\/td>\n<\/tr>\n<tr>\n<td>Schnelle Details<\/td>\n<td>Material der Dichtung\/O-Ring<\/td>\n<td>Silizium \/ EPDM \/ Viton<\/td>\n<\/tr>\n<tr>\n<td>Schnelle Details<\/td>\n<td>Verwendung<\/td>\n<td>Fl\u00fcssigkeits-Patronenfilter<\/td>\n<\/tr>\n<tr>\n<td>Schnelle Details<\/td>\n<td>Innerer Kern<\/td>\n<td>PP oder keine<\/td>\n<\/tr>\n<tr>\n<td>Lieferf\u00e4higkeit<\/td>\n<td>T\u00e4gliche Kapazit\u00e4t<\/td>\n<td>5000 St\u00fcck\/St\u00fcck pro Tag (10 gro\u00dfe blaue Patronen)<\/td>\n<\/tr>\n<\/tbody>\n<\/table>","protected":false},"excerpt":{"rendered":"<p>Zuverl\u00e4ssige Big Blue PP-Patronenfilter, die dazu beitragen, dass Ihr Wassersystem sauber und gleichm\u00e4\u00dfig l\u00e4uft, mit verschiedenen Mikronwerten, Gr\u00f6\u00dfen und Endkappenoptionen.<\/p>","protected":false},"featured_media":1534,"comment_status":"open","ping_status":"closed","template":"","meta":{"_gspb_post_css":""},"product_brand":[],"product_cat":[17,23],"product_tag":[721,720,681,722,648,353],"class_list":{"0":"post-1532","1":"product","2":"type-product","3":"status-publish","4":"has-post-thumbnail","6":"product_cat-sediment-filter","7":"product_cat-pp-filter-cartridge","8":"product_tag-1-20-micron-filtration","9":"product_tag-big-blue-cartridge","10":"product_tag-liquid-cartridge-filter","11":"product_tag-oem-water-filter","12":"product_tag-pp-filter-cartridge","13":"product_tag-reverse-osmosis-parts","15":"first","16":"instock","17":"shipping-taxable","18":"product-type-simple"},"_links":{"self":[{"href":"https:\/\/lyfilter.com\/de\/wp-json\/wp\/v2\/product\/1532","targetHints":{"allow":["GET"]}}],"collection":[{"href":"https:\/\/lyfilter.com\/de\/wp-json\/wp\/v2\/product"}],"about":[{"href":"https:\/\/lyfilter.com\/de\/wp-json\/wp\/v2\/types\/product"}],"replies":[{"embeddable":true,"href":"https:\/\/lyfilter.com\/de\/wp-json\/wp\/v2\/comments?post=1532"}],"wp:featuredmedia":[{"embeddable":true,"href":"https:\/\/lyfilter.com\/de\/wp-json\/wp\/v2\/media\/1534"}],"wp:attachment":[{"href":"https:\/\/lyfilter.com\/de\/wp-json\/wp\/v2\/media?parent=1532"}],"wp:term":[{"taxonomy":"product_brand","embeddable":true,"href":"https:\/\/lyfilter.com\/de\/wp-json\/wp\/v2\/product_brand?post=1532"},{"taxonomy":"product_cat","embeddable":true,"href":"https:\/\/lyfilter.com\/de\/wp-json\/wp\/v2\/product_cat?post=1532"},{"taxonomy":"product_tag","embeddable":true,"href":"https:\/\/lyfilter.com\/de\/wp-json\/wp\/v2\/product_tag?post=1532"}],"curies":[{"name":"wp","href":"https:\/\/api.w.org\/{rel}","templated":true}]}}