{"id":1442,"date":"2026-01-04T09:15:59","date_gmt":"2026-01-04T09:15:59","guid":{"rendered":"https:\/\/lyfilter.com\/?post_type=product&#038;p=1442"},"modified":"2026-01-04T09:15:59","modified_gmt":"2026-01-04T09:15:59","slug":"10-20-inch-big-blue-housing-filter-cartridge-for-water-filter-5-micron","status":"publish","type":"product","link":"https:\/\/lyfilter.com\/de\/10-20-inch-big-blue-housing-filter-cartridge-for-water-filter-5-micron\/","title":{"rendered":"10 20 Zoll gro\u00dfes blaues Geh\u00e4use Filterpatrone f\u00fcr Wasserfilter 5 Mikron"},"content":{"rendered":"<table>\n<thead>\n<tr>\n<th>\u00dcbersicht<\/th>\n<th>PP-Faser-Wasserfilterpatrone f\u00fcr die Wasseraufbereitung.<\/th>\n<\/tr>\n<\/thead>\n<tbody>\n<tr>\n<td>Zustand<\/td>\n<td>Neu<\/td>\n<\/tr>\n<tr>\n<td>anwendbare Industrien<\/td>\n<td>Produktionsanlagen; Lebensmittel- und Getr\u00e4nkefabrik; Hausgebrauch; Wasseraufbereitung<\/td>\n<\/tr>\n<tr>\n<td>Herkunftsort<\/td>\n<td>China<\/td>\n<\/tr>\n<tr>\n<td>Markenname<\/td>\n<td>Lvyuan; OEM; ODM<\/td>\n<\/tr>\n<tr>\n<td>Material<\/td>\n<td>Seiten<\/td>\n<\/tr>\n<tr>\n<td>Rohmaterial<\/td>\n<td>pp Faser<\/td>\n<\/tr>\n<tr>\n<td>Form<\/td>\n<td>Zylinder<\/td>\n<\/tr>\n<tr>\n<td>Gr\u00f6\u00dfe<\/td>\n<td>kundenspezifisch; schlank; jumbo<\/td>\n<\/tr>\n<tr>\n<td>Gewicht<\/td>\n<td>angepasst<\/td>\n<\/tr>\n<tr>\n<td>Macht<\/td>\n<td>0<\/td>\n<\/tr>\n<tr>\n<td>Garantie<\/td>\n<td>Nicht verf\u00fcgbar<\/td>\n<\/tr>\n<tr>\n<td>Funktion<\/td>\n<td>Stahl in individueller Gr\u00f6\u00dfe und mit Logo<\/td>\n<\/tr>\n<tr>\n<td>Zertifizierung<\/td>\n<td>SGS<\/td>\n<\/tr>\n<tr>\n<td>Verwendung<\/td>\n<td>Wasseraufbereitung<\/td>\n<\/tr>\n<tr>\n<td>Anmeldung<\/td>\n<td>Industrie<\/td>\n<\/tr>\n<tr>\n<td>Farbe<\/td>\n<td>wei\u00df<\/td>\n<\/tr>\n<tr>\n<td>Aussehen<\/td>\n<td>gepr\u00e4gt, gl\u00e4nzend, etc.<\/td>\n<\/tr>\n<tr>\n<td>Verpackung<\/td>\n<td>Papierschachtel<\/td>\n<\/tr>\n<tr>\n<td>Kundendienst<\/td>\n<td>Online-Unterst\u00fctzung<\/td>\n<\/tr>\n<tr>\n<td>Lieferf\u00e4higkeit<\/td>\n<td>5000 St\u00fcck\/St\u00fcck pro Woche<\/td>\n<\/tr>\n<\/tbody>\n<\/table>","protected":false},"excerpt":{"rendered":"<p>Eine zuverl\u00e4ssige PP-Faserpatrone, die dazu beitr\u00e4gt, Wasser f\u00fcr den Hausgebrauch und f\u00fcr industrielle Systeme sauberer zu halten. W\u00e4hlen Sie zwischen Slim- und Jumbo-Gr\u00f6\u00dfen, passen Sie Ihr Branding an und erhalten Sie Online-Support.<\/p>","protected":false},"featured_media":1450,"comment_status":"open","ping_status":"closed","template":"","meta":{"_gspb_post_css":""},"product_brand":[],"product_cat":[23,17],"product_tag":[680,56,638,306,684,308],"class_list":{"0":"post-1442","1":"product","2":"type-product","3":"status-publish","4":"has-post-thumbnail","6":"product_cat-pp-filter-cartridge","7":"product_cat-sediment-filter","8":"product_tag-custom-size-and-logo","9":"product_tag-industrial-filtration","10":"product_tag-pp-fiber-filter-cartridge","11":"product_tag-sgs-certified","12":"product_tag-slim-and-jumbo-cartridge","13":"product_tag-water-treatment","15":"first","16":"instock","17":"shipping-taxable","18":"product-type-simple"},"_links":{"self":[{"href":"https:\/\/lyfilter.com\/de\/wp-json\/wp\/v2\/product\/1442","targetHints":{"allow":["GET"]}}],"collection":[{"href":"https:\/\/lyfilter.com\/de\/wp-json\/wp\/v2\/product"}],"about":[{"href":"https:\/\/lyfilter.com\/de\/wp-json\/wp\/v2\/types\/product"}],"replies":[{"embeddable":true,"href":"https:\/\/lyfilter.com\/de\/wp-json\/wp\/v2\/comments?post=1442"}],"wp:featuredmedia":[{"embeddable":true,"href":"https:\/\/lyfilter.com\/de\/wp-json\/wp\/v2\/media\/1450"}],"wp:attachment":[{"href":"https:\/\/lyfilter.com\/de\/wp-json\/wp\/v2\/media?parent=1442"}],"wp:term":[{"taxonomy":"product_brand","embeddable":true,"href":"https:\/\/lyfilter.com\/de\/wp-json\/wp\/v2\/product_brand?post=1442"},{"taxonomy":"product_cat","embeddable":true,"href":"https:\/\/lyfilter.com\/de\/wp-json\/wp\/v2\/product_cat?post=1442"},{"taxonomy":"product_tag","embeddable":true,"href":"https:\/\/lyfilter.com\/de\/wp-json\/wp\/v2\/product_tag?post=1442"}],"curies":[{"name":"wp","href":"https:\/\/api.w.org\/{rel}","templated":true}]}}