{"id":1435,"date":"2026-01-04T09:11:33","date_gmt":"2026-01-04T09:11:33","guid":{"rendered":"https:\/\/lyfilter.com\/?post_type=product&#038;p=1435"},"modified":"2026-01-04T09:11:33","modified_gmt":"2026-01-04T09:11:33","slug":"5-10-siliphos-filter-niphos-ro-cartridge-filter","status":"publish","type":"product","link":"https:\/\/lyfilter.com\/de\/5-10-siliphos-filter-niphos-ro-cartridge-filter\/","title":{"rendered":"5\u201d 10\u201d Siliphos-Filter niphos ro Patronenfilter"},"content":{"rendered":"<table>\n<thead>\n<tr>\n<th>\u00dcbersicht<\/th>\n<th>Siliphos (LY-PHOS) Kartusche f\u00fcr die RO-Vorfiltration im Haushalt und zur Vermeidung von Kalkablagerungen.<\/th>\n<\/tr>\n<\/thead>\n<tbody>\n<tr>\n<td>Herkunftsort<\/td>\n<td>Guangdong, China<\/td>\n<\/tr>\n<tr>\n<td>Markenname<\/td>\n<td>Lvyuan \/ OEM<\/td>\n<\/tr>\n<tr>\n<td>Modellnummer<\/td>\n<td>LY-PHOS<\/td>\n<\/tr>\n<tr>\n<td>Typ<\/td>\n<td>Umkehrosmose<\/td>\n<\/tr>\n<tr>\n<td>verwenden.<\/td>\n<td>Haushalt Vorfiltrierung<\/td>\n<\/tr>\n<tr>\n<td>Produktname<\/td>\n<td>Siliphos-Filterpatrone<\/td>\n<\/tr>\n<tr>\n<td>Anmeldung<\/td>\n<td>Vorfiltereinsatz<\/td>\n<\/tr>\n<tr>\n<td>Funktion<\/td>\n<td>Kesselsteinvermeidung; Beseitigung von Verunreinigungen<\/td>\n<\/tr>\n<tr>\n<td>Filtermedien<\/td>\n<td>Power PHOS; Siliphos; Polyphosphat-Kristallkugel<\/td>\n<\/tr>\n<tr>\n<td>L\u00e4nge<\/td>\n<td>5\u201d; 10\u201d Zoll<\/td>\n<\/tr>\n<tr>\n<td>Farbe<\/td>\n<td>Wei\u00df; transparent<\/td>\n<\/tr>\n<tr>\n<td>Filterstandzeit<\/td>\n<td>3 bis 6 Monate<\/td>\n<\/tr>\n<tr>\n<td>Installation<\/td>\n<td>Vorfiltergeh\u00e4use<\/td>\n<\/tr>\n<tr>\n<td>Betriebstemperatur.<\/td>\n<td>4\u00b0C-80\u00b0C<\/td>\n<\/tr>\n<tr>\n<td>Leistung (W)<\/td>\n<td>0<\/td>\n<\/tr>\n<tr>\n<td>Spannung (V)<\/td>\n<td>0<\/td>\n<\/tr>\n<tr>\n<td>Zertifizierung<\/td>\n<td>ce; CE; SGS<\/td>\n<\/tr>\n<tr>\n<td>Lieferf\u00e4higkeit<\/td>\n<td>5000 St\u00fcck\/St\u00fcck pro Tag (Siliphos-Filterpatrone)<\/td>\n<\/tr>\n<\/tbody>\n<\/table>\n<div>\n<div id=\"s93cd\">\n<div id=\"ali-anchor-AliMaya-230qr\" data-section=\"AliMaya-230qr\" data-section-title=\"Product Description\">Beschreibung des Produkts<\/div>\n<\/div>\n<div>\n<div>\n<div id=\"tc98g\">\n<h3>5\u201d 10\u201d Siliphos-Filter niphos ro Patronenfilter<\/h3>\n<\/div>\n<div id=\"pk21z\">Funktion: Vorfilterung f\u00fcr das ganze Haus, Beseitigung von Verunreinigungen und Vermeidung von Kalkablagerungen.<\/div>\n<\/div>\n<\/div>\n<div>\n<div id=\"zsyme\">\n<div class=\"table-responsive\">\n<table class=\"aliDataTable\">\n<tbody>\n<tr>\n<td>\n<div>Name des Produkts<\/div>\n<\/td>\n<td>\n<div>Siliphos Ball Anti-Kalk-Wasserfilter Kartusche<\/div>\n<\/td>\n<\/tr>\n<tr>\n<td>\n<div>Filtermedien<\/div>\n<\/td>\n<td>\n<div>Power PHOS, Siliphos, Polyphosphat-Kristallkugel<\/div>\n<\/td>\n<\/tr>\n<tr>\n<td>\n<div>Material des Filtergeh\u00e4uses<\/div>\n<\/td>\n<td>\n<div>PP<\/div>\n<\/td>\n<\/tr>\n<tr>\n<td>\n<div>L\u00e4nge<\/div>\n<\/td>\n<td>\n<div>5, 10 Zoll<\/div>\n<\/td>\n<\/tr>\n<tr>\n<td>\n<div>Farbe des Filtergeh\u00e4uses<\/div>\n<\/td>\n<td>\n<div>wei\u00df, transparent<\/div>\n<\/td>\n<\/tr>\n<tr>\n<td>\n<div>Funktion<\/div>\n<\/td>\n<td>\n<div>Korrosionsschutz und Anti-Kalk<\/div>\n<\/td>\n<\/tr>\n<tr>\n<td>\n<div>Einrichtung<\/div>\n<\/td>\n<td>\n<div>Unter der Sp\u00fcle, Haus Vorfilterung<\/div>\n<\/td>\n<\/tr>\n<tr>\n<td>\n<div>Merkmal<\/div>\n<\/td>\n<td>\n<div>Nachf\u00fcllbar, wiederverwendbar<\/div>\n<\/td>\n<\/tr>\n<\/tbody>\n<\/table>\n<\/div>\n<\/div>\n<\/div>\n<\/div>\n<div>\n<div id=\"957py\">\n<div id=\"ali-anchor-AliMaya-juk1c\" data-section=\"AliMaya-juk1c\" data-section-title=\"Product Show\">Produkt anzeigen<\/div>\n<\/div>\n<div>\n<div id=\"4ncof\">\n<div><img decoding=\"async\" src=\"https:\/\/img.yfisher.com\/m6076\/1725727320zlw\/jpg70-t3-scale100.webp\" alt=\"5&#039;&#039; 10&#039;&#039; Siliphos-Filter niphos ro Patronenfilter 7\" data-lazy=\"2\" title=\"\"><\/div>\n<\/div>\n<\/div>\n<div>\n<div id=\"3n626\">\n<div><img decoding=\"async\" src=\"https:\/\/img.yfisher.com\/m6076\/1725727320oes\/jpg70-t3-scale100.webp\" alt=\"5&#039;&#039; 10&#039;&#039; Siliphos-Filter niphos ro Patronenfilter 9\" data-lazy=\"2\" title=\"\"><\/div>\n<\/div>\n<\/div>\n<div>\n<div id=\"lrl76\">\n<div><img decoding=\"async\" src=\"https:\/\/img.yfisher.com\/m6076\/1725727320w0l\/jpg70-t3-scale100.webp\" alt=\"5&#039;&#039; 10&#039;&#039; Siliphos-Filter niphos ro Patronenfilter 11\" data-lazy=\"2\" title=\"\"><\/div>\n<\/div>\n<\/div>\n<div>\n<div id=\"80vq1\">\n<div><img decoding=\"async\" src=\"https:\/\/img.yfisher.com\/m6076\/1725727320ygr\/jpg70-t3-scale100.webp\" alt=\"5&#039;&#039; 10&#039;&#039; Siliphos-Filter niphos ro Patronenfilter 13\" data-lazy=\"2\" title=\"\"><\/div>\n<\/div>\n<\/div>\n<div>\n<div id=\"269du\">\n<div><img decoding=\"async\" src=\"https:\/\/img.yfisher.com\/m6076\/1725727320cit\/jpg70-t3-scale100.webp\" alt=\"5&#039;&#039; 10&#039;&#039; Siliphos-Filter niphos ro Patronenfilter 15\" data-lazy=\"2\" title=\"\"><\/div>\n<\/div>\n<\/div>\n<div>\n<div id=\"p0zml\">\n<div><img decoding=\"async\" src=\"https:\/\/img.yfisher.com\/m6076\/1725727320t9d\/jpg70-t3-scale100.webp\" alt=\"5&#039;&#039; 10&#039;&#039; Siliphos-Filter niphos ro Patronenfilter 17\" data-lazy=\"2\" title=\"\"><\/div>\n<\/div>\n<\/div>\n<\/div>\n<div>\n<div id=\"kpf9d\">\n<div id=\"ali-anchor-AliMaya-s4da1\" data-section=\"AliMaya-s4da1\" data-section-title=\"Related Products\">Verwandte Produkte<\/div>\n<\/div>\n<div>\n<div id=\"eum11\">\n<div><img decoding=\"async\" src=\"https:\/\/img.yfisher.com\/m6076\/1725727320nvw\/jpg70-t3-scale100.webp\" alt=\"5&#039;&#039; 10&#039;&#039; Siliphos-Filter niphos ro Patronenfilter 19\" data-lazy=\"2\" title=\"\"><\/div>\n<\/div>\n<div id=\"n5p0v\">\n<div><img decoding=\"async\" src=\"https:\/\/img.yfisher.com\/m6076\/1725727320egr\/jpg70-t3-scale100.webp\" alt=\"5&#039;&#039; 10&#039;&#039; Siliphos-Filter niphos ro Patronenfilter 21\" data-lazy=\"2\" title=\"\"><\/div>\n<\/div>\n<div id=\"gac5y\">\n<div><img decoding=\"async\" src=\"https:\/\/img.yfisher.com\/m6076\/1725727320l12\/jpg70-t3-scale100.webp\" alt=\"5&#039;&#039; 10&#039;&#039; Siliphos-Filter niphos ro Patronenfilter 23\" data-lazy=\"2\" title=\"\"><\/div>\n<\/div>\n<\/div>\n<div>\n<div id=\"38zx0\">\n<div><img decoding=\"async\" src=\"https:\/\/img.yfisher.com\/m6076\/1725726953s1x\/jpg70-t3-scale100.webp\" alt=\"5&#039;&#039; 10&#039;&#039; Siliphos-Filter niphos ro Patronenfilter 25\" data-lazy=\"2\" title=\"\"><\/div>\n<\/div>\n<\/div>\n<\/div>","protected":false},"excerpt":{"rendered":"<p>Eine Siliphos-Vorfilterpatrone f\u00fcr Haushalts-RO-Anlagen. Sie hilft bei der Reduzierung von Kalkablagerungen und f\u00e4ngt Verunreinigungen ab und passt problemlos in g\u00e4ngige Vorfiltergeh\u00e4use.<\/p>","protected":false},"featured_media":1443,"comment_status":"open","ping_status":"closed","template":"","meta":{"_gspb_post_css":""},"product_brand":[],"product_cat":[23,17],"product_tag":[703,299,705,707,706,704],"class_list":{"0":"post-1435","1":"product","2":"type-product","3":"status-publish","4":"has-post-thumbnail","6":"product_cat-pp-filter-cartridge","7":"product_cat-sediment-filter","8":"product_tag-5-inch-10-inch-cartridge","9":"product_tag-ce-sgs-certified","10":"product_tag-household-ro-pre-filtration","11":"product_tag-polyphosphate-crystal-media","12":"product_tag-scale-prevention-cartridge","13":"product_tag-siliphos-filter-cartridge","15":"first","16":"instock","17":"shipping-taxable","18":"product-type-simple"},"_links":{"self":[{"href":"https:\/\/lyfilter.com\/de\/wp-json\/wp\/v2\/product\/1435","targetHints":{"allow":["GET"]}}],"collection":[{"href":"https:\/\/lyfilter.com\/de\/wp-json\/wp\/v2\/product"}],"about":[{"href":"https:\/\/lyfilter.com\/de\/wp-json\/wp\/v2\/types\/product"}],"replies":[{"embeddable":true,"href":"https:\/\/lyfilter.com\/de\/wp-json\/wp\/v2\/comments?post=1435"}],"wp:featuredmedia":[{"embeddable":true,"href":"https:\/\/lyfilter.com\/de\/wp-json\/wp\/v2\/media\/1443"}],"wp:attachment":[{"href":"https:\/\/lyfilter.com\/de\/wp-json\/wp\/v2\/media?parent=1435"}],"wp:term":[{"taxonomy":"product_brand","embeddable":true,"href":"https:\/\/lyfilter.com\/de\/wp-json\/wp\/v2\/product_brand?post=1435"},{"taxonomy":"product_cat","embeddable":true,"href":"https:\/\/lyfilter.com\/de\/wp-json\/wp\/v2\/product_cat?post=1435"},{"taxonomy":"product_tag","embeddable":true,"href":"https:\/\/lyfilter.com\/de\/wp-json\/wp\/v2\/product_tag?post=1435"}],"curies":[{"name":"wp","href":"https:\/\/api.w.org\/{rel}","templated":true}]}}