{"id":1428,"date":"2026-01-04T09:09:08","date_gmt":"2026-01-04T09:09:08","guid":{"rendered":"https:\/\/lyfilter.com\/?post_type=product&#038;p=1428"},"modified":"2026-01-04T09:09:09","modified_gmt":"2026-01-04T09:09:09","slug":"doe-222-5-10-washable-pre-water-filter-nylon-ss-mesh-net-filter-cartridges-80-micron-for-sediment-sand-particle-removal","status":"publish","type":"product","link":"https:\/\/lyfilter.com\/de\/doe-222-5-10-washable-pre-water-filter-nylon-ss-mesh-net-filter-cartridges-80-micron-for-sediment-sand-particle-removal\/","title":{"rendered":"DOE 222 5\u201d 10\u201d Waschbarer Vorfilter Nylon SS Mesh Netzfilterpatronen 80 Mikron f\u00fcr Sediment Sand Partikel Entfernung"},"content":{"rendered":"<table>\n<thead>\n<tr>\n<th>\u00dcbersicht<\/th>\n<th>Waschbare Netzpatronen (LY-NET) 80 Mikron zur Vorfiltration und Entfernung von Sedimenten\/Sand.<\/th>\n<\/tr>\n<\/thead>\n<tbody>\n<tr>\n<td>Typ<\/td>\n<td>Wasserfilterteile<\/td>\n<\/tr>\n<tr>\n<td>Anmeldung<\/td>\n<td>Hotel; Gewerbe; Haushalt<\/td>\n<\/tr>\n<tr>\n<td>Stromquelle<\/td>\n<td>Handbuch<\/td>\n<\/tr>\n<tr>\n<td>Herkunftsort<\/td>\n<td>Guangdong, China<\/td>\n<\/tr>\n<tr>\n<td>Markenname<\/td>\n<td>Lvyuan \/ OEM<\/td>\n<\/tr>\n<tr>\n<td>Modellnummer<\/td>\n<td>LY-NET<\/td>\n<\/tr>\n<tr>\n<td>Produktname<\/td>\n<td>waschbare Netzpatronen 80 Mikron<\/td>\n<\/tr>\n<tr>\n<td>Funktion<\/td>\n<td>Kesselsteinvermeidung; Beseitigung von Verunreinigungen<\/td>\n<\/tr>\n<tr>\n<td>Anwendung (Verwendung)<\/td>\n<td>Vorfiltereinsatz<\/td>\n<\/tr>\n<tr>\n<td>Filtermedien<\/td>\n<td>Power PHOS; Siliphos; Polyphosphat-Kristallkugel<\/td>\n<\/tr>\n<tr>\n<td>L\u00e4nge<\/td>\n<td>5\u201d; 10\u201d Zoll<\/td>\n<\/tr>\n<tr>\n<td>Farbe<\/td>\n<td>Wei\u00df; transparent<\/td>\n<\/tr>\n<tr>\n<td>Filterstandzeit<\/td>\n<td>3 bis 6 Monate<\/td>\n<\/tr>\n<tr>\n<td>Installation<\/td>\n<td>Vorfiltergeh\u00e4use<\/td>\n<\/tr>\n<tr>\n<td>Betriebstemperatur.<\/td>\n<td>4\u00b0C-80\u00b0C<\/td>\n<\/tr>\n<tr>\n<td>Zertifizierung<\/td>\n<td>CE; SGS<\/td>\n<\/tr>\n<tr>\n<td>Garantie<\/td>\n<td>keine<\/td>\n<\/tr>\n<tr>\n<td>Kundendienst<\/td>\n<td>keine<\/td>\n<\/tr>\n<tr>\n<td>Verkaufseinheiten<\/td>\n<td>Einzelnes Element<\/td>\n<\/tr>\n<tr>\n<td>einzelne Packungsgr\u00f6\u00dfe<\/td>\n<td>55 \u00d7 8 \u00d7 8 cm<\/td>\n<\/tr>\n<tr>\n<td>Einzelbruttogewicht<\/td>\n<td>0,500 kg<\/td>\n<\/tr>\n<tr>\n<td>Pakettyp<\/td>\n<td>25 St\u00fcck\/CTN; Hinweis: Der g\u00fcnstigste St\u00fcckpreis und die Versandkosten h\u00e4ngen von der Menge ab.<\/td>\n<\/tr>\n<\/tbody>\n<\/table>","protected":false},"excerpt":{"rendered":"<p>Eine auswaschbare Vorfilterpatrone, die Sand und Sedimente auff\u00e4ngt, bevor sie Ihr Hauptsystem erreichen. Sie ist einfach zu warten, hilft bei der Reduzierung von Kalkablagerungen und passt in g\u00e4ngige 5\u2033- oder 10\u2033-Geh\u00e4use.<\/p>","protected":false},"featured_media":1436,"comment_status":"open","ping_status":"closed","template":"","meta":{"_gspb_post_css":""},"product_brand":[],"product_cat":[17,23],"product_tag":[703,701,299,702,366,700],"class_list":{"0":"post-1428","1":"product","2":"type-product","3":"status-publish","4":"has-post-thumbnail","6":"product_cat-sediment-filter","7":"product_cat-pp-filter-cartridge","8":"product_tag-5-inch-10-inch-cartridge","9":"product_tag-80-micron-pre-filter","10":"product_tag-ce-sgs-certified","11":"product_tag-nylon-ss-mesh-cartridge","12":"product_tag-scale-prevention-filter","13":"product_tag-washable-net-filter-cartridge","15":"first","16":"instock","17":"shipping-taxable","18":"product-type-simple"},"_links":{"self":[{"href":"https:\/\/lyfilter.com\/de\/wp-json\/wp\/v2\/product\/1428","targetHints":{"allow":["GET"]}}],"collection":[{"href":"https:\/\/lyfilter.com\/de\/wp-json\/wp\/v2\/product"}],"about":[{"href":"https:\/\/lyfilter.com\/de\/wp-json\/wp\/v2\/types\/product"}],"replies":[{"embeddable":true,"href":"https:\/\/lyfilter.com\/de\/wp-json\/wp\/v2\/comments?post=1428"}],"wp:featuredmedia":[{"embeddable":true,"href":"https:\/\/lyfilter.com\/de\/wp-json\/wp\/v2\/media\/1436"}],"wp:attachment":[{"href":"https:\/\/lyfilter.com\/de\/wp-json\/wp\/v2\/media?parent=1428"}],"wp:term":[{"taxonomy":"product_brand","embeddable":true,"href":"https:\/\/lyfilter.com\/de\/wp-json\/wp\/v2\/product_brand?post=1428"},{"taxonomy":"product_cat","embeddable":true,"href":"https:\/\/lyfilter.com\/de\/wp-json\/wp\/v2\/product_cat?post=1428"},{"taxonomy":"product_tag","embeddable":true,"href":"https:\/\/lyfilter.com\/de\/wp-json\/wp\/v2\/product_tag?post=1428"}],"curies":[{"name":"wp","href":"https:\/\/api.w.org\/{rel}","templated":true}]}}