{"id":1421,"date":"2026-01-04T09:05:27","date_gmt":"2026-01-04T09:05:27","guid":{"rendered":"https:\/\/lyfilter.com\/?post_type=product&#038;p=1421"},"modified":"2026-01-04T09:05:27","modified_gmt":"2026-01-04T09:05:27","slug":"5-micron-pp-20-inch-jumbo-filter-cartridge-for-activated-carbon-block-uf-membrane-pleated-sediment-water-filter-cartridges","status":"publish","type":"product","link":"https:\/\/lyfilter.com\/de\/5-micron-pp-20-inch-jumbo-filter-cartridge-for-activated-carbon-block-uf-membrane-pleated-sediment-water-filter-cartridges\/","title":{"rendered":"5 Mikron PP 20 Zoll Jumbo-Filterpatrone f\u00fcr Aktivkohleblock UF-Membran Plissierte Sediment-Wasserfilterpatronen"},"content":{"rendered":"<table>\n<thead>\n<tr>\n<th>\u00dcbersicht<\/th>\n<th>20-Zoll-Jumbo-PP-Spun-Filterpatrone f\u00fcr die RO- und Fl\u00fcssigkeitsfiltration.<\/th>\n<\/tr>\n<\/thead>\n<tbody>\n<tr>\n<td>Zustand<\/td>\n<td>Neu<\/td>\n<\/tr>\n<tr>\n<td>anwendbare Industrien<\/td>\n<td>Hotels; Bekleidungsgesch\u00e4fte; Baustoffgesch\u00e4fte; Fertigungsbetriebe; Maschinenreparaturwerkst\u00e4tten; Lebensmittel- und Getr\u00e4nkefabriken; Bauernh\u00f6fe; Restaurants; Haushalte; Einzelhandel; Lebensmittelgesch\u00e4fte; Druckereien; Bauunternehmen; Energie und Bergbau; Lebensmittel- und Getr\u00e4nkegesch\u00e4fte; Werbeunternehmen<\/td>\n<\/tr>\n<tr>\n<td>Herkunftsort<\/td>\n<td>Guangdong, China<\/td>\n<\/tr>\n<tr>\n<td>Markenname<\/td>\n<td>Lvyuan \/ OEM<\/td>\n<\/tr>\n<tr>\n<td>Material<\/td>\n<td>Polypropylen<\/td>\n<\/tr>\n<tr>\n<td>Gr\u00f6\u00dfe<\/td>\n<td>Standard oder Individualisierung<\/td>\n<\/tr>\n<tr>\n<td>Gewicht<\/td>\n<td>h\u00e4ngt<\/td>\n<\/tr>\n<tr>\n<td>Macht<\/td>\n<td>0<\/td>\n<\/tr>\n<tr>\n<td>Garantie<\/td>\n<td>Nicht verf\u00fcgbar<\/td>\n<\/tr>\n<tr>\n<td>Produktname<\/td>\n<td>20 Zoll Jumbo-Filterpatrone<\/td>\n<\/tr>\n<tr>\n<td>Filtermedien<\/td>\n<td>Polypropylen PP gesponnen<\/td>\n<\/tr>\n<tr>\n<td>Mikron-Rate<\/td>\n<td>1\/3\/5\/10\/25\/50\/75\/100 Mikron Filterpatrone<\/td>\n<\/tr>\n<tr>\n<td>Anmeldung<\/td>\n<td>Wasserfilterteile; Umkehrosmose<\/td>\n<\/tr>\n<tr>\n<td>Verwendung<\/td>\n<td>Fl\u00fcssigkeit Patronenfilter<\/td>\n<\/tr>\n<tr>\n<td>L\u00e4nge<\/td>\n<td>5\u2033, 10\u2033, 20\u2033, 30\u2033, 40\u2033, 50\u201d Zoll<\/td>\n<\/tr>\n<tr>\n<td>Endkappe<\/td>\n<td>DOE \/ 222Fin \/ 226Fin \/ 222Flat \/ 226Flat<\/td>\n<\/tr>\n<tr>\n<td>Dichtungsmaterial \/ O-Ring<\/td>\n<td>Silizium \/ EPDM \/ Viton<\/td>\n<\/tr>\n<tr>\n<td>innerer Kern<\/td>\n<td>PP; rostfreier Stahl; keine<\/td>\n<\/tr>\n<tr>\n<td>Kernkomponenten<\/td>\n<td>Wasserfilter<\/td>\n<\/tr>\n<tr>\n<td>Kundendienst<\/td>\n<td>Online-Unterst\u00fctzung<\/td>\n<\/tr>\n<tr>\n<td>Service nach der Garantie<\/td>\n<td>Online-Unterst\u00fctzung<\/td>\n<\/tr>\n<tr>\n<td>Standort des Ausstellungsraums<\/td>\n<td>keine<\/td>\n<\/tr>\n<tr>\n<td>lokaler Servicestandort<\/td>\n<td>keine<\/td>\n<\/tr>\n<tr>\n<td>Video-Ausgangsinspektion<\/td>\n<td>Zur Verf\u00fcgung gestellt<\/td>\n<\/tr>\n<tr>\n<td>Maschinenpr\u00fcfbericht<\/td>\n<td>Nicht verf\u00fcgbar<\/td>\n<\/tr>\n<tr>\n<td>Marketing-Typ<\/td>\n<td>Gew\u00f6hnliches Produkt<\/td>\n<\/tr>\n<tr>\n<td>Garantie f\u00fcr Kernkomponenten<\/td>\n<td>Nicht verf\u00fcgbar<\/td>\n<\/tr>\n<tr>\n<td>Verkaufseinheiten<\/td>\n<td>Einzelnes Element<\/td>\n<\/tr>\n<tr>\n<td>einzelne Packungsgr\u00f6\u00dfe<\/td>\n<td>103 \u00d7 18 \u00d7 18 cm<\/td>\n<\/tr>\n<tr>\n<td>Einzelbruttogewicht<\/td>\n<td>3.000 kg<\/td>\n<\/tr>\n<tr>\n<td>Pakettyp<\/td>\n<td>Papierkartons; Verpackungshinweise: 10\u2033 50 St\u00fcck\/ctn (400\u00d7400\u00d7685mm), 20\u2033 25 St\u00fcck\/ctn (400\u00d7400\u00d7685mm), 30\u2033 25 St\u00fcck\/ctn (835\u00d7435\u00d7425mm), 40\u2033 25 St\u00fcck\/ctn (1100\u00d7395\u00d7400mm)<\/td>\n<\/tr>\n<\/tbody>\n<\/table>","protected":false},"excerpt":{"rendered":"<p>Eine 20-Zoll-Jumbo-PP-Kartusche, die zur Reduzierung von Sedimenten beitr\u00e4gt und Ihr RO- oder Fl\u00fcssigkeitsfiltersystem sch\u00fctzt. W\u00e4hlen Sie die f\u00fcr Ihr Geh\u00e4use passende Mikronzahl und Endkappe.<\/p>","protected":false},"featured_media":1429,"comment_status":"open","ping_status":"closed","template":"","meta":{"_gspb_post_css":""},"product_brand":[],"product_cat":[17,23],"product_tag":[695,699,299,683,675,296],"class_list":{"0":"post-1421","1":"product","2":"type-product","3":"status-publish","4":"has-post-thumbnail","6":"product_cat-sediment-filter","7":"product_cat-pp-filter-cartridge","8":"product_tag-1-to-100-micron-filtration","9":"product_tag-20-inch-jumbo-filter-cartridge","10":"product_tag-ce-sgs-certified","11":"product_tag-doe-222-226-end-caps","12":"product_tag-pp-spun-filter-cartridge","13":"product_tag-reverse-osmosis-filter-parts","15":"first","16":"instock","17":"shipping-taxable","18":"product-type-simple"},"_links":{"self":[{"href":"https:\/\/lyfilter.com\/de\/wp-json\/wp\/v2\/product\/1421","targetHints":{"allow":["GET"]}}],"collection":[{"href":"https:\/\/lyfilter.com\/de\/wp-json\/wp\/v2\/product"}],"about":[{"href":"https:\/\/lyfilter.com\/de\/wp-json\/wp\/v2\/types\/product"}],"replies":[{"embeddable":true,"href":"https:\/\/lyfilter.com\/de\/wp-json\/wp\/v2\/comments?post=1421"}],"wp:featuredmedia":[{"embeddable":true,"href":"https:\/\/lyfilter.com\/de\/wp-json\/wp\/v2\/media\/1429"}],"wp:attachment":[{"href":"https:\/\/lyfilter.com\/de\/wp-json\/wp\/v2\/media?parent=1421"}],"wp:term":[{"taxonomy":"product_brand","embeddable":true,"href":"https:\/\/lyfilter.com\/de\/wp-json\/wp\/v2\/product_brand?post=1421"},{"taxonomy":"product_cat","embeddable":true,"href":"https:\/\/lyfilter.com\/de\/wp-json\/wp\/v2\/product_cat?post=1421"},{"taxonomy":"product_tag","embeddable":true,"href":"https:\/\/lyfilter.com\/de\/wp-json\/wp\/v2\/product_tag?post=1421"}],"curies":[{"name":"wp","href":"https:\/\/api.w.org\/{rel}","templated":true}]}}