{"id":1414,"date":"2026-01-04T09:03:41","date_gmt":"2026-01-04T09:03:41","guid":{"rendered":"https:\/\/lyfilter.com\/?post_type=product&#038;p=1414"},"modified":"2026-01-04T09:03:41","modified_gmt":"2026-01-04T09:03:41","slug":"factory-customized-1-micron-polypropylene-sediment-filter-pp-woven-water-filter-cartridge","status":"publish","type":"product","link":"https:\/\/lyfilter.com\/de\/factory-customized-1-micron-polypropylene-sediment-filter-pp-woven-water-filter-cartridge\/","title":{"rendered":"Fabrik angepasst 1 Mikron Polypropylen Sediment Filter pp gewebt Wasser Filterpatrone"},"content":{"rendered":"<table>\n<thead>\n<tr>\n<th>\u00dcbersicht<\/th>\n<th>Wasserfilterpatrone aus PP-Gewebe f\u00fcr die Wasserfiltration im privaten und industriellen Bereich.<\/th>\n<\/tr>\n<\/thead>\n<tbody>\n<tr>\n<td>Zustand<\/td>\n<td>Neu<\/td>\n<\/tr>\n<tr>\n<td>anwendbare Industrien<\/td>\n<td>Hotels; Bekleidungsgesch\u00e4fte; Baustoffgesch\u00e4fte; Fertigungsanlagen; Maschinenreparaturwerkst\u00e4tten; Lebensmittel- und Getr\u00e4nkefabriken; Bauernh\u00f6fe; Restaurants; Haushalte; Einzelhandel; Lebensmittelgesch\u00e4fte; Druckereien; Bauarbeiten; Energie und Bergbau; Lebensmittel- und Getr\u00e4nkehandel<\/td>\n<\/tr>\n<tr>\n<td>Herkunftsort<\/td>\n<td>Guangdong, China<\/td>\n<\/tr>\n<tr>\n<td>Markenname<\/td>\n<td>LVYUAN \/ OEM<\/td>\n<\/tr>\n<tr>\n<td>Produktname<\/td>\n<td>pp gewebte Wasserfilterpatrone<\/td>\n<\/tr>\n<tr>\n<td>Filtertyp<\/td>\n<td>Rille; Pr\u00e4gung; Punkte; Firmenlogo<\/td>\n<\/tr>\n<tr>\n<td>Genauigkeit<\/td>\n<td>1-100 Mikron<\/td>\n<\/tr>\n<tr>\n<td>Au\u00dfendurchmesser<\/td>\n<td>10-200 mm<\/td>\n<\/tr>\n<tr>\n<td>Innendurchmesser<\/td>\n<td>OEM<\/td>\n<\/tr>\n<tr>\n<td>Filteradapter<\/td>\n<td>Flacher Typ; Typ 222; Typ 226; Typ 215<\/td>\n<\/tr>\n<tr>\n<td>h\u00f6chste Temperatur<\/td>\n<td>80\u2103<\/td>\n<\/tr>\n<tr>\n<td>Arbeitsdruckabfall<\/td>\n<td>0,1 kgf\/c\u33a1<\/td>\n<\/tr>\n<tr>\n<td>h\u00f6chst beengt<\/td>\n<td>5 kgf\/c\u33a1<\/td>\n<\/tr>\n<tr>\n<td>maximaler Druckverlust<\/td>\n<td>3 kgf\/c\u33a1<\/td>\n<\/tr>\n<tr>\n<td>Kernkomponenten<\/td>\n<td>Druckbeh\u00e4lter<\/td>\n<\/tr>\n<tr>\n<td>Marketing-Typ<\/td>\n<td>Gew\u00f6hnliches Produkt<\/td>\n<\/tr>\n<tr>\n<td>Video-Ausgangsinspektion<\/td>\n<td>Zur Verf\u00fcgung gestellt<\/td>\n<\/tr>\n<tr>\n<td>Maschinenpr\u00fcfbericht<\/td>\n<td>Zur Verf\u00fcgung gestellt<\/td>\n<\/tr>\n<tr>\n<td>lokaler Servicestandort<\/td>\n<td>keine<\/td>\n<\/tr>\n<tr>\n<td>Standort des Ausstellungsraums<\/td>\n<td>keine<\/td>\n<\/tr>\n<tr>\n<td>Kundendienst<\/td>\n<td>Online-Unterst\u00fctzung<\/td>\n<\/tr>\n<tr>\n<td>Service nach der Garantie<\/td>\n<td>Online-Unterst\u00fctzung<\/td>\n<\/tr>\n<tr>\n<td>Garantie<\/td>\n<td>1 Jahr<\/td>\n<\/tr>\n<tr>\n<td>Garantie f\u00fcr Kernkomponenten<\/td>\n<td>1 Jahr<\/td>\n<\/tr>\n<\/tbody>\n<\/table>","protected":false},"excerpt":{"rendered":"<p>Eine PP-Gewebepatrone, die zur Reduzierung von Sedimenten beitr\u00e4gt und so f\u00fcr saubereres Wasser im t\u00e4glichen Gebrauch und in industriellen Systemen sorgt. W\u00e4hlen Sie die Mikronzahl, den Durchmesser und den Adapter, der zu Ihrem System passt.<\/p>","protected":false},"featured_media":1425,"comment_status":"open","ping_status":"closed","template":"","meta":{"_gspb_post_css":""},"product_brand":[],"product_cat":[23,17],"product_tag":[695,696,697,636,698,357],"class_list":{"0":"post-1414","1":"product","2":"type-product","3":"status-publish","4":"has-post-thumbnail","6":"product_cat-pp-filter-cartridge","7":"product_cat-sediment-filter","8":"product_tag-1-to-100-micron-filtration","9":"product_tag-10-to-200mm-outer-diameter","10":"product_tag-222-226-filter-adaptor","11":"product_tag-industrial-water-treatment","12":"product_tag-pp-woven-filter-cartridge","13":"product_tag-water-filter-cartridge","15":"first","16":"instock","17":"shipping-taxable","18":"product-type-simple"},"_links":{"self":[{"href":"https:\/\/lyfilter.com\/de\/wp-json\/wp\/v2\/product\/1414","targetHints":{"allow":["GET"]}}],"collection":[{"href":"https:\/\/lyfilter.com\/de\/wp-json\/wp\/v2\/product"}],"about":[{"href":"https:\/\/lyfilter.com\/de\/wp-json\/wp\/v2\/types\/product"}],"replies":[{"embeddable":true,"href":"https:\/\/lyfilter.com\/de\/wp-json\/wp\/v2\/comments?post=1414"}],"wp:featuredmedia":[{"embeddable":true,"href":"https:\/\/lyfilter.com\/de\/wp-json\/wp\/v2\/media\/1425"}],"wp:attachment":[{"href":"https:\/\/lyfilter.com\/de\/wp-json\/wp\/v2\/media?parent=1414"}],"wp:term":[{"taxonomy":"product_brand","embeddable":true,"href":"https:\/\/lyfilter.com\/de\/wp-json\/wp\/v2\/product_brand?post=1414"},{"taxonomy":"product_cat","embeddable":true,"href":"https:\/\/lyfilter.com\/de\/wp-json\/wp\/v2\/product_cat?post=1414"},{"taxonomy":"product_tag","embeddable":true,"href":"https:\/\/lyfilter.com\/de\/wp-json\/wp\/v2\/product_tag?post=1414"}],"curies":[{"name":"wp","href":"https:\/\/api.w.org\/{rel}","templated":true}]}}