{"id":1318,"date":"2026-01-04T08:29:39","date_gmt":"2026-01-04T08:29:39","guid":{"rendered":"https:\/\/lyfilter.com\/?post_type=product&#038;p=1318"},"modified":"2026-01-04T08:36:35","modified_gmt":"2026-01-04T08:36:35","slug":"1-5-10-20-25-50-75-100-150-micron-pp-water-filter-cartridge-with-pp-filter-core","status":"publish","type":"product","link":"https:\/\/lyfilter.com\/de\/1-5-10-20-25-50-75-100-150-micron-pp-water-filter-cartridge-with-pp-filter-core\/","title":{"rendered":"1 5 10 20 25 50 75 100 150 Mikron pp Wasserfilterpatrone mit pp Filterkern"},"content":{"rendered":"<table>\n<thead>\n<tr>\n<th>\u00dcbersicht<\/th>\n<th>PP-Faser-Wasserfilterpatrone f\u00fcr die Wasseraufbereitung.<\/th>\n<\/tr>\n<\/thead>\n<tbody>\n<tr>\n<td>anwendbare Industrien<\/td>\n<td>Produktionsanlagen; Lebensmittel- und Getr\u00e4nkefabrik; Hausgebrauch; Wasseraufbereitung<\/td>\n<\/tr>\n<tr>\n<td>Herkunftsort<\/td>\n<td>Guangdong, China<\/td>\n<\/tr>\n<tr>\n<td>Markenname<\/td>\n<td>Lvyuan; OEM; ODM<\/td>\n<\/tr>\n<tr>\n<td>Material<\/td>\n<td>Seiten<\/td>\n<\/tr>\n<tr>\n<td>Rohmaterial<\/td>\n<td>pp Faser<\/td>\n<\/tr>\n<tr>\n<td>Form<\/td>\n<td>Zylinder<\/td>\n<\/tr>\n<tr>\n<td>Gr\u00f6\u00dfe<\/td>\n<td>Ma\u00dfgeschneidert<\/td>\n<\/tr>\n<tr>\n<td>Gewicht<\/td>\n<td>Ma\u00dfgeschneidert<\/td>\n<\/tr>\n<tr>\n<td>Macht<\/td>\n<td>0<\/td>\n<\/tr>\n<tr>\n<td>Garantie<\/td>\n<td>Nicht verf\u00fcgbar<\/td>\n<\/tr>\n<tr>\n<td>Funktion<\/td>\n<td>Stahl in individueller Gr\u00f6\u00dfe und mit Logo<\/td>\n<\/tr>\n<tr>\n<td>Zertifizierung<\/td>\n<td>SGS<\/td>\n<\/tr>\n<tr>\n<td>Verwendung<\/td>\n<td>Wasseraufbereitung<\/td>\n<\/tr>\n<tr>\n<td>Anmeldung<\/td>\n<td>Industrie<\/td>\n<\/tr>\n<tr>\n<td>Farbe<\/td>\n<td>wei\u00df<\/td>\n<\/tr>\n<tr>\n<td>Aussehen<\/td>\n<td>gepr\u00e4gt, gl\u00e4nzend, etc.<\/td>\n<\/tr>\n<tr>\n<td>L\u00e4nge<\/td>\n<td>5\/10\/20\/30\/40 Zoll oder kundenspezifisch<\/td>\n<\/tr>\n<tr>\n<td>Verpackung<\/td>\n<td>Papierschachtel<\/td>\n<\/tr>\n<tr>\n<td>Kundendienst<\/td>\n<td>Online-Unterst\u00fctzung<\/td>\n<\/tr>\n<tr>\n<td>Lieferf\u00e4higkeit<\/td>\n<td>5000 St\u00fcck\/St\u00fcck pro Woche<\/td>\n<\/tr>\n<\/tbody>\n<\/table>","protected":false},"excerpt":{"rendered":"<p>Eine zuverl\u00e4ssige PP-Faser-Filterpatrone, die dazu beitr\u00e4gt, Wasser f\u00fcr den t\u00e4glichen Gebrauch und f\u00fcr industrielle Systeme sauberer zu halten. W\u00e4hlen Sie die L\u00e4nge, Gr\u00f6\u00dfe und das Branding, das Sie ben\u00f6tigen.<\/p>","protected":false},"featured_media":1327,"comment_status":"open","ping_status":"closed","template":"","meta":{"_gspb_post_css":""},"product_brand":[],"product_cat":[23,17],"product_tag":[680,342,377,638,306,308],"class_list":{"0":"post-1318","1":"product","2":"type-product","3":"status-publish","4":"has-post-thumbnail","6":"product_cat-pp-filter-cartridge","7":"product_cat-sediment-filter","8":"product_tag-custom-size-and-logo","9":"product_tag-cylinder-filter","10":"product_tag-oem-odm","11":"product_tag-pp-fiber-filter-cartridge","12":"product_tag-sgs-certified","13":"product_tag-water-treatment","15":"first","16":"instock","17":"shipping-taxable","18":"product-type-simple"},"_links":{"self":[{"href":"https:\/\/lyfilter.com\/de\/wp-json\/wp\/v2\/product\/1318","targetHints":{"allow":["GET"]}}],"collection":[{"href":"https:\/\/lyfilter.com\/de\/wp-json\/wp\/v2\/product"}],"about":[{"href":"https:\/\/lyfilter.com\/de\/wp-json\/wp\/v2\/types\/product"}],"replies":[{"embeddable":true,"href":"https:\/\/lyfilter.com\/de\/wp-json\/wp\/v2\/comments?post=1318"}],"wp:featuredmedia":[{"embeddable":true,"href":"https:\/\/lyfilter.com\/de\/wp-json\/wp\/v2\/media\/1327"}],"wp:attachment":[{"href":"https:\/\/lyfilter.com\/de\/wp-json\/wp\/v2\/media?parent=1318"}],"wp:term":[{"taxonomy":"product_brand","embeddable":true,"href":"https:\/\/lyfilter.com\/de\/wp-json\/wp\/v2\/product_brand?post=1318"},{"taxonomy":"product_cat","embeddable":true,"href":"https:\/\/lyfilter.com\/de\/wp-json\/wp\/v2\/product_cat?post=1318"},{"taxonomy":"product_tag","embeddable":true,"href":"https:\/\/lyfilter.com\/de\/wp-json\/wp\/v2\/product_tag?post=1318"}],"curies":[{"name":"wp","href":"https:\/\/api.w.org\/{rel}","templated":true}]}}