{"id":1310,"date":"2026-01-04T08:24:03","date_gmt":"2026-01-04T08:24:03","guid":{"rendered":"https:\/\/lyfilter.com\/?post_type=product&#038;p=1310"},"modified":"2026-01-04T08:24:03","modified_gmt":"2026-01-04T08:24:03","slug":"5-micron-pp-sediment-filter-cartridge-fit-in-10-inch-pp-water-filter-housing","status":"publish","type":"product","link":"https:\/\/lyfilter.com\/de\/5-micron-pp-sediment-filter-cartridge-fit-in-10-inch-pp-water-filter-housing\/","title":{"rendered":"5 Mikron pp Sediment-Filterpatrone passen in 10 Zoll pp Wasserfiltergeh\u00e4use"},"content":{"rendered":"<table>\n<thead>\n<tr>\n<th>\u00dcbersicht<\/th>\n<th>PP-Faser-Wasserfilterpatrone f\u00fcr die Wasseraufbereitung im privaten und industriellen Bereich.<\/th>\n<\/tr>\n<\/thead>\n<tbody>\n<tr>\n<td>anwendbare Industrien<\/td>\n<td>Produktionsanlagen; Lebensmittel- und Getr\u00e4nkefabrik; Hausgebrauch; Wasseraufbereitung<\/td>\n<\/tr>\n<tr>\n<td>Herkunftsort<\/td>\n<td>Guangdong, China<\/td>\n<\/tr>\n<tr>\n<td>Markenname<\/td>\n<td>Lvyuan; OEM; ODM<\/td>\n<\/tr>\n<tr>\n<td>Material<\/td>\n<td>Seiten<\/td>\n<\/tr>\n<tr>\n<td>Rohmaterial<\/td>\n<td>pp Faser<\/td>\n<\/tr>\n<tr>\n<td>Form<\/td>\n<td>Zylinder<\/td>\n<\/tr>\n<tr>\n<td>Gr\u00f6\u00dfe<\/td>\n<td>Ma\u00dfgeschneidert<\/td>\n<\/tr>\n<tr>\n<td>Gewicht<\/td>\n<td>Ma\u00dfgeschneidert<\/td>\n<\/tr>\n<tr>\n<td>Macht<\/td>\n<td>0<\/td>\n<\/tr>\n<tr>\n<td>Funktion<\/td>\n<td>Stahl in individueller Gr\u00f6\u00dfe und mit Logo<\/td>\n<\/tr>\n<tr>\n<td>Zertifizierung<\/td>\n<td>SGS<\/td>\n<\/tr>\n<tr>\n<td>Verwendung<\/td>\n<td>Wasseraufbereitung<\/td>\n<\/tr>\n<tr>\n<td>Anmeldung<\/td>\n<td>Industrie<\/td>\n<\/tr>\n<tr>\n<td>Farbe<\/td>\n<td>wei\u00df<\/td>\n<\/tr>\n<tr>\n<td>Aussehen<\/td>\n<td>gepr\u00e4gt, gl\u00e4nzend, etc.<\/td>\n<\/tr>\n<tr>\n<td>Verpackung<\/td>\n<td>Papierschachtel<\/td>\n<\/tr>\n<tr>\n<td>Kundendienst<\/td>\n<td>Online-Unterst\u00fctzung<\/td>\n<\/tr>\n<tr>\n<td>Lieferf\u00e4higkeit<\/td>\n<td>5000 St\u00fcck\/St\u00fcck pro Woche<\/td>\n<\/tr>\n<\/tbody>\n<\/table>","protected":false},"excerpt":{"rendered":"<p style=\"text-align: left;\">Eine praktische PP-Faser-Filterpatrone, die dazu beitr\u00e4gt, Wasser f\u00fcr den t\u00e4glichen Gebrauch oder f\u00fcr industrielle Systeme sauberer zu halten. Kundenspezifische Gr\u00f6\u00dfen, L\u00e4ngen und Markennamen sind erh\u00e4ltlich, mit Online-Support, wenn Sie ihn brauchen.<\/p>","protected":false},"featured_media":1325,"comment_status":"open","ping_status":"closed","template":"","meta":{"_gspb_post_css":""},"product_brand":[],"product_cat":[17,23],"product_tag":[680,342,56,638,306,308],"class_list":{"0":"post-1310","1":"product","2":"type-product","3":"status-publish","4":"has-post-thumbnail","6":"product_cat-sediment-filter","7":"product_cat-pp-filter-cartridge","8":"product_tag-custom-size-and-logo","9":"product_tag-cylinder-filter","10":"product_tag-industrial-filtration","11":"product_tag-pp-fiber-filter-cartridge","12":"product_tag-sgs-certified","13":"product_tag-water-treatment","15":"first","16":"instock","17":"shipping-taxable","18":"product-type-simple"},"_links":{"self":[{"href":"https:\/\/lyfilter.com\/de\/wp-json\/wp\/v2\/product\/1310","targetHints":{"allow":["GET"]}}],"collection":[{"href":"https:\/\/lyfilter.com\/de\/wp-json\/wp\/v2\/product"}],"about":[{"href":"https:\/\/lyfilter.com\/de\/wp-json\/wp\/v2\/types\/product"}],"replies":[{"embeddable":true,"href":"https:\/\/lyfilter.com\/de\/wp-json\/wp\/v2\/comments?post=1310"}],"wp:featuredmedia":[{"embeddable":true,"href":"https:\/\/lyfilter.com\/de\/wp-json\/wp\/v2\/media\/1325"}],"wp:attachment":[{"href":"https:\/\/lyfilter.com\/de\/wp-json\/wp\/v2\/media?parent=1310"}],"wp:term":[{"taxonomy":"product_brand","embeddable":true,"href":"https:\/\/lyfilter.com\/de\/wp-json\/wp\/v2\/product_brand?post=1310"},{"taxonomy":"product_cat","embeddable":true,"href":"https:\/\/lyfilter.com\/de\/wp-json\/wp\/v2\/product_cat?post=1310"},{"taxonomy":"product_tag","embeddable":true,"href":"https:\/\/lyfilter.com\/de\/wp-json\/wp\/v2\/product_tag?post=1310"}],"curies":[{"name":"wp","href":"https:\/\/api.w.org\/{rel}","templated":true}]}}