{"id":1303,"date":"2026-01-04T08:17:45","date_gmt":"2026-01-04T08:17:45","guid":{"rendered":"https:\/\/lyfilter.com\/?post_type=product&#038;p=1303"},"modified":"2026-01-04T08:19:32","modified_gmt":"2026-01-04T08:19:32","slug":"pp-sediment-filters-for-purifier-water-universal-water-filter-cartridges-10-20-30-40-inch","status":"publish","type":"product","link":"https:\/\/lyfilter.com\/de\/pp-sediment-filters-for-purifier-water-universal-water-filter-cartridges-10-20-30-40-inch\/","title":{"rendered":"pp sedimentfilter f\u00fcr wasserreiniger universal wasserfilterpatronen 10 20 30 40 zoll"},"content":{"rendered":"<table>\n<thead>\n<tr>\n<th><\/th>\n<th><\/th>\n<\/tr>\n<\/thead>\n<tbody>\n<tr>\n<td>\u00dcbersicht<\/td>\n<td>Hocheffiziente PP-Filterpatrone f\u00fcr die Wasseraufbereitung in Industrie und Haushalt.<\/td>\n<\/tr>\n<tr>\n<td>anwendbare Industrien<\/td>\n<td>Produktionsst\u00e4tte; Lebensmittel- und Getr\u00e4nkefabrik; Heimgebrauch; Wasseraufbereitung<\/td>\n<\/tr>\n<tr>\n<td>Herkunftsort<\/td>\n<td>Guangdong, China<\/td>\n<\/tr>\n<tr>\n<td>Markenname<\/td>\n<td>Lvyuan; OEM; ODM<\/td>\n<\/tr>\n<tr>\n<td>Material<\/td>\n<td>Seiten<\/td>\n<\/tr>\n<tr>\n<td>Rohmaterial<\/td>\n<td>pp Faser<\/td>\n<\/tr>\n<tr>\n<td>Gr\u00f6\u00dfe<\/td>\n<td>angepasst<\/td>\n<\/tr>\n<tr>\n<td>Gewicht<\/td>\n<td>angepasst<\/td>\n<\/tr>\n<tr>\n<td>Macht<\/td>\n<td>0<\/td>\n<\/tr>\n<tr>\n<td>Funktion<\/td>\n<td>Hoher Wirkungsgrad<\/td>\n<\/tr>\n<tr>\n<td>L\u00e4nge<\/td>\n<td>10 \/ 20 \/ 30 \/ 40 Zoll oder kundenspezifisch<\/td>\n<\/tr>\n<tr>\n<td>Abtragleistung<\/td>\n<td>1 Mikrometer; 5 Mikrometer<\/td>\n<\/tr>\n<tr>\n<td>Verwendung<\/td>\n<td>Wasseraufbereitung<\/td>\n<\/tr>\n<tr>\n<td>Anmeldung<\/td>\n<td>Industrie<\/td>\n<\/tr>\n<tr>\n<td>Farbe<\/td>\n<td>wei\u00df<\/td>\n<\/tr>\n<tr>\n<td>Aussehen<\/td>\n<td>gepr\u00e4gt, gl\u00e4nzend, etc.<\/td>\n<\/tr>\n<tr>\n<td>Zertifizierung<\/td>\n<td>SGS<\/td>\n<\/tr>\n<tr>\n<td>Garantie<\/td>\n<td>Nicht verf\u00fcgbar<\/td>\n<\/tr>\n<tr>\n<td>Kundendienst<\/td>\n<td>Online-Unterst\u00fctzung<\/td>\n<\/tr>\n<tr>\n<td>Verkaufseinheiten<\/td>\n<td>Einzelnes Element<\/td>\n<\/tr>\n<tr>\n<td>einzelne Packungsgr\u00f6\u00dfe<\/td>\n<td>34 \u00d7 34 \u00d7 54 cm<\/td>\n<\/tr>\n<tr>\n<td>Einzelbruttogewicht<\/td>\n<td>5.800 kg<\/td>\n<\/tr>\n<tr>\n<td>Verpackung \/ Verpackungsart<\/td>\n<td>Papierschachtel<\/td>\n<\/tr>\n<\/tbody>\n<\/table>","protected":false},"excerpt":{"rendered":"<p>Mit dieser hocheffizienten PP-Faser-Filterpatrone erhalten Sie sauberes, wohlschmeckendes Wasser. Sie entfernt feine Partikel (1-5 Mikron) und ist in L\u00e4ngen von 10-40 Zoll oder in Sondergr\u00f6\u00dfen f\u00fcr die Wasseraufbereitung zu Hause oder in der Industrie erh\u00e4ltlich.<\/p>","protected":false},"featured_media":1312,"comment_status":"open","ping_status":"closed","template":"","meta":{"_gspb_post_css":""},"product_brand":[],"product_cat":[23,17],"product_tag":[678,679,677,638,306,308],"class_list":{"0":"post-1303","1":"product","2":"type-product","3":"status-publish","4":"has-post-thumbnail","6":"product_cat-pp-filter-cartridge","7":"product_cat-sediment-filter","8":"product_tag-1-micron","9":"product_tag-5-micron","10":"product_tag-high-efficiency-filtration","11":"product_tag-pp-fiber-filter-cartridge","12":"product_tag-sgs-certified","13":"product_tag-water-treatment","15":"first","16":"instock","17":"shipping-taxable","18":"product-type-simple"},"_links":{"self":[{"href":"https:\/\/lyfilter.com\/de\/wp-json\/wp\/v2\/product\/1303","targetHints":{"allow":["GET"]}}],"collection":[{"href":"https:\/\/lyfilter.com\/de\/wp-json\/wp\/v2\/product"}],"about":[{"href":"https:\/\/lyfilter.com\/de\/wp-json\/wp\/v2\/types\/product"}],"replies":[{"embeddable":true,"href":"https:\/\/lyfilter.com\/de\/wp-json\/wp\/v2\/comments?post=1303"}],"wp:featuredmedia":[{"embeddable":true,"href":"https:\/\/lyfilter.com\/de\/wp-json\/wp\/v2\/media\/1312"}],"wp:attachment":[{"href":"https:\/\/lyfilter.com\/de\/wp-json\/wp\/v2\/media?parent=1303"}],"wp:term":[{"taxonomy":"product_brand","embeddable":true,"href":"https:\/\/lyfilter.com\/de\/wp-json\/wp\/v2\/product_brand?post=1303"},{"taxonomy":"product_cat","embeddable":true,"href":"https:\/\/lyfilter.com\/de\/wp-json\/wp\/v2\/product_cat?post=1303"},{"taxonomy":"product_tag","embeddable":true,"href":"https:\/\/lyfilter.com\/de\/wp-json\/wp\/v2\/product_tag?post=1303"}],"curies":[{"name":"wp","href":"https:\/\/api.w.org\/{rel}","templated":true}]}}