{"id":1289,"date":"2026-01-04T07:45:12","date_gmt":"2026-01-04T07:45:12","guid":{"rendered":"https:\/\/lyfilter.com\/?post_type=product&#038;p=1289"},"modified":"2026-01-04T07:45:12","modified_gmt":"2026-01-04T07:45:12","slug":"big-water-filter-rate-pp-filter-core-1-5-10-microns-water-sediment-filter-cartridge-with-222-226-227-fin-plastic","status":"publish","type":"product","link":"https:\/\/lyfilter.com\/de\/big-water-filter-rate-pp-filter-core-1-5-10-microns-water-sediment-filter-cartridge-with-222-226-227-fin-plastic\/","title":{"rendered":"Gro\u00dfe Wasserfilterrate PP-Filterkern 1\/5\/10 Mikron Wasser Sediment Filterpatrone mit 222 226 227 Fin Kunststoff"},"content":{"rendered":"<table>\n<thead>\n<tr>\n<th>\u00dcbersicht<\/th>\n<th>PP-Filterkern Wasser-Sediment-Filterpatrone mit Kunststoff-Endkappe<\/th>\n<\/tr>\n<\/thead>\n<tbody>\n<tr>\n<td>Zustand<\/td>\n<td>Neu<\/td>\n<\/tr>\n<tr>\n<td>Anwendbare Industrien<\/td>\n<td>Hotels, Bekleidungsgesch\u00e4fte, Baustoffgesch\u00e4fte, Fertigungsbetriebe, Maschinenreparaturwerkst\u00e4tten, Lebensmittel- und Getr\u00e4nkefabriken, Bauernh\u00f6fe, Restaurants, Haushalte, Einzelhandel, Lebensmittelgesch\u00e4fte, Druckereien, Bauunternehmen, Energie- und Bergbauunternehmen, Lebensmittel- und Getr\u00e4nkem\u00e4rkte, Werbeunternehmen<\/td>\n<\/tr>\n<tr>\n<td>Service nach der Garantie<\/td>\n<td>Online-Unterst\u00fctzung<\/td>\n<\/tr>\n<tr>\n<td>Lokaler Dienstort<\/td>\n<td>keine<\/td>\n<\/tr>\n<tr>\n<td>Standort des Ausstellungsraums<\/td>\n<td>keine<\/td>\n<\/tr>\n<tr>\n<td>Video-Ausgangsinspektion<\/td>\n<td>Zur Verf\u00fcgung gestellt<\/td>\n<\/tr>\n<tr>\n<td>Maschinen-Testbericht<\/td>\n<td>Zur Verf\u00fcgung gestellt<\/td>\n<\/tr>\n<tr>\n<td>Marketing-Typ<\/td>\n<td>Gew\u00f6hnliches Produkt<\/td>\n<\/tr>\n<tr>\n<td>Garantie f\u00fcr Kernkomponenten<\/td>\n<td>1 Jahr<\/td>\n<\/tr>\n<tr>\n<td>Kernkomponenten<\/td>\n<td>Druckbeh\u00e4lter<\/td>\n<\/tr>\n<tr>\n<td>Ort der Herkunft<\/td>\n<td>Guangdong, China<\/td>\n<\/tr>\n<tr>\n<td>Markenname<\/td>\n<td>LVYUAN\/OEM<\/td>\n<\/tr>\n<tr>\n<td>Material<\/td>\n<td>Polypropylen<\/td>\n<\/tr>\n<tr>\n<td>Gewicht<\/td>\n<td>OEM<\/td>\n<\/tr>\n<tr>\n<td>Gr\u00f6\u00dfe<\/td>\n<td>OEM<\/td>\n<\/tr>\n<tr>\n<td>Strom<\/td>\n<td>0<\/td>\n<\/tr>\n<tr>\n<td>Garantie<\/td>\n<td>Nicht verf\u00fcgbar<\/td>\n<\/tr>\n<tr>\n<td>Name des Produkts<\/td>\n<td>PP-Filterkern Wasser-Sediment-Filterpatrone mit Kunststoff-Endkappe<\/td>\n<\/tr>\n<tr>\n<td>Filter-Typ<\/td>\n<td>Rille, Pr\u00e4gung, Punkte, Firmenlogo<\/td>\n<\/tr>\n<tr>\n<td>Genauigkeit<\/td>\n<td>1-100 Mikron<\/td>\n<\/tr>\n<tr>\n<td>\u00c4u\u00dferer Durchmesser<\/td>\n<td>10-200mm<\/td>\n<\/tr>\n<tr>\n<td>Innendurchmesser<\/td>\n<td>OEM<\/td>\n<\/tr>\n<tr>\n<td>Filter-Adapter<\/td>\n<td>Flacher Typ, Typ 222, Typ 226, Typ 215, Typ 227<\/td>\n<\/tr>\n<tr>\n<td>H\u00f6chste Temperatur<\/td>\n<td>80\u2103<\/td>\n<\/tr>\n<tr>\n<td>Arbeitsdruckabfall<\/td>\n<td>0,1kgf\/c\u33a1<\/td>\n<\/tr>\n<tr>\n<td>H\u00f6chstens eingeschlossen<\/td>\n<td>5kgf\/c\u33a1<\/td>\n<\/tr>\n<tr>\n<td>Maximaler Druckabfall<\/td>\n<td>3kgf\/c\u33a1<\/td>\n<\/tr>\n<tr>\n<td>Verkaufende Einheiten<\/td>\n<td>Einzelnes Element<\/td>\n<\/tr>\n<tr>\n<td>Einzelne Packungsgr\u00f6\u00dfe<\/td>\n<td>53 \u00d7 33 \u00d7 33 cm<\/td>\n<\/tr>\n<tr>\n<td>Einfaches Bruttogewicht<\/td>\n<td>9.000 kg<\/td>\n<\/tr>\n<tr>\n<td>Paket Typ<\/td>\n<td>Verpackt in Papierkarton<\/td>\n<\/tr>\n<tr>\n<td>Vorlaufzeit (1-100 St\u00fcck)<\/td>\n<td>3 Tage<\/td>\n<\/tr>\n<tr>\n<td>Vorlaufzeit (101-500 St\u00fcck)<\/td>\n<td>5 Tage<\/td>\n<\/tr>\n<tr>\n<td>Vorlaufzeit (501-5000 St\u00fcck)<\/td>\n<td>10 Tage<\/td>\n<\/tr>\n<tr>\n<td>Vorlaufzeit (&gt;5000 St\u00fcck)<\/td>\n<td>Noch zu verhandeln<\/td>\n<\/tr>\n<\/tbody>\n<\/table>","protected":false},"excerpt":{"rendered":"<p>Diese PP-Sedimentkartusche tr\u00e4gt zur Reduzierung sichtbarer Partikel und zum Schutz nachgeschalteter Ger\u00e4te in Haushalten und Industrieanlagen bei. W\u00e4hlen Sie die Mikronzahl, den Durchmesser und den Endkappenadapter f\u00fcr Ihr Geh\u00e4use und Ihren Durchflussbedarf.<\/p>","protected":false},"featured_media":1290,"comment_status":"open","ping_status":"closed","template":"","meta":{"_gspb_post_css":""},"product_brand":[],"product_cat":[23,17],"product_tag":[671,672,674,670,673,669],"class_list":{"0":"post-1289","1":"product","2":"type-product","3":"status-publish","4":"has-post-thumbnail","6":"product_cat-pp-filter-cartridge","7":"product_cat-sediment-filter","8":"product_tag-1-100-micron-filter-cartridge","9":"product_tag-222-226-227-adaptor","10":"product_tag-oem-water-filter-cartridge","11":"product_tag-plastic-end-cap-filter-core","12":"product_tag-polypropylene-water-filter-core","13":"product_tag-pp-sediment-filter-cartridge","15":"first","16":"instock","17":"shipping-taxable","18":"product-type-simple"},"_links":{"self":[{"href":"https:\/\/lyfilter.com\/de\/wp-json\/wp\/v2\/product\/1289","targetHints":{"allow":["GET"]}}],"collection":[{"href":"https:\/\/lyfilter.com\/de\/wp-json\/wp\/v2\/product"}],"about":[{"href":"https:\/\/lyfilter.com\/de\/wp-json\/wp\/v2\/types\/product"}],"replies":[{"embeddable":true,"href":"https:\/\/lyfilter.com\/de\/wp-json\/wp\/v2\/comments?post=1289"}],"wp:featuredmedia":[{"embeddable":true,"href":"https:\/\/lyfilter.com\/de\/wp-json\/wp\/v2\/media\/1290"}],"wp:attachment":[{"href":"https:\/\/lyfilter.com\/de\/wp-json\/wp\/v2\/media?parent=1289"}],"wp:term":[{"taxonomy":"product_brand","embeddable":true,"href":"https:\/\/lyfilter.com\/de\/wp-json\/wp\/v2\/product_brand?post=1289"},{"taxonomy":"product_cat","embeddable":true,"href":"https:\/\/lyfilter.com\/de\/wp-json\/wp\/v2\/product_cat?post=1289"},{"taxonomy":"product_tag","embeddable":true,"href":"https:\/\/lyfilter.com\/de\/wp-json\/wp\/v2\/product_tag?post=1289"}],"curies":[{"name":"wp","href":"https:\/\/api.w.org\/{rel}","templated":true}]}}