{"id":1223,"date":"2026-01-04T06:46:40","date_gmt":"2026-01-04T06:46:40","guid":{"rendered":"https:\/\/lyfilter.com\/?post_type=product&#038;p=1223"},"modified":"2026-01-04T06:46:40","modified_gmt":"2026-01-04T06:46:40","slug":"oem-customized-polypropylene-melt-blown-filter-with-pp-water-filter-media-1-5-10-100micron","status":"publish","type":"product","link":"https:\/\/lyfilter.com\/de\/oem-customized-polypropylene-melt-blown-filter-with-pp-water-filter-media-1-5-10-100micron\/","title":{"rendered":"OEM kundenspezifische Polypropylen Schmelzblasfilter mit PP Wasserfiltermedien 1 5 10 100micron"},"content":{"rendered":"<table>\n<thead>\n<tr>\n<th>\u00dcbersicht<\/th>\n<th>Schmelzgeblasene Filterpatrone aus Polypropylen (Serie LY-PPF)<\/th>\n<\/tr>\n<\/thead>\n<tbody>\n<tr>\n<td>Ort der Herkunft<\/td>\n<td>Guangdong, China<\/td>\n<\/tr>\n<tr>\n<td>Markenname<\/td>\n<td>Lvyuan \/ OEM<\/td>\n<\/tr>\n<tr>\n<td>Modellnummer<\/td>\n<td>Baureihe LY-PPF<\/td>\n<\/tr>\n<tr>\n<td>Name des Produkts<\/td>\n<td>Polypropylen-Schmelzblasfilter<\/td>\n<\/tr>\n<tr>\n<td>Mikron Rate<\/td>\n<td>1, 3, 5, 10~100 Mikron Filterpatrone<\/td>\n<\/tr>\n<tr>\n<td>Zertifizierung<\/td>\n<td>CE, SGS<\/td>\n<\/tr>\n<tr>\n<td>Anmeldung<\/td>\n<td>Wasserfilterteile, Umkehrosmose<\/td>\n<\/tr>\n<tr>\n<td>Verwendung<\/td>\n<td>Fl\u00fcssigkeit Patronenfilter<\/td>\n<\/tr>\n<tr>\n<td>L\u00e4nge<\/td>\n<td>5\u2033, 10\u2033, 20\u2033, 30\u2033, 40\u2033, 50\u201d Zoll<\/td>\n<\/tr>\n<tr>\n<td>Filtermedien<\/td>\n<td>Polypropylen PP-Membran<\/td>\n<\/tr>\n<tr>\n<td>Endkappe<\/td>\n<td>DOE, 222+Fin, 222+Flat, 226+Fin, 226+Flat<\/td>\n<\/tr>\n<tr>\n<td>OEM-Au\u00dfendurchmesser<\/td>\n<td>15mm bis 200mm Option<\/td>\n<\/tr>\n<tr>\n<td>Innerer Kern<\/td>\n<td>PP oder keine<\/td>\n<\/tr>\n<tr>\n<td>Lieferf\u00e4higkeit<\/td>\n<td>5000 St\u00fcck\/St\u00fcck pro Tag (pp Wasserfiltermedien)<\/td>\n<\/tr>\n<\/tbody>\n<\/table>","protected":false},"excerpt":{"rendered":"<p>Diese Patrone aus schmelzgeblasenem PP sch\u00fctzt Wassersysteme und Umkehrosmoseanlagen, indem sie feine Partikel zur\u00fcckh\u00e4lt. W\u00e4hlen Sie die Mikronzahl, die L\u00e4nge, die Art der Endkappe und den Durchmesser passend zu Ihrem Geh\u00e4use, wobei OEM-Optionen verf\u00fcgbar sind.<\/p>","protected":false},"featured_media":1242,"comment_status":"open","ping_status":"closed","template":"","meta":{"_gspb_post_css":""},"product_brand":[],"product_cat":[23,17],"product_tag":[644,650,651,647,648,649],"class_list":{"0":"post-1223","1":"product","2":"type-product","3":"status-publish","4":"has-post-thumbnail","6":"product_cat-pp-filter-cartridge","7":"product_cat-sediment-filter","8":"product_tag-1-micron-filter-cartridge","9":"product_tag-doe-222-226-end-cap","10":"product_tag-oem-diameter-filter","11":"product_tag-polypropylene-melt-blown-filter","12":"product_tag-pp-filter-cartridge","13":"product_tag-reverse-osmosis-prefilter","15":"first","16":"instock","17":"shipping-taxable","18":"product-type-simple"},"_links":{"self":[{"href":"https:\/\/lyfilter.com\/de\/wp-json\/wp\/v2\/product\/1223","targetHints":{"allow":["GET"]}}],"collection":[{"href":"https:\/\/lyfilter.com\/de\/wp-json\/wp\/v2\/product"}],"about":[{"href":"https:\/\/lyfilter.com\/de\/wp-json\/wp\/v2\/types\/product"}],"replies":[{"embeddable":true,"href":"https:\/\/lyfilter.com\/de\/wp-json\/wp\/v2\/comments?post=1223"}],"wp:featuredmedia":[{"embeddable":true,"href":"https:\/\/lyfilter.com\/de\/wp-json\/wp\/v2\/media\/1242"}],"wp:attachment":[{"href":"https:\/\/lyfilter.com\/de\/wp-json\/wp\/v2\/media?parent=1223"}],"wp:term":[{"taxonomy":"product_brand","embeddable":true,"href":"https:\/\/lyfilter.com\/de\/wp-json\/wp\/v2\/product_brand?post=1223"},{"taxonomy":"product_cat","embeddable":true,"href":"https:\/\/lyfilter.com\/de\/wp-json\/wp\/v2\/product_cat?post=1223"},{"taxonomy":"product_tag","embeddable":true,"href":"https:\/\/lyfilter.com\/de\/wp-json\/wp\/v2\/product_tag?post=1223"}],"curies":[{"name":"wp","href":"https:\/\/api.w.org\/{rel}","templated":true}]}}