{"id":822,"date":"2025-12-24T09:14:34","date_gmt":"2025-12-24T09:14:34","guid":{"rendered":"https:\/\/lyfilter.com\/?post_type=product&#038;p=822"},"modified":"2025-12-24T09:14:34","modified_gmt":"2025-12-24T09:14:34","slug":"oem-different-size-polypropylene-material-1-5-micron-pp-water-filter-cartridge-for-cartridge-filter-housing","status":"publish","type":"product","link":"https:\/\/lyfilter.com\/ar\/oem-different-size-polypropylene-material-1-5-micron-pp-water-filter-cartridge-for-cartridge-filter-housing\/","title":{"rendered":"OEM \u062e\u0631\u0637\u0648\u0634\u0629 \u0641\u0644\u062a\u0631 \u0645\u064a\u0627\u0647 \u0645\u0646 \u0645\u0627\u062f\u0629 \u0627\u0644\u0628\u0648\u0644\u064a \u0628\u0631\u0648\u0628\u064a\u0644\u064a\u0646 \u0645\u062e\u062a\u0644\u0641\u0629 \u0627\u0644\u062d\u062c\u0645 1 \u0648 5 \u0645\u064a\u0643\u0631\u0648\u0646 PP \u062e\u0631\u0637\u0648\u0634\u0629 \u0641\u0644\u062a\u0631 \u062e\u0631\u0637\u0648\u0634\u0629 \u0644\u0644\u0645\u0628\u064a\u062a \u062e\u0631\u0637\u0648\u0634\u0629 \u0641\u0644\u062a\u0631"},"content":{"rendered":"<div class=\"scc-wrapper detail-module module-productPackagingAndQuickDetail\" data-spm=\"prilinga1e\">\n<div class=\"widget-detail-overview\">\n<div class=\"do-content\">\n<div class=\"do-overview\">\n<div class=\"do-entry do-entry-full\">\n<h3 class=\"do-entry-title\">\u0627\u0644\u062a\u0639\u0628\u0626\u0629 \u0648\u0627\u0644\u062a\u063a\u0644\u064a\u0641 \u0648\u0627\u0644\u062a\u0633\u0644\u064a\u0645<\/h3>\n<div class=\"do-entry-list\">\n<dl class=\"do-entry-item\">\n<dt class=\"do-entry-item-key\">\u0648\u062d\u062f\u0627\u062a \u0627\u0644\u0628\u064a\u0639:<\/dt>\n<dd class=\"do-entry-item-val\">\u0639\u0646\u0635\u0631 \u0648\u0627\u062d\u062f<\/dd>\n<\/dl>\n<dl class=\"do-entry-item\">\n<dt class=\"do-entry-item-key\" title=\"\u062d\u062c\u0645 \u0627\u0644\u0639\u0628\u0648\u0629 \u0627\u0644\u0648\u0627\u062d\u062f\u0629:\">\u062d\u062c\u0645 \u0627\u0644\u0639\u0628\u0648\u0629 \u0627\u0644\u0648\u0627\u062d\u062f\u0629:<\/dt>\n<dd class=\"do-entry-item-val\">53 \u00d7 33 \u00d7 33 \u00d7 33 \u0633\u0645<\/dd>\n<\/dl>\n<dl class=\"do-entry-item\">\n<dt class=\"do-entry-item-key\" title=\"\u0648\u0632\u0646 \u0625\u062c\u0645\u0627\u0644\u064a \u0648\u0627\u062d\u062f:\">\u0648\u0632\u0646 \u0625\u062c\u0645\u0627\u0644\u064a \u0648\u0627\u062d\u062f:<\/dt>\n<dd class=\"do-entry-item-val\">9.000 \u0643\u062c\u0645<\/dd>\n<\/dl>\n<dl class=\"do-entry-item\">\n<dt class=\"do-entry-item-key\">\u0646\u0648\u0639 \u0627\u0644\u0639\u0628\u0648\u0629:<\/dt>\n<dd class=\"do-entry-item-val pkg-method\">\u062e\u0631\u0637\u0648\u0634\u0629 \u0641\u0644\u062a\u0631 \u0645\u064a\u0627\u0647 OEM \u0645\u062e\u062a\u0644\u0641\u0629 \u0627\u0644\u062d\u062c\u0645 \u0639\u0627\u0644\u064a\u0629 \u0627\u0644\u062a\u062f\u0641\u0642 1 \u06485 \u0645\u064a\u0643\u0631\u0648\u0646 PP \u062e\u0631\u0637\u0648\u0634\u0629 \u0641\u0644\u062a\u0631 \u062e\u0631\u0637\u0648\u0634\u0629 \u0644\u0645\u0628\u064a\u062a \u0645\u0631\u0634\u062d \u0627\u0644\u062e\u0631\u0637\u0648\u0634\u0629: \u0645\u0639\u0628\u0623\u0629 \u0641\u064a \u0643\u0631\u062a\u0648\u0646 \u0648\u0631\u0642\u064a.<\/dd>\n<\/dl>\n<dl class=\"do-entry-item\">\n<dt class=\"do-entry-item-key\" title=\"\u0627\u0644\u0645\u0647\u0644\u0629 \u0627\u0644\u0632\u0645\u0646\u064a\u0629\">\u0627\u0644\u0645\u0647\u0644\u0629 \u0627\u0644\u0632\u0645\u0646\u064a\u0629\u00a0<i class=\"next-icon next-icon-help next-icon-xs js-leadtimes-tips\"><\/i>:<\/dt>\n<dd class=\"do-entry-item-val\" title=\"\u0627\u0644\u0645\u0647\u0644\u0629 \u0627\u0644\u0632\u0645\u0646\u064a\u0629\">\n<div class=\"table-responsive\">\n<table class=\"supply-ability-table ui2-table ui2-table-normal ui2-table-zebra ui2-table-hover\">\n<tbody>\n<tr>\n<td>\u0627\u0644\u0643\u0645\u064a\u0629 (\u0627\u0644\u0642\u0637\u0639)<\/td>\n<td>1 - 100<\/td>\n<td>101 - 500<\/td>\n<td>501 - 5000<\/td>\n<td>&gt;5000<\/td>\n<\/tr>\n<tr>\n<td>\u0627\u0644\u062a\u0642\u062f\u064a\u0631. \u0627\u0644\u0648\u0642\u062a (\u0628\u0627\u0644\u0623\u064a\u0627\u0645)<\/td>\n<td>2<\/td>\n<td>3<\/td>\n<td>7<\/td>\n<td>\u064a\u062a\u0645 \u0627\u0644\u062a\u0641\u0627\u0648\u0636 \u0628\u0634\u0623\u0646\u0647\u0627<\/td>\n<\/tr>\n<\/tbody>\n<\/table>\n<\/div>\n<\/dd>\n<\/dl>\n<\/div>\n<\/div>\n<\/div>\n<\/div>\n<\/div>\n<\/div>\n<div class=\"scc-wrapper detail-module module-detailVideo\" data-spm=\"detailvideo\"><\/div>\n<div class=\"scc-wrapper detail-module module-productSpecification\" data-spm=\"pronpeci14\">\n<div id=\"J-rich-text-description\" class=\"richtext richtext-detail rich-text-description\">\n<div id=\"detail_decorate_root\" data-host=\"112114235\" data-magic-global=\"%7B%22bizId%22%3A17381045746%2C%22pageId%22%3A5065274886%2C%22siteId%22%3A5005126472%7D\" data-id=\"detail_decorate_root\">\n<div class=\"detail-decorate-json-renderer-container\">\n<div class=\"magic-0\">\n<div><span class=\"magic-2\">\u00a0<\/span><\/div>\n<h3 class=\"magic-1\" data-id=\"title0\"><span class=\"magic-2\">\u062e\u0631\u0637\u0648\u0634\u0629 \u0641\u0644\u062a\u0631 \u0645\u064a\u0627\u0647 \u0645\u0646 \u0627\u0644\u0628\u0648\u0644\u064a \u0628\u0631\u0648\u0628\u064a\u0644\u064a\u0646 PP<\/span><\/h3>\n<div class=\"magic-3\">\n<div class=\"magic-4\">\n<div class=\"magic-5\" data-id=\"paragraph0\">OEM \u062e\u0631\u0637\u0648\u0634\u0629 \u0641\u0644\u062a\u0631 \u0645\u064a\u0627\u0647 \u0645\u0646 \u0645\u0627\u062f\u0629 \u0627\u0644\u0628\u0648\u0644\u064a \u0628\u0631\u0648\u0628\u064a\u0644\u064a\u0646 \u0645\u062e\u062a\u0644\u0641\u0629 \u0627\u0644\u062d\u062c\u0645 1 \u0648 5 \u0645\u064a\u0643\u0631\u0648\u0646 PP \u062e\u0631\u0637\u0648\u0634\u0629 \u0641\u0644\u062a\u0631 \u062e\u0631\u0637\u0648\u0634\u0629 \u0644\u0644\u0645\u0628\u064a\u062a \u062e\u0631\u0637\u0648\u0634\u0629 \u0641\u0644\u062a\u0631<\/div>\n<\/div>\n<\/div>\n<\/div>\n<\/div>\n<\/div>\n<\/div>\n<\/div>","protected":false},"excerpt":{"rendered":"<table>\n<thead>\n<tr>\n<th><strong>\u0627\u0644\u062d\u0642\u0644<\/strong><\/th>\n<th><strong>\u0627\u0644\u0642\u064a\u0645\u0629<\/strong><\/th>\n<\/tr>\n<\/thead>\n<tbody>\n<tr>\n<td>\u0627\u0644\u062d\u0627\u0644\u0629<\/td>\n<td>\u062c\u062f\u064a\u062f<\/td>\n<\/tr>\n<tr>\n<td>\u0627\u0644\u0635\u0646\u0627\u0639\u0627\u062a \u0627\u0644\u0645\u0637\u0628\u0642\u0629<\/td>\n<td>\u0627\u0644\u0641\u0646\u0627\u062f\u0642\u060c \u0645\u062d\u0644\u0627\u062a \u0627\u0644\u0645\u0644\u0627\u0628\u0633\u060c \u0645\u062d\u0644\u0627\u062a \u0645\u0648\u0627\u062f \u0627\u0644\u0628\u0646\u0627\u0621\u060c \u0645\u062d\u0644\u0627\u062a \u0645\u0648\u0627\u062f \u0627\u0644\u0628\u0646\u0627\u0621\u060c \u0645\u0635\u0627\u0646\u0639 \u0627\u0644\u062a\u0635\u0646\u064a\u0639\u060c \u0645\u062d\u0644\u0627\u062a \u062a\u0635\u0644\u064a\u062d \u0627\u0644\u0622\u0644\u0627\u062a\u060c \u0645\u0635\u0627\u0646\u0639 \u0627\u0644\u0623\u063a\u0630\u064a\u0629 \u0648\u0627\u0644\u0645\u0634\u0631\u0648\u0628\u0627\u062a\u060c \u0627\u0644\u0645\u0632\u0627\u0631\u0639\u060c \u0627\u0644\u0645\u0637\u0627\u0639\u0645\u060c \u0627\u0644\u0645\u0637\u0627\u0639\u0645\u060c \u0627\u0644\u0627\u0633\u062a\u062e\u062f\u0627\u0645 \u0627\u0644\u0645\u0646\u0632\u0644\u064a\u060c \u0627\u0644\u0628\u064a\u0639 \u0628\u0627\u0644\u062a\u062c\u0632\u0626\u0629\u060c \u0645\u062d\u0644\u0627\u062a \u0627\u0644\u0623\u063a\u0630\u064a\u0629\u060c \u0645\u062d\u0644\u0627\u062a \u0627\u0644\u0637\u0628\u0627\u0639\u0629\u060c \u0623\u0639\u0645\u0627\u0644 \u0627\u0644\u0628\u0646\u0627\u0621\u060c \u0627\u0644\u0637\u0627\u0642\u0629 \u0648\u0627\u0644\u062a\u0639\u062f\u064a\u0646\u060c \u0645\u062d\u0644\u0627\u062a \u0627\u0644\u0623\u063a\u0630\u064a\u0629 \u0648\u0627\u0644\u0645\u0634\u0631\u0648\u0628\u0627\u062a\u060c \u0634\u0631\u0643\u0629 \u0627\u0644\u0625\u0639\u0644\u0627\u0646\u0627\u062a<\/td>\n<\/tr>\n<tr>\n<td>\u062e\u062f\u0645\u0629 \u0645\u0627 \u0628\u0639\u062f \u0627\u0644\u0636\u0645\u0627\u0646<\/td>\n<td>\u0627\u0644\u062f\u0639\u0645 \u0639\u0628\u0631 \u0627\u0644\u0625\u0646\u062a\u0631\u0646\u062a<\/td>\n<\/tr>\n<tr>\n<td>\u0645\u0648\u0642\u0639 \u0627\u0644\u062e\u062f\u0645\u0629 \u0627\u0644\u0645\u062d\u0644\u064a\u0629<\/td>\n<td>\u0644\u0627 \u064a\u0648\u062c\u062f<\/td>\n<\/tr>\n<tr>\n<td>\u0645\u0648\u0642\u0639 \u0627\u0644\u0645\u0639\u0631\u0636<\/td>\n<td>\u0644\u0627 \u064a\u0648\u062c\u062f<\/td>\n<\/tr>\n<tr>\n<td>\u0645\u0643\u0627\u0646 \u0627\u0644\u0645\u0646\u0634\u0623<\/td>\n<td>\u063a\u0648\u0627\u0646\u063a\u062f\u0648\u0646\u063a\u060c \u0627\u0644\u0635\u064a\u0646<\/td>\n<\/tr>\n<tr>\n<td>\u0627\u0633\u0645 \u0627\u0644\u0639\u0644\u0627\u0645\u0629 \u0627\u0644\u062a\u062c\u0627\u0631\u064a\u0629<\/td>\n<td>LVYUAN\/OEM<\/td>\n<\/tr>\n<tr>\n<td>\u0627\u0644\u0645\u0648\u0627\u062f<\/td>\n<td>\u0628\u0648\u0644\u064a \u0628\u0631\u0648\u0628\u064a\u0644\u064a\u0646<\/td>\n<\/tr>\n<tr>\n<td>\u0627\u0644\u0648\u0632\u0646<\/td>\n<td>\u0627\u0644\u0634\u0631\u0643\u0629 \u0627\u0644\u0645\u0635\u0646\u0639\u0629 \u0644\u0644\u0645\u0639\u062f\u0627\u062a \u0627\u0644\u0623\u0635\u0644\u064a\u0629<\/td>\n<\/tr>\n<tr>\n<td>\u0627\u0644\u062d\u062c\u0645<\/td>\n<td>\u0627\u0644\u0634\u0631\u0643\u0629 \u0627\u0644\u0645\u0635\u0646\u0639\u0629 \u0644\u0644\u0645\u0639\u062f\u0627\u062a \u0627\u0644\u0623\u0635\u0644\u064a\u0629<\/td>\n<\/tr>\n<tr>\n<td>\u0627\u0644\u0637\u0627\u0642\u0629<\/td>\n<td>0<\/td>\n<\/tr>\n<tr>\n<td>\u0627\u0644\u0636\u0645\u0627\u0646<\/td>\n<td>\u063a\u064a\u0631 \u0645\u062a\u0627\u062d<\/td>\n<\/tr>\n<tr>\n<td>\u0627\u0633\u0645 \u0627\u0644\u0645\u0646\u062a\u062c<\/td>\n<td>\u062e\u0631\u0637\u0648\u0634\u0629 \u0641\u0644\u062a\u0631 \u0645\u064a\u0627\u0647 OEM \u0645\u062e\u062a\u0644\u0641\u0629 \u0627\u0644\u062d\u062c\u0645 \u0639\u0627\u0644\u064a\u0629 \u0627\u0644\u062a\u062f\u0641\u0642 1 \u06485 \u0645\u064a\u0643\u0631\u0648\u0646 PP \u062e\u0631\u0637\u0648\u0634\u0629 \u0645\u064a\u0627\u0647 OEM \u0645\u062e\u062a\u0644\u0641\u0629 \u0627\u0644\u062d\u062c\u0645<\/td>\n<\/tr>\n<tr>\n<td>\u0646\u0648\u0639 \u0627\u0644\u0645\u0631\u0634\u062d<\/td>\n<td>\u0627\u0644\u0623\u062e\u062f\u0648\u062f\u060c \u0627\u0644\u0646\u0642\u0634\u060c \u0627\u0644\u0646\u0642\u0634\u060c \u0627\u0644\u0646\u0642\u0627\u0637\u060c \u0634\u0639\u0627\u0631 \u0627\u0644\u0634\u0631\u0643\u0629<\/td>\n<\/tr>\n<tr>\n<td>\u0627\u0644\u0642\u0637\u0631 \u0627\u0644\u062e\u0627\u0631\u062c\u064a<\/td>\n<td>10-200 \u0645\u0645<\/td>\n<\/tr>\n<tr>\n<td>\u0627\u0644\u062f\u0642\u0629<\/td>\n<td>1-100 \u0645\u064a\u0643\u0631\u0648\u0646<\/td>\n<\/tr>\n<tr>\n<td>\u0627\u0644\u0642\u0637\u0631 \u0627\u0644\u062f\u0627\u062e\u0644\u064a<\/td>\n<td>\u0627\u0644\u0634\u0631\u0643\u0629 \u0627\u0644\u0645\u0635\u0646\u0639\u0629 \u0644\u0644\u0645\u0639\u062f\u0627\u062a \u0627\u0644\u0623\u0635\u0644\u064a\u0629<\/td>\n<\/tr>\n<tr>\n<td>\u0645\u062d\u0648\u0644 \u0627\u0644\u0641\u0644\u062a\u0631<\/td>\n<td>\u0646\u0648\u0639 \u0645\u0633\u0637\u062d\u060c \u0646\u0648\u0639 222\u060c \u0646\u0648\u0639 226\u060c \u0646\u0648\u0639 215<\/td>\n<\/tr>\n<tr>\n<td>\u0623\u0639\u0644\u0649 \u062f\u0631\u062c\u0629 \u062d\u0631\u0627\u0631\u0629<\/td>\n<td>80\u2103<\/td>\n<\/tr>\n<tr>\n<td>\u0627\u0646\u062e\u0641\u0627\u0636 \u0636\u063a\u0637 \u0627\u0644\u0639\u0645\u0644<\/td>\n<td>0.1 \u0643\u062c\u0645\/\u0643\u062c\u0645\/\u062c\u064a\u0645<\/td>\n<\/tr>\n<tr>\n<td>\u0623\u0639\u0644\u0649 \u0645\u062d\u0635\u0648\u0631<\/td>\n<td>5 \u0643\u062c\u0645\/\u062c\u064a\u0645\u33a1<\/td>\n<\/tr>\n<tr>\n<td>\u0627\u0644\u062d\u062f \u0627\u0644\u0623\u0642\u0635\u0649 \u0644\u0627\u0646\u062e\u0641\u0627\u0636 \u0627\u0644\u0636\u063a\u0637<\/td>\n<td>3 \u0643\u062c\u0645\/\u062c\/\u062c\u33a1<\/td>\n<\/tr>\n<\/tbody>\n<\/table>","protected":false},"featured_media":823,"comment_status":"open","ping_status":"closed","template":"","meta":{"_gspb_post_css":""},"product_brand":[],"product_cat":[23,17],"product_tag":[344,345,343,346,347,329],"class_list":{"0":"post-822","1":"product","2":"type-product","3":"status-publish","4":"has-post-thumbnail","6":"product_cat-pp-filter-cartridge","7":"product_cat-sediment-filter","8":"product_tag-1-micron-water-cartridge","9":"product_tag-5-micron-filter-element","10":"product_tag-high-flow-pp-filter","11":"product_tag-oem-size-filter","12":"product_tag-polypropylene-water-filter","13":"product_tag-type-222-226-adaptor","15":"first","16":"instock","17":"shipping-taxable","18":"product-type-simple"},"_links":{"self":[{"href":"https:\/\/lyfilter.com\/ar\/wp-json\/wp\/v2\/product\/822","targetHints":{"allow":["GET"]}}],"collection":[{"href":"https:\/\/lyfilter.com\/ar\/wp-json\/wp\/v2\/product"}],"about":[{"href":"https:\/\/lyfilter.com\/ar\/wp-json\/wp\/v2\/types\/product"}],"replies":[{"embeddable":true,"href":"https:\/\/lyfilter.com\/ar\/wp-json\/wp\/v2\/comments?post=822"}],"wp:featuredmedia":[{"embeddable":true,"href":"https:\/\/lyfilter.com\/ar\/wp-json\/wp\/v2\/media\/823"}],"wp:attachment":[{"href":"https:\/\/lyfilter.com\/ar\/wp-json\/wp\/v2\/media?parent=822"}],"wp:term":[{"taxonomy":"product_brand","embeddable":true,"href":"https:\/\/lyfilter.com\/ar\/wp-json\/wp\/v2\/product_brand?post=822"},{"taxonomy":"product_cat","embeddable":true,"href":"https:\/\/lyfilter.com\/ar\/wp-json\/wp\/v2\/product_cat?post=822"},{"taxonomy":"product_tag","embeddable":true,"href":"https:\/\/lyfilter.com\/ar\/wp-json\/wp\/v2\/product_tag?post=822"}],"curies":[{"name":"\u062f\u0628\u0644\u064a\u0648 \u0628\u064a","href":"https:\/\/api.w.org\/{rel}","templated":true}]}}