{"id":5003,"date":"2026-04-07T07:40:06","date_gmt":"2026-04-07T07:40:06","guid":{"rendered":"https:\/\/lyfilter.com\/"},"modified":"2026-05-08T01:22:23","modified_gmt":"2026-05-08T01:22:23","slug":"lvyuan-string-wound-water-filter-factory-for-desalination","status":"publish","type":"product","link":"https:\/\/lyfilter.com\/ar\/lvyuan-string-wound-water-filter-factory-for-desalination\/","title":{"rendered":"\u0645\u0635\u0646\u0639 \u0644\u0641\u064a\u0648\u0627\u0646 \u0644\u062a\u0635\u0641\u064a\u0629 \u0627\u0644\u0645\u064a\u0627\u0647 \u0627\u0644\u062c\u0631\u062d \u0627\u0644\u062e\u064a\u0637\u064a\u0629 \u0644\u062a\u062d\u0644\u064a\u0629 \u0627\u0644\u0645\u064a\u0627\u0647"},"content":{"rendered":"<table>\n<thead>\n<tr>\n<th>\u0627\u0644\u0635\u0646\u0627\u0639\u0627\u062a \u0627\u0644\u0645\u0637\u0628\u0642\u0629<\/th>\n<th>\u0627\u0644\u0627\u0633\u062a\u062e\u062f\u0627\u0645 \u0627\u0644\u0645\u0646\u0632\u0644\u064a<\/th>\n<\/tr>\n<\/thead>\n<tbody>\n<tr>\n<td>\u062e\u062f\u0645\u0629 \u0645\u0627 \u0628\u0639\u062f \u0627\u0644\u0636\u0645\u0627\u0646<\/td>\n<td>\u0627\u0644\u062f\u0639\u0645 \u0639\u0628\u0631 \u0627\u0644\u0625\u0646\u062a\u0631\u0646\u062a<\/td>\n<\/tr>\n<tr>\n<td>\u0645\u0648\u0642\u0639 \u0627\u0644\u062e\u062f\u0645\u0629 \u0627\u0644\u0645\u062d\u0644\u064a\u0629<\/td>\n<td>\u0644\u0627 \u0634\u064a\u0621<\/td>\n<\/tr>\n<tr>\n<td>\u0645\u0648\u0642\u0639 \u0627\u0644\u0645\u0639\u0631\u0636<\/td>\n<td>\u0644\u0627 \u0634\u064a\u0621<\/td>\n<\/tr>\n<tr>\n<td>\u0627\u0644\u0641\u062d\u0635 \u0648\u0627\u0644\u062a\u0641\u062a\u064a\u0634 \u0627\u0644\u062e\u0627\u0631\u062c\u064a \u0628\u0627\u0644\u0641\u064a\u062f\u064a\u0648<\/td>\n<td>\u0627\u0644\u0645\u0642\u062f\u0645\u0629<\/td>\n<\/tr>\n<tr>\n<td>\u062a\u0642\u0631\u064a\u0631 \u0627\u062e\u062a\u0628\u0627\u0631 \u0627\u0644\u0645\u0627\u0643\u064a\u0646\u0627\u062a<\/td>\n<td>\u0627\u0644\u0645\u0642\u062f\u0645\u0629<\/td>\n<\/tr>\n<tr>\n<td>\u0646\u0648\u0639 \u0627\u0644\u062a\u0633\u0648\u064a\u0642<\/td>\n<td>\u0645\u0646\u062a\u062c \u0639\u0627\u062f\u064a<\/td>\n<\/tr>\n<tr>\n<td>\u0636\u0645\u0627\u0646 \u0627\u0644\u0645\u0643\u0648\u0646\u0627\u062a \u0627\u0644\u0623\u0633\u0627\u0633\u064a\u0629<\/td>\n<td>1 \u0633\u0646\u0629<\/td>\n<\/tr>\n<tr>\n<td>\u0627\u0644\u0645\u0643\u0648\u0646\u0627\u062a \u0627\u0644\u0623\u0633\u0627\u0633\u064a\u0629<\/td>\n<td>\u0648\u0639\u0627\u0621 \u0627\u0644\u0636\u063a\u0637<\/td>\n<\/tr>\n<tr>\n<td>\u0645\u0643\u0627\u0646 \u0627\u0644\u0645\u0646\u0634\u0623<\/td>\n<td>\u0627\u0644\u0635\u064a\u0646<\/td>\n<\/tr>\n<tr>\n<td>\u0627\u0644\u0636\u0645\u0627\u0646<\/td>\n<td>1 \u0633\u0646\u0629<\/td>\n<\/tr>\n<tr>\n<td>\u062e\u062f\u0645\u0629 \u0645\u0627 \u0628\u0639\u062f \u0627\u0644\u0628\u064a\u0639 \u0627\u0644\u0645\u0642\u062f\u0645\u0629<\/td>\n<td>\u0627\u0644\u062f\u0639\u0645 \u0639\u0628\u0631 \u0627\u0644\u0625\u0646\u062a\u0631\u0646\u062a<\/td>\n<\/tr>\n<tr>\n<td>\u0627\u0644\u0628\u0646\u062f<\/td>\n<td>\u062e\u0631\u0637\u0648\u0634\u0629 \u0641\u0644\u062a\u0631 \u0645\u064a\u0627\u0647 \u0627\u0644\u0631\u0648\u0627\u0633\u0628<\/td>\n<\/tr>\n<tr>\n<td>\u0627\u0644\u0645\u0648\u0627\u062f<\/td>\n<td>\u0623\u0644\u064a\u0627\u0641 \u0627\u0644\u0628\u0648\u0644\u064a \u0628\u0631\u0648\u0628\u0644\u064a\u0646\u060c \u0648\u0627\u0644\u0642\u0637\u0646 \u0627\u0644\u0645\u0627\u0635\u060c \u0648\u0627\u0644\u0623\u0644\u064a\u0627\u0641 \u0627\u0644\u0632\u062c\u0627\u062c\u064a\u0629<\/td>\n<\/tr>\n<tr>\n<td>\u0627\u0644\u0623\u0633\u0627\u0633\u064a\u0627\u062a<\/td>\n<td>PP\/SS<\/td>\n<\/tr>\n<tr>\n<td>\u0645\u064a\u0643\u0631\u0648\u0646<\/td>\n<td>1\/5\/10\/20\/30\/50\/75\/100<\/td>\n<\/tr>\n<tr>\n<td>\u0627\u0644\u0642\u0637\u0631 \u0627\u0644\u062f\u0627\u062e\u0644\u064a<\/td>\n<td>28 \u0645\u0645 \/ 30 \u0645\u0645 \/ OEM<\/td>\n<\/tr>\n<tr>\n<td>\u0627\u0644\u0637\u0648\u0644<\/td>\n<td>5\u2033 \/ 10\u2033 \/ 20\u2033 \/ 30\u2033 \/ 40\u2033 \/ 50\u2033 \/ 60\u2033<\/td>\n<\/tr>\n<tr>\n<td>\u0645\u0631\u0634\u062d \u0627\u0644\u062c\u0631\u062d PP + \u0642\u0644\u0628 PP<\/td>\n<td>65\u2103<\/td>\n<\/tr>\n<tr>\n<td>\u0641\u0644\u062a\u0631 \u0627\u0644\u062c\u0631\u062d PP+SS<\/td>\n<td>120\u2103<\/td>\n<\/tr>\n<tr>\n<td>\u0641\u0644\u062a\u0631 \u0642\u0637\u0646+SS<\/td>\n<td>180\u2103<\/td>\n<\/tr>\n<tr>\n<td>\u0623\u0644\u064a\u0627\u0641 \u0632\u062c\u0627\u062c\u064a\u0629 + \u0623\u0633 \u0623\u0633 \u0623\u0633<\/td>\n<td>180 - 300\u2103<\/td>\n<\/tr>\n<\/tbody>\n<\/table>","protected":false},"excerpt":{"rendered":"<div class=\"scc-wrapper detail-module module-productPackagingAndQuickDetail\" style=\"box-sizing: border-box; color: #333333; font-family: -apple-system, BlinkMacSystemFont, 'Segoe UI', Roboto, 'Helvetica Neue', Arial, 'Noto Sans', sans-serif, 'Apple Color Emoji', 'Segoe UI Emoji', 'Segoe UI Symbol', 'Noto Color Emoji'; font-size: 14px; background-color: #ffffff;\" data-spm=\"prilinga1e\">\n<div class=\"widget-detail-overview\" style=\"box-sizing: border-box;\">\n<div class=\"do-content\" style=\"box-sizing: border-box;\">\n<div class=\"do-overview\" style=\"box-sizing: border-box;\">\n<div class=\"do-entry do-entry-full\" style=\"box-sizing: border-box;\">\n<h3 class=\"do-entry-title\" style=\"box-sizing: border-box; margin-top: 0px; margin-bottom: 0.5rem; font-size: 1.75rem;\">\u0627\u0644\u062a\u0639\u0628\u0626\u0629 \u0648\u0627\u0644\u062a\u063a\u0644\u064a\u0641 \u0648\u0627\u0644\u062a\u0633\u0644\u064a\u0645<\/h3>\n<div class=\"do-entry-list\" style=\"box-sizing: border-box;\">\n<dl class=\"do-entry-item\" style=\"box-sizing: border-box; margin-top: 0px; margin-bottom: 1rem;\">\n<dt class=\"do-entry-item-key\" style=\"box-sizing: border-box; font-weight: bold;\">\u0648\u062d\u062f\u0627\u062a \u0627\u0644\u0628\u064a\u0639:<\/dt>\n<dd class=\"do-entry-item-val\" style=\"box-sizing: border-box; margin-bottom: 0.5rem; margin-left: 0px;\">\u0639\u0646\u0635\u0631 \u0648\u0627\u062d\u062f<\/dd>\n<\/dl>\n<dl class=\"do-entry-item\" style=\"box-sizing: border-box; margin-top: 0px; margin-bottom: 1rem;\">\n<dt class=\"do-entry-item-key\" style=\"box-sizing: border-box; font-weight: bold;\" title=\"\u062d\u062c\u0645 \u0627\u0644\u0639\u0628\u0648\u0629 \u0627\u0644\u0648\u0627\u062d\u062f\u0629:\">\u062d\u062c\u0645 \u0627\u0644\u0639\u0628\u0648\u0629 \u0627\u0644\u0648\u0627\u062d\u062f\u0629:<\/dt>\n<dd class=\"do-entry-item-val\" style=\"box-sizing: border-box; margin-bottom: 0.5rem; margin-left: 0px;\">53 \u00d7 33 \u00d7 33 \u00d7 33 \u0633\u0645<\/dd>\n<\/dl>\n<dl class=\"do-entry-item\" style=\"box-sizing: border-box; margin-top: 0px; margin-bottom: 1rem;\">\n<dt class=\"do-entry-item-key\" style=\"box-sizing: border-box; font-weight: bold;\" title=\"\u0648\u0632\u0646 \u0625\u062c\u0645\u0627\u0644\u064a \u0648\u0627\u062d\u062f:\">\u0648\u0632\u0646 \u0625\u062c\u0645\u0627\u0644\u064a \u0648\u0627\u062d\u062f:<\/dt>\n<dd class=\"do-entry-item-val\" style=\"box-sizing: border-box; margin-bottom: 0.5rem; margin-left: 0px;\">0.200 \u0643\u062c\u0645<\/dd>\n<\/dl>\n<dl class=\"do-entry-item\" style=\"box-sizing: border-box; margin-top: 0px; margin-bottom: 1rem;\">\n<dt class=\"do-entry-item-key\" style=\"box-sizing: border-box; font-weight: bold;\">\u0646\u0648\u0639 \u0627\u0644\u0639\u0628\u0648\u0629:<\/dt>\n<dd class=\"do-entry-item-val pkg-method\" style=\"box-sizing: border-box; margin-bottom: 0.5rem; margin-left: 0px; white-space: initial;\">\u0645\u0635\u0646\u0639 \u0642\u0648\u0627\u0646\u063a\u062a\u0634\u0648 PP \/ SS \u0627\u0644\u0623\u0633\u0627\u0633\u064a\u0629 \u0645\u0635\u0646\u0639 \u0642\u0648\u0627\u0646\u063a\u062a\u0634\u0648 10 \u0645\u064a\u0643\u0631\u0648\u0646 \u062e\u064a\u0648\u0637 \u0642\u0637\u0646\u064a\u0629 \u0645\u0646 \u062e\u064a\u0648\u0637 PP \u062e\u0631\u0637\u0648\u0634\u0629 \u062a\u0635\u0641\u064a\u0629 \u0627\u0644\u0645\u064a\u0627\u0647 \u0627\u0644\u0645\u0646\u0641\u0648\u062e\u0629 \u0628\u0627\u0644\u0631\u0648\u0627\u0633\u0628 \u0645\u0639 \u0623\u063a\u0637\u064a\u0629 \u0646\u0647\u0627\u0626\u064a\u0629 \u0628\u0644\u0627\u0633\u062a\u064a\u0643\u064a\u0629: 51 \u00d7 31 \u00d7 33 \u0633\u0645 - 10 \u2033 25 \u0642\u0637\u0639\u0629 \/ 20 \u2033 25 \u0642\u0637\u0639\u0629<\/dd>\n<\/dl>\n<dl class=\"do-entry-item\" style=\"box-sizing: border-box; margin-top: 0px; margin-bottom: 1rem;\">\n<dt class=\"do-entry-item-key\" style=\"box-sizing: border-box; font-weight: bold;\" title=\"\u0627\u0644\u0645\u0647\u0644\u0629 \u0627\u0644\u0632\u0645\u0646\u064a\u0629\">\u0627\u0644\u0645\u0647\u0644\u0629 \u0627\u0644\u0632\u0645\u0646\u064a\u0629\u00a0<i class=\"next-icon next-icon-help next-icon-xs js-leadtimes-tips\" style=\"box-sizing: border-box;\"><\/i>:<\/dt>\n<dd class=\"do-entry-item-val\" style=\"box-sizing: border-box; margin-bottom: 0.5rem; margin-left: 0px;\" title=\"\u0627\u0644\u0645\u0647\u0644\u0629 \u0627\u0644\u0632\u0645\u0646\u064a\u0629\">\n<div class=\"table-responsive\" style=\"box-sizing: border-box; overflow-x: auto; width: 1380px;\">\n<table class=\"supply-ability-table ui2-table ui2-table-normal ui2-table-zebra ui2-table-hover\" style=\"border-collapse: collapse; margin-bottom: 1px; border-color: #e3e3e3; max-width: 100%;\">\n<tbody style=\"box-sizing: border-box;\">\n<tr style=\"box-sizing: border-box;\">\n<td style=\"box-sizing: border-box; padding: 0.4rem; border-collapse: collapse; border: 1px solid inherit;\">\u0627\u0644\u0643\u0645\u064a\u0629 (\u0627\u0644\u0642\u0637\u0639)<\/td>\n<td style=\"box-sizing: border-box; padding: 0.4rem; border-collapse: collapse; border: 1px solid inherit;\">1 - 500<\/td>\n<td style=\"box-sizing: border-box; padding: 0.4rem; border-collapse: collapse; border: 1px solid inherit;\">501 - 1000<\/td>\n<td style=\"box-sizing: border-box; padding: 0.4rem; border-collapse: collapse; border: 1px solid inherit;\">1001 - 5000<\/td>\n<td style=\"box-sizing: border-box; padding: 0.4rem; border-collapse: collapse; border: 1px solid inherit;\">&gt;5000<\/td>\n<\/tr>\n<tr style=\"box-sizing: border-box;\">\n<td style=\"box-sizing: border-box; padding: 0.4rem; border-collapse: collapse; border: 1px solid inherit;\">\u0627\u0644\u062a\u0642\u062f\u064a\u0631. \u0627\u0644\u0648\u0642\u062a (\u0628\u0627\u0644\u0623\u064a\u0627\u0645)<\/td>\n<td style=\"box-sizing: border-box; padding: 0.4rem; border-collapse: collapse; border: 1px solid inherit;\">2<\/td>\n<td style=\"box-sizing: border-box; padding: 0.4rem; border-collapse: collapse; border: 1px solid inherit;\">5<\/td>\n<td style=\"box-sizing: border-box; padding: 0.4rem; border-collapse: collapse; border: 1px solid inherit;\">7<\/td>\n<td style=\"box-sizing: border-box; padding: 0.4rem; border-collapse: collapse; border: 1px solid inherit;\">\u064a\u062a\u0645 \u0627\u0644\u062a\u0641\u0627\u0648\u0636 \u0628\u0634\u0623\u0646\u0647\u0627<\/td>\n<\/tr>\n<\/tbody>\n<\/table>\n<\/div>\n<\/dd>\n<\/dl>\n<\/div>\n<\/div>\n<\/div>\n<\/div>\n<\/div>\n<\/div>\n<div class=\"scc-wrapper detail-module module-detailVideo\" style=\"box-sizing: border-box; color: #333333; font-family: -apple-system, BlinkMacSystemFont, 'Segoe UI', Roboto, 'Helvetica Neue', Arial, 'Noto Sans', sans-serif, 'Apple Color Emoji', 'Segoe UI Emoji', 'Segoe UI Symbol', 'Noto Color Emoji'; font-size: 14px; background-color: #ffffff;\" data-spm=\"detailvideo\"><\/div>\n<div class=\"scc-wrapper detail-module module-productSpecification\" style=\"box-sizing: border-box; color: #333333; font-family: -apple-system, BlinkMacSystemFont, 'Segoe UI', Roboto, 'Helvetica Neue', Arial, 'Noto Sans', sans-serif, 'Apple Color Emoji', 'Segoe UI Emoji', 'Segoe UI Symbol', 'Noto Color Emoji'; font-size: 14px; background-color: #ffffff;\" data-spm=\"pronpeci14\">\n<div id=\"J-rich-text-description\" class=\"richtext richtext-detail rich-text-description\" style=\"box-sizing: border-box;\">\n<div id=\"detail_decorate_root\" style=\"box-sizing: border-box;\" data-host=\"112311420\" data-magic-global=\"%7B%22bizId%22%3A17381045746%2C%22pageId%22%3A5108849987%2C%22siteId%22%3A5005126472%7D\" data-id=\"detail_decorate_root\">\n<div class=\"J_module\" style=\"box-sizing: border-box; margin-top: 10px;\">\n<div class=\"detail-decorate-json-renderer-container\" style=\"box-sizing: border-box;\">\n<div class=\"magic-0\" style=\"box-sizing: border-box; vertical-align: top;\">\n<div class=\"magic-1\" style=\"box-sizing: border-box; vertical-align: top; padding-right: 4px; padding-left: 4px;\">\n<div class=\"magic-2\" style=\"box-sizing: border-box; vertical-align: top; padding-bottom: 4px; padding-top: 4px;\">\n<div class=\"magic-3\" style=\"box-sizing: border-box; padding: 0px; margin: 0px; white-space-collapse: preserve;\"><span style=\"box-sizing: border-box;\">\u0645\u0635\u0646\u0639 \u0642\u0648\u0627\u0646\u063a\u062a\u0634\u0648 PP\/SS \u0627\u0644\u0623\u0633\u0627\u0633\u064a\u0629 \u0645\u0635\u0646\u0639 \u0642\u0648\u0627\u0646\u063a\u062a\u0634\u0648 PP \u062e\u064a\u0648\u0637 \u0642\u0637\u0646\u064a\u0629 \u0645\u0646 \u062e\u064a\u0648\u0637 PP \u062e\u0631\u0637\u0648\u0634\u0629 \u062a\u0635\u0641\u064a\u0629 \u0627\u0644\u0645\u064a\u0627\u0647 \u0627\u0644\u0645\u0646\u0641\u0648\u062e\u0629 \u0628\u0627\u0644\u0631\u0648\u0627\u0633\u0628 \u0645\u0639 \u0623\u063a\u0637\u064a\u0629 \u0646\u0647\u0627\u0626\u064a\u0629 \u0628\u0644\u0627\u0633\u062a\u064a\u0643\u064a\u0629<\/span><\/div>\n<\/div>\n<\/div>\n<\/div>\n<\/div>\n<\/div>\n<\/div>\n<\/div>\n<\/div>","protected":false},"featured_media":5004,"comment_status":"open","ping_status":"closed","template":"","meta":{"_gspb_post_css":""},"product_brand":[],"product_cat":[1095],"product_tag":[1843,811,1534,1933,1932,1136],"class_list":{"0":"post-5003","1":"product","2":"type-product","3":"status-publish","4":"has-post-thumbnail","6":"product_cat-string-wound-filter-cartridge","7":"product_tag-desalination-water-filter","8":"product_tag-industrial-sediment-filter","9":"product_tag-inversafilterpurification","10":"product_tag-lvyuan-filter-factory","11":"product_tag-string-wound-water-filter","12":"product_tag-water-filter-locks","14":"first","15":"instock","16":"shipping-taxable","17":"product-type-simple"},"_links":{"self":[{"href":"https:\/\/lyfilter.com\/ar\/wp-json\/wp\/v2\/product\/5003","targetHints":{"allow":["GET"]}}],"collection":[{"href":"https:\/\/lyfilter.com\/ar\/wp-json\/wp\/v2\/product"}],"about":[{"href":"https:\/\/lyfilter.com\/ar\/wp-json\/wp\/v2\/types\/product"}],"replies":[{"embeddable":true,"href":"https:\/\/lyfilter.com\/ar\/wp-json\/wp\/v2\/comments?post=5003"}],"wp:featuredmedia":[{"embeddable":true,"href":"https:\/\/lyfilter.com\/ar\/wp-json\/wp\/v2\/media\/5004"}],"wp:attachment":[{"href":"https:\/\/lyfilter.com\/ar\/wp-json\/wp\/v2\/media?parent=5003"}],"wp:term":[{"taxonomy":"product_brand","embeddable":true,"href":"https:\/\/lyfilter.com\/ar\/wp-json\/wp\/v2\/product_brand?post=5003"},{"taxonomy":"product_cat","embeddable":true,"href":"https:\/\/lyfilter.com\/ar\/wp-json\/wp\/v2\/product_cat?post=5003"},{"taxonomy":"product_tag","embeddable":true,"href":"https:\/\/lyfilter.com\/ar\/wp-json\/wp\/v2\/product_tag?post=5003"}],"curies":[{"name":"\u062f\u0628\u0644\u064a\u0648 \u0628\u064a","href":"https:\/\/api.w.org\/{rel}","templated":true}]}}