{"id":4768,"date":"2026-04-07T02:18:15","date_gmt":"2026-04-07T02:18:15","guid":{"rendered":"https:\/\/lyfilter.com\/"},"modified":"2026-04-07T02:18:15","modified_gmt":"2026-04-07T02:18:15","slug":"professional-sintered-cartridge-filter-wholesale-for-desalination","status":"publish","type":"product","link":"https:\/\/lyfilter.com\/ar\/professional-sintered-cartridge-filter-wholesale-for-desalination\/","title":{"rendered":"\u0641\u0644\u062a\u0631 \u062e\u0631\u0637\u0648\u0634\u0629 \u0645\u062a\u0643\u0644\u0633 \u0627\u062d\u062a\u0631\u0627\u0641\u064a \u0644\u062a\u062d\u0644\u064a\u0629 \u0627\u0644\u0645\u064a\u0627\u0647 \u0628\u0627\u0644\u062c\u0645\u0644\u0629"},"content":{"rendered":"<p><b>\u0645\u0632\u0627\u064a\u0627 \u0627\u0644\u0634\u0631\u0643\u0629<\/b><br \/>\n<b>1.<\/b>\u00a0\u0643\u0631\u0628\u0648\u0646 \u0644\u0641\u064a\u0648\u0627\u0646 \u0627\u0644\u0645\u0646\u0634\u0637\u00a0<a href=\"https:\/\/lyfilter.com\/ar\/products.html\/\">\u0639\u0646\u0635\u0631 \u0627\u0644\u0641\u0644\u062a\u0631<\/a>\u00a0\u0645\u0635\u0645\u0645\u0629 \u0628\u0645\u062c\u0645\u0648\u0639\u0629 \u0645\u0646 \u0623\u0646\u0638\u0645\u0629 \u0627\u0644\u062d\u0645\u0627\u064a\u0629. \u0648\u0647\u064a \u0645\u0632\u0648\u062f\u0629 \u0628\u062d\u0645\u0627\u064a\u0629 \u0645\u0646 \u0627\u0644\u0636\u063a\u0637 \u0627\u0644\u0632\u0627\u0626\u062f \u0648\u0627\u0644\u062d\u0645\u0644 \u0627\u0644\u0632\u0627\u0626\u062f \u0648\u0627\u0644\u062f\u0648\u0627\u0626\u0631 \u0627\u0644\u0643\u0647\u0631\u0628\u0627\u0626\u064a\u0629 \u0648\u0641\u0642\u062f\u0627\u0646 \u0627\u0644\u062c\u0647\u062f. \u0648\u0633\u064a\u0637 \u0627\u0644\u062a\u0635\u0641\u064a\u0629 \u0627\u0644\u062e\u0627\u0635 \u0628\u0647 \u0642\u0627\u0628\u0644 \u0644\u0644\u062a\u062e\u0635\u064a\u0635 \u0648\u0641\u0642\u064b\u0627 \u0644\u0646\u0648\u0639\u064a\u0629 \u0627\u0644\u0645\u064a\u0627\u0647 \u0627\u0644\u0645\u062e\u062a\u0644\u0641\u0629 \u0641\u064a \u0627\u0644\u062a\u0637\u0628\u064a\u0642<br \/>\n<b>2.<\/b>\u00a0\u064a\u0645\u0643\u0646 \u0623\u0646 \u064a\u062d\u0642\u0642 \u0647\u0630\u0627 \u0627\u0644\u0645\u0646\u062a\u062c \u0641\u0648\u0627\u0626\u062f \u0627\u0642\u062a\u0635\u0627\u062f\u064a\u0629 \u0643\u0628\u064a\u0631\u0629 \u0644\u0644\u0639\u0645\u0644\u0627\u0621 \u0648\u064a\u062d\u0638\u0649 \u0628\u0634\u0639\u0628\u064a\u0629 \u0645\u062a\u0632\u0627\u064a\u062f\u0629 \u0641\u064a \u0627\u0644\u0633\u0648\u0642. \u0648\u0647\u0648 \u0644\u0627 \u064a\u062d\u062a\u0648\u064a \u0639\u0644\u0649 \u0623\u064a \u0645\u0648\u0627\u062f \u0631\u0627\u0628\u0637\u0629 \u0623\u0648 \u0639\u0648\u0627\u0645\u0644 \u0623\u0648 \u0645\u0630\u064a\u0628\u0627\u062a \u0623\u0648 \u0645\u0648\u0627\u062f \u0645\u0636\u0627\u062f\u0629 \u0644\u0644\u0643\u0647\u0631\u0628\u0627\u0621 \u0627\u0644\u0633\u0627\u0643\u0646\u0629 \u0623\u0648 \u0639\u0648\u0627\u0645\u0644 \u062a\u0631\u0637\u064a\u0628<br \/>\n<b>3.<\/b>\u00a0\u0644\u062f\u064a\u0646\u0627 \u0645\u062e\u062a\u0628\u0631 \u0627\u062d\u062a\u0631\u0627\u0641\u064a \u0644\u0636\u0645\u0627\u0646 \u0627\u0644\u062c\u0648\u062f\u0629 \u0627\u0644\u0639\u0627\u0644\u064a\u0629 \u0644\u0647\u0630\u0627 \u0627\u0644\u0645\u0646\u062a\u062c. \u0648\u0642\u062f \u0648\u062c\u062f \u0645\u062c\u0645\u0648\u0639\u0629 \u0645\u062a\u0646\u0648\u0639\u0629 \u0645\u0646 \u0627\u0644\u062a\u0637\u0628\u064a\u0642\u0627\u062a \u0627\u0644\u062a\u064a \u062a\u062a\u0631\u0627\u0648\u062d \u0628\u064a\u0646 \u0627\u0644\u0635\u0646\u0627\u0639\u0629 \u0648\u0627\u0644\u0639\u0645\u0644\u064a\u0627\u062a \u0627\u0644\u0643\u064a\u0645\u064a\u0627\u0626\u064a\u0629 \u0648\u0627\u0644\u0623\u063a\u0630\u064a\u0629 \u0648\u0627\u0644\u0645\u0634\u0631\u0648\u0628\u0627\u062a \u0648\u0645\u0633\u062a\u062d\u0636\u0631\u0627\u062a \u0627\u0644\u062a\u062c\u0645\u064a\u0644 \u0648\u0627\u0644\u0645\u064a\u0627\u0647<br \/>\n<b>4.<\/b>\u00a0\u064a\u0639\u062a\u0645\u062f \u0641\u0631\u064a\u0642 \u0645\u0631\u0627\u0642\u0628\u0629 \u0627\u0644\u062c\u0648\u062f\u0629 \u0645\u0639\u0627\u064a\u064a\u0631 \u0627\u0644\u062c\u0648\u062f\u0629 \u0627\u0644\u0627\u062d\u062a\u0631\u0627\u0641\u064a\u0629 \u0644\u0636\u0645\u0627\u0646 \u062c\u0648\u062f\u0629 \u0647\u0630\u0627 \u0627\u0644\u0645\u0646\u062a\u062c. \u064a\u0623\u062a\u064a \u0645\u0639 \u0645\u062c\u0645\u0648\u0639\u0629 \u0648\u0627\u0633\u0639\u0629 \u0645\u0646 \u0627\u0644\u0623\u0637\u0648\u0627\u0644 \u0644\u0644\u0645\u0628\u064a\u062a\u0627\u062a \u0627\u0644\u0642\u064a\u0627\u0633\u064a\u0629 \u0648\u0643\u0627\u0645\u0644\u0629 \u0627\u0644\u062a\u062f\u0641\u0642<br \/>\n<b>5.<\/b>\u00a0\u064a\u062a\u0645 \u062a\u0639\u0632\u064a\u0632 \u0627\u0644\u0641\u062d\u0635 \u0648\u0627\u0644\u0641\u062d\u0635 \u0644\u0645\u0631\u0627\u062a \u0639\u062f\u064a\u062f\u0629 \u0644\u0644\u062a\u0623\u0643\u062f \u0645\u0646 \u062c\u0648\u062f\u062a\u0647. \u0625\u0646\u0647 \u0645\u0646\u0627\u0633\u0628 \u0644\u0644\u0627\u0633\u062a\u062e\u062f\u0627\u0645 \u0645\u0639 \u0639\u064a\u0646\u0627\u062a \u0627\u0644\u0645\u0630\u064a\u0628\u0627\u062a \u0627\u0644\u0645\u0627\u0626\u064a\u0629 \u0648\u0627\u0644\u0639\u0636\u0648\u064a\u0629 \u0646\u0638\u0631\u064b\u0627 \u0644\u062a\u0648\u0627\u0641\u0642\u0647 \u0627\u0644\u0643\u064a\u0645\u064a\u0627\u0626\u064a \u0627\u0644\u0648\u0627\u0633\u0639<\/p>\n<h3 class=\"do-entry-title\">\u0627\u0644\u062a\u0639\u0628\u0626\u0629 \u0648\u0627\u0644\u062a\u063a\u0644\u064a\u0641 \u0648\u0627\u0644\u062a\u0633\u0644\u064a\u0645<\/h3>\n<div class=\"do-entry-list\">\n<dl class=\"do-entry-item\">\n<dt class=\"do-entry-item-key\">\u0648\u062d\u062f\u0627\u062a \u0627\u0644\u0628\u064a\u0639:<\/dt>\n<dd class=\"do-entry-item-val\">\u0639\u0646\u0635\u0631 \u0648\u0627\u062d\u062f<\/dd>\n<\/dl>\n<dl class=\"do-entry-item\">\n<dt class=\"do-entry-item-key\" title=\"\u062d\u062c\u0645 \u0627\u0644\u0639\u0628\u0648\u0629 \u0627\u0644\u0648\u0627\u062d\u062f\u0629:\">\u062d\u062c\u0645 \u0627\u0644\u0639\u0628\u0648\u0629 \u0627\u0644\u0648\u0627\u062d\u062f\u0629:<\/dt>\n<dd class=\"do-entry-item-val\">6.5 \u00d7 2.8 \u00d7 25 \u0633\u0645<\/dd>\n<\/dl>\n<dl class=\"do-entry-item\">\n<dt class=\"do-entry-item-key\" title=\"\u0648\u0632\u0646 \u0625\u062c\u0645\u0627\u0644\u064a \u0648\u0627\u062d\u062f:\">\u0648\u0632\u0646 \u0625\u062c\u0645\u0627\u0644\u064a \u0648\u0627\u062d\u062f:<\/dt>\n<dd class=\"do-entry-item-val\">0.500 \u0643\u062c\u0645<\/dd>\n<\/dl>\n<dl class=\"do-entry-item\">\n<dt class=\"do-entry-item-key\">\u0646\u0648\u0639 \u0627\u0644\u0639\u0628\u0648\u0629:<\/dt>\n<dd class=\"do-entry-item-val pkg-method\">\u0645\u0646\u062a\u062c\u0627\u062a \u0641\u062d\u0645 \u0627\u0644\u062a\u0644\u0628\u064a\u062f \u0627\u0644\u0641\u062d\u0645 \u0627\u0644\u0635\u0644\u0628 \u0644\u0645\u0631\u0634\u062d \u0627\u0644\u0645\u064a\u0627\u0647 CTO \u0643\u0631\u0628\u0648\u0646 \u0642\u0634\u0631\u0629 \u062c\u0648\u0632 \u0627\u0644\u0647\u0646\u062f \u0627\u0644\u0645\u0646\u0634\u0637 \u0628\u0641\u0644\u062a\u0631 \u0643\u0631\u0628\u0648\u0646 \u0643\u062a\u0644\u0629 25 \u0645\u064a\u0643\u0631\u0648\u0646: 53 \u00d7 33 \u00d7 33 \u00d7 33 \u0633\u0645\u060c 64 \u00d7 33 \u00d7 33 \u00d7 33 \u0633\u0645<\/dd>\n<\/dl>\n<dl class=\"do-entry-item\">\n<dt class=\"do-entry-item-key\" title=\"\u0627\u0644\u0645\u0647\u0644\u0629 \u0627\u0644\u0632\u0645\u0646\u064a\u0629\">\u0627\u0644\u0645\u0647\u0644\u0629 \u0627\u0644\u0632\u0645\u0646\u064a\u0629\u00a0<i class=\"next-icon next-icon-help next-icon-xs js-leadtimes-tips\"><\/i>:<\/dt>\n<dd class=\"do-entry-item-val\" title=\"\u0627\u0644\u0645\u0647\u0644\u0629 \u0627\u0644\u0632\u0645\u0646\u064a\u0629\">\n<div class=\"table-responsive\">\n<table class=\"supply-ability-table ui2-table ui2-table-normal ui2-table-zebra ui2-table-hover\">\n<tbody>\n<tr>\n<td>\u0627\u0644\u0643\u0645\u064a\u0629 (\u0627\u0644\u0642\u0637\u0639)<\/td>\n<td>1 - 100<\/td>\n<td>101 - 500<\/td>\n<td>501 - 5000<\/td>\n<td>&gt;5000<\/td>\n<\/tr>\n<tr>\n<td>\u0627\u0644\u062a\u0642\u062f\u064a\u0631. \u0627\u0644\u0648\u0642\u062a (\u0628\u0627\u0644\u0623\u064a\u0627\u0645)<\/td>\n<td>3<\/td>\n<td>5<\/td>\n<td>10<\/td>\n<td>\u064a\u062a\u0645 \u0627\u0644\u062a\u0641\u0627\u0648\u0636 \u0628\u0634\u0623\u0646\u0647\u0627<\/td>\n<\/tr>\n<\/tbody>\n<\/table>\n<\/div>\n<\/dd>\n<\/dl>\n<\/div>","protected":false},"excerpt":{"rendered":"<table>\n<thead>\n<tr>\n<th>\u0627\u0644\u062d\u0642\u0644<\/th>\n<th>\u0627\u0644\u0642\u064a\u0645\u0629<\/th>\n<th>\u0627\u0644\u062d\u0642\u0644<\/th>\n<th>\u0627\u0644\u0642\u064a\u0645\u0629<\/th>\n<\/tr>\n<\/thead>\n<tbody>\n<tr>\n<td>\u0645\u0643\u0627\u0646 \u0627\u0644\u0645\u0646\u0634\u0623<\/td>\n<td>\u063a\u0648\u0627\u0646\u063a\u062f\u0648\u0646\u063a\u060c \u0627\u0644\u0635\u064a\u0646<\/td>\n<td>\u0627\u0633\u0645 \u0627\u0644\u0639\u0644\u0627\u0645\u0629 \u0627\u0644\u062a\u062c\u0627\u0631\u064a\u0629<\/td>\n<td>OEM\/LVYUAN<\/td>\n<\/tr>\n<tr>\n<td>\u0631\u0642\u0645 \u0627\u0644\u0645\u0648\u062f\u064a\u0644<\/td>\n<td>LY-CBF<\/td>\n<td>\u0627\u0644\u0637\u0627\u0642\u0629 (\u0648\u0627\u0637)<\/td>\n<td>0<\/td>\n<\/tr>\n<tr>\n<td>\u0627\u0644\u062c\u0647\u062f (\u0641\u0648\u0644\u062a)<\/td>\n<td>0<\/td>\n<td>\u062e\u062f\u0645\u0629 \u0645\u0627 \u0628\u0639\u062f \u0627\u0644\u0628\u064a\u0639 \u0627\u0644\u0645\u0642\u062f\u0645\u0629<\/td>\n<td>\u0644\u0627 \u0634\u064a\u0621\u060c \u062f\u0639\u0645 \u0639\u0628\u0631 \u0627\u0644\u0625\u0646\u062a\u0631\u0646\u062a<\/td>\n<\/tr>\n<tr>\n<td>\u0627\u0644\u0636\u0645\u0627\u0646<\/td>\n<td>\u0644\u0627 \u0634\u064a\u0621<\/td>\n<td>\u0627\u0644\u0646\u0648\u0639<\/td>\n<td>\u0627\u0644\u0643\u0631\u0628\u0648\u0646 \u0627\u0644\u0645\u0646\u0634\u0637<\/td>\n<\/tr>\n<tr>\n<td>\u0627\u0644\u0627\u0633\u062a\u062e\u062f\u0627\u0645<\/td>\n<td>\u0627\u0644\u062a\u0631\u0634\u064a\u062d \u0627\u0644\u0645\u0633\u0628\u0642 \u0644\u0644\u0623\u0633\u0631 \u0627\u0644\u0645\u0639\u064a\u0634\u064a\u0629<\/td>\n<td>\u0627\u0644\u062a\u0637\u0628\u064a\u0642<\/td>\n<td>\u0641\u0646\u062f\u0642\u060c \u0633\u064a\u0627\u0631\u0629\u060c \u062e\u0627\u0631\u062c\u064a\u060c \u0645\u0631\u0622\u0628\u060c \u0645\u0631\u0622\u0628\u060c \u0639\u0631\u0628\u0629 \u0633\u0643\u0646 \u0645\u062a\u0646\u0642\u0644\u0629\u060c \u062a\u062c\u0627\u0631\u064a\u060c \u0645\u0646\u0632\u0644\u064a<\/td>\n<\/tr>\n<tr>\n<td>\u0645\u0635\u062f\u0631 \u0627\u0644\u0637\u0627\u0642\u0629<\/td>\n<td>\u0628\u0637\u0627\u0631\u064a\u0629\u060c usb\u060c \u0643\u0647\u0631\u0628\u0627\u0626\u064a\u060c \u063a\u0627\u0632\u060c \u063a\u0627\u0632\u060c \u0634\u0645\u0633\u064a\u060c \u064a\u062f\u0648\u064a\u060c \u0645\u0632\u0648\u062f \u0637\u0627\u0642\u0629 \u0627\u0644\u0645\u0631\u0643\u0628\u0629<\/td>\n<td>\u0627\u0633\u0645 \u0627\u0644\u0645\u0646\u062a\u062c<\/td>\n<td>\u0641\u0644\u062a\u0631 \u0643\u0631\u0628\u0648\u0646 \u0642\u0634\u0631\u0629 \u062c\u0648\u0632 \u0627\u0644\u0647\u0646\u062f \u0630\u0648 \u0643\u062a\u0644\u0629 \u0643\u0631\u0628\u0648\u0646 25 \u0645\u064a\u0643\u0631\u0648\u0646<\/td>\n<\/tr>\n<tr>\n<td>\u0627\u0644\u0645\u0648\u0627\u062f<\/td>\n<td>\u0643\u0631\u0628\u0648\u0646 \u062c\u0648\u0632 \u0627\u0644\u0647\u0646\u062f \u0627\u0644\u0645\u0646\u0634\u0637 \u0627\u0644\u0645\u0644\u0628\u062f<\/td>\n<td>\u0627\u0644\u0637\u0648\u0644<\/td>\n<td>10-1050 \u0645\u0645<\/td>\n<\/tr>\n<tr>\n<td>OD<\/td>\n<td>14-121 \u0645\u0645<\/td>\n<td>\u0628\u0637\u0627\u0642\u0629 \u0627\u0644\u0647\u0648\u064a\u0629<\/td>\n<td>6-50 \u0645\u0645<\/td>\n<\/tr>\n<tr>\n<td>\u0645\u0639\u062f\u0644 \u0627\u0644\u0645\u064a\u0643\u0631\u0648\u0646<\/td>\n<td>0.5 - 20 \u0645\u064a\u0643\u0631\u0648\u0645\u062a\u0631<\/td>\n<td>\u0642\u064a\u0645\u0629 \u0627\u0644\u064a\u0648\u062f<\/td>\n<td>\u062d\u062a\u0649 1000<\/td>\n<\/tr>\n<tr>\n<td>\u0645\u0639\u062f\u0644 \u0627\u0644\u062a\u062f\u0641\u0642<\/td>\n<td>\u2264300 \u0644\u062a\u0631\/\u0633\u0627\u0639\u0629<\/td>\n<td><\/td>\n<td><\/td>\n<\/tr>\n<\/tbody>\n<\/table>","protected":false},"featured_media":4769,"comment_status":"open","ping_status":"closed","template":"","meta":{"_gspb_post_css":""},"product_brand":[],"product_cat":[1205],"product_tag":[1244,1826,1534,1827,1825,1184],"class_list":{"0":"post-4768","1":"product","2":"type-product","3":"status-publish","4":"has-post-thumbnail","6":"product_cat-stainless-steel-sintered-filter-cartridge","7":"product_tag-desalination-filter-cartridge","8":"product_tag-industrial-cartridge-filter","9":"product_tag-inversafilterpurification","10":"product_tag-professional-filtration-solution","11":"product_tag-sintered-cartridge-filter","12":"product_tag-wholesale-water-filter","14":"first","15":"instock","16":"shipping-taxable","17":"product-type-simple"},"_links":{"self":[{"href":"https:\/\/lyfilter.com\/ar\/wp-json\/wp\/v2\/product\/4768","targetHints":{"allow":["GET"]}}],"collection":[{"href":"https:\/\/lyfilter.com\/ar\/wp-json\/wp\/v2\/product"}],"about":[{"href":"https:\/\/lyfilter.com\/ar\/wp-json\/wp\/v2\/types\/product"}],"replies":[{"embeddable":true,"href":"https:\/\/lyfilter.com\/ar\/wp-json\/wp\/v2\/comments?post=4768"}],"wp:featuredmedia":[{"embeddable":true,"href":"https:\/\/lyfilter.com\/ar\/wp-json\/wp\/v2\/media\/4769"}],"wp:attachment":[{"href":"https:\/\/lyfilter.com\/ar\/wp-json\/wp\/v2\/media?parent=4768"}],"wp:term":[{"taxonomy":"product_brand","embeddable":true,"href":"https:\/\/lyfilter.com\/ar\/wp-json\/wp\/v2\/product_brand?post=4768"},{"taxonomy":"product_cat","embeddable":true,"href":"https:\/\/lyfilter.com\/ar\/wp-json\/wp\/v2\/product_cat?post=4768"},{"taxonomy":"product_tag","embeddable":true,"href":"https:\/\/lyfilter.com\/ar\/wp-json\/wp\/v2\/product_tag?post=4768"}],"curies":[{"name":"\u062f\u0628\u0644\u064a\u0648 \u0628\u064a","href":"https:\/\/api.w.org\/{rel}","templated":true}]}}