{"id":4660,"date":"2026-04-05T06:46:19","date_gmt":"2026-04-05T06:46:19","guid":{"rendered":"https:\/\/lyfilter.com\/"},"modified":"2026-04-05T06:46:19","modified_gmt":"2026-04-05T06:46:19","slug":"lvyuan-water-filter-wholesaler-for-industry","status":"publish","type":"product","link":"https:\/\/lyfilter.com\/ar\/lvyuan-water-filter-wholesaler-for-industry\/","title":{"rendered":"\u0644\u0641\u064a\u0648\u0627\u0646 \u0644\u062a\u0635\u0641\u064a\u0629 \u0627\u0644\u0645\u064a\u0627\u0647 \u0628\u0627\u0644\u062c\u0645\u0644\u0629 \u0644\u0644\u0635\u0646\u0627\u0639\u0629"},"content":{"rendered":"<h3 class=\"do-entry-title\">\u0627\u0644\u062a\u0639\u0628\u0626\u0629 \u0648\u0627\u0644\u062a\u063a\u0644\u064a\u0641 \u0648\u0627\u0644\u062a\u0633\u0644\u064a\u0645<\/h3>\n<div class=\"do-entry-list\">\n<dl class=\"do-entry-item\">\n<dt class=\"do-entry-item-key\">\u0648\u062d\u062f\u0627\u062a \u0627\u0644\u0628\u064a\u0639:<\/dt>\n<dd class=\"do-entry-item-val\">\u0639\u0646\u0635\u0631 \u0648\u0627\u062d\u062f<\/dd>\n<\/dl>\n<dl class=\"do-entry-item\">\n<dt class=\"do-entry-item-key\" title=\"\u062d\u062c\u0645 \u0627\u0644\u0639\u0628\u0648\u0629 \u0627\u0644\u0648\u0627\u062d\u062f\u0629:\">\u062d\u062c\u0645 \u0627\u0644\u0639\u0628\u0648\u0629 \u0627\u0644\u0648\u0627\u062d\u062f\u0629:<\/dt>\n<dd class=\"do-entry-item-val\">35 \u00d7 15 \u00d7 15 \u00d7 15 \u0633\u0645<\/dd>\n<\/dl>\n<dl class=\"do-entry-item\">\n<dt class=\"do-entry-item-key\" title=\"\u0648\u0632\u0646 \u0625\u062c\u0645\u0627\u0644\u064a \u0648\u0627\u062d\u062f:\">\u0648\u0632\u0646 \u0625\u062c\u0645\u0627\u0644\u064a \u0648\u0627\u062d\u062f:<\/dt>\n<dd class=\"do-entry-item-val\">2.000 \u0643\u062c\u0645<\/dd>\n<\/dl>\n<dl class=\"do-entry-item\">\n<dt class=\"do-entry-item-key\">\u0646\u0648\u0639 \u0627\u0644\u0639\u0628\u0648\u0629:<\/dt>\n<dd class=\"do-entry-item-val pkg-method\">\u0646\u0647\u0627\u064a\u0629 ca \/ p 334 \u062d\u0644\u0642\u0629 \u0648\u0627\u062d\u062f\u0629 \u0628\u0642\u0637\u0631 131 \u0645\u0645 \u0642\u0637\u0631\u0647\u0627 10 \u0628\u0648\u0635\u0629 \u062e\u0631\u0637\u0648\u0634\u0629 \u0641\u0644\u062a\u0631 \u0645\u064a\u0627\u0647 \u0643\u062a\u0644\u0629 \u0627\u0644\u0643\u0631\u0628\u0648\u0646 \u0627\u0644\u0645\u0646\u0634\u0637 \u0630\u0627\u062a \u0627\u0644\u062a\u062f\u0641\u0642 \u0627\u0644\u0639\u0627\u0644\u064a \u0627\u0644\u062c\u0627\u0645\u0628\u0648 \u0644\u0641\u0644\u062a\u0631 cto \u0643\u064a\u0633 \u0628\u0648\u0644\u064a \u0648\u0635\u0646\u062f\u0648\u0642 \u0643\u0631\u062a\u0648\u0646\u064a \u0635\u062f\u064a\u0642\u064a \u0627\u0644\u0639\u0632\u064a\u0632\u060c \u064a\u0645\u0643\u0646\u0646\u0627 \u0635\u0646\u0639 \u0623\u062d\u062c\u0627\u0645 \u0645\u062e\u062a\u0644\u0641\u0629 \u0645\u0646 \u0641\u0644\u062a\u0631 \u0627\u0644\u0643\u0631\u0628\u0648\u0646 \u0627\u0644\u0645\u0646\u0634\u0637\u060c \u064a\u0631\u062c\u0649 \u0625\u0631\u0633\u0627\u0644 \u0627\u0633\u062a\u0641\u0633\u0627\u0631 \u0625\u0644\u0649 \u0644\u0644\u062d\u0635\u0648\u0644 \u0639\u0644\u0649 \u0623\u0641\u0636\u0644 \u0633\u0639\u0631. \u0634\u0643\u0631\u064b\u0627 \u0644\u0643.<\/dd>\n<\/dl>\n<dl class=\"do-entry-item\">\n<dt class=\"do-entry-item-key\" title=\"\u0627\u0644\u0645\u0647\u0644\u0629 \u0627\u0644\u0632\u0645\u0646\u064a\u0629\">\u0627\u0644\u0645\u0647\u0644\u0629 \u0627\u0644\u0632\u0645\u0646\u064a\u0629\u00a0<i class=\"next-icon next-icon-help next-icon-xs js-leadtimes-tips\"><\/i>:<\/dt>\n<dd class=\"do-entry-item-val\" title=\"\u0627\u0644\u0645\u0647\u0644\u0629 \u0627\u0644\u0632\u0645\u0646\u064a\u0629\">\n<div class=\"table-responsive\">\n<table class=\"supply-ability-table ui2-table ui2-table-normal ui2-table-zebra ui2-table-hover\">\n<tbody>\n<tr>\n<td>\u0627\u0644\u0643\u0645\u064a\u0629 (\u0627\u0644\u0642\u0637\u0639)<\/td>\n<td>1 - 10000<\/td>\n<td>&gt;10000<\/td>\n<\/tr>\n<tr>\n<td>\u0627\u0644\u062a\u0642\u062f\u064a\u0631. \u0627\u0644\u0648\u0642\u062a (\u0628\u0627\u0644\u0623\u064a\u0627\u0645)<\/td>\n<td>15<\/td>\n<td>\u064a\u062a\u0645 \u0627\u0644\u062a\u0641\u0627\u0648\u0636 \u0628\u0634\u0623\u0646\u0647\u0627<\/td>\n<\/tr>\n<\/tbody>\n<\/table>\n<\/div>\n<\/dd>\n<\/dl>\n<\/div>","protected":false},"excerpt":{"rendered":"<table>\n<thead>\n<tr>\n<th>\u0627\u0644\u062d\u062c\u0645<\/th>\n<th>\u0645\u0642\u0627\u0633 \u0645\u062e\u0635\u0635<\/th>\n<th>\u0627\u0644\u0646\u0648\u0639<\/th>\n<th>\u0631\u0630\u0627\u0630 \u0627\u0644\u0647\u0628\u0627\u0621 \u0627\u0644\u062c\u0648\u064a<\/th>\n<th>\u0645\u0643\u0627\u0646 \u0627\u0644\u0645\u0646\u0634\u0623<\/th>\n<th>\u063a\u0648\u0627\u0646\u063a\u062f\u0648\u0646\u063a\u060c \u0627\u0644\u0635\u064a\u0646<\/th>\n<\/tr>\n<\/thead>\n<tbody>\n<tr>\n<td>\u0627\u0633\u0645 \u0627\u0644\u0639\u0644\u0627\u0645\u0629 \u0627\u0644\u062a\u062c\u0627\u0631\u064a\u0629<\/td>\n<td>\u0627\u0644\u0634\u0631\u0643\u0629 \u0627\u0644\u0645\u0635\u0646\u0639\u0629 \u0644\u0644\u0645\u0639\u062f\u0627\u062a \u0627\u0644\u0623\u0635\u0644\u064a\u0629<\/td>\n<td>\u0631\u0642\u0645 \u0627\u0644\u0645\u0648\u062f\u064a\u0644<\/td>\n<td>LV01<\/td>\n<td>\u0627\u0644\u0627\u0633\u0645<\/td>\n<td>\u0645\u0639\u0637\u0631 \u0647\u0648\u0627\u0621 \u0627\u0644\u0633\u064a\u0627\u0631\u0629<\/td>\n<\/tr>\n<tr>\n<td>\u0627\u0644\u0645\u0648\u0627\u062f<\/td>\n<td>\u0628\u0644\u0627\u0633\u062a\u064a\u0643 \u0627\u0644\u0628\u0648\u0644\u064a \u0625\u064a\u062b\u064a\u0644\u064a\u0646<\/td>\n<td>\u0627\u0644\u0627\u0633\u062a\u062e\u062f\u0627\u0645<\/td>\n<td>\u0645\u0639\u0637\u0631 \u0647\u0648\u0627\u0621 \u0645\u0639\u0637\u0631<\/td>\n<td>\u0627\u0644\u0644\u0648\u0646<\/td>\n<td>\u0623\u0628\u064a\u0636<\/td>\n<\/tr>\n<tr>\n<td>\u0627\u0644\u062a\u0639\u0628\u0626\u0629<\/td>\n<td>1 \u0642\u0637\u0639\u0629 \u0648\u0627\u062d\u062f\u0629\/\u062d\u0642\u064a\u0628\u0629<\/td>\n<td>\u0627\u0644\u0645\u064a\u0632\u0629<\/td>\n<td>\u0645\u0639\u0637\u0651\u0631 \u0647\u0648\u0627\u0621 \u0627\u0644\u0633\u064a\u0627\u0631\u0629 \u0627\u0644\u0635\u062f\u064a\u0642 \u0644\u0644\u0628\u064a\u0626\u0629<\/td>\n<td>\u0627\u0644\u0631\u0627\u0626\u062d\u0629<\/td>\n<td>\u062e\u0632\u0627\u0645\u0649\u060c \u0645\u062d\u064a\u0637\u060c \u0644\u064a\u0645\u0648\u0646\u060c \u0643\u0648\u0644\u0648\u0646\u064a\u0627\u060c \u0643\u0648\u0644\u0648\u0646\u064a\u0627\u060c \u0645\u0627\u0646\u062c\u064a\u062a\u064a\u0643<\/td>\n<\/tr>\n<tr>\n<td>\u0645\u0648\u0643<\/td>\n<td>1\u0645\u062c\u0645\u0648\u0639\u0629<\/td>\n<td>\u0634\u0631\u0648\u0637 \u0627\u0644\u062f\u0641\u0639<\/td>\n<td>\u0636\u0645\u0627\u0646 \u0627\u0644\u062a\u062c\u0627\u0631\u0629\u060c \u0628\u0627\u064a \u0628\u0627\u0644\u060c \u062a\u064a\/\u062a\u064a<\/td>\n<td>\u0627\u0644\u0645\u0647\u0644\u0629 \u0627\u0644\u0632\u0645\u0646\u064a\u0629<\/td>\n<td>\u0645\u0646 3 \u0625\u0644\u0649 10 \u0623\u064a\u0627\u0645<\/td>\n<\/tr>\n<\/tbody>\n<\/table>","protected":false},"featured_media":4661,"comment_status":"open","ping_status":"closed","template":"","meta":{"_gspb_post_css":""},"product_brand":[],"product_cat":[1202],"product_tag":[1754,1752,1534,1176,1136,1753],"class_list":{"0":"post-4660","1":"product","2":"type-product","3":"status-publish","4":"has-post-thumbnail","6":"product_cat-filter-cartridge","7":"product_tag-industrial-filter-locks","8":"product_tag-industrial-water-filter-wholesaler","9":"product_tag-inversafilterpurification","10":"product_tag-lvyuan-water-filter","11":"product_tag-water-filter-locks","12":"product_tag-water-filtration-supplier","14":"first","15":"instock","16":"shipping-taxable","17":"product-type-simple"},"_links":{"self":[{"href":"https:\/\/lyfilter.com\/ar\/wp-json\/wp\/v2\/product\/4660","targetHints":{"allow":["GET"]}}],"collection":[{"href":"https:\/\/lyfilter.com\/ar\/wp-json\/wp\/v2\/product"}],"about":[{"href":"https:\/\/lyfilter.com\/ar\/wp-json\/wp\/v2\/types\/product"}],"replies":[{"embeddable":true,"href":"https:\/\/lyfilter.com\/ar\/wp-json\/wp\/v2\/comments?post=4660"}],"wp:featuredmedia":[{"embeddable":true,"href":"https:\/\/lyfilter.com\/ar\/wp-json\/wp\/v2\/media\/4661"}],"wp:attachment":[{"href":"https:\/\/lyfilter.com\/ar\/wp-json\/wp\/v2\/media?parent=4660"}],"wp:term":[{"taxonomy":"product_brand","embeddable":true,"href":"https:\/\/lyfilter.com\/ar\/wp-json\/wp\/v2\/product_brand?post=4660"},{"taxonomy":"product_cat","embeddable":true,"href":"https:\/\/lyfilter.com\/ar\/wp-json\/wp\/v2\/product_cat?post=4660"},{"taxonomy":"product_tag","embeddable":true,"href":"https:\/\/lyfilter.com\/ar\/wp-json\/wp\/v2\/product_tag?post=4660"}],"curies":[{"name":"\u062f\u0628\u0644\u064a\u0648 \u0628\u064a","href":"https:\/\/api.w.org\/{rel}","templated":true}]}}