{"id":4526,"date":"2026-04-05T02:59:04","date_gmt":"2026-04-05T02:59:04","guid":{"rendered":"https:\/\/lyfilter.com\/"},"modified":"2026-04-05T02:59:04","modified_gmt":"2026-04-05T02:59:04","slug":"hot-sale-20-micron-pleated-water-filter-from-china-for-purify","status":"publish","type":"product","link":"https:\/\/lyfilter.com\/ar\/hot-sale-20-micron-pleated-water-filter-from-china-for-purify\/","title":{"rendered":"\u062d\u0627\u0631 \u0628\u064a\u0639 20 \u0645\u064a\u0643\u0631\u0648\u0646 \u0641\u0644\u062a\u0631 \u0645\u064a\u0627\u0647 \u0645\u0637\u0648\u064a 20 \u0645\u064a\u0643\u0631\u0648\u0646 \u0645\u0646 \u0627\u0644\u0635\u064a\u0646 \u0644\u0644\u062a\u0646\u0642\u064a\u0629"},"content":{"rendered":"<h3 class=\"do-entry-title\">\u0627\u0644\u062a\u0639\u0628\u0626\u0629 \u0648\u0627\u0644\u062a\u063a\u0644\u064a\u0641 \u0648\u0627\u0644\u062a\u0633\u0644\u064a\u0645<\/h3>\n<div class=\"do-entry-list\">\n<dl class=\"do-entry-item\">\n<dt class=\"do-entry-item-key\">\u0648\u062d\u062f\u0627\u062a \u0627\u0644\u0628\u064a\u0639:<\/dt>\n<dd class=\"do-entry-item-val\">\u0639\u0646\u0635\u0631 \u0648\u0627\u062d\u062f<\/dd>\n<\/dl>\n<dl class=\"do-entry-item\">\n<dt class=\"do-entry-item-key\" title=\"\u062d\u062c\u0645 \u0627\u0644\u0639\u0628\u0648\u0629 \u0627\u0644\u0648\u0627\u062d\u062f\u0629:\">\u062d\u062c\u0645 \u0627\u0644\u0639\u0628\u0648\u0629 \u0627\u0644\u0648\u0627\u062d\u062f\u0629:<\/dt>\n<dd class=\"do-entry-item-val\">68 \u00d7 40 \u00d7 40 \u00d7 40 \u0633\u0645<\/dd>\n<\/dl>\n<dl class=\"do-entry-item\">\n<dt class=\"do-entry-item-key\" title=\"\u0648\u0632\u0646 \u0625\u062c\u0645\u0627\u0644\u064a \u0648\u0627\u062d\u062f:\">\u0648\u0632\u0646 \u0625\u062c\u0645\u0627\u0644\u064a \u0648\u0627\u062d\u062f:<\/dt>\n<dd class=\"do-entry-item-val\">23.000 \u0643\u062c\u0645<\/dd>\n<\/dl>\n<dl class=\"do-entry-item\">\n<dt class=\"do-entry-item-key\">\u0646\u0648\u0639 \u0627\u0644\u0639\u0628\u0648\u0629:<\/dt>\n<dd class=\"do-entry-item-val pkg-method\">10\/20\/30\/40 \u0628\u0648\u0635\u0629 10 \u0628\u0648\u0635\u0629 10 \u0645\u064a\u0643\u0631\u0648\u0646 PP \u062e\u0631\u0637\u0648\u0634\u0629 \u0641\u0644\u062a\u0631 \u0627\u0644\u0645\u0633\u0627\u0645 \u0627\u0644\u062f\u0642\u064a\u0642\u0629 \u0627\u0644\u0645\u0637\u0648\u064a\u0629 \u0644\u063a\u0637\u0627\u0621 \u062e\u0631\u0637\u0648\u0634\u0629 \u0627\u0644\u0641\u0644\u062a\u0631 304: 10\u2033 50 \u0642\u0637\u0639\u0629\/\u0637\u0646\u060c 20\u2033 25 \u0642\u0637\u0639\u0629\/\u0637\u0646\u060c 30\u2033 25 \u0642\u0637\u0639\u0629\/\u0637\u0646\u060c 40\u2033 25 \u0642\u0637\u0639\u0629\/\u0637\u0646\u060c 40\u2033 25 \u0642\u0637\u0639\u0629\/\u0637\u0646.<\/dd>\n<\/dl>\n<dl class=\"do-entry-item\">\n<dt class=\"do-entry-item-key\" title=\"\u0627\u0644\u0645\u0647\u0644\u0629 \u0627\u0644\u0632\u0645\u0646\u064a\u0629\">\u0627\u0644\u0645\u0647\u0644\u0629 \u0627\u0644\u0632\u0645\u0646\u064a\u0629\u00a0<i class=\"next-icon next-icon-help next-icon-xs js-leadtimes-tips\"><\/i>:<\/dt>\n<dd class=\"do-entry-item-val\" title=\"\u0627\u0644\u0645\u0647\u0644\u0629 \u0627\u0644\u0632\u0645\u0646\u064a\u0629\">\n<div class=\"table-responsive\">\n<table class=\"supply-ability-table ui2-table ui2-table-normal ui2-table-zebra ui2-table-hover\">\n<tbody>\n<tr>\n<td>\u0627\u0644\u0643\u0645\u064a\u0629 (\u0627\u0644\u0642\u0637\u0639)<\/td>\n<td>1 - 100<\/td>\n<td>101 - 500<\/td>\n<td>501 - 1000<\/td>\n<td>&gt;1000<\/td>\n<\/tr>\n<tr>\n<td>\u0627\u0644\u062a\u0642\u062f\u064a\u0631. \u0627\u0644\u0648\u0642\u062a (\u0628\u0627\u0644\u0623\u064a\u0627\u0645)<\/td>\n<td>2<\/td>\n<td>5<\/td>\n<td>7<\/td>\n<td>\u064a\u062a\u0645 \u0627\u0644\u062a\u0641\u0627\u0648\u0636 \u0628\u0634\u0623\u0646\u0647\u0627<\/td>\n<\/tr>\n<\/tbody>\n<\/table>\n<\/div>\n<\/dd>\n<\/dl>\n<\/div>","protected":false},"excerpt":{"rendered":"<table>\n<thead>\n<tr>\n<th>\u0627\u0644\u062d\u0642\u0644<\/th>\n<th>\u0627\u0644\u0642\u064a\u0645\u0629<\/th>\n<th>\u0627\u0644\u062d\u0642\u0644<\/th>\n<th>\u0627\u0644\u0642\u064a\u0645\u0629<\/th>\n<\/tr>\n<\/thead>\n<tbody>\n<tr>\n<td>\u0627\u0644\u0635\u0646\u0627\u0639\u0627\u062a \u0627\u0644\u0645\u0637\u0628\u0642\u0629<\/td>\n<td>\u0627\u0644\u0627\u0633\u062a\u062e\u062f\u0627\u0645 \u0627\u0644\u0645\u0646\u0632\u0644\u064a<\/td>\n<td>\u062e\u062f\u0645\u0629 \u0645\u0627 \u0628\u0639\u062f \u0627\u0644\u0636\u0645\u0627\u0646<\/td>\n<td>\u0627\u0644\u062f\u0639\u0645 \u0639\u0628\u0631 \u0627\u0644\u0625\u0646\u062a\u0631\u0646\u062a<\/td>\n<\/tr>\n<tr>\n<td>\u0645\u0648\u0642\u0639 \u0627\u0644\u062e\u062f\u0645\u0629 \u0627\u0644\u0645\u062d\u0644\u064a\u0629<\/td>\n<td>\u0644\u0627 \u0634\u064a\u0621<\/td>\n<td>\u0645\u0648\u0642\u0639 \u0627\u0644\u0645\u0639\u0631\u0636<\/td>\n<td>\u0644\u0627 \u0634\u064a\u0621<\/td>\n<\/tr>\n<tr>\n<td>\u0627\u0644\u0641\u062d\u0635 \u0648\u0627\u0644\u062a\u0641\u062a\u064a\u0634 \u0627\u0644\u062e\u0627\u0631\u062c\u064a \u0628\u0627\u0644\u0641\u064a\u062f\u064a\u0648<\/td>\n<td>\u0627\u0644\u0645\u0642\u062f\u0645\u0629<\/td>\n<td>\u062a\u0642\u0631\u064a\u0631 \u0627\u062e\u062a\u0628\u0627\u0631 \u0627\u0644\u0645\u0627\u0643\u064a\u0646\u0627\u062a<\/td>\n<td>\u0627\u0644\u0645\u0642\u062f\u0645\u0629<\/td>\n<\/tr>\n<tr>\n<td>\u0646\u0648\u0639 \u0627\u0644\u062a\u0633\u0648\u064a\u0642<\/td>\n<td>\u0645\u0646\u062a\u062c \u0639\u0627\u062f\u064a<\/td>\n<td>\u0636\u0645\u0627\u0646 \u0627\u0644\u0645\u0643\u0648\u0646\u0627\u062a \u0627\u0644\u0623\u0633\u0627\u0633\u064a\u0629<\/td>\n<td>1 \u0633\u0646\u0629<\/td>\n<\/tr>\n<tr>\n<td>\u0627\u0644\u0645\u0643\u0648\u0646\u0627\u062a \u0627\u0644\u0623\u0633\u0627\u0633\u064a\u0629<\/td>\n<td>\u0648\u0639\u0627\u0621 \u0627\u0644\u0636\u063a\u0637<\/td>\n<td>\u0645\u0643\u0627\u0646 \u0627\u0644\u0645\u0646\u0634\u0623<\/td>\n<td>\u0627\u0644\u0635\u064a\u0646<\/td>\n<\/tr>\n<tr>\n<td>\u0627\u0644\u0636\u0645\u0627\u0646<\/td>\n<td>1 \u0633\u0646\u0629<\/td>\n<td>\u062e\u062f\u0645\u0629 \u0645\u0627 \u0628\u0639\u062f \u0627\u0644\u0628\u064a\u0639 \u0627\u0644\u0645\u0642\u062f\u0645\u0629<\/td>\n<td>\u0627\u0644\u062f\u0639\u0645 \u0639\u0628\u0631 \u0627\u0644\u0625\u0646\u062a\u0631\u0646\u062a<\/td>\n<\/tr>\n<tr>\n<td>\u0627\u0644\u0627\u0633\u0645<\/td>\n<td>\u062e\u0631\u0637\u0648\u0634\u0629 \u0641\u0644\u062a\u0631 \u0627\u0644\u0645\u0633\u0627\u0645 \u0627\u0644\u062f\u0642\u064a\u0642\u0629 \u0627\u0644\u0645\u0637\u0648\u064a\u0629 PP<\/td>\n<td>\u0645\u0627\u062f\u0629 \u063a\u0634\u0627\u0621 \u0627\u0644\u0645\u0631\u0634\u062d<\/td>\n<td>PP\/PVDF\/PTFE\/PTFE\/PES\/Nylon<\/td>\n<\/tr>\n<tr>\n<td>\u0627\u0644\u0637\u0648\u0644<\/td>\n<td>5 \/ 10 \/ 20 \/ 30 \/ 40 \/ 50 \/ 60 \u0628\u0648\u0635\u0629<\/td>\n<td>\u0643\u0648\u0646\u0643\u062a\u0648\u0631<\/td>\n<td>Fin\/222\/226\/215\/DOE\/Thread<\/td>\n<\/tr>\n<tr>\n<td>\u0645\u064a\u0643\u0631\u0648\u0646<\/td>\n<td>0.22\/0.5\/1\/3\/5\/10\/25\/50\/75\/100\/150<\/td>\n<td>\u0645\u0627\u062f\u0629 \u0627\u0644\u062d\u0644\u0642\u0629 \u0627\u0644\u062f\u0627\u0626\u0631\u064a\u0629<\/td>\n<td>EPDM\/Silicone\/PTFE<\/td>\n<\/tr>\n<tr>\n<td>\u0637\u0631\u064a\u0642\u0629 \u0627\u0644\u062e\u062a\u0645<\/td>\n<td>\u0627\u0644\u0644\u062d\u0627\u0645 \u0628\u0627\u0644\u0630\u0648\u0628\u0627\u0646 \u0627\u0644\u0633\u0627\u062e\u0646<\/td>\n<td>\u0627\u0644\u0642\u0637\u0631<\/td>\n<td>70 \u0645\u0645\/\u0645\u0644\u0645\/\u0645\u0635\u0646\u0639 \u0645\u062d\u0644\u064a \u0627\u0644\u0635\u0646\u0639<\/td>\n<\/tr>\n<tr>\n<td>\u0627\u0644\u0646\u0648\u0627\u0629 \u0627\u0644\u062f\u0627\u062e\u0644\u064a\u0629<\/td>\n<td>PP\/SS\/OEM<\/td>\n<td>\u0645\u0648\u0643<\/td>\n<td>\u0644\u0627 \u064a\u0648\u062c\u062f \u062d\u0627\u0644\u064a\u064b\u0627<\/td>\n<\/tr>\n<\/tbody>\n<\/table>","protected":false},"featured_media":4527,"comment_status":"open","ping_status":"closed","template":"","meta":{"_gspb_post_css":""},"product_brand":[],"product_cat":[21],"product_tag":[1681,1684,1683,1534,1682,1182],"class_list":{"0":"post-4526","1":"product","2":"type-product","3":"status-publish","4":"has-post-thumbnail","6":"product_cat-pleated-filter-cartridge","7":"product_tag-20-micron-pleated-filter","8":"product_tag-cartridge-filtration","9":"product_tag-china-water-filter","10":"product_tag-inversafilterpurification","11":"product_tag-pleated-water-filter","12":"product_tag-water-purification-filter","14":"first","15":"instock","16":"shipping-taxable","17":"product-type-simple"},"_links":{"self":[{"href":"https:\/\/lyfilter.com\/ar\/wp-json\/wp\/v2\/product\/4526","targetHints":{"allow":["GET"]}}],"collection":[{"href":"https:\/\/lyfilter.com\/ar\/wp-json\/wp\/v2\/product"}],"about":[{"href":"https:\/\/lyfilter.com\/ar\/wp-json\/wp\/v2\/types\/product"}],"replies":[{"embeddable":true,"href":"https:\/\/lyfilter.com\/ar\/wp-json\/wp\/v2\/comments?post=4526"}],"wp:featuredmedia":[{"embeddable":true,"href":"https:\/\/lyfilter.com\/ar\/wp-json\/wp\/v2\/media\/4527"}],"wp:attachment":[{"href":"https:\/\/lyfilter.com\/ar\/wp-json\/wp\/v2\/media?parent=4526"}],"wp:term":[{"taxonomy":"product_brand","embeddable":true,"href":"https:\/\/lyfilter.com\/ar\/wp-json\/wp\/v2\/product_brand?post=4526"},{"taxonomy":"product_cat","embeddable":true,"href":"https:\/\/lyfilter.com\/ar\/wp-json\/wp\/v2\/product_cat?post=4526"},{"taxonomy":"product_tag","embeddable":true,"href":"https:\/\/lyfilter.com\/ar\/wp-json\/wp\/v2\/product_tag?post=4526"}],"curies":[{"name":"\u062f\u0628\u0644\u064a\u0648 \u0628\u064a","href":"https:\/\/api.w.org\/{rel}","templated":true}]}}