{"id":4369,"date":"2026-04-04T08:46:20","date_gmt":"2026-04-04T08:46:20","guid":{"rendered":"https:\/\/lyfilter.com\/"},"modified":"2026-04-04T08:46:20","modified_gmt":"2026-04-04T08:46:20","slug":"single-standard-big-blue-1-inch-in-out-10-20-inch-ss316-cartridge-filter-housing-for-chemical-liquid-water-filter","status":"publish","type":"product","link":"https:\/\/lyfilter.com\/ar\/single-standard-big-blue-1-inch-in-out-10-20-inch-ss316-cartridge-filter-housing-for-chemical-liquid-water-filter\/","title":{"rendered":"\u0648\u0627\u062d\u062f \u0642\u064a\u0627\u0633\u064a \u0648\u0623\u0632\u0631\u0642 \u0643\u0628\u064a\u0631 1 \u0628\u0648\u0635\u0629 (\u062f\u0627\u062e\u0644\u064a \u0648\u062e\u0627\u0631\u062c\u064a) 10 20 \u0628\u0648\u0635\u0629 \u0645\u0628\u064a\u062a \u062e\u0631\u0637\u0648\u0634\u0629 \u0641\u0644\u062a\u0631 SS316 \u0644\u0645\u0631\u0634\u062d \u0627\u0644\u0645\u064a\u0627\u0647 \u0627\u0644\u0633\u0627\u0626\u0644\u0629 \u0627\u0644\u0643\u064a\u0645\u064a\u0627\u0626\u064a\u0629"},"content":{"rendered":"<h3 class=\"do-entry-title\">\u0627\u0644\u062a\u0639\u0628\u0626\u0629 \u0648\u0627\u0644\u062a\u063a\u0644\u064a\u0641 \u0648\u0627\u0644\u062a\u0633\u0644\u064a\u0645<\/h3>\n<div class=\"do-entry-list\">\n<dl class=\"do-entry-item\">\n<dt class=\"do-entry-item-key\">\u0648\u062d\u062f\u0627\u062a \u0627\u0644\u0628\u064a\u0639:<\/dt>\n<dd class=\"do-entry-item-val\">\u0639\u0646\u0635\u0631 \u0648\u0627\u062d\u062f<\/dd>\n<\/dl>\n<dl class=\"do-entry-item\">\n<dt class=\"do-entry-item-key\" title=\"\u062d\u062c\u0645 \u0627\u0644\u0639\u0628\u0648\u0629 \u0627\u0644\u0648\u0627\u062d\u062f\u0629:\">\u062d\u062c\u0645 \u0627\u0644\u0639\u0628\u0648\u0629 \u0627\u0644\u0648\u0627\u062d\u062f\u0629:<\/dt>\n<dd class=\"do-entry-item-val\">50 \u00d7 25 \u00d7 25 \u00d7 25 \u0633\u0645<\/dd>\n<\/dl>\n<dl class=\"do-entry-item\">\n<dt class=\"do-entry-item-key\" title=\"\u0648\u0632\u0646 \u0625\u062c\u0645\u0627\u0644\u064a \u0648\u0627\u062d\u062f:\">\u0648\u0632\u0646 \u0625\u062c\u0645\u0627\u0644\u064a \u0648\u0627\u062d\u062f:<\/dt>\n<dd class=\"do-entry-item-val\">6.000 \u0643\u062c\u0645<\/dd>\n<\/dl>\n<dl class=\"do-entry-item\">\n<dt class=\"do-entry-item-key\">\u0646\u0648\u0639 \u0627\u0644\u0639\u0628\u0648\u0629:<\/dt>\n<dd class=\"do-entry-item-val pkg-method\">\u0645\u0639\u064a\u0627\u0631 \u0648\u0627\u062d\u062f \u0648\u0623\u0632\u0631\u0642 \u0643\u0628\u064a\u0631 1 \u0628\u0648\u0635\u0629 \u0642\u064a\u0627\u0633\u064a \u0648\u0643\u0628\u064a\u0631 1 \u0628\u0648\u0635\u0629 (\u062f\u0627\u062e\u0644 \u0648\u062e\u0627\u0631\u062c) 10 20 \u0628\u0648\u0635\u0629 \u0645\u0628\u064a\u062a \u062e\u0631\u0637\u0648\u0634\u0629 \u0641\u0644\u062a\u0631 ss316 \u0644\u0645\u0631\u0634\u062d \u0627\u0644\u0645\u064a\u0627\u0647 \u0627\u0644\u0633\u0627\u0626\u0644\u0629 \u0627\u0644\u0643\u064a\u0645\u064a\u0627\u0626\u064a\u0629: \u0627\u0644\u062a\u0639\u0628\u0626\u0629 \u0648\u0627\u0644\u062a\u063a\u0644\u064a\u0641: \u0635\u0646\u062f\u0648\u0642 \u0627\u0644\u062a\u0635\u062f\u064a\u0631 \u0627\u0644\u0642\u064a\u0627\u0633\u064a \/ \u062d\u0633\u0628 \u0627\u0644\u062d\u0627\u062c\u0629<\/dd>\n<\/dl>\n<dl class=\"do-entry-item\">\n<dt class=\"do-entry-item-key\" title=\"\u0627\u0644\u0645\u0647\u0644\u0629 \u0627\u0644\u0632\u0645\u0646\u064a\u0629\">\u0627\u0644\u0645\u0647\u0644\u0629 \u0627\u0644\u0632\u0645\u0646\u064a\u0629\u00a0<i class=\"next-icon next-icon-help next-icon-xs js-leadtimes-tips\"><\/i>:<\/dt>\n<dd class=\"do-entry-item-val\" title=\"\u0627\u0644\u0645\u0647\u0644\u0629 \u0627\u0644\u0632\u0645\u0646\u064a\u0629\">\n<div class=\"table-responsive\">\n<table class=\"supply-ability-table ui2-table ui2-table-normal ui2-table-zebra ui2-table-hover\">\n<tbody>\n<tr>\n<td>\u0627\u0644\u0643\u0645\u064a\u0629 (\u0627\u0644\u0648\u062d\u062f\u0627\u062a)<\/td>\n<td>1 - 10<\/td>\n<td>11 - 100<\/td>\n<td>&gt;100<\/td>\n<\/tr>\n<tr>\n<td>\u0627\u0644\u062a\u0642\u062f\u064a\u0631. \u0627\u0644\u0648\u0642\u062a (\u0628\u0627\u0644\u0623\u064a\u0627\u0645)<\/td>\n<td>7<\/td>\n<td>15<\/td>\n<td>\u064a\u062a\u0645 \u0627\u0644\u062a\u0641\u0627\u0648\u0636 \u0628\u0634\u0623\u0646\u0647\u0627<\/td>\n<\/tr>\n<\/tbody>\n<\/table>\n<\/div>\n<\/dd>\n<\/dl>\n<\/div>","protected":false},"excerpt":{"rendered":"<table>\n<thead>\n<tr>\n<th>\u0627\u0644\u062d\u0642\u0644<\/th>\n<th>\u0627\u0644\u0642\u064a\u0645\u0629<\/th>\n<\/tr>\n<\/thead>\n<tbody>\n<tr>\n<td>\u0645\u0643\u0627\u0646 \u0627\u0644\u0645\u0646\u0634\u0623<\/td>\n<td>\u063a\u0648\u0627\u0646\u063a\u062f\u0648\u0646\u063a\u060c \u0627\u0644\u0635\u064a\u0646<\/td>\n<\/tr>\n<tr>\n<td>\u0627\u0633\u0645 \u0627\u0644\u0639\u0644\u0627\u0645\u0629 \u0627\u0644\u062a\u062c\u0627\u0631\u064a\u0629<\/td>\n<td>\u0645\u062e\u0635\u0635<\/td>\n<\/tr>\n<tr>\n<td>\u0627\u0644\u0645\u0648\u0627\u062f<\/td>\n<td>\u0645\u062e\u0635\u0635<\/td>\n<\/tr>\n<tr>\n<td>\u0627\u0644\u0648\u0632\u0646<\/td>\n<td>\u0645\u062e\u0635\u0635<\/td>\n<\/tr>\n<tr>\n<td>\u0627\u0644\u062d\u062c\u0645<\/td>\n<td>\u0645\u062e\u0635\u0635<\/td>\n<\/tr>\n<tr>\n<td>\u0627\u0644\u0637\u0627\u0642\u0629<\/td>\n<td>\u0645\u062e\u0635\u0635<\/td>\n<\/tr>\n<tr>\n<td>\u0627\u0644\u0636\u0645\u0627\u0646<\/td>\n<td>\u063a\u064a\u0631 \u0645\u062a\u0627\u062d<\/td>\n<\/tr>\n<tr>\n<td>\u0627\u0633\u0645 \u0627\u0644\u0639\u0646\u0635\u0631<\/td>\n<td>1 \u0628\u0648\u0635\u0629 (\u0644\u0644\u062f\u0627\u062e\u0644 \u0648\u0627\u0644\u062e\u0627\u0631\u062c) 10 20 \u0628\u0648\u0635\u0629 \u062e\u0631\u0637\u0648\u0634\u0629 \u062e\u0631\u0637\u0648\u0634\u0629 \u0645\u0628\u064a\u062a \u0645\u0631\u0634\u062d ss316<\/td>\n<\/tr>\n<tr>\n<td>\u0637\u0648\u0644 \u062e\u0631\u0637\u0648\u0634\u0629 \u0627\u0644\u0641\u0644\u062a\u0631<\/td>\n<td>10\u2033 20\u2033 30\u2033 40\u2033<\/td>\n<\/tr>\n<tr>\n<td>\u0627\u0644\u0641\u0648\u0644\u0627\u0630 \u0627\u0644\u0645\u0642\u0627\u0648\u0645 \u0644\u0644\u0635\u062f\u0623<\/td>\n<td>sus304\u060c sus316l<\/td>\n<\/tr>\n<tr>\n<td>\u0643\u0645\u064a\u0629 \u0641\u0644\u0627\u062a\u0631 \u0627\u0644\u062e\u0631\u0627\u0637\u064a\u0634<\/td>\n<td>\u0646\u0648\u0627\u0629 \u0648\u0627\u062d\u062f\u0629<\/td>\n<\/tr>\n<tr>\n<td>\u0645\u0639\u0627\u0644\u062c\u0629 \u0627\u0644\u0633\u0637\u062d<\/td>\n<td>\u0645\u0635\u0642\u0648\u0644 \u0648\u0631\u0645\u0644 \u0645\u0635\u0642\u0648\u0644<\/td>\n<\/tr>\n<tr>\n<td>\u062d\u0644\u0642\u0629 \u0627\u0644\u062e\u062a\u0645 \u0627\u0644\u062f\u0627\u0626\u0631\u064a\u0629<\/td>\n<td>\u0633\u064a\u0644\u064a\u0633\u062a\u064a\u0643\/\u0625\u0646BR\/EPDM\/\u0641\u064a\u062a\u0648\u0646<\/td>\n<\/tr>\n<tr>\n<td>\u0646\u0648\u0639 \u0627\u0644\u063a\u0637\u0627\u0621 \u0627\u0644\u0639\u0644\u0648\u064a \u0627\u0644\u0645\u062b\u0628\u062a<\/td>\n<td>\u0646\u0648\u0639 \u0627\u0644\u0645\u0634\u0628\u0643<\/td>\n<\/tr>\n<tr>\n<td>\u0646\u0648\u0639 \u0627\u0644\u0645\u0648\u0635\u0644<\/td>\n<td>222\/226\/226\/DOE<\/td>\n<\/tr>\n<tr>\n<td>\u0646\u0648\u0639 \u0627\u0644\u0645\u062f\u062e\u0644 \u0648\u0627\u0644\u0645\u062e\u0631\u062c<\/td>\n<td>\u0627\u0644\u062e\u064a\u0637 \u0627\u0644\u062f\u0627\u062e\u0644\u064a<\/td>\n<\/tr>\n<tr>\n<td>\u0637\u0631\u064a\u0642\u0629 \u0627\u0644\u062a\u063a\u0644\u064a\u0641<\/td>\n<td>\u0635\u0646\u062f\u0648\u0642 \u0627\u0644\u062a\u0635\u062f\u064a\u0631 \u0627\u0644\u0642\u064a\u0627\u0633\u064a<\/td>\n<\/tr>\n<tr>\n<td>\u062e\u062f\u0645\u0629 \u0645\u0627 \u0628\u0639\u062f \u0627\u0644\u0628\u064a\u0639 \u0627\u0644\u0645\u0642\u062f\u0645\u0629<\/td>\n<td>\u0627\u0644\u062f\u0639\u0645 \u0639\u0628\u0631 \u0627\u0644\u0625\u0646\u062a\u0631\u0646\u062a<\/td>\n<\/tr>\n<\/tbody>\n<\/table>","protected":false},"featured_media":4371,"comment_status":"open","ping_status":"closed","template":"","meta":{"_gspb_post_css":""},"product_brand":[],"product_cat":[1202],"product_tag":[1593,1594,101,1595,1534,1592],"class_list":{"0":"post-4369","1":"product","2":"type-product","3":"status-publish","4":"has-post-thumbnail","6":"product_cat-filter-cartridge","7":"product_tag-10-inch-filter-housing","8":"product_tag-20-inch-filter-housing","9":"product_tag-big-blue-filter-housing","10":"product_tag-chemical-liquid-water-filter","11":"product_tag-inversafilterpurification","12":"product_tag-ss316-cartridge-filter-housing","14":"first","15":"instock","16":"shipping-taxable","17":"product-type-simple"},"_links":{"self":[{"href":"https:\/\/lyfilter.com\/ar\/wp-json\/wp\/v2\/product\/4369","targetHints":{"allow":["GET"]}}],"collection":[{"href":"https:\/\/lyfilter.com\/ar\/wp-json\/wp\/v2\/product"}],"about":[{"href":"https:\/\/lyfilter.com\/ar\/wp-json\/wp\/v2\/types\/product"}],"replies":[{"embeddable":true,"href":"https:\/\/lyfilter.com\/ar\/wp-json\/wp\/v2\/comments?post=4369"}],"wp:featuredmedia":[{"embeddable":true,"href":"https:\/\/lyfilter.com\/ar\/wp-json\/wp\/v2\/media\/4371"}],"wp:attachment":[{"href":"https:\/\/lyfilter.com\/ar\/wp-json\/wp\/v2\/media?parent=4369"}],"wp:term":[{"taxonomy":"product_brand","embeddable":true,"href":"https:\/\/lyfilter.com\/ar\/wp-json\/wp\/v2\/product_brand?post=4369"},{"taxonomy":"product_cat","embeddable":true,"href":"https:\/\/lyfilter.com\/ar\/wp-json\/wp\/v2\/product_cat?post=4369"},{"taxonomy":"product_tag","embeddable":true,"href":"https:\/\/lyfilter.com\/ar\/wp-json\/wp\/v2\/product_tag?post=4369"}],"curies":[{"name":"\u062f\u0628\u0644\u064a\u0648 \u0628\u064a","href":"https:\/\/api.w.org\/{rel}","templated":true}]}}