{"id":4362,"date":"2026-04-04T08:37:15","date_gmt":"2026-04-04T08:37:15","guid":{"rendered":"https:\/\/lyfilter.com\/"},"modified":"2026-04-04T08:37:15","modified_gmt":"2026-04-04T08:37:15","slug":"compressed-sintered-cto-water-filter-25-microns-activated-carbon-filter-element-for-household-water-purifier-filter","status":"publish","type":"product","link":"https:\/\/lyfilter.com\/ar\/compressed-sintered-cto-water-filter-25-microns-activated-carbon-filter-element-for-household-water-purifier-filter\/","title":{"rendered":"\u0641\u0644\u062a\u0631 \u0645\u064a\u0627\u0647 \u0645\u0636\u063a\u0648\u0637\/\u0645\u0644\u0628\u062f\u0627\u0626\u0644 \u0627\u0644\u0643\u0631\u0628\u0648\u0646 \u0627\u0644\u0645\u0646\u0634\u0637 25 \u0645\u064a\u0643\u0631\u0648\u0646 \u0644\u0645\u0631\u0634\u062d \u0627\u0644\u0645\u064a\u0627\u0647 \u0627\u0644\u0645\u0636\u063a\u0648\u0637\/\u0627\u0644\u0645\u062a\u0643\u0644\u0633 CTO 25 \u0645\u064a\u0643\u0631\u0648\u0646 \u0644\u0639\u0646\u0635\u0631 \u0641\u0644\u062a\u0631 \u0627\u0644\u0643\u0631\u0628\u0648\u0646 \u0627\u0644\u0645\u0646\u0634\u0637 \u0644\u0645\u0631\u0634\u062d \u062a\u0646\u0642\u064a\u0629 \u0627\u0644\u0645\u064a\u0627\u0647 \u0627\u0644\u0645\u0646\u0632\u0644\u064a\u0629"},"content":{"rendered":"<h3 class=\"do-entry-title\">\u0627\u0644\u062a\u0639\u0628\u0626\u0629 \u0648\u0627\u0644\u062a\u063a\u0644\u064a\u0641 \u0648\u0627\u0644\u062a\u0633\u0644\u064a\u0645<\/h3>\n<div class=\"do-entry-list\">\n<dl class=\"do-entry-item\">\n<dt class=\"do-entry-item-key\">\u0648\u062d\u062f\u0627\u062a \u0627\u0644\u0628\u064a\u0639:<\/dt>\n<dd class=\"do-entry-item-val\">\u0639\u0646\u0635\u0631 \u0648\u0627\u062d\u062f<\/dd>\n<\/dl>\n<dl class=\"do-entry-item\">\n<dt class=\"do-entry-item-key\" title=\"\u062d\u062c\u0645 \u0627\u0644\u0639\u0628\u0648\u0629 \u0627\u0644\u0648\u0627\u062d\u062f\u0629:\">\u062d\u062c\u0645 \u0627\u0644\u0639\u0628\u0648\u0629 \u0627\u0644\u0648\u0627\u062d\u062f\u0629:<\/dt>\n<dd class=\"do-entry-item-val\">6.5 \u00d7 2.8 \u00d7 25 \u0633\u0645<\/dd>\n<\/dl>\n<dl class=\"do-entry-item\">\n<dt class=\"do-entry-item-key\" title=\"\u0648\u0632\u0646 \u0625\u062c\u0645\u0627\u0644\u064a \u0648\u0627\u062d\u062f:\">\u0648\u0632\u0646 \u0625\u062c\u0645\u0627\u0644\u064a \u0648\u0627\u062d\u062f:<\/dt>\n<dd class=\"do-entry-item-val\">0.200 \u0643\u062c\u0645<\/dd>\n<\/dl>\n<dl class=\"do-entry-item\">\n<dt class=\"do-entry-item-key\">\u0646\u0648\u0639 \u0627\u0644\u0639\u0628\u0648\u0629:<\/dt>\n<dd class=\"do-entry-item-val pkg-method\">\u0641\u0644\u062a\u0631 \u0645\u064a\u0627\u0647 \u0645\u0636\u063a\u0648\u0637\/\u0645\u0644\u0628\u062f\u0627\u0626\u0644 \u0627\u0644\u0643\u0631\u0628\u0648\u0646 \u0627\u0644\u0645\u0646\u0634\u0637 25 \u0645\u064a\u0643\u0631\u0648\u0646 \u0644\u0641\u0644\u062a\u0631 \u0627\u0644\u0645\u064a\u0627\u0647 \u0627\u0644\u0645\u0646\u0632\u0644\u064a \u0644\u062a\u0646\u0642\u064a\u0629 \u0627\u0644\u0645\u064a\u0627\u0647 \u0627\u0644\u0645\u0646\u0632\u0644\u064a\u0629: 53 \u00d7 33 \u00d7 33 \u00d7 33 \u0633\u0645\u060c 64 \u00d7 33 \u00d7 33 \u00d7 33 \u0633\u0645<\/dd>\n<\/dl>\n<dl class=\"do-entry-item\">\n<dt class=\"do-entry-item-key\" title=\"\u0627\u0644\u0645\u0647\u0644\u0629 \u0627\u0644\u0632\u0645\u0646\u064a\u0629\">\u0627\u0644\u0645\u0647\u0644\u0629 \u0627\u0644\u0632\u0645\u0646\u064a\u0629\u00a0<i class=\"next-icon next-icon-help next-icon-xs js-leadtimes-tips\"><\/i>:<\/dt>\n<dd class=\"do-entry-item-val\" title=\"\u0627\u0644\u0645\u0647\u0644\u0629 \u0627\u0644\u0632\u0645\u0646\u064a\u0629\">\n<div class=\"table-responsive\">\n<table class=\"supply-ability-table ui2-table ui2-table-normal ui2-table-zebra ui2-table-hover\">\n<tbody>\n<tr>\n<td>\u0627\u0644\u0643\u0645\u064a\u0629 (\u0627\u0644\u0642\u0637\u0639)<\/td>\n<td>1 - 100<\/td>\n<td>101 - 500<\/td>\n<td>501 - 1000<\/td>\n<td>&gt;1000<\/td>\n<\/tr>\n<tr>\n<td>\u0627\u0644\u062a\u0642\u062f\u064a\u0631. \u0627\u0644\u0648\u0642\u062a (\u0628\u0627\u0644\u0623\u064a\u0627\u0645)<\/td>\n<td>3<\/td>\n<td>5<\/td>\n<td>7<\/td>\n<td>\u064a\u062a\u0645 \u0627\u0644\u062a\u0641\u0627\u0648\u0636 \u0628\u0634\u0623\u0646\u0647\u0627<\/td>\n<\/tr>\n<\/tbody>\n<\/table>\n<\/div>\n<\/dd>\n<\/dl>\n<\/div>","protected":false},"excerpt":{"rendered":"<table>\n<thead>\n<tr>\n<th>\u0627\u0644\u062d\u0642\u0644<\/th>\n<th>\u0627\u0644\u0642\u064a\u0645\u0629<\/th>\n<\/tr>\n<\/thead>\n<tbody>\n<tr>\n<td>\u0645\u0643\u0627\u0646 \u0627\u0644\u0645\u0646\u0634\u0623<\/td>\n<td>\u0627\u0644\u0635\u064a\u0646<\/td>\n<\/tr>\n<tr>\n<td>\u0627\u0644\u0637\u0627\u0642\u0629 (\u0648\u0627\u0637)<\/td>\n<td>0<\/td>\n<\/tr>\n<tr>\n<td>\u0627\u0644\u062c\u0647\u062f (\u0641\u0648\u0644\u062a)<\/td>\n<td>0<\/td>\n<\/tr>\n<tr>\n<td>\u062e\u062f\u0645\u0629 \u0645\u0627 \u0628\u0639\u062f \u0627\u0644\u0628\u064a\u0639 \u0627\u0644\u0645\u0642\u062f\u0645\u0629<\/td>\n<td>\u0627\u0644\u062a\u0631\u0643\u064a\u0628 \u0641\u064a \u0627\u0644\u0645\u0648\u0642\u0639\u060c \u0627\u0644\u062f\u0639\u0645 \u0639\u0628\u0631 \u0627\u0644\u0625\u0646\u062a\u0631\u0646\u062a<\/td>\n<\/tr>\n<tr>\n<td>\u0627\u0644\u0636\u0645\u0627\u0646<\/td>\n<td>1 \u0633\u0646\u0629<\/td>\n<\/tr>\n<tr>\n<td>\u0627\u0644\u0646\u0648\u0639<\/td>\n<td>\u0627\u0644\u0643\u0631\u0628\u0648\u0646 \u0627\u0644\u0645\u0646\u0634\u0637<\/td>\n<\/tr>\n<tr>\n<td>\u0627\u0644\u062a\u0635\u062f\u064a\u0642<\/td>\n<td>ce\u060c CSA\u060c ISO<\/td>\n<\/tr>\n<tr>\n<td>\u0627\u0644\u0627\u0633\u062a\u062e\u062f\u0627\u0645<\/td>\n<td>\u0627\u0644\u062a\u0631\u0634\u064a\u062d \u0627\u0644\u0645\u0633\u0628\u0642 \u0644\u0644\u0623\u0633\u0631 \u0627\u0644\u0645\u0639\u064a\u0634\u064a\u0629<\/td>\n<\/tr>\n<tr>\n<td>\u0627\u0644\u062a\u0637\u0628\u064a\u0642<\/td>\n<td>\u0627\u0644\u0623\u0633\u0631\u0629 \u0627\u0644\u0645\u0639\u064a\u0634\u064a\u0629<\/td>\n<\/tr>\n<tr>\n<td>\u0645\u0635\u062f\u0631 \u0627\u0644\u0637\u0627\u0642\u0629<\/td>\n<td>\u064a\u062f\u0648\u064a<\/td>\n<\/tr>\n<tr>\n<td>\u0627\u0633\u0645 \u0627\u0644\u0645\u0646\u062a\u062c<\/td>\n<td>\u0639\u0646\u0635\u0631 \u0641\u0644\u062a\u0631 \u0627\u0644\u0643\u0631\u0628\u0648\u0646 \u0627\u0644\u0645\u0646\u0634\u0637<\/td>\n<\/tr>\n<tr>\n<td>\u0627\u0644\u0645\u0648\u0627\u062f<\/td>\n<td>\u0643\u0631\u0628\u0648\u0646 \u062c\u0648\u0632 \u0627\u0644\u0647\u0646\u062f \u0627\u0644\u0645\u0646\u0634\u0637 \u0627\u0644\u0645\u0644\u0628\u062f<\/td>\n<\/tr>\n<tr>\n<td>\u0627\u0644\u0637\u0648\u0644<\/td>\n<td>10-1050 \u0645\u0645<\/td>\n<\/tr>\n<tr>\n<td>OD<\/td>\n<td>14-121 \u0645\u0645<\/td>\n<\/tr>\n<tr>\n<td>\u0628\u0637\u0627\u0642\u0629 \u0627\u0644\u0647\u0648\u064a\u0629<\/td>\n<td>6-50 \u0645\u0645<\/td>\n<\/tr>\n<tr>\n<td>\u0645\u0639\u062f\u0644 \u0627\u0644\u0645\u064a\u0643\u0631\u0648\u0646<\/td>\n<td>0.5 - 20 \u0645\u064a\u0643\u0631\u0648\u0645\u062a\u0631<\/td>\n<\/tr>\n<tr>\n<td>\u0642\u064a\u0645\u0629 \u0627\u0644\u064a\u0648\u062f<\/td>\n<td>\u062d\u062a\u0649 1000<\/td>\n<\/tr>\n<tr>\n<td>\u0645\u0639\u062f\u0644 \u0627\u0644\u062a\u062f\u0641\u0642<\/td>\n<td>\u2264300 \u0644\u062a\u0631\/\u0633\u0627\u0639\u0629<\/td>\n<\/tr>\n<\/tbody>\n<\/table>","protected":false},"featured_media":4363,"comment_status":"open","ping_status":"closed","template":"","meta":{"_gspb_post_css":""},"product_brand":[],"product_cat":[1339],"product_tag":[1587,1586,1588,1534,1589,1136],"class_list":{"0":"post-4362","1":"product","2":"type-product","3":"status-publish","4":"has-post-thumbnail","6":"product_cat-carbon-filter","7":"product_tag-25-micron-activated-carbon-filter","8":"product_tag-compressed-cto-water-filter","9":"product_tag-household-water-purifier-filter","10":"product_tag-inversafilterpurification","11":"product_tag-sintered-carbon-filter-element","12":"product_tag-water-filter-locks","14":"first","15":"instock","16":"shipping-taxable","17":"product-type-simple"},"_links":{"self":[{"href":"https:\/\/lyfilter.com\/ar\/wp-json\/wp\/v2\/product\/4362","targetHints":{"allow":["GET"]}}],"collection":[{"href":"https:\/\/lyfilter.com\/ar\/wp-json\/wp\/v2\/product"}],"about":[{"href":"https:\/\/lyfilter.com\/ar\/wp-json\/wp\/v2\/types\/product"}],"replies":[{"embeddable":true,"href":"https:\/\/lyfilter.com\/ar\/wp-json\/wp\/v2\/comments?post=4362"}],"wp:featuredmedia":[{"embeddable":true,"href":"https:\/\/lyfilter.com\/ar\/wp-json\/wp\/v2\/media\/4363"}],"wp:attachment":[{"href":"https:\/\/lyfilter.com\/ar\/wp-json\/wp\/v2\/media?parent=4362"}],"wp:term":[{"taxonomy":"product_brand","embeddable":true,"href":"https:\/\/lyfilter.com\/ar\/wp-json\/wp\/v2\/product_brand?post=4362"},{"taxonomy":"product_cat","embeddable":true,"href":"https:\/\/lyfilter.com\/ar\/wp-json\/wp\/v2\/product_cat?post=4362"},{"taxonomy":"product_tag","embeddable":true,"href":"https:\/\/lyfilter.com\/ar\/wp-json\/wp\/v2\/product_tag?post=4362"}],"curies":[{"name":"\u062f\u0628\u0644\u064a\u0648 \u0628\u064a","href":"https:\/\/api.w.org\/{rel}","templated":true}]}}