{"id":4192,"date":"2026-04-04T06:14:53","date_gmt":"2026-04-04T06:14:53","guid":{"rendered":"https:\/\/lyfilter.com\/"},"modified":"2026-04-04T06:14:53","modified_gmt":"2026-04-04T06:14:53","slug":"for-food-carbon-steel-bag-filter-housing-by-lvyuan-filter","status":"publish","type":"product","link":"https:\/\/lyfilter.com\/ar\/for-food-carbon-steel-bag-filter-housing-by-lvyuan-filter\/","title":{"rendered":"\u0644\u0645\u0628\u064a\u062a \u0645\u0631\u0634\u062d \u0643\u064a\u0633 \u0627\u0644\u0641\u0648\u0644\u0627\u0630 \u0627\u0644\u0643\u0631\u0628\u0648\u0646\u064a \u0644\u0644\u0623\u063a\u0630\u064a\u0629 \u0628\u0648\u0627\u0633\u0637\u0629 \u0645\u0631\u0634\u062d \u0644\u0641\u064a\u0648\u0627\u0646"},"content":{"rendered":"<h3 class=\"do-entry-title\">\u0627\u0644\u062a\u0639\u0628\u0626\u0629 \u0648\u0627\u0644\u062a\u063a\u0644\u064a\u0641 \u0648\u0627\u0644\u062a\u0633\u0644\u064a\u0645<\/h3>\n<p><b>\u0645\u0632\u0627\u064a\u0627 \u0627\u0644\u0634\u0631\u0643\u0629<\/b><\/p>\n<p>\u00b7\u00a0<a href=\"https:\/\/lyfilter.com\/ar\/\">\u0641\u0644\u062a\u0631 \u0644\u0641\u064a\u0648\u0627\u0646<\/a>\u00a0\u0645\u0628\u064a\u062a \u0645\u0631\u0634\u062d \u0643\u064a\u0633 \u0627\u0644\u0641\u0648\u0644\u0627\u0630 \u0627\u0644\u0643\u0631\u0628\u0648\u0646\u064a \u0645\u0635\u0645\u0645 \u0648\u0645\u0635\u0646\u0651\u0639 \u0628\u062f\u0642\u0629 \u0628\u0646\u0627\u0621\u064b \u0639\u0644\u0649 \u0645\u062a\u0637\u0644\u0628\u0627\u062a \u0627\u0644\u0639\u0645\u064a\u0644 \u0627\u0644\u062e\u0627\u0635\u0629.<\/p>\n<p>- \u062a\u0645 \u0627\u0639\u062a\u0645\u0627\u062f \u0627\u0644\u0645\u0646\u062a\u062c \u0631\u0633\u0645\u064a\u064b\u0627 \u0648\u0641\u0642\u064b\u0627 \u0644\u0645\u0639\u0627\u064a\u064a\u0631 \u0627\u0644\u062c\u0648\u062f\u0629 \u0627\u0644\u0645\u0639\u0645\u0648\u0644 \u0628\u0647\u0627 \u0641\u064a \u0627\u0644\u0635\u0646\u0627\u0639\u0629<\/p>\n<p>- \u0633\u062a\u0642\u062f\u0645 \u0634\u0631\u0643\u0629 \u0642\u0648\u0627\u0646\u063a\u062a\u0634\u0648 \u0644\u0641\u064a\u0648\u0627\u0646 \u0644\u0645\u0639\u062f\u0627\u062a \u062a\u0646\u0642\u064a\u0629 \u0627\u0644\u0645\u064a\u0627\u0647 \u0627\u0644\u0645\u062d\u062f\u0648\u062f\u0629 \u0623\u0641\u0636\u0644 \u062e\u062f\u0645\u0629 \u0644\u062c\u0645\u064a\u0639 \u0639\u0645\u0644\u0627\u0626\u0646\u0627.<\/p>\n<p>&nbsp;<\/p>\n<div class=\"pro_aliData\">\n<div class=\"detail-box\">\n<div class=\"scc-wrapper detail-module module-cspu\" data-module=\"cspu\"><\/div>\n<div class=\"scc-wrapper detail-module module-productPackagingAndQuickDetail\" data-spm=\"prilinga1e\">\n<div class=\"widget-detail-overview\">\n<div class=\"do-title\">\u0644\u0645\u062d\u0629 \u0639\u0627\u0645\u0629<\/div>\n<div id=\"car-parts-model\"><\/div>\n<div class=\"do-content\">\n<div class=\"do-overview\">\n<div class=\"do-entry do-entry-separate\">\n<div class=\"do-entry-title\">\u062a\u0641\u0627\u0635\u064a\u0644 \u0633\u0631\u064a\u0639\u0629<\/div>\n<div class=\"do-entry-list\">\n<dl id=\"224439040\" class=\"do-entry-item\">\n<dt class=\"do-entry-item\"><span class=\"attr-name J-attr-name\" title=\"\u0627\u0644\u0635\u0646\u0627\u0639\u0627\u062a \u0627\u0644\u0645\u0637\u0628\u0642\u0629\">\u0627\u0644\u0635\u0646\u0627\u0639\u0627\u062a \u0627\u0644\u0645\u0637\u0628\u0642\u0629:<\/span><\/dt>\n<dd class=\"do-entry-item-val\">\n<div class=\"ellipsis\" title=\"\u0627\u0644\u0641\u0646\u0627\u062f\u0642\u060c \u0645\u062d\u0644\u0627\u062a \u0627\u0644\u0645\u0644\u0627\u0628\u0633\u060c \u0645\u062d\u0644\u0627\u062a \u0645\u0648\u0627\u062f \u0627\u0644\u0628\u0646\u0627\u0621\u060c \u0645\u062d\u0644\u0627\u062a \u0645\u0648\u0627\u062f \u0627\u0644\u0628\u0646\u0627\u0621\u060c \u0645\u0635\u0627\u0646\u0639 \u0627\u0644\u062a\u0635\u0646\u064a\u0639\u060c \u0645\u062d\u0644\u0627\u062a \u062a\u0635\u0644\u064a\u062d \u0627\u0644\u0622\u0644\u0627\u062a\u060c \u0645\u0635\u0627\u0646\u0639 \u0627\u0644\u0623\u063a\u0630\u064a\u0629 \u0648\u0627\u0644\u0645\u0634\u0631\u0648\u0628\u0627\u062a\u060c \u0627\u0644\u0645\u0632\u0627\u0631\u0639\u060c \u0627\u0644\u0645\u0637\u0627\u0639\u0645\u060c \u0627\u0644\u0645\u0637\u0627\u0639\u0645\u060c \u0627\u0644\u0627\u0633\u062a\u062e\u062f\u0627\u0645 \u0627\u0644\u0645\u0646\u0632\u0644\u064a\u060c \u0627\u0644\u0628\u064a\u0639 \u0628\u0627\u0644\u062a\u062c\u0632\u0626\u0629\u060c \u0645\u062d\u0644\u0627\u062a \u0627\u0644\u0623\u063a\u0630\u064a\u0629\u060c \u0645\u062d\u0644\u0627\u062a \u0627\u0644\u0637\u0628\u0627\u0639\u0629\u060c \u0623\u0639\u0645\u0627\u0644 \u0627\u0644\u0628\u0646\u0627\u0621\u060c \u0627\u0644\u0637\u0627\u0642\u0629 \u0648\u0627\u0644\u062a\u0639\u062f\u064a\u0646\u060c \u0645\u062d\u0644\u0627\u062a \u0627\u0644\u0623\u063a\u0630\u064a\u0629 \u0648\u0627\u0644\u0645\u0634\u0631\u0648\u0628\u0627\u062a\u060c \u0634\u0631\u0643\u0629 \u0627\u0644\u0625\u0639\u0644\u0627\u0646\u0627\u062a\">\u0627\u0644\u0641\u0646\u0627\u062f\u0642\u060c \u0645\u062d\u0644\u0627\u062a \u0627\u0644\u0645\u0644\u0627\u0628\u0633\u060c \u0645\u062d\u0644\u0627\u062a \u0645\u0648\u0627\u062f \u0627\u0644\u0628\u0646\u0627\u0621\u060c \u0645\u062d\u0644\u0627\u062a \u0645\u0648\u0627\u062f \u0627\u0644\u0628\u0646\u0627\u0621\u060c \u0645\u0635\u0627\u0646\u0639 \u0627\u0644\u062a\u0635\u0646\u064a\u0639\u060c \u0645\u062d\u0644\u0627\u062a \u062a\u0635\u0644\u064a\u062d \u0627\u0644\u0622\u0644\u0627\u062a\u060c \u0645\u0635\u0627\u0646\u0639 \u0627\u0644\u0623\u063a\u0630\u064a\u0629 \u0648\u0627\u0644\u0645\u0634\u0631\u0648\u0628\u0627\u062a\u060c \u0627\u0644\u0645\u0632\u0627\u0631\u0639\u060c \u0627\u0644\u0645\u0637\u0627\u0639\u0645\u060c \u0627\u0644\u0645\u0637\u0627\u0639\u0645\u060c \u0627\u0644\u0627\u0633\u062a\u062e\u062f\u0627\u0645 \u0627\u0644\u0645\u0646\u0632\u0644\u064a\u060c \u0627\u0644\u0628\u064a\u0639 \u0628\u0627\u0644\u062a\u062c\u0632\u0626\u0629\u060c \u0645\u062d\u0644\u0627\u062a \u0627\u0644\u0623\u063a\u0630\u064a\u0629\u060c \u0645\u062d\u0644\u0627\u062a \u0627\u0644\u0637\u0628\u0627\u0639\u0629\u060c \u0623\u0639\u0645\u0627\u0644 \u0627\u0644\u0628\u0646\u0627\u0621\u060c \u0627\u0644\u0637\u0627\u0642\u0629 \u0648\u0627\u0644\u062a\u0639\u062f\u064a\u0646\u060c \u0645\u062d\u0644\u0627\u062a \u0627\u0644\u0623\u063a\u0630\u064a\u0629 \u0648\u0627\u0644\u0645\u0634\u0631\u0648\u0628\u0627\u062a\u060c \u0634\u0631\u0643\u0629 \u0627\u0644\u0625\u0639\u0644\u0627\u0646\u0627\u062a<\/div>\n<\/dd>\n<\/dl>\n<\/div>\n<\/div>\n<\/div>\n<\/div>\n<\/div>\n<\/div>\n<\/div>\n<\/div>\n<div class=\"do-entry-list\">\n<dl class=\"do-entry-item\">\n<dt class=\"do-entry-item-key\">\u0648\u062d\u062f\u0627\u062a \u0627\u0644\u0628\u064a\u0639:<\/dt>\n<dd class=\"do-entry-item-val\">\u0639\u0646\u0635\u0631 \u0648\u0627\u062d\u062f<\/dd>\n<\/dl>\n<dl class=\"do-entry-item\">\n<dt class=\"do-entry-item-key\" title=\"\u062d\u062c\u0645 \u0627\u0644\u0639\u0628\u0648\u0629 \u0627\u0644\u0648\u0627\u062d\u062f\u0629:\">\u062d\u062c\u0645 \u0627\u0644\u0639\u0628\u0648\u0629 \u0627\u0644\u0648\u0627\u062d\u062f\u0629:<\/dt>\n<dd class=\"do-entry-item-val\">75 \u00d7 50 \u00d7 50 \u00d7 75 \u0633\u0645<\/dd>\n<\/dl>\n<dl class=\"do-entry-item\">\n<dt class=\"do-entry-item-key\" title=\"\u0648\u0632\u0646 \u0625\u062c\u0645\u0627\u0644\u064a \u0648\u0627\u062d\u062f:\">\u0648\u0632\u0646 \u0625\u062c\u0645\u0627\u0644\u064a \u0648\u0627\u062d\u062f:<\/dt>\n<dd class=\"do-entry-item-val\">30.000 \u0643\u062c\u0645<\/dd>\n<\/dl>\n<dl class=\"do-entry-item\">\n<dt class=\"do-entry-item-key\">\u0646\u0648\u0639 \u0627\u0644\u0639\u0628\u0648\u0629:<\/dt>\n<dd class=\"do-entry-item-val pkg-method\">50 \u0645\u064a\u0643\u0631\u0648\u0646 SS304 316L \u0645\u0631\u0634\u062d \u0633\u0627\u0626\u0644 \u0627\u0644\u063a\u0631\u0627\u0621 \u0627\u0644\u0635\u0646\u0627\u0639\u064a SS304 316L \u0622\u0644\u0629 \u062a\u0635\u0641\u064a\u0629 \u062e\u0631\u0637\u0648\u0634\u0629 \u0627\u0644\u0641\u0648\u0644\u0627\u0630 \u0627\u0644\u0645\u0642\u0627\u0648\u0645 \u0644\u0644\u0635\u062f\u0623 \u0627\u0644\u0633\u0627\u0626\u0644 \u0645\u0639 \u0645\u0636\u062e\u0629 \u063a\u0634\u0627\u0621 \u0647\u0648\u0627\u0626\u064a SS: \u0627\u0644\u062a\u0639\u0628\u0626\u0629 \u0648\u0627\u0644\u062a\u063a\u0644\u064a\u0641: \u0635\u0646\u062f\u0648\u0642 \u0627\u0644\u062a\u0635\u062f\u064a\u0631 \u0627\u0644\u0642\u064a\u0627\u0633\u064a \/ \u062d\u0633\u0628 \u0627\u0644\u062d\u0627\u062c\u0629<\/dd>\n<\/dl>\n<dl class=\"do-entry-item\">\n<dt class=\"do-entry-item-key\" title=\"\u0627\u0644\u0645\u0647\u0644\u0629 \u0627\u0644\u0632\u0645\u0646\u064a\u0629\">\u0627\u0644\u0645\u0647\u0644\u0629 \u0627\u0644\u0632\u0645\u0646\u064a\u0629\u00a0<i class=\"next-icon next-icon-help next-icon-xs js-leadtimes-tips\"><\/i>:<\/dt>\n<dd class=\"do-entry-item-val\" title=\"\u0627\u0644\u0645\u0647\u0644\u0629 \u0627\u0644\u0632\u0645\u0646\u064a\u0629\">\n<div class=\"table-responsive\">\n<table class=\"supply-ability-table ui2-table ui2-table-normal ui2-table-zebra ui2-table-hover\">\n<tbody>\n<tr>\n<td>\u0627\u0644\u0643\u0645\u064a\u0629 (\u0627\u0644\u0648\u062d\u062f\u0627\u062a)<\/td>\n<td>1 - 10<\/td>\n<td>11 - 100<\/td>\n<td>&gt;100<\/td>\n<\/tr>\n<tr>\n<td>\u0627\u0644\u062a\u0642\u062f\u064a\u0631. \u0627\u0644\u0648\u0642\u062a (\u0628\u0627\u0644\u0623\u064a\u0627\u0645)<\/td>\n<td>5<\/td>\n<td>10<\/td>\n<td>\u064a\u062a\u0645 \u0627\u0644\u062a\u0641\u0627\u0648\u0636 \u0628\u0634\u0623\u0646\u0647\u0627<\/td>\n<\/tr>\n<\/tbody>\n<\/table>\n<\/div>\n<\/dd>\n<\/dl>\n<\/div>","protected":false},"excerpt":{"rendered":"<table>\n<thead>\n<tr>\n<th>\u0627\u0644\u0633\u0645\u0629<\/th>\n<th>\u0627\u0644\u0642\u064a\u0645\u0629<\/th>\n<th>\u0627\u0644\u0633\u0645\u0629<\/th>\n<th>\u0627\u0644\u0642\u064a\u0645\u0629<\/th>\n<\/tr>\n<\/thead>\n<tbody>\n<tr>\n<td>\u0645\u0643\u0627\u0646 \u0627\u0644\u0645\u0646\u0634\u0623<\/td>\n<td>\u063a\u0648\u0627\u0646\u063a\u062f\u0648\u0646\u063a\u060c \u0627\u0644\u0635\u064a\u0646<\/td>\n<td>\u0627\u0633\u0645 \u0627\u0644\u0639\u0644\u0627\u0645\u0629 \u0627\u0644\u062a\u062c\u0627\u0631\u064a\u0629<\/td>\n<td>LVYUAN\/OEM<\/td>\n<\/tr>\n<tr>\n<td>\u0627\u0644\u0636\u0645\u0627\u0646<\/td>\n<td>1 \u0633\u0646\u0629<\/td>\n<td>\u062e\u062f\u0645\u0629 \u0645\u0627 \u0628\u0639\u062f \u0627\u0644\u0628\u064a\u0639 \u0627\u0644\u0645\u0642\u062f\u0645\u0629<\/td>\n<td>\u0627\u0644\u062f\u0639\u0645 \u0639\u0628\u0631 \u0627\u0644\u0625\u0646\u062a\u0631\u0646\u062a<\/td>\n<\/tr>\n<tr>\n<td>\u0627\u0633\u0645 \u0627\u0644\u0639\u0646\u0635\u0631<\/td>\n<td>\u0645\u0639\u0627\u0644\u062c\u0629 \u0645\u0628\u064a\u062a \u062e\u0631\u0637\u0648\u0634\u0629 \u0627\u0644\u0641\u0644\u062a\u0631 \u0627\u0644\u0635\u0646\u0627\u0639\u064a 1 2 2 3 4 5 \u0645\u0631\u0627\u062d\u0644 \u0635\u0646\u0627\u0639\u064a\u0629<\/td>\n<td>\u0627\u0644\u0645\u0648\u0627\u062f<\/td>\n<td>SS304 \/ SS316L<\/td>\n<\/tr>\n<tr>\n<td>\u0645\u0627\u062f\u0629 \u0643\u064a\u0633 \u0627\u0644\u0641\u0644\u062a\u0631<\/td>\n<td>\u062d\u0642\u064a\u0628\u0629 PE BAG\/PP BAG<\/td>\n<td>\u0643\u0645\u064a\u0629 \u0627\u0644\u0641\u0644\u062a\u0631 \u0627\u0644\u0643\u064a\u0633\u064a<\/td>\n<td>\u0645\u0628\u064a\u062a \u0645\u0631\u0634\u062d \u0627\u0644\u0643\u064a\u0633 \u0627\u0644\u0648\u0627\u062d\u062f<\/td>\n<\/tr>\n<tr>\n<td>\u0645\u0639\u0627\u0644\u062c\u0629 \u0627\u0644\u0633\u0637\u062d<\/td>\n<td>\u0645\u0635\u0642\u0648\u0644 \u0648\u0631\u0645\u0644 \u0645\u0635\u0642\u0648\u0644<\/td>\n<td>\u062d\u0644\u0642\u0629 \u0627\u0644\u062e\u062a\u0645 \u0627\u0644\u062f\u0627\u0626\u0631\u064a\u0629<\/td>\n<td>\u0633\u064a\u0644\u064a\u0633\u062a\u064a\u0643\/\u0625\u0646BR\/EPDM\/\u0641\u064a\u062a\u0648\u0646<\/td>\n<\/tr>\n<tr>\n<td>\u0646\u0648\u0639 \u0627\u0644\u063a\u0637\u0627\u0621 \u0627\u0644\u0639\u0644\u0648\u064a \u0627\u0644\u0645\u062b\u0628\u062a<\/td>\n<td>\u0646\u0648\u0639 \u0627\u0644\u0645\u0634\u0628\u0643\/\u0646\u0648\u0639 \u0627\u0644\u0628\u0631\u063a\u064a<\/td>\n<td>\u0646\u0648\u0639 \u0627\u0644\u0645\u062f\u062e\u0644 \u0648\u0627\u0644\u0645\u062e\u0631\u062c<\/td>\n<td>\u0627\u0644\u062e\u064a\u0637 \u0627\u0644\u062f\u0627\u062e\u0644\u064a\/\u0627\u0644\u0634\u0641\u0629 \u0627\u0644\u062f\u0627\u062e\u0644\u064a\u0629<\/td>\n<\/tr>\n<tr>\n<td>\u0646\u0648\u0639 \u0627\u0644\u0645\u0648\u0635\u0644<\/td>\n<td>222\/226\/226\/DOE<\/td>\n<td>\u0637\u0631\u064a\u0642\u0629 \u0627\u0644\u062a\u063a\u0644\u064a\u0641<\/td>\n<td>\u0635\u0646\u062f\u0648\u0642 \u0627\u0644\u062a\u0635\u062f\u064a\u0631 \u0627\u0644\u0642\u064a\u0627\u0633\u064a<\/td>\n<\/tr>\n<\/tbody>\n<\/table>","protected":false},"featured_media":4198,"comment_status":"open","ping_status":"closed","template":"","meta":{"_gspb_post_css":""},"product_brand":[],"product_cat":[1135],"product_tag":[1499,1501,1503,1502,1500,1136],"class_list":{"0":"post-4192","1":"product","2":"type-product","3":"status-publish","4":"has-post-thumbnail","6":"product_cat-stainless-steel-bag-filter-housing","7":"product_tag-carbon-steel-bag-filter-housing","8":"product_tag-food-filtration-housing","9":"product_tag-food-processing-filter-system","10":"product_tag-industrial-bag-filter-housing","11":"product_tag-lvyuan-filter-bag-housing","12":"product_tag-water-filter-locks","14":"first","15":"instock","16":"shipping-taxable","17":"product-type-simple"},"_links":{"self":[{"href":"https:\/\/lyfilter.com\/ar\/wp-json\/wp\/v2\/product\/4192","targetHints":{"allow":["GET"]}}],"collection":[{"href":"https:\/\/lyfilter.com\/ar\/wp-json\/wp\/v2\/product"}],"about":[{"href":"https:\/\/lyfilter.com\/ar\/wp-json\/wp\/v2\/types\/product"}],"replies":[{"embeddable":true,"href":"https:\/\/lyfilter.com\/ar\/wp-json\/wp\/v2\/comments?post=4192"}],"wp:featuredmedia":[{"embeddable":true,"href":"https:\/\/lyfilter.com\/ar\/wp-json\/wp\/v2\/media\/4198"}],"wp:attachment":[{"href":"https:\/\/lyfilter.com\/ar\/wp-json\/wp\/v2\/media?parent=4192"}],"wp:term":[{"taxonomy":"product_brand","embeddable":true,"href":"https:\/\/lyfilter.com\/ar\/wp-json\/wp\/v2\/product_brand?post=4192"},{"taxonomy":"product_cat","embeddable":true,"href":"https:\/\/lyfilter.com\/ar\/wp-json\/wp\/v2\/product_cat?post=4192"},{"taxonomy":"product_tag","embeddable":true,"href":"https:\/\/lyfilter.com\/ar\/wp-json\/wp\/v2\/product_tag?post=4192"}],"curies":[{"name":"\u062f\u0628\u0644\u064a\u0648 \u0628\u064a","href":"https:\/\/api.w.org\/{rel}","templated":true}]}}