{"id":4182,"date":"2026-04-04T05:58:10","date_gmt":"2026-04-04T05:58:10","guid":{"rendered":"https:\/\/lyfilter.com\/"},"modified":"2026-04-04T05:58:10","modified_gmt":"2026-04-04T05:58:10","slug":"sintered-metal-filter-10000-units-month-by-lvyuan-filter","status":"publish","type":"product","link":"https:\/\/lyfilter.com\/ar\/sintered-metal-filter-10000-units-month-by-lvyuan-filter\/","title":{"rendered":"\u0645\u0631\u0634\u062d \u0645\u0639\u062f\u0646\u064a \u0645\u062a\u0643\u0644\u0633 10000 \u0648\u062d\u062f\u0629\/\u0634\u0647\u0631\u064a\u064b\u0627 \u0628\u0648\u0627\u0633\u0637\u0629 \u0645\u0631\u0634\u062d \u0644\u0641\u064a\u0648\u0627\u0646"},"content":{"rendered":"<div class=\"er-fangkuang1\">\n<p>\u25c6 \u064a\u0645\u0643\u0646 \u0623\u0646 \u062a\u0644\u0628\u064a \u0645\u0631\u0634\u062d\u0627\u062a Lvyuan \u0627\u0644\u0645\u0644\u0628\u062f\u0629 \u0627\u0644\u0645\u0633\u0627\u0645\u064a\u0629 \u0627\u0644\u0645\u0633\u0627\u0645\u064a\u0629 \u0645\u062a\u0637\u0644\u0628\u0627\u062a \u0627\u0644\u0639\u0645\u0644\u0627\u0621 \u0627\u0644\u0645\u062e\u062a\u0644\u0641\u064a\u0646. \u062a\u062a\u0648\u0641\u0631 \u0623\u0634\u0643\u0627\u0644 \u0645\u0635\u0628\u0648\u0628\u0629 \u062d\u0633\u0628 \u0627\u0644\u0637\u0644\u0628.<\/p>\n<p>\u0627\u0644\u0628\u0648\u0644\u064a \u0625\u064a\u062b\u064a\u0644\u064a\u0646 \u0627\u0644\u0628\u0648\u0644\u064a \u0625\u064a\u062b\u064a\u0644\u064a\u0646 \u0639\u0627\u0644\u064a \u0627\u0644\u0643\u062b\u0627\u0641\u0629 \u0648\u0627\u0644\u0628\u0648\u0644\u064a \u0625\u064a\u062b\u064a\u0644\u064a\u0646 \u0639\u0627\u0644\u064a \u0627\u0644\u0643\u062b\u0627\u0641\u0629\u00a0<a href=\"https:\/\/lyfilter.com\/ar\/sintered-filter-cartridge.html\/\">\u062e\u0631\u0637\u0648\u0634\u0629 \u0641\u0644\u062a\u0631 \u0645\u0644\u0628\u062f<\/a>\uff1a<br \/>\n\u0645\u0646\u062a\u062c\u0627\u062a \u0627\u0644\u0628\u0648\u0644\u064a \u0625\u064a\u062b\u064a\u0644\u064a\u0646 \u0627\u0644\u0645\u0633\u0627\u0645\u064a \u0627\u0644\u0645\u0644\u0628\u062f (PE) \u0647\u064a \u0627\u0644\u0645\u0646\u062a\u062c\u0627\u062a \u0627\u0644\u0628\u0644\u0627\u0633\u062a\u064a\u0643\u064a\u0629 \u0627\u0644\u0623\u0643\u062b\u0631 \u0627\u0633\u062a\u062e\u062f\u0627\u0645\u064b\u0627\u00a0<a href=\"https:\/\/lyfilter.com\/ar\/products.html\/\">\u0639\u0646\u0635\u0631 \u0627\u0644\u0641\u0644\u062a\u0631<\/a>\u00a0\u0641\u064a \u0627\u0644\u0639\u0627\u0644\u0645. \u0628\u0644\u0627\u0633\u062a\u064a\u0643 \u0627\u0644\u0628\u0648\u0644\u064a \u0625\u064a\u062b\u064a\u0644\u064a\u0646 \u0627\u0644\u0645\u0633\u0627\u0645\u064a \u0647\u0648 \u0628\u0644\u0627\u0633\u062a\u064a\u0643 \u062d\u0631\u0627\u0631\u064a \u0642\u0648\u064a \u0648\u062e\u0641\u064a\u0641 \u0627\u0644\u0648\u0632\u0646 \u0645\u0639 \u0645\u0642\u0627\u0648\u0645\u0629 \u0643\u064a\u0645\u064a\u0627\u0626\u064a\u0629 \u0642\u0648\u064a\u0629 (\u0627\u0644\u0623\u062d\u0645\u0627\u0636 \u0648\u0627\u0644\u0642\u0644\u0648\u064a\u0627\u062a) \u0648\u0645\u0639\u062f\u0644\u0627\u062a \u0645\u064a\u0643\u0631\u0648\u0646 \u0648\u0627\u0633\u0639\u0629 \u0645\u0646 1 \u0625\u0644\u0649 200 \u0645\u064a\u0643\u0631\u0648\u0646. \u064a\u062a\u0648\u0641\u0631 \u0627\u0644\u0628\u0648\u0644\u064a \u0625\u064a\u062b\u064a\u0644\u064a\u0646 \u0641\u0627\u0626\u0642 \u0627\u0644\u0648\u0632\u0646 \u0627\u0644\u062c\u0632\u064a\u0626\u064a (UHMWPE) \u0648\u0627\u0644\u0628\u0648\u0644\u064a \u0625\u064a\u062b\u064a\u0644\u064a\u0646 \u0639\u0627\u0644\u064a \u0627\u0644\u0643\u062b\u0627\u0641\u0629 (HDPE) \u0641\u064a \u0623\u0646\u0627\u0628\u064a\u0628 \u0648\u0635\u0641\u0627\u0626\u062d \u0648\u0642\u0636\u0628\u0627\u0646 \u0648\u0623\u0634\u0643\u0627\u0644 \u0645\u0635\u0628\u0648\u0628\u0629 \u0645\u062a\u0627\u062d\u0629 \u0644\u0645\u062e\u062a\u0644\u0641 \u0627\u0644\u062a\u0637\u0628\u064a\u0642\u0627\u062a.<\/p>\n<p>\u062e\u0631\u0637\u0648\u0634\u0629 \u0627\u0644\u0641\u0644\u062a\u0631 \u0627\u0644\u0645\u0644\u0628\u062f PTFE:<br \/>\n\u064a\u062a\u0645 \u0625\u0646\u062a\u0627\u062c \u0639\u0646\u0627\u0635\u0631 \u0645\u0631\u0634\u062d PTFE \u0630\u0627\u062a \u0627\u0644\u0645\u0633\u0627\u0645 \u0627\u0644\u062f\u0642\u064a\u0642\u0629 \u0639\u0646 \u0637\u0631\u064a\u0642 \u062a\u0644\u0628\u064a\u062f \u062d\u0628\u064a\u0628\u0627\u062a PTFE \u0627\u0644\u0646\u0642\u064a\u0629 (\u0628\u0648\u0644\u064a \u062a\u062a\u0631\u0627\u0641\u0644\u0648\u0631\u0648\u0625\u064a\u062b\u064a\u0644\u064a\u0646)\u060c \u0648\u0644\u0627 \u064a\u062a\u0645 \u0627\u0633\u062a\u062e\u062f\u0627\u0645 \u0623\u064a \u0645\u0648\u0627\u062f \u0623\u062e\u0631\u0649 \u0641\u064a \u0627\u0644\u0628\u0646\u0627\u0621. \u0639\u0627\u062f\u0629\u064b \u0645\u0627 \u064a\u062a\u0645 \u062a\u0642\u062f\u064a\u0645 \u0639\u0646\u0627\u0635\u0631 \u0627\u0644\u0645\u0631\u0634\u062d \u0647\u0630\u0647 \u0639\u0646\u062f\u0645\u0627 \u0644\u0627 \u064a\u0645\u0643\u0646 \u0627\u0633\u062a\u062e\u062f\u0627\u0645 \u0633\u0648\u0649 100% PTFE \u0627\u0644\u0646\u0642\u064a \u0627\u0644\u0642\u0627\u0628\u0644 \u0644\u0644\u062a\u0635\u0631\u0641. \u0645\u064a\u0632\u0629 PTFE \u0647\u064a \u062f\u0631\u062c\u0629 \u062d\u0631\u0627\u0631\u0629 \u0642\u0635\u0648\u0649 \u0623\u0639\u0644\u0649\u060c \u062a\u0635\u0644 \u0625\u0644\u0649 200 \u062f\u0631\u062c\u0629 \u0645\u0626\u0648\u064a\u0629\u060c \u0648\u0645\u0642\u0627\u0648\u0645\u0629 \u0643\u064a\u0645\u064a\u0627\u0626\u064a\u0629 \u0623\u0641\u0636\u0644 \u0625\u0644\u0649 \u062d\u062f \u0645\u0627. \u064a\u062c\u0628 \u062a\u0646\u0638\u064a\u0641 \u0639\u0646\u0627\u0635\u0631 \u0627\u0644\u0645\u0631\u0634\u062d \u0647\u0630\u0647 \u0628\u0627\u0644\u0645\u0648\u062c\u0627\u062a \u0641\u0648\u0642 \u0627\u0644\u0635\u0648\u062a\u064a\u0629 \u0644\u0625\u0639\u0637\u0627\u0621 \u0623\u0641\u0636\u0644 \u0627\u0644\u0646\u062a\u0627\u0626\u062c.<\/p>\n<p>\u062e\u0631\u0637\u0648\u0634\u0629 \u0641\u0644\u062a\u0631 \u0645\u062a\u0643\u0644\u0633 PVDF:<br \/>\n\u062a\u064f\u0639\u062f \u0645\u0646\u062a\u062c\u0627\u062a PVDF \u0627\u0644\u0645\u0633\u0627\u0645\u064a\u0629 \u0627\u0644\u0645\u0644\u0628\u062f\u0629 (\u0641\u0644\u0648\u0631\u064a\u062f \u0627\u0644\u0628\u0648\u0644\u064a \u0641\u064a\u0646\u064a\u0644 \u0645\u062a\u0639\u062f\u062f \u0627\u0644\u0641\u064a\u0646\u064a\u0644\u062f\u064a\u0646) \u062e\u064a\u0627\u0631\u0627\u062a \u062c\u064a\u062f\u0629 \u0639\u0646\u062f \u0627\u0644\u062a\u0639\u0631\u0636 \u0644\u0644\u0638\u0631\u0648\u0641 \u0627\u0644\u062d\u0631\u0627\u0631\u064a\u0629 \u0648\u0627\u0644\u0623\u0634\u0639\u0629 \u0641\u0648\u0642 \u0627\u0644\u0628\u0646\u0641\u0633\u062c\u064a\u0629 \u0648\u0627\u0644\u0623\u0648\u0632\u0648\u0646 \u0648\u0627\u0644\u0638\u0631\u0648\u0641 \u0627\u0644\u0643\u064a\u0645\u064a\u0627\u0626\u064a\u0629 \u0627\u0644\u0642\u0627\u0633\u064a\u0629. \u062a\u062a\u0645\u064a\u0632 \u0645\u0646\u062a\u062c\u0627\u062a PVDF \u0627\u0644\u0645\u0633\u0627\u0645\u064a\u0629 PVDF \u0628\u0627\u0644\u0635\u0644\u0627\u0628\u0629 \u0627\u0644\u0634\u062f\u064a\u062f\u0629 \u0648\u0628\u0645\u062a\u0648\u0633\u0637 \u062d\u062c\u0645 \u0645\u0633\u0627\u0645 \u064a\u0628\u0644\u063a 25 \u0645\u064a\u0643\u0631\u0648\u0646. \u064a\u0645\u0643\u0646 \u0623\u0646 \u062a\u0639\u0645\u0644 \u0641\u064a \u062f\u0631\u062c\u0629 \u062d\u0631\u0627\u0631\u0629 \u0645\u0646 -62 \u0625\u0644\u0649 149 \u2103.<\/p>\n<p>\u062e\u0631\u0637\u0648\u0634\u0629 \u0641\u0644\u062a\u0631 \u0645\u062a\u0643\u0644\u0633 PA\/Nylon Sintered:<br \/>\n\u0627\u0644\u0646\u0627\u064a\u0644\u0648\u0646\u060c \u0648\u0647\u0648 \u0627\u0644\u0627\u0633\u0645 \u0627\u0644\u062a\u062c\u0627\u0631\u064a \u0644\u0644\u0628\u0648\u0644\u064a \u0623\u0645\u064a\u062f\u0627\u062a (PA)\u060c \u0647\u0648 \u0628\u0648\u0644\u064a\u0645\u0631 \u0634\u0628\u0647 \u0628\u0644\u0648\u0631\u064a \u064a\u062d\u062a\u0648\u064a \u0639\u0644\u0649 \u0645\u062c\u0645\u0648\u0639\u0627\u062a \u0627\u0644\u0623\u0645\u064a\u0646 \u0648\u0627\u0644\u0643\u0631\u0628\u0648\u0646\u064a\u0644. \u0647\u0646\u0627\u0643 \u0627\u0644\u0639\u062f\u064a\u062f \u0645\u0646 \u0627\u0644\u0625\u0635\u062f\u0627\u0631\u0627\u062a. \u064a\u062a\u0645\u064a\u0632 \u0627\u0644\u0646\u0627\u064a\u0644\u0648\u0646\/PA \u0628\u0642\u0648\u0629 \u0639\u0627\u0644\u064a\u0629 \u0648\u0645\u0642\u0627\u0648\u0645\u0629 \u062d\u0631\u0627\u0631\u064a\u0629 \u0639\u0627\u0644\u064a\u0629 \u0645\u0639 \u062f\u0631\u062c\u0629 \u062d\u0631\u0627\u0631\u0629 \u062a\u0644\u064a\u064a\u0646 \u062a\u0635\u0644 \u0625\u0644\u0649 190 \u2103. \u062a\u062a\u0631\u0627\u0648\u062d \u062f\u0631\u062c\u0629 \u062d\u0631\u0627\u0631\u0629 \u0627\u0644\u062a\u0634\u063a\u064a\u0644 \u0645\u0646 -40 \u062f\u0631\u062c\u0629 \u0645\u0626\u0648\u064a\u0629 \u0625\u0644\u0649 121 \u062f\u0631\u062c\u0629 \u0645\u0626\u0648\u064a\u0629\u060c \u0648\u062a\u062a\u0645\u064a\u0632 \u0645\u0646\u062a\u062c\u0627\u062a PA\/Nylon \u0627\u0644\u0645\u0633\u0627\u0645\u064a\u0629 \u0627\u0644\u0645\u0644\u0628\u062f\u0629 \u0628\u0642\u0648\u0629 \u0634\u062f \u0639\u0627\u0644\u064a\u0629 \u062c\u062f\u064b\u0627 \u0648\u0645\u0642\u0627\u0648\u0645\u0629 \u062c\u064a\u062f\u0629 \u0644\u0644\u062a\u0622\u0643\u0644 \u0648\u0627\u0644\u0645\u0642\u0627\u0648\u0645\u0629 \u0627\u0644\u0643\u064a\u0645\u064a\u0627\u0626\u064a\u0629 \u0648\u0645\u0639\u0627\u0645\u0644 \u0627\u062d\u062a\u0643\u0627\u0643 \u0645\u0646\u062e\u0641\u0636.<\/p>\n<\/div>\n<div class=\"er-fangkuang1\">\n<p>\u00a0 \u0645\u064a\u0632\u0629 \u0627\u0644\u0645\u0646\u062a\u062c<\/p>\n<div class=\"description\">\n<ul>\n<li><span class=\"font-color\">\u25ea \u00a0\u00a0<\/span>\u0645\u0633\u0627\u0645\u064a\u0629 \u0639\u0627\u0644\u064a\u0629 (60%) \u0644\u0636\u0645\u0627\u0646 \u062a\u062f\u0641\u0642 \u0623\u0643\u0628\u0631 \u0644\u0643\u0644 \u0648\u062d\u062f\u0629 \u0645\u0633\u0627\u062d\u0629;<\/li>\n<li><span class=\"font-color\">\u25ea\u00a0 \u00a0<\/span>\u0633\u0637\u062d \u062e\u0627\u0631\u062c\u064a \u0623\u0645\u0644\u0633\u060c \u0648\u0627\u0644\u0634\u0648\u0627\u0626\u0628 \u0644\u064a\u0633\u062a \u0633\u0647\u0644\u0629 \u0627\u0644\u0627\u0644\u062a\u0635\u0627\u0642\u060c \u0648\u0627\u0644\u063a\u0633\u064a\u0644 \u0627\u0644\u062e\u0644\u0641\u064a \u0633\u0647\u0644 \u0648\u0634\u0627\u0645\u0644;<\/li>\n<li><span class=\"font-color\">\u25ea\u00a0 \u00a0<\/span>\u0642\u062f\u0631\u0629 \u0645\u0636\u0627\u062f\u0629 \u0644\u0644\u0642\u0627\u0630\u0648\u0631\u0627\u062a: \u0635\u063a\u0631 \u062d\u062c\u0645 \u0627\u0644\u0645\u0631\u0634\u062d \u0628\u062d\u064a\u062b \u0644\u0627 \u064a\u0645\u0643\u0646 \u0627\u0644\u0627\u062d\u062a\u0641\u0627\u0638 \u0628\u0627\u0644\u0634\u0648\u0627\u0626\u0628 \u0641\u064a \u062c\u0633\u0645 \u0627\u0644\u0645\u0631\u0634\u062d;<\/li>\n<li><span class=\"font-color\">\u25ea\u00a0 \u00a0<\/span>\u0645\u0642\u0627\u0648\u0645\u0629 \u0627\u0644\u0623\u062d\u0645\u0627\u0636 \u0627\u0644\u0642\u0648\u064a\u0629 \u0648\u0627\u0644\u062a\u0622\u0643\u0644 \u0627\u0644\u0642\u0644\u0648\u064a \u0648\u0645\u0642\u0627\u0648\u0645\u0629 \u0627\u0644\u062a\u0622\u0643\u0644 \u0627\u0644\u0642\u0644\u0648\u064a \u0648\u0645\u0642\u0627\u0648\u0645\u0629 \u0627\u0644\u0645\u0630\u064a\u0628\u0627\u062a \u0627\u0644\u0639\u0636\u0648\u064a\u0629;<\/li>\n<li><span class=\"font-color\">\u25ea\u00a0 \u00a0<\/span>\u062e\u0635\u0627\u0626\u0635 \u0645\u064a\u0643\u0627\u0646\u064a\u0643\u064a\u0629 \u0645\u0645\u062a\u0627\u0632\u0629;<\/li>\n<li><span class=\"font-color\">\u25ea\u00a0 \u00a0<\/span>\u0644\u0627 \u064a\u0648\u062c\u062f \u0625\u0637\u0644\u0627\u0642 \u0644\u0644\u062c\u0633\u064a\u0645\u0627\u062a.<\/li>\n<li><span class=\"font-color\">\u25ea\u00a0 \u00a0<\/span>\u0645\u062c\u0645\u0648\u0639\u0629 \u0627\u0644\u0645\u0646\u062a\u062c\u0627\u062a \u0648\u0646\u0637\u0627\u0642 \u0627\u0644\u062a\u0637\u0628\u064a\u0642 \u0627\u0644\u0648\u0627\u0633\u0639<\/li>\n<\/ul>\n<\/div>\n<\/div>","protected":false},"excerpt":{"rendered":"<table>\n<thead>\n<tr>\n<th>\u0627\u0644\u0633\u0645\u0629<\/th>\n<th>\u0627\u0644\u0642\u064a\u0645\u0629<\/th>\n<th>\u0627\u0644\u0633\u0645\u0629<\/th>\n<th>\u0627\u0644\u0642\u064a\u0645\u0629<\/th>\n<\/tr>\n<\/thead>\n<tbody>\n<tr>\n<td>\u0623\u0628\u0639\u0627\u062f \u062e\u0631\u0637\u0648\u0634\u0629 \u0641\u064a\u062a\u0631<\/td>\n<td><\/td>\n<td>\u0627\u0644\u062d\u062c\u0645 \u0627\u0644\u0639\u0627\u062f\u064a (\u0645\u0645)<\/td>\n<td>31 \u00d7 12\u00d712\u00d71000\u060c 31\u00d720\u00d71000\u060c 38\u00d720\u00d71000\u060c 38\u00d718\u00d71000\u060c 38\u00d720\u00d71200\u060c 38\u00d720\u00d71200\u060c 38\u00d720\u00d71300\u060c 38\u00d720\u00d7150\u060c 38\u00d720\u00d7400\u060c 38\u00d720\u00d7250\u060c 38\u00d720\u00d7200\u060c 38\u00d720\u00d7180\u060c 38\u00d720\u00d7180\u060c 38\u00d720\u00d7150\u060c 50\u00d720\u00d71000\u060c 50\u00d731\u00d71000\u060c 50\u00d738\u00d71000\u060c 65\u00d731\u00d71000\u060c 65\u00d738\u00d71000\u060c 64\u00d744\u00d71000\u060c 78\u00d762\u00d7750 \u0645\u0645\u060c \u0625\u0644\u062e.<\/td>\n<\/tr>\n<tr>\n<td>\u0623\u0628\u0639\u0627\u062f \u0623\u062e\u0631\u0649<\/td>\n<td>\u0645\u062e\u0635\u0635 \u062d\u0633\u0628 \u0637\u0644\u0628 \u0627\u0644\u0639\u0645\u064a\u0644.<\/td>\n<td>\u0645\u0648\u0627\u062f \u0627\u0644\u0625\u0646\u0634\u0627\u0621\u0627\u062a<\/td>\n<td><\/td>\n<\/tr>\n<tr>\n<td>\u062e\u064a\u0627\u0631 \u0648\u0633\u0627\u0626\u0637 \u0627\u0644\u062a\u0635\u0641\u064a\u0629<\/td>\n<td>\u0627\u0644\u0628\u0648\u0644\u064a \u0625\u064a\u062b\u064a\u0644\u064a\u0646 \u0627\u0644\u0628\u0648\u0644\u064a \u0625\u064a\u062b\u064a\u0644\u064a\u0646\u060c \u0627\u0644\u0628\u0648\u0644\u064a \u0625\u064a\u062b\u064a\u0644\u064a\u0646 \u0639\u0627\u0644\u064a \u0627\u0644\u0643\u062b\u0627\u0641\u0629\u060c PTFE\u060c PVDF\u060c PA\/Nylon \u0648\u063a\u064a\u0631\u0647\u0627<\/td>\n<td>\u0646\u0648\u0639 \u0627\u0644\u0645\u0648\u0635\u0644<\/td>\n<td>\u0645\u0633\u0637\u062d\u0629\u060c \u0646\u0648\u0639 \u0627\u0644\u0625\u062f\u062e\u0627\u0644\u060c \u0646\u0648\u0639 \u0627\u0644\u062e\u064a\u0637\u060c \u0632\u0639\u0646\u0641\u0629<\/td>\n<\/tr>\n<tr>\n<td>\u0623\u063a\u0637\u064a\u0629 \u0627\u0644\u0646\u0647\u0627\u064a\u0629<\/td>\n<td>PP\u060c M36\u060c M36\u060c M30\u060c M25\u060c M22\u060c M22\u060c M14\u060c M12\u060c \u0623\u0648 \u062d\u0633\u0628 \u0627\u0644\u0637\u0644\u0628.<\/td>\n<td>\u0627\u0644\u0623\u062f\u0627\u0621<\/td>\n<td><\/td>\n<\/tr>\n<tr>\n<td>\u0645\u0639\u062f\u0644 \u0627\u0644\u0625\u0632\u0627\u0644\u0629<\/td>\n<td>0.3\u060c 0.45\u060c 1\u060c 3\u060c 3\u060c 5\u060c 10\u060c 20\u060c 30\u060c 40\u060c 50 \u0645\u064a\u0643\u0631\u0648\u0645\u062a\u0631<\/td>\n<td>\u062f\u0631\u062c\u0629 \u062d\u0631\u0627\u0631\u0629 \u0627\u0644\u062a\u0634\u063a\u064a\u0644 \u0627\u0644\u0642\u0635\u0648\u0649<\/td>\n<td>\u2266 82 \u2103<\/td>\n<\/tr>\n<tr>\n<td>\u0636\u063a\u0637 \u0627\u0644\u062a\u0634\u063a\u064a\u0644 \u0627\u0644\u0623\u0642\u0635\u0649<\/td>\n<td>6.0 \u0628\u0627\u0631<\/td>\n<td><\/td>\n<td><\/td>\n<\/tr>\n<\/tbody>\n<\/table>","protected":false},"featured_media":4183,"comment_status":"open","ping_status":"closed","template":"","meta":{"_gspb_post_css":""},"product_brand":[],"product_cat":[22],"product_tag":[1378,1346,1491,1492,1136,1493],"class_list":{"0":"post-4182","1":"product","2":"type-product","3":"status-publish","4":"has-post-thumbnail","6":"product_cat-sintered-filter-cartridge","7":"product_tag-factory-supply-water-filter","8":"product_tag-industrial-sintered-filter","9":"product_tag-lvyuan-sintered-metal-filter","10":"product_tag-sintered-metal-water-filter","11":"product_tag-water-filter-locks","12":"product_tag-water-purification-metal-filter","14":"first","15":"instock","16":"shipping-taxable","17":"product-type-simple"},"_links":{"self":[{"href":"https:\/\/lyfilter.com\/ar\/wp-json\/wp\/v2\/product\/4182","targetHints":{"allow":["GET"]}}],"collection":[{"href":"https:\/\/lyfilter.com\/ar\/wp-json\/wp\/v2\/product"}],"about":[{"href":"https:\/\/lyfilter.com\/ar\/wp-json\/wp\/v2\/types\/product"}],"replies":[{"embeddable":true,"href":"https:\/\/lyfilter.com\/ar\/wp-json\/wp\/v2\/comments?post=4182"}],"wp:featuredmedia":[{"embeddable":true,"href":"https:\/\/lyfilter.com\/ar\/wp-json\/wp\/v2\/media\/4183"}],"wp:attachment":[{"href":"https:\/\/lyfilter.com\/ar\/wp-json\/wp\/v2\/media?parent=4182"}],"wp:term":[{"taxonomy":"product_brand","embeddable":true,"href":"https:\/\/lyfilter.com\/ar\/wp-json\/wp\/v2\/product_brand?post=4182"},{"taxonomy":"product_cat","embeddable":true,"href":"https:\/\/lyfilter.com\/ar\/wp-json\/wp\/v2\/product_cat?post=4182"},{"taxonomy":"product_tag","embeddable":true,"href":"https:\/\/lyfilter.com\/ar\/wp-json\/wp\/v2\/product_tag?post=4182"}],"curies":[{"name":"\u062f\u0628\u0644\u064a\u0648 \u0628\u064a","href":"https:\/\/api.w.org\/{rel}","templated":true}]}}