{"id":4028,"date":"2026-04-03T07:49:31","date_gmt":"2026-04-03T07:49:31","guid":{"rendered":"https:\/\/lyfilter.com\/"},"modified":"2026-04-03T07:49:31","modified_gmt":"2026-04-03T07:49:31","slug":"absolute-microns-pes-material-2-5-5-inch-0-1-micron-filter-cartridge-with-pes-pleated-membrane","status":"publish","type":"product","link":"https:\/\/lyfilter.com\/ar\/absolute-microns-pes-material-2-5-5-inch-0-1-micron-filter-cartridge-with-pes-pleated-membrane\/","title":{"rendered":"\u062e\u0631\u0637\u0648\u0634\u0629 \u0641\u0644\u062a\u0631 \u0623\u0628\u0633 \u0645\u064a\u0643\u0631\u0648\u0646 \u0645\u0646 \u0645\u0627\u062f\u0629 Pes 2.5\/5 \u0628\u0648\u0635\u0629 0.1 \u0645\u064a\u0643\u0631\u0648\u0646 \u0645\u0639 \u063a\u0634\u0627\u0621 \u0645\u0637\u0648\u064a Pes"},"content":{"rendered":"<p>\u0645\u0635\u0645\u0645\u0629 \u0644\u0644\u062a\u0631\u0634\u064a\u062d \u0627\u0644\u062f\u0642\u064a\u0642\u060c \u062a\u0648\u0641\u0631 \u062e\u0631\u0637\u0648\u0634\u0629 \u0627\u0644\u063a\u0634\u0627\u0621 \u0627\u0644\u0645\u0637\u0648\u064a PES \u0647\u0630\u0647 \u0627\u0644\u0645\u0635\u0645\u0645\u0629 \u0644\u0644\u062a\u0631\u0634\u064a\u062d \u0627\u0644\u062f\u0642\u064a\u0642 \u0623\u062f\u0627\u0621\u064b \u0645\u0637\u0644\u0642\u064b\u0627 \u0628\u0645\u0642\u062f\u0627\u0631 0.1 \u0645\u064a\u0643\u0631\u0648\u0646 \u0628\u062a\u0646\u0633\u064a\u0642\u0627\u062a 2.5 \u06485 \u0628\u0648\u0635\u0629. \u0648\u0647\u064a \u062a\u0633\u0627\u0639\u062f \u0641\u064a \u0627\u0644\u062d\u0641\u0627\u0638 \u0639\u0644\u0649 \u0627\u0644\u062a\u062f\u0641\u0642 \u0627\u0644\u0646\u0638\u064a\u0641 \u0648\u0627\u0644\u0627\u062d\u062a\u0641\u0627\u0638 \u0627\u0644\u0630\u064a \u064a\u0645\u0643\u0646 \u0627\u0644\u0627\u0639\u062a\u0645\u0627\u062f \u0639\u0644\u064a\u0647 \u0648\u0627\u0644\u0646\u062a\u0627\u0626\u062c \u0627\u0644\u0645\u0633\u062a\u0642\u0631\u0629 \u0641\u064a \u0627\u0633\u062a\u062e\u062f\u0627\u0645 \u0627\u0644\u0633\u0648\u0627\u0626\u0644.<\/p>","protected":false},"excerpt":{"rendered":"<table>\n<thead>\n<tr>\n<th>\u0627\u0644\u0628\u0646\u062f<\/th>\n<th>\u0627\u0644\u0642\u064a\u0645\u0629<\/th>\n<th>\u0627\u0644\u0628\u0646\u062f<\/th>\n<th>\u0627\u0644\u0642\u064a\u0645\u0629<\/th>\n<\/tr>\n<\/thead>\n<tbody>\n<tr>\n<td>\u0627\u0644\u0635\u0646\u0627\u0639\u0627\u062a \u0627\u0644\u0645\u0637\u0628\u0642\u0629<\/td>\n<td>\u0627\u0644\u0641\u0646\u0627\u062f\u0642\u061b \u0648\u0645\u062d\u0644\u0627\u062a \u0627\u0644\u0645\u0644\u0627\u0628\u0633\u061b \u0648\u0645\u062d\u0644\u0627\u062a \u0645\u0648\u0627\u062f \u0627\u0644\u0628\u0646\u0627\u0621\u061b \u0648\u0645\u0635\u0627\u0646\u0639 \u0645\u0648\u0627\u062f \u0627\u0644\u0628\u0646\u0627\u0621\u061b \u0648\u0645\u0635\u0627\u0646\u0639 \u0627\u0644\u062a\u0635\u0646\u064a\u0639\u061b \u0648\u0645\u062d\u0644\u0627\u062a \u0625\u0635\u0644\u0627\u062d \u0627\u0644\u0622\u0644\u0627\u062a\u061b \u0648\u0645\u0635\u0627\u0646\u0639 \u0627\u0644\u0623\u063a\u0630\u064a\u0629 \u0648\u0627\u0644\u0645\u0634\u0631\u0648\u0628\u0627\u062a\u061b \u0648\u0627\u0644\u0645\u0632\u0627\u0631\u0639\u061b \u0648\u0627\u0644\u0645\u0632\u0627\u0631\u0639\u061b \u0648\u0627\u0644\u0645\u0637\u0627\u0639\u0645\u061b \u0648\u0627\u0644\u0627\u0633\u062a\u062e\u062f\u0627\u0645 \u0627\u0644\u0645\u0646\u0632\u0644\u064a\u061b \u0648\u0645\u062d\u0644\u0627\u062a \u0627\u0644\u0628\u064a\u0639 \u0628\u0627\u0644\u062a\u062c\u0632\u0626\u0629\u061b \u0648\u0645\u062d\u0644\u0627\u062a \u0627\u0644\u0623\u063a\u0630\u064a\u0629\u061b \u0648\u0645\u062d\u0644\u0627\u062a \u0627\u0644\u0637\u0628\u0627\u0639\u0629\u061b \u0648\u0623\u0639\u0645\u0627\u0644 \u0627\u0644\u0628\u0646\u0627\u0621\u061b \u0648\u0627\u0644\u0637\u0627\u0642\u0629 \u0648\u0627\u0644\u062a\u0639\u062f\u064a\u0646\u061b \u0648\u0645\u062d\u0644\u0627\u062a \u0627\u0644\u0623\u063a\u0630\u064a\u0629 \u0648\u0627\u0644\u0645\u0634\u0631\u0648\u0628\u0627\u062a\u061b \u0648\u0634\u0631\u0643\u0629 \u0627\u0644\u0625\u0639\u0644\u0627\u0646\u0627\u062a<\/td>\n<td>\u0645\u0643\u0627\u0646 \u0627\u0644\u0645\u0646\u0634\u0623<\/td>\n<td>\u063a\u0648\u0627\u0646\u063a\u062f\u0648\u0646\u063a\u060c \u0627\u0644\u0635\u064a\u0646<\/td>\n<\/tr>\n<tr>\n<td>\u0627\u0633\u0645 \u0627\u0644\u0639\u0644\u0627\u0645\u0629 \u0627\u0644\u062a\u062c\u0627\u0631\u064a\u0629<\/td>\n<td>\u0645\u062e\u0635\u0635<\/td>\n<td>\u0627\u0644\u0645\u0648\u0627\u062f<\/td>\n<td>\u0645\u062e\u0635\u0635<\/td>\n<\/tr>\n<tr>\n<td>\u0627\u0644\u0648\u0632\u0646<\/td>\n<td>\u0645\u062e\u0635\u0635<\/td>\n<td>\u0627\u0644\u062d\u062c\u0645<\/td>\n<td>\u0645\u062e\u0635\u0635<\/td>\n<\/tr>\n<tr>\n<td>\u0627\u0644\u0637\u0627\u0642\u0629<\/td>\n<td>0<\/td>\n<td>\u0627\u0644\u0636\u0645\u0627\u0646<\/td>\n<td>\u063a\u064a\u0631 \u0645\u062a\u0627\u062d<\/td>\n<\/tr>\n<tr>\n<td>\u0627\u0644\u0627\u0633\u0645<\/td>\n<td>\u062e\u0631\u0637\u0648\u0634\u0629 \u0641\u0644\u062a\u0631 \u0645\u0646 \u0645\u0627\u062f\u0629 PES 2.5\/5 \u0628\u0648\u0635\u0629 \u0645\u0646 \u0645\u0627\u062f\u0629 PES \u0627\u0644\u0645\u0637\u0644\u0642\u0629 2.5\/5 \u0628\u0648\u0635\u0629 0.1 \u0645\u064a\u0643\u0631\u0648\u0646<\/td>\n<td>\u0645\u0627\u062f\u0629 \u063a\u0634\u0627\u0621 \u0627\u0644\u0645\u0631\u0634\u062d<\/td>\n<td>PP\/PVDF\/PTFE\/PTFE\/PES\/Nylon<\/td>\n<\/tr>\n<tr>\n<td>\u0627\u0644\u0637\u0648\u0644<\/td>\n<td>5 \/ 10 \/ 20 \/ 30 \/ 40 \/ 50 \/ 60 \u0628\u0648\u0635\u0629<\/td>\n<td>\u0643\u0648\u0646\u0643\u062a\u0648\u0631<\/td>\n<td>Fin\/222\/226\/215\/DOE\/Thread<\/td>\n<\/tr>\n<tr>\n<td>\u0645\u064a\u0643\u0631\u0648\u0646<\/td>\n<td>0.22\/0.5\/1\/3\/5\/10\/25\/50\/75\/100\/150<\/td>\n<td>\u0645\u0627\u062f\u0629 \u0627\u0644\u062d\u0644\u0642\u0629 \u0627\u0644\u062f\u0627\u0626\u0631\u064a\u0629<\/td>\n<td>EPDM\/\u0641\u064a\u062a\u0648\u0646\/\u0633\u064a\u0644\u064a\u0643\u0648\u0646\/\u0633\u064a\u0644\u064a\u0643\u0648\u0646\/\u062a\u064a \u0641\u0644\u0648\u0646<\/td>\n<\/tr>\n<tr>\n<td>\u0637\u0631\u064a\u0642\u0629 \u0627\u0644\u062e\u062a\u0645<\/td>\n<td>\u0627\u0644\u0644\u062d\u0627\u0645 \u0628\u0627\u0644\u0630\u0648\u0628\u0627\u0646 \u0627\u0644\u0633\u0627\u062e\u0646<\/td>\n<td>\u0627\u0644\u0642\u0637\u0631<\/td>\n<td>70 \u0645\u0645\/\u0645\u0644\u0645\/\u0645\u0635\u0646\u0639 \u0645\u062d\u0644\u064a \u0627\u0644\u0635\u0646\u0639<\/td>\n<\/tr>\n<tr>\n<td>\u0627\u0644\u0646\u0648\u0627\u0629 \u0627\u0644\u062f\u0627\u062e\u0644\u064a\u0629<\/td>\n<td>PP\/SS\/OEM<\/td>\n<td>\u0645\u0648\u0643<\/td>\n<td>\u0644\u0627 \u064a\u0648\u062c\u062f \u062d\u0627\u0644\u064a\u064b\u0627<\/td>\n<\/tr>\n<tr>\n<td>\u062e\u062f\u0645\u0629 \u0645\u0627 \u0628\u0639\u062f \u0627\u0644\u0628\u064a\u0639 \u0627\u0644\u0645\u0642\u062f\u0645\u0629<\/td>\n<td>\u0627\u0644\u062f\u0639\u0645 \u0639\u0628\u0631 \u0627\u0644\u0625\u0646\u062a\u0631\u0646\u062a<\/td>\n<td>\u0648\u062d\u062f\u0627\u062a \u0627\u0644\u0628\u064a\u0639<\/td>\n<td>\u0639\u0646\u0635\u0631 \u0648\u0627\u062d\u062f<\/td>\n<\/tr>\n<tr>\n<td>\u062d\u062c\u0645 \u0627\u0644\u0639\u0628\u0648\u0629 \u0627\u0644\u0648\u0627\u062d\u062f\u0629<\/td>\n<td>68 \u00d7 40 \u00d7 40 \u00d7 40 \u0633\u0645<\/td>\n<td>\u0627\u0644\u0648\u0632\u0646 \u0627\u0644\u0625\u062c\u0645\u0627\u0644\u064a \u0627\u0644\u0641\u0631\u062f\u064a<\/td>\n<td>23.000 \u0643\u062c\u0645<\/td>\n<\/tr>\n<tr>\n<td>\u0646\u0648\u0639 \u0627\u0644\u062d\u0632\u0645\u0629<\/td>\n<td>\u062e\u0631\u0637\u0648\u0634\u0629 \u0641\u0644\u062a\u0631 \u0645\u0646 \u0645\u0627\u062f\u0629 PES 2.5\/5 \u0628\u0648\u0635\u0629 \u0645\u0646 \u0645\u0627\u062f\u0629 PES \u0630\u0627\u062a \u0627\u0644\u0637\u064a\u0627\u062a 2.5\/5 \u0628\u0648\u0635\u0629 0.1 \u0645\u064a\u0643\u0631\u0648\u0646 \u0645\u0639 \u063a\u0634\u0627\u0621 \u0645\u0637\u0648\u064a \u0645\u0646 \u0645\u0627\u062f\u0629 PES: 10 \u2033 50 \u0642\u0637\u0639\u0629\/CTN\u060c 20 \u2033 25 \u0642\u0637\u0639\u0629\/CTN\u060c 30 \u2033 25 \u0642\u0637\u0639\u0629\/CTN\u060c 40 \u2033 25 \u0642\u0637\u0639\u0629\/CTN.<\/td>\n<td>\u0627\u0644\u0645\u0647\u0644\u0629 \u0627\u0644\u0632\u0645\u0646\u064a\u0629<\/td>\n<td>1 - 100: \u064a\u0648\u0645\u0627\u0646\u061b 101 - 500: 5 \u0623\u064a\u0627\u0645\u061b 501 - 1000: 7 \u0623\u064a\u0627\u0645\u061b \u0623\u0643\u062b\u0631 \u0645\u0646 1000: \u064a\u062a\u0645 \u0627\u0644\u062a\u0641\u0627\u0648\u0636 \u0628\u0634\u0623\u0646\u0647 \u0644\u0627\u062d\u0642\u064b\u0627<\/td>\n<\/tr>\n<\/tbody>\n<\/table>","protected":false},"featured_media":4030,"comment_status":"open","ping_status":"closed","template":"","meta":{"_gspb_post_css":""},"product_brand":[],"product_cat":[21],"product_tag":[1380,1383,1384,1382,1379,1381],"class_list":{"0":"post-4028","1":"product","2":"type-product","3":"status-publish","4":"has-post-thumbnail","6":"product_cat-pleated-filter-cartridge","7":"product_tag-0-1-micron-filter-cartridge","8":"product_tag-2-5-inch-filter-cartridge","9":"product_tag-5-inch-filter-cartridge","10":"product_tag-absolute-micron-filter","11":"product_tag-pes-filter-cartridge","12":"product_tag-pes-pleated-membrane","14":"first","15":"instock","16":"shipping-taxable","17":"product-type-simple"},"_links":{"self":[{"href":"https:\/\/lyfilter.com\/ar\/wp-json\/wp\/v2\/product\/4028","targetHints":{"allow":["GET"]}}],"collection":[{"href":"https:\/\/lyfilter.com\/ar\/wp-json\/wp\/v2\/product"}],"about":[{"href":"https:\/\/lyfilter.com\/ar\/wp-json\/wp\/v2\/types\/product"}],"replies":[{"embeddable":true,"href":"https:\/\/lyfilter.com\/ar\/wp-json\/wp\/v2\/comments?post=4028"}],"wp:featuredmedia":[{"embeddable":true,"href":"https:\/\/lyfilter.com\/ar\/wp-json\/wp\/v2\/media\/4030"}],"wp:attachment":[{"href":"https:\/\/lyfilter.com\/ar\/wp-json\/wp\/v2\/media?parent=4028"}],"wp:term":[{"taxonomy":"product_brand","embeddable":true,"href":"https:\/\/lyfilter.com\/ar\/wp-json\/wp\/v2\/product_brand?post=4028"},{"taxonomy":"product_cat","embeddable":true,"href":"https:\/\/lyfilter.com\/ar\/wp-json\/wp\/v2\/product_cat?post=4028"},{"taxonomy":"product_tag","embeddable":true,"href":"https:\/\/lyfilter.com\/ar\/wp-json\/wp\/v2\/product_tag?post=4028"}],"curies":[{"name":"\u062f\u0628\u0644\u064a\u0648 \u0628\u064a","href":"https:\/\/api.w.org\/{rel}","templated":true}]}}