{"id":3960,"date":"2026-04-03T07:06:43","date_gmt":"2026-04-03T07:06:43","guid":{"rendered":"https:\/\/lyfilter.com\/"},"modified":"2026-04-03T07:06:43","modified_gmt":"2026-04-03T07:06:43","slug":"factory-customization-4-5-8-sintered-activated-carbon-filter-for-refrigerator-spare-parts-filter-element","status":"publish","type":"product","link":"https:\/\/lyfilter.com\/ar\/factory-customization-4-5-8-sintered-activated-carbon-filter-for-refrigerator-spare-parts-filter-element\/","title":{"rendered":"\u062a\u062e\u0635\u064a\u0635 \u0627\u0644\u0645\u0635\u0646\u0639 4 \u2033 5 \u2033 5 \u2033 8 \u2033 \u0641\u0644\u062a\u0631 \u0627\u0644\u0643\u0631\u0628\u0648\u0646 \u0627\u0644\u0645\u0646\u0634\u0637 \u0627\u0644\u0645\u0644\u0628\u062f \u0644\u0642\u0637\u0639 \u063a\u064a\u0627\u0631 \u0627\u0644\u062b\u0644\u0627\u062c\u0629 \u0639\u0646\u0635\u0631 \u062a\u0635\u0641\u064a\u0629 \u0642\u0637\u0639 \u0627\u0644\u063a\u064a\u0627\u0631"},"content":{"rendered":"<p>\u064a\u0633\u0627\u0639\u062f \u0639\u0646\u0635\u0631 \u0641\u0644\u062a\u0631 \u0627\u0644\u0643\u0631\u0628\u0648\u0646 \u0627\u0644\u0645\u0646\u0634\u0637 \u0627\u0644\u0645\u0644\u0628\u062f \u0647\u0630\u0627 \u0627\u0644\u0645\u0635\u0645\u0645 \u0644\u062a\u0646\u0642\u064a\u0629 \u0627\u0644\u062b\u0644\u0627\u062c\u0629 \u0639\u0644\u0649 \u062a\u0642\u0644\u064a\u0644 \u0627\u0644\u0631\u0648\u0627\u0626\u062d \u0648\u0627\u0644\u0634\u0648\u0627\u0626\u0628 \u0645\u0639 \u0627\u0644\u062d\u0641\u0627\u0638 \u0639\u0644\u0649 \u0627\u0644\u0645\u064a\u0627\u0647 \u0637\u0627\u0632\u062c\u0629. \u0645\u0639 \u062e\u064a\u0627\u0631\u0627\u062a 4 \u0628\u0648\u0635\u0629 \u06485 \u0628\u0648\u0635\u0629 \u06488 \u0628\u0648\u0635\u0629 \u06488 \u0628\u0648\u0635\u0629\u060c \u0641\u0647\u0648 \u064a\u0648\u0641\u0631 \u0645\u0644\u0627\u0621\u0645\u0629 \u0639\u0645\u0644\u064a\u0629 \u0644\u0633\u0647\u0648\u0644\u0629 \u0627\u0644\u0627\u0633\u062a\u0628\u062f\u0627\u0644.<\/p>","protected":false},"excerpt":{"rendered":"<table>\n<thead>\n<tr>\n<th>\u0627\u0644\u062d\u0642\u0644<\/th>\n<th>\u0627\u0644\u0642\u064a\u0645\u0629<\/th>\n<\/tr>\n<\/thead>\n<tbody>\n<tr>\n<td>\u0645\u0643\u0627\u0646 \u0627\u0644\u0645\u0646\u0634\u0623<\/td>\n<td>\u063a\u0648\u0627\u0646\u063a\u062f\u0648\u0646\u063a\u060c \u0627\u0644\u0635\u064a\u0646<\/td>\n<\/tr>\n<tr>\n<td>\u0627\u0633\u0645 \u0627\u0644\u0639\u0644\u0627\u0645\u0629 \u0627\u0644\u062a\u062c\u0627\u0631\u064a\u0629<\/td>\n<td>OEM\/LVYUAN<\/td>\n<\/tr>\n<tr>\n<td>\u0627\u0644\u0645\u0648\u0627\u062f<\/td>\n<td>\u0627\u0644\u0643\u0631\u0628\u0648\u0646\u060c \u0643\u0631\u0628\u0648\u0646 \u062c\u0648\u0632 \u0627\u0644\u0647\u0646\u062f \u0627\u0644\u0645\u0646\u0634\u0637 \u0627\u0644\u0645\u0644\u0628\u062f<\/td>\n<\/tr>\n<tr>\n<td>\u0627\u0644\u0648\u0632\u0646<\/td>\n<td>200<\/td>\n<\/tr>\n<tr>\n<td>\u0627\u0644\u062d\u062c\u0645<\/td>\n<td>68 \u00d7 28 \u00d7 250 \u0645\u0645<\/td>\n<\/tr>\n<tr>\n<td>\u0627\u0644\u0637\u0627\u0642\u0629<\/td>\n<td>0<\/td>\n<\/tr>\n<tr>\n<td>\u0627\u0644\u0636\u0645\u0627\u0646<\/td>\n<td>\u063a\u064a\u0631 \u0645\u062a\u0627\u062d<\/td>\n<\/tr>\n<tr>\n<td>\u0627\u0633\u0645 \u0627\u0644\u0645\u0646\u062a\u062c<\/td>\n<td>\u0641\u0644\u062a\u0631 \u0627\u0644\u0643\u0631\u0628\u0648\u0646 \u0627\u0644\u0645\u0646\u0634\u0637 \u0627\u0644\u0645\u0644\u0628\u062f \u0627\u0644\u0645\u062e\u0635\u0635 \u062d\u0633\u0628 \u0627\u0644\u0637\u0644\u0628 \u0641\u064a \u0627\u0644\u0645\u0635\u0646\u0639<\/td>\n<\/tr>\n<tr>\n<td>\u062e\u062f\u0645\u0629 \u0645\u0627 \u0628\u0639\u062f \u0627\u0644\u0628\u064a\u0639 \u0627\u0644\u0645\u0642\u062f\u0645\u0629<\/td>\n<td>\u0627\u0644\u062f\u0639\u0645 \u0639\u0628\u0631 \u0627\u0644\u0625\u0646\u062a\u0631\u0646\u062a\u060c \u0627\u0644\u062f\u0639\u0645 \u0639\u0628\u0631 \u0627\u0644\u0625\u0646\u062a\u0631\u0646\u062a<\/td>\n<\/tr>\n<tr>\n<td>\u0627\u0644\u062a\u0635\u062f\u064a\u0642<\/td>\n<td>SGS\/ISO<\/td>\n<\/tr>\n<tr>\n<td>\u0627\u0644\u0637\u0648\u0644<\/td>\n<td>10-1050 \u0645\u0645<\/td>\n<\/tr>\n<tr>\n<td>OD<\/td>\n<td>14-121 \u0645\u0645<\/td>\n<\/tr>\n<tr>\n<td>\u0628\u0637\u0627\u0642\u0629 \u0627\u0644\u0647\u0648\u064a\u0629<\/td>\n<td>6-50 \u0645\u0645<\/td>\n<\/tr>\n<tr>\n<td>\u0645\u0639\u062f\u0644 \u0627\u0644\u0645\u064a\u0643\u0631\u0648\u0646<\/td>\n<td>0.5 - 20 \u0645\u064a\u0643\u0631\u0648\u0645\u062a\u0631<\/td>\n<\/tr>\n<tr>\n<td>\u0642\u064a\u0645\u0629 \u0627\u0644\u064a\u0648\u062f<\/td>\n<td>\u062d\u062a\u0649 1000<\/td>\n<\/tr>\n<tr>\n<td>\u0645\u0639\u062f\u0644 \u0627\u0644\u062a\u062f\u0641\u0642<\/td>\n<td>\u2264300 \u0644\u062a\u0631\/\u0633\u0627\u0639\u0629<\/td>\n<\/tr>\n<tr>\n<td>\u0648\u062d\u062f\u0627\u062a \u0627\u0644\u0628\u064a\u0639<\/td>\n<td>\u0639\u0646\u0635\u0631 \u0648\u0627\u062d\u062f<\/td>\n<\/tr>\n<tr>\n<td>\u062d\u062c\u0645 \u0627\u0644\u0639\u0628\u0648\u0629 \u0627\u0644\u0648\u0627\u062d\u062f\u0629<\/td>\n<td>6.5 \u00d7 2.8 \u00d7 25 \u0633\u0645<\/td>\n<\/tr>\n<tr>\n<td>\u0627\u0644\u0648\u0632\u0646 \u0627\u0644\u0625\u062c\u0645\u0627\u0644\u064a \u0627\u0644\u0641\u0631\u062f\u064a<\/td>\n<td>0.200 \u0643\u062c\u0645<\/td>\n<\/tr>\n<tr>\n<td>\u0646\u0648\u0639 \u0627\u0644\u062d\u0632\u0645\u0629<\/td>\n<td>53 \u00d7 33 \u00d7 33 \u00d7 33 \u0633\u0645\u060c 64 \u00d7 33 \u00d7 33 \u00d7 33 \u0633\u0645<\/td>\n<\/tr>\n<tr>\n<td>\u0627\u0644\u0645\u0647\u0644\u0629 \u0627\u0644\u0632\u0645\u0646\u064a\u0629<\/td>\n<td>\u0627\u0644\u0643\u0645\u064a\u0629 (\u0627\u0644\u0642\u0637\u0639): 1 - 100\u060c \u062a\u0642\u062f\u064a\u0631\u064a\u064b\u0627. \u0627\u0644\u0648\u0642\u062a (\u0623\u064a\u0627\u0645): 3\u061b \u0627\u0644\u0643\u0645\u064a\u0629 (\u0627\u0644\u0642\u0637\u0639): 101 - 500\u060c \u0627\u0644\u0648\u0642\u062a (\u0623\u064a\u0627\u0645): 3. \u0627\u0644\u0648\u0642\u062a (\u0623\u064a\u0627\u0645): 5\u061b \u0627\u0644\u0643\u0645\u064a\u0629 (\u0627\u0644\u0642\u0637\u0639): 501 - 1000\u060c \u0627\u0644\u0648\u0642\u062a (\u064a\u0648\u0645): 5\u061b \u0627\u0644\u0643\u0645\u064a\u0629 (\u0627\u0644\u0642\u0637\u0639): 501 - 1000\u060c \u0627\u0644\u0648\u0642\u062a (\u064a\u0648\u0645): 5. \u0627\u0644\u0648\u0642\u062a (\u0623\u064a\u0627\u0645): 7\u061b \u0627\u0644\u0643\u0645\u064a\u0629 (\u0627\u0644\u0642\u0637\u0639): &gt;1000\u060c \u0627\u0644\u0648\u0642\u062a (\u0623\u064a\u0627\u0645): 7. \u0627\u0644\u0648\u0642\u062a (\u0623\u064a\u0627\u0645): \u064a\u062a\u0645 \u0627\u0644\u062a\u0641\u0627\u0648\u0636 \u0628\u0634\u0623\u0646\u0647\u0627<\/td>\n<\/tr>\n<\/tbody>\n<\/table>","protected":false},"featured_media":3965,"comment_status":"open","ping_status":"closed","template":"","meta":{"_gspb_post_css":""},"product_brand":[],"product_cat":[1339],"product_tag":[1343,1342,1341,1162,1340,1136],"class_list":{"0":"post-3960","1":"product","2":"type-product","3":"status-publish","4":"has-post-thumbnail","6":"product_cat-carbon-filter","7":"product_tag-custom-carbon-filter","8":"product_tag-refrigerator-filter-element","9":"product_tag-refrigerator-spare-parts-filter","10":"product_tag-replacement-water-filter","11":"product_tag-sintered-activated-carbon-filter","12":"product_tag-water-filter-locks","14":"first","15":"instock","16":"shipping-taxable","17":"product-type-simple"},"_links":{"self":[{"href":"https:\/\/lyfilter.com\/ar\/wp-json\/wp\/v2\/product\/3960","targetHints":{"allow":["GET"]}}],"collection":[{"href":"https:\/\/lyfilter.com\/ar\/wp-json\/wp\/v2\/product"}],"about":[{"href":"https:\/\/lyfilter.com\/ar\/wp-json\/wp\/v2\/types\/product"}],"replies":[{"embeddable":true,"href":"https:\/\/lyfilter.com\/ar\/wp-json\/wp\/v2\/comments?post=3960"}],"wp:featuredmedia":[{"embeddable":true,"href":"https:\/\/lyfilter.com\/ar\/wp-json\/wp\/v2\/media\/3965"}],"wp:attachment":[{"href":"https:\/\/lyfilter.com\/ar\/wp-json\/wp\/v2\/media?parent=3960"}],"wp:term":[{"taxonomy":"product_brand","embeddable":true,"href":"https:\/\/lyfilter.com\/ar\/wp-json\/wp\/v2\/product_brand?post=3960"},{"taxonomy":"product_cat","embeddable":true,"href":"https:\/\/lyfilter.com\/ar\/wp-json\/wp\/v2\/product_cat?post=3960"},{"taxonomy":"product_tag","embeddable":true,"href":"https:\/\/lyfilter.com\/ar\/wp-json\/wp\/v2\/product_tag?post=3960"}],"curies":[{"name":"\u062f\u0628\u0644\u064a\u0648 \u0628\u064a","href":"https:\/\/api.w.org\/{rel}","templated":true}]}}