{"id":3927,"date":"2026-04-03T06:45:25","date_gmt":"2026-04-03T06:45:25","guid":{"rendered":"https:\/\/lyfilter.com\/"},"modified":"2026-04-03T06:45:25","modified_gmt":"2026-04-03T06:45:25","slug":"stainless-housing-filter-pp-pes-ptfe-pvdf-material-pleated-cartridge-filter-1-2-10-micron-water-filter","status":"publish","type":"product","link":"https:\/\/lyfilter.com\/ar\/stainless-housing-filter-pp-pes-ptfe-pvdf-material-pleated-cartridge-filter-1-2-10-micron-water-filter\/","title":{"rendered":"\u0641\u0644\u062a\u0631 \u062e\u0631\u0637\u0648\u0634\u0629 \u0645\u0637\u0648\u064a\u0629 \u0645\u0646 \u0645\u0627\u062f\u0629 PP PES PTFE PVDF \u0645\u0631\u0634\u062d \u062e\u0631\u0637\u0648\u0634\u0629 \u0645\u0637\u0648\u064a\u0629 1 2 10 \u0645\u064a\u0643\u0631\u0648\u0646 \u0641\u0644\u062a\u0631 \u0645\u064a\u0627\u0647"},"content":{"rendered":"<p>\u0635\u064f\u0645\u0645 \u0641\u0644\u062a\u0631 \u0627\u0644\u0645\u064a\u0627\u0647 \u0647\u0630\u0627 \u0627\u0644\u0645\u0635\u0645\u0645 \u0644\u062a\u0644\u0628\u064a\u0629 \u0627\u062d\u062a\u064a\u0627\u062c\u0627\u062a \u0627\u0644\u062a\u0631\u0634\u064a\u062d \u0627\u0644\u0645\u0631\u0646\u0629\u060c \u0648\u0647\u0648 \u0645\u0635\u0645\u0645 \u0644\u062a\u0644\u0628\u064a\u0629 \u0627\u062d\u062a\u064a\u0627\u062c\u0627\u062a \u0627\u0644\u062a\u0631\u0634\u064a\u062d \u0627\u0644\u0645\u0631\u0646\u0629\u060c \u0648\u064a\u062a\u0648\u0641\u0631 \u0641\u0644\u062a\u0631 \u0627\u0644\u0645\u064a\u0627\u0647 \u0630\u0648 \u0627\u0644\u0637\u064a\u0627\u062a \u0630\u0627\u062a \u0627\u0644\u063a\u0644\u0627\u0641 \u063a\u064a\u0631 \u0627\u0644\u0642\u0627\u0628\u0644 \u0644\u0644\u0635\u062f\u0623 \u0628\u062e\u0631\u0637\u0648\u0634\u0629 \u0645\u0646 \u0645\u0648\u0627\u062f PP \u0648PES \u0648PTFE \u0648PVDF \u0628\u062e\u064a\u0627\u0631\u0627\u062a 1 \u06482 \u064810 \u0645\u064a\u0643\u0631\u0648\u0646. \u0648\u0647\u0648 \u064a\u062f\u0639\u0645 \u0627\u0644\u062a\u062f\u0641\u0642 \u0627\u0644\u062b\u0627\u0628\u062a \u0648\u0627\u0644\u0625\u062e\u0631\u0627\u062c \u0627\u0644\u0646\u0638\u064a\u0641 \u0648\u0627\u0644\u0627\u0633\u062a\u062e\u062f\u0627\u0645 \u0627\u0644\u064a\u0648\u0645\u064a \u0627\u0644\u0630\u064a \u064a\u0645\u0643\u0646 \u0627\u0644\u0627\u0639\u062a\u0645\u0627\u062f \u0639\u0644\u064a\u0647.<\/p>","protected":false},"excerpt":{"rendered":"<table>\n<thead>\n<tr>\n<th>\u0627\u0644\u062d\u0642\u0644<\/th>\n<th>\u0627\u0644\u0642\u064a\u0645\u0629<\/th>\n<\/tr>\n<\/thead>\n<tbody>\n<tr>\n<td>\u0627\u0644\u062d\u0627\u0644\u0629<\/td>\n<td>\u062c\u062f\u064a\u062f<\/td>\n<\/tr>\n<tr>\n<td>\u0627\u0644\u0635\u0646\u0627\u0639\u0627\u062a \u0627\u0644\u0645\u0637\u0628\u0642\u0629<\/td>\n<td>\u0627\u0644\u0641\u0646\u0627\u062f\u0642\u060c \u0645\u062d\u0644\u0627\u062a \u0627\u0644\u0645\u0644\u0627\u0628\u0633\u060c \u0645\u062d\u0644\u0627\u062a \u0645\u0648\u0627\u062f \u0627\u0644\u0628\u0646\u0627\u0621\u060c \u0645\u062d\u0644\u0627\u062a \u0645\u0648\u0627\u062f \u0627\u0644\u0628\u0646\u0627\u0621\u060c \u0645\u0635\u0627\u0646\u0639 \u0627\u0644\u062a\u0635\u0646\u064a\u0639\u060c \u0645\u062d\u0644\u0627\u062a \u062a\u0635\u0644\u064a\u062d \u0627\u0644\u0622\u0644\u0627\u062a\u060c \u0645\u0635\u0627\u0646\u0639 \u0627\u0644\u0623\u063a\u0630\u064a\u0629 \u0648\u0627\u0644\u0645\u0634\u0631\u0648\u0628\u0627\u062a\u060c \u0627\u0644\u0645\u0632\u0627\u0631\u0639\u060c \u0627\u0644\u0645\u0637\u0627\u0639\u0645\u060c \u0627\u0644\u0645\u0637\u0627\u0639\u0645\u060c \u0627\u0644\u0627\u0633\u062a\u062e\u062f\u0627\u0645 \u0627\u0644\u0645\u0646\u0632\u0644\u064a\u060c \u0627\u0644\u0628\u064a\u0639 \u0628\u0627\u0644\u062a\u062c\u0632\u0626\u0629\u060c \u0645\u062d\u0644\u0627\u062a \u0627\u0644\u0623\u063a\u0630\u064a\u0629\u060c \u0645\u062d\u0644\u0627\u062a \u0627\u0644\u0637\u0628\u0627\u0639\u0629\u060c \u0623\u0639\u0645\u0627\u0644 \u0627\u0644\u0628\u0646\u0627\u0621\u060c \u0627\u0644\u0637\u0627\u0642\u0629 \u0648\u0627\u0644\u062a\u0639\u062f\u064a\u0646\u060c \u0645\u062d\u0644\u0627\u062a \u0627\u0644\u0623\u063a\u0630\u064a\u0629 \u0648\u0627\u0644\u0645\u0634\u0631\u0648\u0628\u0627\u062a\u060c \u0634\u0631\u0643\u0629 \u0627\u0644\u0625\u0639\u0644\u0627\u0646\u0627\u062a<\/td>\n<\/tr>\n<tr>\n<td>\u062e\u062f\u0645\u0629 \u0645\u0627 \u0628\u0639\u062f \u0627\u0644\u0636\u0645\u0627\u0646<\/td>\n<td>\u0627\u0644\u062f\u0639\u0645 \u0639\u0628\u0631 \u0627\u0644\u0625\u0646\u062a\u0631\u0646\u062a<\/td>\n<\/tr>\n<tr>\n<td>\u0645\u0648\u0642\u0639 \u0627\u0644\u062e\u062f\u0645\u0629 \u0627\u0644\u0645\u062d\u0644\u064a\u0629<\/td>\n<td>\u0644\u0627 \u0634\u064a\u0621<\/td>\n<\/tr>\n<tr>\n<td>\u0645\u0648\u0642\u0639 \u0627\u0644\u0645\u0639\u0631\u0636<\/td>\n<td>\u0644\u0627 \u0634\u064a\u0621<\/td>\n<\/tr>\n<tr>\n<td>\u0627\u0644\u0641\u062d\u0635 \u0648\u0627\u0644\u062a\u0641\u062a\u064a\u0634 \u0627\u0644\u062e\u0627\u0631\u062c\u064a \u0628\u0627\u0644\u0641\u064a\u062f\u064a\u0648<\/td>\n<td>\u0627\u0644\u0645\u0642\u062f\u0645\u0629<\/td>\n<\/tr>\n<tr>\n<td>\u062a\u0642\u0631\u064a\u0631 \u0627\u062e\u062a\u0628\u0627\u0631 \u0627\u0644\u0645\u0627\u0643\u064a\u0646\u0627\u062a<\/td>\n<td>\u0627\u0644\u0645\u0642\u062f\u0645\u0629<\/td>\n<\/tr>\n<tr>\n<td>\u0646\u0648\u0639 \u0627\u0644\u062a\u0633\u0648\u064a\u0642<\/td>\n<td>\u0645\u0646\u062a\u062c \u0639\u0627\u062f\u064a<\/td>\n<\/tr>\n<tr>\n<td>\u0636\u0645\u0627\u0646 \u0627\u0644\u0645\u0643\u0648\u0646\u0627\u062a \u0627\u0644\u0623\u0633\u0627\u0633\u064a\u0629<\/td>\n<td>1 \u0633\u0646\u0629<\/td>\n<\/tr>\n<tr>\n<td>\u0627\u0644\u0645\u0643\u0648\u0646\u0627\u062a \u0627\u0644\u0623\u0633\u0627\u0633\u064a\u0629<\/td>\n<td>\u0639\u0644\u0628\u0629 \u062a\u0631\u0648\u0633\u060c \u0648\u0639\u0627\u0621 \u0636\u063a\u0637\u060c \u0645\u0636\u062e\u0629\u060c \u062a\u0631\u0633\u060c \u0645\u062d\u0645\u0644\u060c \u0645\u062d\u0631\u0643\u060c \u0645\u062d\u0631\u0643\u060c PLC<\/td>\n<\/tr>\n<tr>\n<td>\u0645\u0643\u0627\u0646 \u0627\u0644\u0645\u0646\u0634\u0623<\/td>\n<td>\u063a\u0648\u0627\u0646\u063a\u062f\u0648\u0646\u063a\u060c \u0627\u0644\u0635\u064a\u0646<\/td>\n<\/tr>\n<tr>\n<td>\u0627\u0633\u0645 \u0627\u0644\u0639\u0644\u0627\u0645\u0629 \u0627\u0644\u062a\u062c\u0627\u0631\u064a\u0629<\/td>\n<td>\u0644\u0641\u064a\u0648\u0627\u0646\/\u0645\u0635\u0646\u0639 \u0627\u0644\u0625\u0644\u0643\u062a\u0631\u0648\u0646\u064a\u0627\u062a \u0627\u0644\u0645\u062f\u0645\u062c\u0629<\/td>\n<\/tr>\n<tr>\n<td>\u0627\u0644\u0645\u0648\u0627\u062f<\/td>\n<td>\u0628\u0648\u0644\u064a \u0628\u0631\u0648\u0628\u064a\u0644\u064a\u0646<\/td>\n<\/tr>\n<tr>\n<td>\u0627\u0644\u0648\u0632\u0646<\/td>\n<td>0<\/td>\n<\/tr>\n<tr>\n<td>\u0627\u0644\u062d\u062c\u0645<\/td>\n<td>10\/20\/30\/40\/40\/50\/60 \u0628\u0648\u0635\u0629<\/td>\n<\/tr>\n<tr>\n<td>\u0627\u0644\u0637\u0627\u0642\u0629<\/td>\n<td>0<\/td>\n<\/tr>\n<tr>\n<td>\u0627\u0644\u0636\u0645\u0627\u0646<\/td>\n<td>1 \u0633\u0646\u0629<\/td>\n<\/tr>\n<tr>\n<td>\u062e\u062f\u0645\u0629 \u0645\u0627 \u0628\u0639\u062f \u0627\u0644\u0628\u064a\u0639 \u0627\u0644\u0645\u0642\u062f\u0645\u0629<\/td>\n<td>\u0627\u0644\u062f\u0639\u0645 \u0639\u0628\u0631 \u0627\u0644\u0625\u0646\u062a\u0631\u0646\u062a<\/td>\n<\/tr>\n<tr>\n<td>\u0627\u0633\u0645 \u0627\u0644\u0639\u0646\u0635\u0631<\/td>\n<td>\u0645\u0627\u062f\u0629 PP PES PTFE PVDF \u0645\u0627\u062f\u0629 PVDF \u0630\u0627\u062a \u0627\u0644\u0637\u064a\u0627\u062a 0.5 \u0645\u064a\u0643\u0631\u0648\u0646 \u0645\u0631\u0634\u062d \u062e\u0631\u0637\u0648\u0634\u0629 \u0645\u0637\u0648\u064a\u0629<\/td>\n<\/tr>\n<tr>\n<td>\u0645\u0627\u062f\u0629 \u063a\u0634\u0627\u0621 \u0627\u0644\u0645\u0631\u0634\u062d<\/td>\n<td>PP\/PVDF\/PTFE\/PTFE\/PES\/Nylon<\/td>\n<\/tr>\n<tr>\n<td>\u0627\u0644\u0637\u0648\u0644<\/td>\n<td>5 ~ 60 \u0628\u0648\u0635\u0629<\/td>\n<\/tr>\n<tr>\n<td>\u0643\u0648\u0646\u0643\u062a\u0648\u0631<\/td>\n<td>\u0646\u0648\u0639 \u0627\u0644\u0631\u0645\u062d \/ 215 \/ 222\/212 \/ 226 \/ DOE<\/td>\n<\/tr>\n<tr>\n<td>\u0645\u064a\u0643\u0631\u0648\u0646<\/td>\n<td>0.01 ~ 100 \u0645\u064a\u0643\u0631\u0648\u0646 \u062e\u0631\u0637\u0648\u0634\u0629 \u0641\u0644\u062a\u0631 \u0645\u0637\u0648\u064a \u0645\u0646 0.01 \u0625\u0644\u0649 100 \u0645\u064a\u0643\u0631\u0648\u0646<\/td>\n<\/tr>\n<tr>\n<td>\u0637\u0631\u064a\u0642\u0629 \u0627\u0644\u062e\u062a\u0645<\/td>\n<td>\u0627\u0644\u0644\u062d\u0627\u0645 \u0628\u0627\u0644\u0630\u0648\u0628\u0627\u0646 \u0627\u0644\u0633\u0627\u062e\u0646<\/td>\n<\/tr>\n<tr>\n<td>\u0627\u0644\u0642\u0637\u0631<\/td>\n<td>70 \u0645\u0645<\/td>\n<\/tr>\n<tr>\n<td>\u0627\u0644\u0646\u0648\u0627\u0629 \u0627\u0644\u062f\u0627\u062e\u0644\u064a\u0629<\/td>\n<td>\u0645\u0627\u062f\u0629 PP\/SS<\/td>\n<\/tr>\n<tr>\n<td>\u0645\u0648\u0643<\/td>\n<td>\u0644\u0627 \u064a\u0648\u062c\u062f \u062d\u0627\u0644\u064a\u064b\u0627<\/td>\n<\/tr>\n<tr>\n<td>\u0648\u062d\u062f\u0627\u062a \u0627\u0644\u0628\u064a\u0639<\/td>\n<td>\u0639\u0646\u0635\u0631 \u0648\u0627\u062d\u062f<\/td>\n<\/tr>\n<tr>\n<td>\u062d\u062c\u0645 \u0627\u0644\u0639\u0628\u0648\u0629 \u0627\u0644\u0648\u0627\u062d\u062f\u0629<\/td>\n<td>63 \u00d7 42 \u00d7 42 \u00d7 42 \u0633\u0645<\/td>\n<\/tr>\n<tr>\n<td>\u0627\u0644\u0648\u0632\u0646 \u0627\u0644\u0625\u062c\u0645\u0627\u0644\u064a \u0627\u0644\u0641\u0631\u062f\u064a<\/td>\n<td>23.000 \u0643\u062c\u0645<\/td>\n<\/tr>\n<tr>\n<td>\u0646\u0648\u0639 \u0627\u0644\u062d\u0632\u0645\u0629<\/td>\n<td>\u0645\u0631\u0634\u062d \u0627\u0644\u0625\u0633\u0643\u0627\u0646 \u063a\u064a\u0631 \u0627\u0644\u0642\u0627\u0628\u0644 \u0644\u0644\u0635\u062f\u0623 PP PP PES PTFE PTFE PVDF \u0645\u0627\u062f\u0629 \u062e\u0631\u0637\u0648\u0634\u0629 \u0645\u0637\u0648\u064a\u0629 0.5 \u0645\u064a\u0643\u0631\u0648\u0646 \/ \u0645\u0631\u0634\u062d \u062e\u0631\u0637\u0648\u0634\u0629 \u0645\u064a\u0627\u0647 5 \u0645\u064a\u0643\u0631\u0648\u0646: 10 \u2033 50 \u0642\u0637\u0639\u0629 \/ CTN\u060c 20 \u2033 25 \u0642\u0637\u0639\u0629 \/ CTN\u060c 30 \u2033 25 \u0642\u0637\u0639\u0629 \/ CTN\u060c 40 \u2033 25 \u0642\u0637\u0639\u0629 \/ CTN.<\/td>\n<\/tr>\n<tr>\n<td>\u0627\u0644\u0645\u0647\u0644\u0629 \u0627\u0644\u0632\u0645\u0646\u064a\u0629<\/td>\n<td>\u0627\u0644\u0643\u0645\u064a\u0629 (\u0627\u0644\u0642\u0637\u0639): 1 - 500\u060c \u062a\u0642\u062f\u064a\u0631\u064a\u064b\u0627. \u0627\u0644\u0648\u0642\u062a (\u0623\u064a\u0627\u0645): 5\u061b \u0627\u0644\u0643\u0645\u064a\u0629 (\u0627\u0644\u0642\u0637\u0639): &gt; 500\u060c \u0627\u0644\u0648\u0642\u062a (\u0623\u064a\u0627\u0645): 5. \u0627\u0644\u0648\u0642\u062a (\u0623\u064a\u0627\u0645): \u064a\u062a\u0645 \u0627\u0644\u062a\u0641\u0627\u0648\u0636 \u0628\u0634\u0623\u0646\u0647\u0627<\/td>\n<\/tr>\n<\/tbody>\n<\/table>","protected":false},"featured_media":3933,"comment_status":"open","ping_status":"closed","template":"","meta":{"_gspb_post_css":""},"product_brand":[],"product_cat":[15],"product_tag":[1324,334,1322,1323,1321,1136],"class_list":{"0":"post-3927","1":"product","2":"type-product","3":"status-publish","4":"has-post-thumbnail","6":"product_cat-stainless-steel-filter-housing","7":"product_tag-1-2-10-micron-filter","8":"product_tag-industrial-water-filter","9":"product_tag-pleated-cartridge-water-filter","10":"product_tag-pp-pes-ptfe-pvdf-filter","11":"product_tag-stainless-housing-filter","12":"product_tag-water-filter-locks","14":"first","15":"instock","16":"shipping-taxable","17":"product-type-simple"},"_links":{"self":[{"href":"https:\/\/lyfilter.com\/ar\/wp-json\/wp\/v2\/product\/3927","targetHints":{"allow":["GET"]}}],"collection":[{"href":"https:\/\/lyfilter.com\/ar\/wp-json\/wp\/v2\/product"}],"about":[{"href":"https:\/\/lyfilter.com\/ar\/wp-json\/wp\/v2\/types\/product"}],"replies":[{"embeddable":true,"href":"https:\/\/lyfilter.com\/ar\/wp-json\/wp\/v2\/comments?post=3927"}],"wp:featuredmedia":[{"embeddable":true,"href":"https:\/\/lyfilter.com\/ar\/wp-json\/wp\/v2\/media\/3933"}],"wp:attachment":[{"href":"https:\/\/lyfilter.com\/ar\/wp-json\/wp\/v2\/media?parent=3927"}],"wp:term":[{"taxonomy":"product_brand","embeddable":true,"href":"https:\/\/lyfilter.com\/ar\/wp-json\/wp\/v2\/product_brand?post=3927"},{"taxonomy":"product_cat","embeddable":true,"href":"https:\/\/lyfilter.com\/ar\/wp-json\/wp\/v2\/product_cat?post=3927"},{"taxonomy":"product_tag","embeddable":true,"href":"https:\/\/lyfilter.com\/ar\/wp-json\/wp\/v2\/product_tag?post=3927"}],"curies":[{"name":"\u062f\u0628\u0644\u064a\u0648 \u0628\u064a","href":"https:\/\/api.w.org\/{rel}","templated":true}]}}