{"id":3784,"date":"2026-04-03T02:57:51","date_gmt":"2026-04-03T02:57:51","guid":{"rendered":"https:\/\/lyfilter.com\/"},"modified":"2026-04-03T02:57:51","modified_gmt":"2026-04-03T02:57:51","slug":"factory-price-pleated-water-filter-cartridge-manufacturing-for-industry","status":"publish","type":"product","link":"https:\/\/lyfilter.com\/ar\/factory-price-pleated-water-filter-cartridge-manufacturing-for-industry\/","title":{"rendered":"\u0633\u0639\u0631 \u0627\u0644\u0645\u0635\u0646\u0639 \u0633\u0639\u0631 \u0627\u0644\u0645\u0635\u0646\u0639 \u062e\u0631\u0637\u0648\u0634\u0629 \u062a\u0635\u0641\u064a\u0629 \u0627\u0644\u0645\u064a\u0627\u0647 \u0627\u0644\u0645\u0637\u0648\u064a\u0629 \u0644\u0644\u0635\u0646\u0627\u0639\u0629"},"content":{"rendered":"<p>\u0635\u064f\u0646\u0639\u062a \u062e\u0631\u0637\u0648\u0634\u0629 \u0641\u0644\u062a\u0631 \u0627\u0644\u0645\u064a\u0627\u0647 \u0627\u0644\u0645\u0637\u0648\u064a\u0629 \u0647\u0630\u0647 \u0627\u0644\u0645\u0635\u0645\u0645\u0629 \u0644\u0644\u062a\u0631\u0634\u064a\u062d \u0627\u0644\u0635\u0646\u0627\u0639\u064a\u060c \u0648\u062a\u0648\u0641\u0631 \u062a\u062f\u0641\u0642\u064b\u0627 \u0645\u0633\u062a\u0642\u0631\u064b\u0627 \u0648\u0627\u062d\u062a\u0641\u0627\u0638\u064b\u0627 \u0641\u0639\u0627\u0644\u0627\u064b \u0628\u0627\u0644\u062c\u0633\u064a\u0645\u0627\u062a \u0648\u0642\u064a\u0645\u0629 \u0627\u0633\u062a\u0628\u062f\u0627\u0644 \u064a\u0645\u0643\u0646 \u0627\u0644\u0627\u0639\u062a\u0645\u0627\u062f \u0639\u0644\u064a\u0647\u0627.<\/p>","protected":false},"excerpt":{"rendered":"<table>\n<thead>\n<tr>\n<th>\u0627\u0644\u062d\u0627\u0644\u0629<\/th>\n<th>\u062c\u062f\u064a\u062f<\/th>\n<th>\u0627\u0644\u0635\u0646\u0627\u0639\u0627\u062a \u0627\u0644\u0645\u0637\u0628\u0642\u0629<\/th>\n<th>\u0627\u0644\u0641\u0646\u0627\u062f\u0642\u060c \u0645\u062d\u0644\u0627\u062a \u0627\u0644\u0645\u0644\u0627\u0628\u0633\u060c \u0645\u062d\u0644\u0627\u062a \u0645\u0648\u0627\u062f \u0627\u0644\u0628\u0646\u0627\u0621\u060c \u0645\u062d\u0644\u0627\u062a \u0645\u0648\u0627\u062f \u0627\u0644\u0628\u0646\u0627\u0621\u060c \u0645\u0635\u0627\u0646\u0639 \u0627\u0644\u062a\u0635\u0646\u064a\u0639\u060c \u0645\u062d\u0644\u0627\u062a \u062a\u0635\u0644\u064a\u062d \u0627\u0644\u0622\u0644\u0627\u062a\u060c \u0645\u0635\u0627\u0646\u0639 \u0627\u0644\u0623\u063a\u0630\u064a\u0629 \u0648\u0627\u0644\u0645\u0634\u0631\u0648\u0628\u0627\u062a\u060c \u0627\u0644\u0645\u0632\u0627\u0631\u0639\u060c \u0627\u0644\u0645\u0637\u0627\u0639\u0645\u060c \u0627\u0644\u0645\u0637\u0627\u0639\u0645\u060c \u0627\u0644\u0627\u0633\u062a\u062e\u062f\u0627\u0645 \u0627\u0644\u0645\u0646\u0632\u0644\u064a\u060c \u0627\u0644\u0628\u064a\u0639 \u0628\u0627\u0644\u062a\u062c\u0632\u0626\u0629\u060c \u0645\u062d\u0644\u0627\u062a \u0627\u0644\u0623\u063a\u0630\u064a\u0629\u060c \u0645\u062d\u0644\u0627\u062a \u0627\u0644\u0637\u0628\u0627\u0639\u0629\u060c \u0623\u0639\u0645\u0627\u0644 \u0627\u0644\u0628\u0646\u0627\u0621\u060c \u0627\u0644\u0637\u0627\u0642\u0629 \u0648\u0627\u0644\u062a\u0639\u062f\u064a\u0646\u060c \u0645\u062d\u0644\u0627\u062a \u0627\u0644\u0623\u063a\u0630\u064a\u0629 \u0648\u0627\u0644\u0645\u0634\u0631\u0648\u0628\u0627\u062a\u060c \u0634\u0631\u0643\u0629 \u0627\u0644\u0625\u0639\u0644\u0627\u0646\u0627\u062a<\/th>\n<\/tr>\n<\/thead>\n<tbody>\n<tr>\n<td>\u062e\u062f\u0645\u0629 \u0645\u0627 \u0628\u0639\u062f \u0627\u0644\u0636\u0645\u0627\u0646<\/td>\n<td>\u0627\u0644\u062f\u0639\u0645 \u0639\u0628\u0631 \u0627\u0644\u0625\u0646\u062a\u0631\u0646\u062a<\/td>\n<td>\u0645\u0648\u0642\u0639 \u0627\u0644\u062e\u062f\u0645\u0629 \u0627\u0644\u0645\u062d\u0644\u064a\u0629<\/td>\n<td>\u0644\u0627 \u0634\u064a\u0621<\/td>\n<\/tr>\n<tr>\n<td>\u0645\u0648\u0642\u0639 \u0627\u0644\u0645\u0639\u0631\u0636<\/td>\n<td>\u0644\u0627 \u0634\u064a\u0621<\/td>\n<td>\u0645\u0643\u0627\u0646 \u0627\u0644\u0645\u0646\u0634\u0623<\/td>\n<td>\u063a\u0648\u0627\u0646\u063a\u062f\u0648\u0646\u063a\u060c \u0627\u0644\u0635\u064a\u0646<\/td>\n<\/tr>\n<tr>\n<td>\u0627\u0633\u0645 \u0627\u0644\u0639\u0644\u0627\u0645\u0629 \u0627\u0644\u062a\u062c\u0627\u0631\u064a\u0629<\/td>\n<td>\u0644\u0641\u064a\u0648\u0627\u0646\/\u0645\u0635\u0646\u0639 \u0627\u0644\u0625\u0644\u0643\u062a\u0631\u0648\u0646\u064a\u0627\u062a \u0627\u0644\u0645\u062f\u0645\u062c\u0629<\/td>\n<td>\u0627\u0644\u0645\u0648\u0627\u062f<\/td>\n<td>\u0628\u0648\u0644\u064a \u0628\u0631\u0648\u0628\u064a\u0644\u064a\u0646<\/td>\n<\/tr>\n<tr>\n<td>\u0627\u0644\u0648\u0632\u0646<\/td>\n<td>\u0642\u064a\u0627\u0633\u064a<\/td>\n<td>\u0627\u0644\u062d\u062c\u0645<\/td>\n<td>\u0642\u064a\u0627\u0633\u064a<\/td>\n<\/tr>\n<tr>\n<td>\u0627\u0644\u0637\u0627\u0642\u0629<\/td>\n<td>0<\/td>\n<td>\u0627\u0644\u0636\u0645\u0627\u0646<\/td>\n<td>\u063a\u064a\u0631 \u0645\u062a\u0627\u062d<\/td>\n<\/tr>\n<tr>\n<td>\u0627\u0644\u0627\u0633\u0645<\/td>\n<td>\u063a\u0634\u0627\u0621 \u0645\u062a\u0639\u062f\u062f \u0627\u0644\u0637\u0628\u0642\u0627\u062a PP\/PTFE\/PVDF\/PVDF\/PES\/N66\/ N66 222 \u0645\u0631\u0634\u062d \u0645\u0637\u0648\u064a<\/td>\n<td>\u0645\u0627\u062f\u0629 \u063a\u0634\u0627\u0621 \u0627\u0644\u0645\u0631\u0634\u062d<\/td>\n<td>PP\/PVDF\/PTFE\/PTFE\/PES\/Nylon<\/td>\n<\/tr>\n<tr>\n<td>\u0627\u0644\u0637\u0648\u0644<\/td>\n<td>5 \/ 10 \/ 20 \/ 30 \/ 40 \/ 50 \/ 60 \u0628\u0648\u0635\u0629<\/td>\n<td>\u0643\u0648\u0646\u0643\u062a\u0648\u0631<\/td>\n<td>Fin\/222\/226\/215\/DOE\/Thread<\/td>\n<\/tr>\n<tr>\n<td>\u0645\u064a\u0643\u0631\u0648\u0646<\/td>\n<td>0.22\/0.5\/1\/3\/5\/10\/25\/50\/75\/100\/150<\/td>\n<td>\u0645\u0627\u062f\u0629 \u0627\u0644\u062d\u0644\u0642\u0629 \u0627\u0644\u062f\u0627\u0626\u0631\u064a\u0629<\/td>\n<td>EPDM\/\u0633\u064a\u0644\u064a\u0643\u0648\u0646\/\u062a\u064a \u0641\u0644\u0648\u0646<\/td>\n<\/tr>\n<tr>\n<td>\u0637\u0631\u064a\u0642\u0629 \u0627\u0644\u062e\u062a\u0645<\/td>\n<td>\u0627\u0644\u0644\u062d\u0627\u0645 \u0628\u0627\u0644\u0630\u0648\u0628\u0627\u0646 \u0627\u0644\u0633\u0627\u062e\u0646<\/td>\n<td>\u0627\u0644\u0642\u0637\u0631<\/td>\n<td>70 \u0645\u0645\/\u0645\u0644\u0645\/\u0645\u0635\u0646\u0639 \u0645\u062d\u0644\u064a \u0627\u0644\u0635\u0646\u0639<\/td>\n<\/tr>\n<tr>\n<td>\u0627\u0644\u0646\u0648\u0627\u0629 \u0627\u0644\u062f\u0627\u062e\u0644\u064a\u0629<\/td>\n<td>PP\/SS\/OEM<\/td>\n<td>\u0645\u0648\u0643<\/td>\n<td>\u0644\u0627 \u064a\u0648\u062c\u062f \u062d\u0627\u0644\u064a\u064b\u0627<\/td>\n<\/tr>\n<tr>\n<td>\u0648\u062d\u062f\u0627\u062a \u0627\u0644\u0628\u064a\u0639<\/td>\n<td>\u0639\u0646\u0635\u0631 \u0648\u0627\u062d\u062f<\/td>\n<td>\u062d\u062c\u0645 \u0627\u0644\u0639\u0628\u0648\u0629 \u0627\u0644\u0648\u0627\u062d\u062f\u0629<\/td>\n<td>68 \u00d7 40 \u00d7 40 \u00d7 40 \u0633\u0645<\/td>\n<\/tr>\n<tr>\n<td>\u0627\u0644\u0648\u0632\u0646 \u0627\u0644\u0625\u062c\u0645\u0627\u0644\u064a \u0627\u0644\u0641\u0631\u062f\u064a<\/td>\n<td>23.000 \u0643\u062c\u0645<\/td>\n<td>\u0646\u0648\u0639 \u0627\u0644\u062d\u0632\u0645\u0629<\/td>\n<td>\u063a\u0634\u0627\u0621 \u0645\u062a\u0639\u062f\u062f \u0627\u0644\u0637\u0628\u0642\u0627\u062a PP\/PTFE\/PVDF\/PVDF\/PES\/N66\/N66 222 \u0645\u0631\u0634\u062d \u0645\u0637\u0648\u064a \u0628\u063a\u0634\u0627\u0621 \u0645\u0637\u0648\u064a 0.1\/0.2\/0.45 \u0645\u064a\u0643\u0631\u0648\u0646: 10 \u2033 50 \u0642\u0637\u0639\u0629\/CTN\u060c 20\u2033 25 \u0642\u0637\u0639\u0629\/CTN\u060c 30\u2033 25 \u0642\u0637\u0639\u0629\/CTN\u060c 40\u2033 25 \u0642\u0637\u0639\u0629\/CTN.<\/td>\n<\/tr>\n<tr>\n<td>\u0627\u0644\u0645\u0647\u0644\u0629 \u0627\u0644\u0632\u0645\u0646\u064a\u0629 (1 - 100 \u0642\u0637\u0639\u0629)<\/td>\n<td>2 \u064a\u0648\u0645\u0627\u0646<\/td>\n<td>\u0627\u0644\u0645\u0647\u0644\u0629 \u0627\u0644\u0632\u0645\u0646\u064a\u0629 (101 - 500 \u0642\u0637\u0639\u0629)<\/td>\n<td>5 \u0623\u064a\u0627\u0645<\/td>\n<\/tr>\n<tr>\n<td>\u0627\u0644\u0645\u0647\u0644\u0629 \u0627\u0644\u0632\u0645\u0646\u064a\u0629 (501 - 1000 \u0642\u0637\u0639\u0629)<\/td>\n<td>7 \u0623\u064a\u0627\u0645<\/td>\n<td>\u0627\u0644\u0645\u0647\u0644\u0629 \u0627\u0644\u0632\u0645\u0646\u064a\u0629 (\u0623\u0643\u062b\u0631 \u0645\u0646 1000 \u0642\u0637\u0639\u0629)<\/td>\n<td>\u064a\u062a\u0645 \u0627\u0644\u062a\u0641\u0627\u0648\u0636 \u0628\u0634\u0623\u0646\u0647\u0627<\/td>\n<\/tr>\n<tr>\n<td>\u0627\u0644\u0648\u0635\u0641<\/td>\n<td>\u063a\u0634\u0627\u0621 \u0645\u062a\u0639\u062f\u062f \u0627\u0644\u0637\u0628\u0642\u0627\u062a PP\/PTFE\/PVDF\/PVDF\/PES\/N66\/66 222 \u0645\u0631\u0634\u062d \u0645\u0637\u0648\u064a \u0628\u063a\u0634\u0627\u0621 \u0645\u0637\u0648\u064a 0.1\/0.2\/0.45 \u0645\u064a\u0643\u0631\u0648\u0646<\/td>\n<td><\/td>\n<td><\/td>\n<\/tr>\n<\/tbody>\n<\/table>","protected":false},"featured_media":3785,"comment_status":"open","ping_status":"closed","template":"","meta":{"_gspb_post_css":""},"product_brand":[],"product_cat":[15],"product_tag":[1235,334,1236,814,1162,340],"class_list":{"0":"post-3784","1":"product","2":"type-product","3":"status-publish","4":"has-post-thumbnail","6":"product_cat-stainless-steel-filter-housing","7":"product_tag-factory-price-filter-cartridge","8":"product_tag-industrial-water-filter","9":"product_tag-pleated-filter-cartridge","10":"product_tag-pleated-water-filter-cartridge","11":"product_tag-replacement-water-filter","12":"product_tag-water-treatment-filter","14":"first","15":"instock","16":"shipping-taxable","17":"product-type-simple"},"_links":{"self":[{"href":"https:\/\/lyfilter.com\/ar\/wp-json\/wp\/v2\/product\/3784","targetHints":{"allow":["GET"]}}],"collection":[{"href":"https:\/\/lyfilter.com\/ar\/wp-json\/wp\/v2\/product"}],"about":[{"href":"https:\/\/lyfilter.com\/ar\/wp-json\/wp\/v2\/types\/product"}],"replies":[{"embeddable":true,"href":"https:\/\/lyfilter.com\/ar\/wp-json\/wp\/v2\/comments?post=3784"}],"wp:featuredmedia":[{"embeddable":true,"href":"https:\/\/lyfilter.com\/ar\/wp-json\/wp\/v2\/media\/3785"}],"wp:attachment":[{"href":"https:\/\/lyfilter.com\/ar\/wp-json\/wp\/v2\/media?parent=3784"}],"wp:term":[{"taxonomy":"product_brand","embeddable":true,"href":"https:\/\/lyfilter.com\/ar\/wp-json\/wp\/v2\/product_brand?post=3784"},{"taxonomy":"product_cat","embeddable":true,"href":"https:\/\/lyfilter.com\/ar\/wp-json\/wp\/v2\/product_cat?post=3784"},{"taxonomy":"product_tag","embeddable":true,"href":"https:\/\/lyfilter.com\/ar\/wp-json\/wp\/v2\/product_tag?post=3784"}],"curies":[{"name":"\u062f\u0628\u0644\u064a\u0648 \u0628\u064a","href":"https:\/\/api.w.org\/{rel}","templated":true}]}}