{"id":3700,"date":"2026-04-02T11:15:04","date_gmt":"2026-04-02T11:15:04","guid":{"rendered":"https:\/\/lyfilter.com\/"},"modified":"2026-04-02T11:15:04","modified_gmt":"2026-04-02T11:15:04","slug":"lvyuan-filter-cartridge-filter-housing-ss316-for-factory","status":"publish","type":"product","link":"https:\/\/lyfilter.com\/ar\/lvyuan-filter-cartridge-filter-housing-ss316-for-factory\/","title":{"rendered":"\u0645\u0628\u064a\u062a \u0645\u0631\u0634\u062d \u062e\u0631\u0637\u0648\u0634\u0629 \u0641\u0644\u062a\u0631 \u0644\u0641\u064a\u0648\u0627\u0646 SS316 \u0644\u0645\u0635\u0646\u0639 SS316"},"content":{"rendered":"","protected":false},"excerpt":{"rendered":"<table>\n<thead>\n<tr>\n<th>\u0627\u0644\u062d\u0642\u0644<\/th>\n<th>\u0627\u0644\u0642\u064a\u0645\u0629<\/th>\n<\/tr>\n<\/thead>\n<tbody>\n<tr>\n<td>\u0627\u0644\u0635\u0646\u0627\u0639\u0627\u062a \u0627\u0644\u0645\u0637\u0628\u0642\u0629<\/td>\n<td>\u0627\u0644\u0641\u0646\u0627\u062f\u0642\u060c \u0645\u062d\u0644\u0627\u062a \u0627\u0644\u0645\u0644\u0627\u0628\u0633\u060c \u0645\u062d\u0644\u0627\u062a \u0645\u0648\u0627\u062f \u0627\u0644\u0628\u0646\u0627\u0621\u060c \u0645\u062d\u0644\u0627\u062a \u0645\u0648\u0627\u062f \u0627\u0644\u0628\u0646\u0627\u0621\u060c \u0645\u0635\u0627\u0646\u0639 \u0627\u0644\u062a\u0635\u0646\u064a\u0639\u060c \u0645\u062d\u0644\u0627\u062a \u062a\u0635\u0644\u064a\u062d \u0627\u0644\u0622\u0644\u0627\u062a\u060c \u0645\u0635\u0627\u0646\u0639 \u0627\u0644\u0623\u063a\u0630\u064a\u0629 \u0648\u0627\u0644\u0645\u0634\u0631\u0648\u0628\u0627\u062a\u060c \u0627\u0644\u0645\u0632\u0627\u0631\u0639\u060c \u0627\u0644\u0645\u0637\u0627\u0639\u0645\u060c \u0627\u0644\u0645\u0637\u0627\u0639\u0645\u060c \u0627\u0644\u0627\u0633\u062a\u062e\u062f\u0627\u0645 \u0627\u0644\u0645\u0646\u0632\u0644\u064a\u060c \u0627\u0644\u0628\u064a\u0639 \u0628\u0627\u0644\u062a\u062c\u0632\u0626\u0629\u060c \u0645\u062d\u0644\u0627\u062a \u0627\u0644\u0623\u063a\u0630\u064a\u0629\u060c \u0645\u062d\u0644\u0627\u062a \u0627\u0644\u0637\u0628\u0627\u0639\u0629\u060c \u0623\u0639\u0645\u0627\u0644 \u0627\u0644\u0628\u0646\u0627\u0621\u060c \u0627\u0644\u0637\u0627\u0642\u0629 \u0648\u0627\u0644\u062a\u0639\u062f\u064a\u0646\u060c \u0645\u062d\u0644\u0627\u062a \u0627\u0644\u0623\u063a\u0630\u064a\u0629 \u0648\u0627\u0644\u0645\u0634\u0631\u0648\u0628\u0627\u062a\u060c \u0634\u0631\u0643\u0629 \u0627\u0644\u0625\u0639\u0644\u0627\u0646\u0627\u062a<\/td>\n<\/tr>\n<tr>\n<td>\u0645\u0643\u0627\u0646 \u0627\u0644\u0645\u0646\u0634\u0623<\/td>\n<td>\u063a\u0648\u0627\u0646\u063a\u062f\u0648\u0646\u063a\u060c \u0627\u0644\u0635\u064a\u0646<\/td>\n<\/tr>\n<tr>\n<td>\u0627\u0633\u0645 \u0627\u0644\u0639\u0644\u0627\u0645\u0629 \u0627\u0644\u062a\u062c\u0627\u0631\u064a\u0629<\/td>\n<td>LVYUAN\/OEM<\/td>\n<\/tr>\n<tr>\n<td>\u0627\u0644\u0636\u0645\u0627\u0646<\/td>\n<td>1 \u0633\u0646\u0629<\/td>\n<\/tr>\n<tr>\n<td>\u062e\u062f\u0645\u0629 \u0645\u0627 \u0628\u0639\u062f \u0627\u0644\u0628\u064a\u0639 \u0627\u0644\u0645\u0642\u062f\u0645\u0629<\/td>\n<td>\u0627\u0644\u062f\u0639\u0645 \u0639\u0628\u0631 \u0627\u0644\u0625\u0646\u062a\u0631\u0646\u062a<\/td>\n<\/tr>\n<tr>\n<td>\u0627\u0633\u0645 \u0627\u0644\u0639\u0646\u0635\u0631<\/td>\n<td>\u0622\u0644\u0629 \u062a\u0635\u0641\u064a\u0629 \u0623\u0643\u064a\u0627\u0633 \u0627\u0644\u0641\u0648\u0644\u0627\u0630 \u0627\u0644\u0645\u0642\u0627\u0648\u0645 \u0644\u0644\u0635\u062f\u0623 \u0623\u062d\u0627\u062f\u064a\u0629\/\u062b\u0646\u0627\u0626\u064a\u0629 \u0627\u0644\u0623\u0643\u064a\u0627\u0633 304 316L<\/td>\n<\/tr>\n<tr>\n<td>\u0627\u0644\u0645\u0648\u0627\u062f<\/td>\n<td>SS304 \/ SS316L<\/td>\n<\/tr>\n<tr>\n<td>\u0645\u0627\u062f\u0629 \u0643\u064a\u0633 \u0627\u0644\u0641\u0644\u062a\u0631<\/td>\n<td>\u062d\u0642\u064a\u0628\u0629 PE BAG\/PP BAG<\/td>\n<\/tr>\n<tr>\n<td>\u0643\u0645\u064a\u0629 \u0627\u0644\u0641\u0644\u062a\u0631 \u0627\u0644\u0643\u064a\u0633\u064a<\/td>\n<td>\u0645\u0628\u064a\u062a \u0645\u0631\u0634\u062d \u0627\u0644\u0643\u064a\u0633 \u0627\u0644\u0648\u0627\u062d\u062f<\/td>\n<\/tr>\n<tr>\n<td>\u0645\u0639\u0627\u0644\u062c\u0629 \u0627\u0644\u0633\u0637\u062d<\/td>\n<td>\u0645\u0635\u0642\u0648\u0644 \u0648\u0631\u0645\u0644 \u0645\u0635\u0642\u0648\u0644<\/td>\n<\/tr>\n<tr>\n<td>\u062d\u0644\u0642\u0629 \u0627\u0644\u062e\u062a\u0645 \u0627\u0644\u062f\u0627\u0626\u0631\u064a\u0629<\/td>\n<td>\u0633\u064a\u0644\u064a\u0633\u062a\u064a\u0643\/\u0625\u0646BR\/EPDM\/\u0641\u064a\u062a\u0648\u0646<\/td>\n<\/tr>\n<tr>\n<td>\u0646\u0648\u0639 \u0627\u0644\u063a\u0637\u0627\u0621 \u0627\u0644\u0639\u0644\u0648\u064a \u0627\u0644\u0645\u062b\u0628\u062a<\/td>\n<td>\u0646\u0648\u0639 \u0627\u0644\u0645\u0634\u0628\u0643\/\u0646\u0648\u0639 \u0627\u0644\u0628\u0631\u063a\u064a<\/td>\n<\/tr>\n<tr>\n<td>\u0646\u0648\u0639 \u0627\u0644\u0645\u062f\u062e\u0644 \u0648\u0627\u0644\u0645\u062e\u0631\u062c<\/td>\n<td>\u0627\u0644\u062e\u064a\u0637 \u0627\u0644\u062f\u0627\u062e\u0644\u064a\/\u0627\u0644\u0634\u0641\u0629 \u0627\u0644\u062f\u0627\u062e\u0644\u064a\u0629<\/td>\n<\/tr>\n<tr>\n<td>\u0646\u0648\u0639 \u0627\u0644\u0645\u0648\u0635\u0644<\/td>\n<td>222\/226\/226\/DOE<\/td>\n<\/tr>\n<tr>\n<td>\u0637\u0631\u064a\u0642\u0629 \u0627\u0644\u062a\u063a\u0644\u064a\u0641<\/td>\n<td>\u0635\u0646\u062f\u0648\u0642 \u0627\u0644\u062a\u0635\u062f\u064a\u0631 \u0627\u0644\u0642\u064a\u0627\u0633\u064a<\/td>\n<\/tr>\n<tr>\n<td>\u0648\u062d\u062f\u0627\u062a \u0627\u0644\u0628\u064a\u0639<\/td>\n<td>\u0639\u0646\u0635\u0631 \u0648\u0627\u062d\u062f<\/td>\n<\/tr>\n<tr>\n<td>\u062d\u062c\u0645 \u0627\u0644\u0639\u0628\u0648\u0629 \u0627\u0644\u0648\u0627\u062d\u062f\u0629<\/td>\n<td>75 \u00d7 50 \u00d7 50 \u00d7 75 \u0633\u0645<\/td>\n<\/tr>\n<tr>\n<td>\u0627\u0644\u0648\u0632\u0646 \u0627\u0644\u0625\u062c\u0645\u0627\u0644\u064a \u0627\u0644\u0641\u0631\u062f\u064a<\/td>\n<td>30.000 \u0643\u062c\u0645<\/td>\n<\/tr>\n<tr>\n<td>\u0646\u0648\u0639 \u0627\u0644\u062d\u0632\u0645\u0629<\/td>\n<td>\u0623\u0643\u064a\u0627\u0633 \u0645\u0641\u0631\u062f\u0629 \/ \u0645\u0632\u062f\u0648\u062c\u0629 304 316L \u0622\u0644\u0629 \u062a\u0635\u0641\u064a\u0629 \u0623\u0643\u064a\u0627\u0633 \u0627\u0644\u0641\u0648\u0644\u0627\u0630 \u0627\u0644\u0645\u0642\u0627\u0648\u0645 \u0644\u0644\u0635\u062f\u0623 304 316L \u0645\u0639 \u0645\u0631\u0634\u062d \u0643\u064a\u0633 \u0627\u0644\u0632\u064a\u062a \u0627\u0644\u0633\u0627\u0626\u0644 10 \u0645\u064a\u0643\u0631\u0648\u0646 7 \u00d7 32 \u0628\u0648\u0635\u0629: \u0627\u0644\u062a\u0639\u0628\u0626\u0629 \u0648\u0627\u0644\u062a\u063a\u0644\u064a\u0641: \u0635\u0646\u062f\u0648\u0642 \u062a\u0635\u062f\u064a\u0631 \u0642\u064a\u0627\u0633\u064a \/ \u0643\u0645\u0627 \u0647\u0648 \u0645\u0637\u0644\u0648\u0628<\/td>\n<\/tr>\n<tr>\n<td>\u0627\u0644\u0645\u0647\u0644\u0629 \u0627\u0644\u0632\u0645\u0646\u064a\u0629<\/td>\n<td>1 - 10 \u0648\u062d\u062f\u0627\u062a: 5 \u0623\u064a\u0627\u0645\u061b \u0645\u0646 11 \u0625\u0644\u0649 100 \u0648\u062d\u062f\u0629: 10 \u0623\u064a\u0627\u0645\u061b \u0623\u0643\u062b\u0631 \u0645\u0646 100 \u0648\u062d\u062f\u0629: \u064a\u062a\u0645 \u0627\u0644\u062a\u0641\u0627\u0648\u0636 \u0628\u0634\u0623\u0646\u0647\u0627<\/td>\n<\/tr>\n<\/tbody>\n<\/table>","protected":false},"featured_media":3701,"comment_status":"open","ping_status":"closed","template":"","meta":{"_gspb_post_css":""},"product_brand":[],"product_cat":[15],"product_tag":[1187,1188,38,1186,1185,34],"class_list":{"0":"post-3700","1":"product","2":"type-product","3":"status-publish","4":"has-post-thumbnail","6":"product_cat-stainless-steel-filter-housing","7":"product_tag-factory-water-filter","8":"product_tag-filter-cartridge-housing","9":"product_tag-industrial-water-filtration","10":"product_tag-lvyuan-filter-housing","11":"product_tag-ss316-filter-housing","12":"product_tag-stainless-steel-filter-housing","14":"first","15":"instock","16":"shipping-taxable","17":"product-type-simple"},"_links":{"self":[{"href":"https:\/\/lyfilter.com\/ar\/wp-json\/wp\/v2\/product\/3700","targetHints":{"allow":["GET"]}}],"collection":[{"href":"https:\/\/lyfilter.com\/ar\/wp-json\/wp\/v2\/product"}],"about":[{"href":"https:\/\/lyfilter.com\/ar\/wp-json\/wp\/v2\/types\/product"}],"replies":[{"embeddable":true,"href":"https:\/\/lyfilter.com\/ar\/wp-json\/wp\/v2\/comments?post=3700"}],"wp:featuredmedia":[{"embeddable":true,"href":"https:\/\/lyfilter.com\/ar\/wp-json\/wp\/v2\/media\/3701"}],"wp:attachment":[{"href":"https:\/\/lyfilter.com\/ar\/wp-json\/wp\/v2\/media?parent=3700"}],"wp:term":[{"taxonomy":"product_brand","embeddable":true,"href":"https:\/\/lyfilter.com\/ar\/wp-json\/wp\/v2\/product_brand?post=3700"},{"taxonomy":"product_cat","embeddable":true,"href":"https:\/\/lyfilter.com\/ar\/wp-json\/wp\/v2\/product_cat?post=3700"},{"taxonomy":"product_tag","embeddable":true,"href":"https:\/\/lyfilter.com\/ar\/wp-json\/wp\/v2\/product_tag?post=3700"}],"curies":[{"name":"\u062f\u0628\u0644\u064a\u0648 \u0628\u064a","href":"https:\/\/api.w.org\/{rel}","templated":true}]}}