{"id":1470,"date":"2026-01-04T09:43:17","date_gmt":"2026-01-04T09:43:17","guid":{"rendered":"https:\/\/lyfilter.com\/?post_type=product&#038;p=1470"},"modified":"2026-01-04T09:43:17","modified_gmt":"2026-01-04T09:43:17","slug":"double-layers-spun-filter-polypropylene-10-50-micron-pp-sediment-filter-cartridge-for-pre-ro-water-filter-replacement","status":"publish","type":"product","link":"https:\/\/lyfilter.com\/ar\/double-layers-spun-filter-polypropylene-10-50-micron-pp-sediment-filter-cartridge-for-pre-ro-water-filter-replacement\/","title":{"rendered":"\u0641\u0644\u062a\u0631 \u0645\u0632\u062f\u0648\u062c \u0627\u0644\u0637\u0628\u0642\u0627\u062a \u0645\u063a\u0632\u0648\u0644 \u0645\u0646 \u0627\u0644\u0628\u0648\u0644\u064a \u0628\u0631\u0648\u0628\u0644\u064a\u0646 10 \u064850 \u0645\u064a\u0643\u0631\u0648\u0646 PP \u062e\u0631\u0637\u0648\u0634\u0629 \u0641\u0644\u062a\u0631 \u0627\u0644\u0631\u0648\u0627\u0633\u0628 \u0644\u0627\u0633\u062a\u0628\u062f\u0627\u0644 \u0641\u0644\u062a\u0631 \u0627\u0644\u0645\u064a\u0627\u0647 \u0642\u0628\u0644 RO"},"content":{"rendered":"<table>\n<thead>\n<tr>\n<th>\u0646\u0638\u0631\u0629 \u0639\u0627\u0645\u0629<\/th>\n<th>\u062e\u0631\u0637\u0648\u0634\u0629 \u0641\u0644\u062a\u0631 \u0627\u0644\u0631\u0648\u0627\u0633\u0628 \u0627\u0644\u0645\u063a\u0632\u0648\u0644\u0629 PP \u0645\u0632\u062f\u0648\u062c\u0629 \u0627\u0644\u0637\u0628\u0642\u0629 \u0644\u0627\u0633\u062a\u0628\u062f\u0627\u0644 \u0641\u0644\u062a\u0631 \u0627\u0644\u0645\u064a\u0627\u0647 \u0642\u0628\u0644 \u0627\u0644\u0635\u064a\u0627\u0646\u0629 \u0627\u0644\u062f\u0648\u0631\u064a\u0629.<\/th>\n<\/tr>\n<\/thead>\n<tbody>\n<tr>\n<td>\u0627\u0644\u0635\u0646\u0627\u0639\u0627\u062a \u0627\u0644\u0642\u0627\u0628\u0644\u0629 \u0644\u0644\u062a\u0637\u0628\u064a\u0642<\/td>\n<td>\u0645\u0635\u0646\u0639 \u0627\u0644\u062a\u0635\u0646\u064a\u0639\u061b \u0648\u0631\u0634 \u0625\u0635\u0644\u0627\u062d \u0627\u0644\u0622\u0644\u0627\u062a\u061b \u0645\u0635\u0646\u0639 \u0627\u0644\u0623\u063a\u0630\u064a\u0629 \u0648\u0627\u0644\u0645\u0634\u0631\u0648\u0628\u0627\u062a\u061b \u0627\u0644\u0645\u0632\u0627\u0631\u0639\u061b \u0627\u0644\u0645\u0637\u0627\u0639\u0645\u061b \u0623\u0639\u0645\u0627\u0644 \u0627\u0644\u0628\u0646\u0627\u0621\u061b \u0627\u0644\u0637\u0627\u0642\u0629 \u0648\u0627\u0644\u062a\u0639\u062f\u064a\u0646\u061b \u0645\u062d\u0644\u0627\u062a \u0627\u0644\u0623\u063a\u0630\u064a\u0629 \u0648\u0627\u0644\u0645\u0634\u0631\u0648\u0628\u0627\u062a<\/td>\n<\/tr>\n<tr>\n<td>\u0645\u0643\u0627\u0646 \u0627\u0644\u0645\u0646\u0634\u0623<\/td>\n<td>\u063a\u0648\u0627\u0646\u063a\u062f\u0648\u0646\u063a\u060c \u0627\u0644\u0635\u064a\u0646<\/td>\n<\/tr>\n<tr>\n<td>\u0627\u0633\u0645 \u0627\u0644\u0639\u0644\u0627\u0645\u0629 \u0627\u0644\u062a\u062c\u0627\u0631\u064a\u0629<\/td>\n<td>LVYUAN \/ OEM<\/td>\n<\/tr>\n<tr>\n<td>\u0627\u0644\u0645\u0648\u0627\u062f<\/td>\n<td>\u0628\u0648\u0644\u064a \u0628\u0631\u0648\u0628\u064a\u0644\u064a\u0646<\/td>\n<\/tr>\n<tr>\n<td>\u0627\u0633\u0645 \u0627\u0644\u0645\u0646\u062a\u062c<\/td>\n<td>\u0641\u0644\u062a\u0631 \u0645\u063a\u0632\u0648\u0644 \u0645\u0646 \u0627\u0644\u0628\u0648\u0644\u064a \u0628\u0631\u0648\u0628\u0644\u064a\u0646 10 \u064850 \u0645\u064a\u0643\u0631\u0648\u0646 PP \u062e\u0631\u0637\u0648\u0634\u0629 \u0641\u0644\u062a\u0631 \u0627\u0644\u0631\u0648\u0627\u0633\u0628<\/td>\n<\/tr>\n<tr>\n<td>\u0646\u0648\u0639 \u0627\u0644\u0645\u0631\u0634\u062d<\/td>\n<td>\u0627\u0644\u0623\u062e\u062f\u0648\u062f\u061b \u0627\u0644\u0646\u0642\u0634\u061b \u0627\u0644\u0646\u0642\u0627\u0637\u061b \u0634\u0639\u0627\u0631 \u0627\u0644\u0634\u0631\u0643\u0629<\/td>\n<\/tr>\n<tr>\n<td>\u0627\u0644\u062f\u0642\u0629<\/td>\n<td>1-100 \u0645\u064a\u0643\u0631\u0648\u0646<\/td>\n<\/tr>\n<tr>\n<td>\u0627\u0644\u0642\u0637\u0631 \u0627\u0644\u062e\u0627\u0631\u062c\u064a<\/td>\n<td>10-200 \u0645\u0645<\/td>\n<\/tr>\n<tr>\n<td>\u0627\u0644\u0642\u0637\u0631 \u0627\u0644\u062f\u0627\u062e\u0644\u064a<\/td>\n<td>\u0627\u0644\u0634\u0631\u0643\u0629 \u0627\u0644\u0645\u0635\u0646\u0639\u0629 \u0644\u0644\u0645\u0639\u062f\u0627\u062a \u0627\u0644\u0623\u0635\u0644\u064a\u0629<\/td>\n<\/tr>\n<tr>\n<td>\u0645\u062d\u0648\u0644 \u0627\u0644\u0641\u0644\u062a\u0631<\/td>\n<td>\u0646\u0648\u0639 \u0645\u0633\u0637\u062d\u061b \u0646\u0648\u0639 222\u061b \u0646\u0648\u0639 226\u061b \u0646\u0648\u0639 215<\/td>\n<\/tr>\n<tr>\n<td>\u0627\u0644\u062d\u062c\u0645<\/td>\n<td>\u0627\u0644\u0634\u0631\u0643\u0629 \u0627\u0644\u0645\u0635\u0646\u0639\u0629 \u0644\u0644\u0645\u0639\u062f\u0627\u062a \u0627\u0644\u0623\u0635\u0644\u064a\u0629<\/td>\n<\/tr>\n<tr>\n<td>\u0627\u0644\u0648\u0632\u0646<\/td>\n<td>\u0627\u0644\u0634\u0631\u0643\u0629 \u0627\u0644\u0645\u0635\u0646\u0639\u0629 \u0644\u0644\u0645\u0639\u062f\u0627\u062a \u0627\u0644\u0623\u0635\u0644\u064a\u0629<\/td>\n<\/tr>\n<tr>\n<td>\u0627\u0644\u0637\u0627\u0642\u0629<\/td>\n<td>0<\/td>\n<\/tr>\n<tr>\n<td>\u0627\u0644\u0636\u0645\u0627\u0646<\/td>\n<td>\u063a\u064a\u0631 \u0645\u062a\u0627\u062d<\/td>\n<\/tr>\n<tr>\n<td>\u0623\u0639\u0644\u0649 \u062f\u0631\u062c\u0629 \u062d\u0631\u0627\u0631\u0629<\/td>\n<td>80\u2103<\/td>\n<\/tr>\n<tr>\n<td>\u0627\u0646\u062e\u0641\u0627\u0636 \u0636\u063a\u0637 \u0627\u0644\u0639\u0645\u0644<\/td>\n<td>0.1 \u0643\u062c\u0645\/\u0643\u062c\u0645\/\u062c\u064a\u0645<\/td>\n<\/tr>\n<tr>\n<td>\u0623\u0639\u0644\u0649 \u0645\u062d\u0635\u0648\u0631\u0629<\/td>\n<td>5 \u0643\u062c\u0645\/\u062c\u064a\u0645\u33a1<\/td>\n<\/tr>\n<tr>\n<td>\u0627\u0644\u062d\u062f \u0627\u0644\u0623\u0642\u0635\u0649 \u0644\u0627\u0646\u062e\u0641\u0627\u0636 \u0627\u0644\u0636\u063a\u0637<\/td>\n<td>3 \u0643\u062c\u0645\/\u062c\/\u062c\u33a1<\/td>\n<\/tr>\n<tr>\n<td>\u062e\u062f\u0645\u0629 \u0645\u0627 \u0628\u0639\u062f \u0627\u0644\u0628\u064a\u0639 \u0627\u0644\u0645\u0642\u062f\u0645\u0629<\/td>\n<td>\u0627\u0644\u062f\u0639\u0645 \u0639\u0628\u0631 \u0627\u0644\u0625\u0646\u062a\u0631\u0646\u062a<\/td>\n<\/tr>\n<tr>\n<td>\u0628\u064a\u0639 \u0627\u0644\u0648\u062d\u062f\u0627\u062a<\/td>\n<td>\u0639\u0646\u0635\u0631 \u0648\u0627\u062d\u062f<\/td>\n<\/tr>\n<tr>\n<td>\u062d\u062c\u0645 \u0627\u0644\u0639\u0628\u0648\u0629 \u0627\u0644\u0648\u0627\u062d\u062f\u0629<\/td>\n<td>53 \u00d7 33 \u00d7 33 \u00d7 33 \u0633\u0645<\/td>\n<\/tr>\n<tr>\n<td>\u0627\u0644\u0648\u0632\u0646 \u0627\u0644\u0625\u062c\u0645\u0627\u0644\u064a \u0627\u0644\u0641\u0631\u062f\u064a<\/td>\n<td>9.000 \u0643\u062c\u0645<\/td>\n<\/tr>\n<tr>\n<td>\u0646\u0648\u0639 \u0627\u0644\u062d\u0632\u0645\u0629<\/td>\n<td>\u0645\u0639\u0628\u0623\u0629 \u0641\u064a \u0639\u0644\u0628\u0629 \u0643\u0631\u062a\u0648\u0646 \u0648\u0631\u0642\u064a\u0629 (\u062e\u0631\u0637\u0648\u0634\u0629 \u0641\u0644\u062a\u0631 \u0645\u063a\u0632\u0648\u0644\u0629 \u0645\u0632\u062f\u0648\u062c\u0629 \u0627\u0644\u0637\u0628\u0642\u0627\u062a).<\/td>\n<\/tr>\n<\/tbody>\n<\/table>","protected":false},"excerpt":{"rendered":"<p>\u062e\u0631\u0637\u0648\u0634\u0629 \u0631\u0648\u0627\u0633\u0628 \u0645\u063a\u0632\u0648\u0644\u0629 \u0645\u0646 \u0627\u0644\u0628\u0648\u0644\u064a \u0628\u0631\u0648\u0628\u064a\u0644\u064a\u0646 \u0628\u0648\u0644\u064a \u0628\u0631\u0648\u0628\u064a\u0644\u064a\u0646 \u0645\u0632\u062f\u0648\u062c\u0629 \u0627\u0644\u0637\u0628\u0642\u0629 \u062a\u0633\u0627\u0639\u062f \u0639\u0644\u0649 \u062d\u0645\u0627\u064a\u0629 \u0646\u0638\u0627\u0645 \u0645\u0627 \u0642\u0628\u0644 \u0627\u0644\u0635\u064a\u0627\u0646\u0629 \u0627\u0644\u062f\u0648\u0631\u064a\u0629 \u0639\u0646 \u0637\u0631\u064a\u0642 \u062d\u0628\u0633 \u0627\u0644\u0631\u0645\u0627\u0644 \u0648\u0627\u0644\u062c\u0633\u064a\u0645\u0627\u062a \u0627\u0644\u062f\u0642\u064a\u0642\u0629. \u0627\u062e\u062a\u0631 \u062a\u0635\u0646\u064a\u0641 \u0627\u0644\u0645\u064a\u0643\u0631\u0648\u0646 \u0648\u0627\u0644\u0645\u062d\u0648\u0644 \u0627\u0644\u0630\u064a \u064a\u0646\u0627\u0633\u0628 \u063a\u0644\u0627\u0641\u0643.<\/p>","protected":false},"featured_media":1478,"comment_status":"open","ping_status":"closed","template":"","meta":{"_gspb_post_css":""},"product_brand":[],"product_cat":[17,23],"product_tag":[712,697,713,346,710,711],"class_list":{"0":"post-1470","1":"product","2":"type-product","3":"status-publish","4":"has-post-thumbnail","6":"product_cat-sediment-filter","7":"product_cat-pp-filter-cartridge","8":"product_tag-10-micron-pp-filter","9":"product_tag-222-226-filter-adaptor","10":"product_tag-50-micron-pp-filter","11":"product_tag-oem-size-filter","12":"product_tag-pp-spun-sediment-filter","13":"product_tag-pre-ro-replacement-cartridge","15":"first","16":"instock","17":"shipping-taxable","18":"product-type-simple"},"_links":{"self":[{"href":"https:\/\/lyfilter.com\/ar\/wp-json\/wp\/v2\/product\/1470","targetHints":{"allow":["GET"]}}],"collection":[{"href":"https:\/\/lyfilter.com\/ar\/wp-json\/wp\/v2\/product"}],"about":[{"href":"https:\/\/lyfilter.com\/ar\/wp-json\/wp\/v2\/types\/product"}],"replies":[{"embeddable":true,"href":"https:\/\/lyfilter.com\/ar\/wp-json\/wp\/v2\/comments?post=1470"}],"wp:featuredmedia":[{"embeddable":true,"href":"https:\/\/lyfilter.com\/ar\/wp-json\/wp\/v2\/media\/1478"}],"wp:attachment":[{"href":"https:\/\/lyfilter.com\/ar\/wp-json\/wp\/v2\/media?parent=1470"}],"wp:term":[{"taxonomy":"product_brand","embeddable":true,"href":"https:\/\/lyfilter.com\/ar\/wp-json\/wp\/v2\/product_brand?post=1470"},{"taxonomy":"product_cat","embeddable":true,"href":"https:\/\/lyfilter.com\/ar\/wp-json\/wp\/v2\/product_cat?post=1470"},{"taxonomy":"product_tag","embeddable":true,"href":"https:\/\/lyfilter.com\/ar\/wp-json\/wp\/v2\/product_tag?post=1470"}],"curies":[{"name":"\u062f\u0628\u0644\u064a\u0648 \u0628\u064a","href":"https:\/\/api.w.org\/{rel}","templated":true}]}}