{"id":1428,"date":"2026-01-04T09:09:08","date_gmt":"2026-01-04T09:09:08","guid":{"rendered":"https:\/\/lyfilter.com\/?post_type=product&#038;p=1428"},"modified":"2026-01-04T09:09:09","modified_gmt":"2026-01-04T09:09:09","slug":"doe-222-5-10-washable-pre-water-filter-nylon-ss-mesh-net-filter-cartridges-80-micron-for-sediment-sand-particle-removal","status":"publish","type":"product","link":"https:\/\/lyfilter.com\/ar\/doe-222-5-10-washable-pre-water-filter-nylon-ss-mesh-net-filter-cartridges-80-micron-for-sediment-sand-particle-removal\/","title":{"rendered":"DOE 222 5 \u0628\u0648\u0635\u0629 10 \u0628\u0648\u0635\u0629 \u0641\u0644\u062a\u0631 \u0645\u064a\u0627\u0647 \u0642\u0627\u0628\u0644 \u0644\u0644\u063a\u0633\u0644 \u062e\u0631\u0627\u0637\u064a\u0634 \u062a\u0635\u0641\u064a\u0629 \u0634\u0628\u0643\u064a\u0629 \u0645\u0646 \u0627\u0644\u0646\u0627\u064a\u0644\u0648\u0646 SS \u0635\u0627\u0641\u064a 80 \u0645\u064a\u0643\u0631\u0648\u0646 \u0644\u0625\u0632\u0627\u0644\u0629 \u062c\u0632\u064a\u0626\u0627\u062a \u0627\u0644\u0631\u0645\u0644 \u0648\u0627\u0644\u0631\u0648\u0627\u0633\u0628"},"content":{"rendered":"<table>\n<thead>\n<tr>\n<th>\u0646\u0638\u0631\u0629 \u0639\u0627\u0645\u0629<\/th>\n<th>\u062e\u0631\u0627\u0637\u064a\u0634 \u0634\u0628\u0643\u064a\u0629 \u0642\u0627\u0628\u0644\u0629 \u0644\u0644\u063a\u0633\u0644 (LY-NET) 80 \u0645\u064a\u0643\u0631\u0648\u0646 \u0644\u0644\u062a\u0631\u0634\u064a\u062d \u0627\u0644\u0645\u0633\u0628\u0642 \u0648\u0625\u0632\u0627\u0644\u0629 \u0627\u0644\u0631\u0648\u0627\u0633\u0628\/\u0627\u0644\u0631\u0645\u0627\u0644.<\/th>\n<\/tr>\n<\/thead>\n<tbody>\n<tr>\n<td>\u0627\u0644\u0646\u0648\u0639<\/td>\n<td>\u0642\u0637\u0639 \u063a\u064a\u0627\u0631 \u0645\u0631\u0634\u062d\u0627\u062a \u0627\u0644\u0645\u064a\u0627\u0647<\/td>\n<\/tr>\n<tr>\n<td>\u0627\u0644\u062a\u0637\u0628\u064a\u0642<\/td>\n<td>\u0641\u0646\u062f\u0642\u064a\u061b \u062a\u062c\u0627\u0631\u064a\u061b \u0645\u0646\u0632\u0644\u064a<\/td>\n<\/tr>\n<tr>\n<td>\u0645\u0635\u062f\u0631 \u0627\u0644\u0637\u0627\u0642\u0629<\/td>\n<td>\u064a\u062f\u0648\u064a<\/td>\n<\/tr>\n<tr>\n<td>\u0645\u0643\u0627\u0646 \u0627\u0644\u0645\u0646\u0634\u0623<\/td>\n<td>\u063a\u0648\u0627\u0646\u063a\u062f\u0648\u0646\u063a\u060c \u0627\u0644\u0635\u064a\u0646<\/td>\n<\/tr>\n<tr>\n<td>\u0627\u0633\u0645 \u0627\u0644\u0639\u0644\u0627\u0645\u0629 \u0627\u0644\u062a\u062c\u0627\u0631\u064a\u0629<\/td>\n<td>\u0644\u0641\u064a\u0648\u0627\u0646 \/ OEM<\/td>\n<\/tr>\n<tr>\n<td>\u0631\u0642\u0645 \u0627\u0644\u0645\u0648\u062f\u064a\u0644<\/td>\n<td>LY-NET<\/td>\n<\/tr>\n<tr>\n<td>\u0627\u0633\u0645 \u0627\u0644\u0645\u0646\u062a\u062c<\/td>\n<td>\u062e\u0631\u0627\u0637\u064a\u0634 \u0634\u0628\u0643\u064a\u0629 \u0642\u0627\u0628\u0644\u0629 \u0644\u0644\u063a\u0633\u0644 80 \u0645\u064a\u0643\u0631\u0648\u0646<\/td>\n<\/tr>\n<tr>\n<td>\u0627\u0644\u0648\u0638\u064a\u0641\u0629<\/td>\n<td>\u0645\u0646\u0639 \u0627\u0644\u062a\u0631\u0633\u0628\u0627\u062a \u0627\u0644\u0643\u0644\u0633\u064a\u0629\u061b \u0625\u0632\u0627\u0644\u0629 \u0627\u0644\u0634\u0648\u0627\u0626\u0628<\/td>\n<\/tr>\n<tr>\n<td>\u0627\u0644\u062a\u0637\u0628\u064a\u0642 (\u0627\u0644\u0627\u0633\u062a\u062e\u062f\u0627\u0645)<\/td>\n<td>\u0639\u0646\u0635\u0631 \u0645\u0627 \u0642\u0628\u0644 \u0627\u0644\u062a\u0635\u0641\u064a\u0629<\/td>\n<\/tr>\n<tr>\n<td>\u0648\u0633\u0627\u0626\u0637 \u0627\u0644\u062a\u0631\u0634\u064a\u062d<\/td>\n<td>\u0628\u0627\u0648\u0631 \u0641\u0648\u0633\u061b \u0633\u064a\u0644\u064a\u0641\u0648\u0633\u061b \u0643\u0631\u0629 \u0627\u0644\u0628\u0648\u0644\u064a \u0641\u0648\u0633\u0641\u0627\u062a \u0627\u0644\u0643\u0631\u064a\u0633\u062a\u0627\u0644\u064a\u0629<\/td>\n<\/tr>\n<tr>\n<td>\u0627\u0644\u0637\u0648\u0644<\/td>\n<td>5 \u0628\u0648\u0635\u0629\u061b 10 \u0628\u0648\u0635\u0629<\/td>\n<\/tr>\n<tr>\n<td>\u0627\u0644\u0644\u0648\u0646<\/td>\n<td>\u0623\u0628\u064a\u0636\u061b \u0634\u0641\u0627\u0641<\/td>\n<\/tr>\n<tr>\n<td>\u0639\u0645\u0631 \u0627\u0644\u0645\u0631\u0634\u062d<\/td>\n<td>\u0645\u0646 3 \u0625\u0644\u0649 6 \u0623\u0634\u0647\u0631<\/td>\n<\/tr>\n<tr>\n<td>\u0627\u0644\u062a\u0631\u0643\u064a\u0628<\/td>\n<td>\u0645\u0628\u064a\u062a \u0627\u0644\u0645\u0631\u0634\u062d \u0627\u0644\u0645\u0633\u0628\u0642<\/td>\n<\/tr>\n<tr>\n<td>\u062f\u0631\u062c\u0629 \u062d\u0631\u0627\u0631\u0629 \u0627\u0644\u062a\u0634\u063a\u064a\u0644.<\/td>\n<td>4 \u062f\u0631\u062c\u0627\u062a \u0645\u0626\u0648\u064a\u0629 - 80 \u062f\u0631\u062c\u0629 \u0645\u0626\u0648\u064a\u0629<\/td>\n<\/tr>\n<tr>\n<td>\u0627\u0644\u062a\u0635\u062f\u064a\u0642<\/td>\n<td>CE\u061b SGS<\/td>\n<\/tr>\n<tr>\n<td>\u0627\u0644\u0636\u0645\u0627\u0646<\/td>\n<td>\u0644\u0627 \u0634\u064a\u0621<\/td>\n<\/tr>\n<tr>\n<td>\u062e\u062f\u0645\u0629 \u0645\u0627 \u0628\u0639\u062f \u0627\u0644\u0628\u064a\u0639 \u0627\u0644\u0645\u0642\u062f\u0645\u0629<\/td>\n<td>\u0644\u0627 \u0634\u064a\u0621<\/td>\n<\/tr>\n<tr>\n<td>\u0628\u064a\u0639 \u0627\u0644\u0648\u062d\u062f\u0627\u062a<\/td>\n<td>\u0639\u0646\u0635\u0631 \u0648\u0627\u062d\u062f<\/td>\n<\/tr>\n<tr>\n<td>\u062d\u062c\u0645 \u0627\u0644\u0639\u0628\u0648\u0629 \u0627\u0644\u0648\u0627\u062d\u062f\u0629<\/td>\n<td>55 \u00d7 8 \u00d7 8 \u00d7 8 \u0633\u0645<\/td>\n<\/tr>\n<tr>\n<td>\u0627\u0644\u0648\u0632\u0646 \u0627\u0644\u0625\u062c\u0645\u0627\u0644\u064a \u0627\u0644\u0641\u0631\u062f\u064a<\/td>\n<td>0.500 \u0643\u062c\u0645<\/td>\n<\/tr>\n<tr>\n<td>\u0646\u0648\u0639 \u0627\u0644\u062d\u0632\u0645\u0629<\/td>\n<td>25 \u0642\u0637\u0639\u0629\/CTN\u061b \u0645\u0644\u0627\u062d\u0638\u0627\u062a: \u064a\u0639\u062a\u0645\u062f \u0623\u0641\u0636\u0644 \u0633\u0639\u0631 \u0644\u0644\u0648\u062d\u062f\u0629 \u0648\u062a\u0643\u0644\u0641\u0629 \u0627\u0644\u0634\u062d\u0646 \u0639\u0644\u0649 \u0627\u0644\u0643\u0645\u064a\u0629<\/td>\n<\/tr>\n<\/tbody>\n<\/table>","protected":false},"excerpt":{"rendered":"<p>\u062e\u0631\u0637\u0648\u0634\u0629 \u062a\u0635\u0641\u064a\u0629 \u0645\u0633\u0628\u0642\u0629 \u0642\u0627\u0628\u0644\u0629 \u0644\u0644\u063a\u0633\u0644 \u062a\u0644\u062a\u0642\u0637 \u0627\u0644\u0631\u0645\u0627\u0644 \u0648\u0627\u0644\u0631\u0648\u0627\u0633\u0628 \u0642\u0628\u0644 \u0648\u0635\u0648\u0644\u0647\u0627 \u0625\u0644\u0649 \u0646\u0638\u0627\u0645\u0643 \u0627\u0644\u0631\u0626\u064a\u0633\u064a. \u0625\u0646\u0647\u0627 \u0633\u0647\u0644\u0629 \u0627\u0644\u0635\u064a\u0627\u0646\u0629\u060c \u0648\u062a\u0633\u0627\u0639\u062f \u0639\u0644\u0649 \u062a\u0642\u0644\u064a\u0644 \u0627\u0644\u062a\u0631\u0633\u0628\u0627\u062a \u0627\u0644\u0643\u0644\u0633\u064a\u0629 \u0648\u062a\u0646\u0627\u0633\u0628 \u0627\u0644\u0639\u0644\u0628 \u0627\u0644\u0634\u0627\u0626\u0639\u0629 \u0645\u0642\u0627\u0633 5 \u0623\u0648 10 \u0628\u0648\u0635\u0629.<\/p>","protected":false},"featured_media":1436,"comment_status":"open","ping_status":"closed","template":"","meta":{"_gspb_post_css":""},"product_brand":[],"product_cat":[17,23],"product_tag":[703,701,299,702,366,700],"class_list":{"0":"post-1428","1":"product","2":"type-product","3":"status-publish","4":"has-post-thumbnail","6":"product_cat-sediment-filter","7":"product_cat-pp-filter-cartridge","8":"product_tag-5-inch-10-inch-cartridge","9":"product_tag-80-micron-pre-filter","10":"product_tag-ce-sgs-certified","11":"product_tag-nylon-ss-mesh-cartridge","12":"product_tag-scale-prevention-filter","13":"product_tag-washable-net-filter-cartridge","15":"first","16":"instock","17":"shipping-taxable","18":"product-type-simple"},"_links":{"self":[{"href":"https:\/\/lyfilter.com\/ar\/wp-json\/wp\/v2\/product\/1428","targetHints":{"allow":["GET"]}}],"collection":[{"href":"https:\/\/lyfilter.com\/ar\/wp-json\/wp\/v2\/product"}],"about":[{"href":"https:\/\/lyfilter.com\/ar\/wp-json\/wp\/v2\/types\/product"}],"replies":[{"embeddable":true,"href":"https:\/\/lyfilter.com\/ar\/wp-json\/wp\/v2\/comments?post=1428"}],"wp:featuredmedia":[{"embeddable":true,"href":"https:\/\/lyfilter.com\/ar\/wp-json\/wp\/v2\/media\/1436"}],"wp:attachment":[{"href":"https:\/\/lyfilter.com\/ar\/wp-json\/wp\/v2\/media?parent=1428"}],"wp:term":[{"taxonomy":"product_brand","embeddable":true,"href":"https:\/\/lyfilter.com\/ar\/wp-json\/wp\/v2\/product_brand?post=1428"},{"taxonomy":"product_cat","embeddable":true,"href":"https:\/\/lyfilter.com\/ar\/wp-json\/wp\/v2\/product_cat?post=1428"},{"taxonomy":"product_tag","embeddable":true,"href":"https:\/\/lyfilter.com\/ar\/wp-json\/wp\/v2\/product_tag?post=1428"}],"curies":[{"name":"\u062f\u0628\u0644\u064a\u0648 \u0628\u064a","href":"https:\/\/api.w.org\/{rel}","templated":true}]}}