{"id":1303,"date":"2026-01-04T08:17:45","date_gmt":"2026-01-04T08:17:45","guid":{"rendered":"https:\/\/lyfilter.com\/?post_type=product&#038;p=1303"},"modified":"2026-01-04T08:19:32","modified_gmt":"2026-01-04T08:19:32","slug":"pp-sediment-filters-for-purifier-water-universal-water-filter-cartridges-10-20-30-40-inch","status":"publish","type":"product","link":"https:\/\/lyfilter.com\/ar\/pp-sediment-filters-for-purifier-water-universal-water-filter-cartridges-10-20-30-40-inch\/","title":{"rendered":"\u0641\u0644\u0627\u062a\u0631 \u0627\u0644\u0631\u0648\u0627\u0633\u0628 PP \u0644\u062a\u0646\u0642\u064a\u0629 \u0627\u0644\u0645\u064a\u0627\u0647 \u062e\u0631\u0627\u0637\u064a\u0634 \u062a\u0635\u0641\u064a\u0629 \u0627\u0644\u0645\u064a\u0627\u0647 \u0627\u0644\u0639\u0627\u0644\u0645\u064a\u0629 10 20 30 40 \u0628\u0648\u0635\u0629"},"content":{"rendered":"<table>\n<thead>\n<tr>\n<th><\/th>\n<th><\/th>\n<\/tr>\n<\/thead>\n<tbody>\n<tr>\n<td>\u0646\u0638\u0631\u0629 \u0639\u0627\u0645\u0629<\/td>\n<td>\u062e\u0631\u0637\u0648\u0634\u0629 \u0641\u0644\u062a\u0631 PP (\u0623\u0644\u064a\u0627\u0641 PP) \u0639\u0627\u0644\u064a\u0629 \u0627\u0644\u0643\u0641\u0627\u0621\u0629 \u0644\u0645\u0639\u0627\u0644\u062c\u0629 \u0627\u0644\u0645\u064a\u0627\u0647 \u0641\u064a \u0627\u0644\u0628\u064a\u0626\u0627\u062a \u0627\u0644\u0635\u0646\u0627\u0639\u064a\u0629 \u0648\u0627\u0644\u0645\u0646\u0632\u0644\u064a\u0629.<\/td>\n<\/tr>\n<tr>\n<td>\u0627\u0644\u0635\u0646\u0627\u0639\u0627\u062a \u0627\u0644\u0642\u0627\u0628\u0644\u0629 \u0644\u0644\u062a\u0637\u0628\u064a\u0642<\/td>\n<td>\u0645\u0635\u0646\u0639 \u0627\u0644\u062a\u0635\u0646\u064a\u0639\u061b \u0645\u0635\u0646\u0639 \u0627\u0644\u0623\u063a\u0630\u064a\u0629 \u0648\u0627\u0644\u0645\u0634\u0631\u0648\u0628\u0627\u062a\u061b \u0627\u0644\u0627\u0633\u062a\u062e\u062f\u0627\u0645 \u0627\u0644\u0645\u0646\u0632\u0644\u064a\u061b \u0645\u0639\u0627\u0644\u062c\u0629 \u0627\u0644\u0645\u064a\u0627\u0647<\/td>\n<\/tr>\n<tr>\n<td>\u0645\u0643\u0627\u0646 \u0627\u0644\u0645\u0646\u0634\u0623<\/td>\n<td>\u063a\u0648\u0627\u0646\u063a\u062f\u0648\u0646\u063a\u060c \u0627\u0644\u0635\u064a\u0646<\/td>\n<\/tr>\n<tr>\n<td>\u0627\u0633\u0645 \u0627\u0644\u0639\u0644\u0627\u0645\u0629 \u0627\u0644\u062a\u062c\u0627\u0631\u064a\u0629<\/td>\n<td>\u0644\u0641\u064a\u0648\u0627\u0646\u061b OEM\u061b ODM<\/td>\n<\/tr>\n<tr>\n<td>\u0627\u0644\u0645\u0648\u0627\u062f<\/td>\n<td>\u0635<\/td>\n<\/tr>\n<tr>\n<td>\u0627\u0644\u0645\u0648\u0627\u062f \u0627\u0644\u062e\u0627\u0645<\/td>\n<td>\u0635 \u0627\u0644\u0623\u0644\u064a\u0627\u0641<\/td>\n<\/tr>\n<tr>\n<td>\u0627\u0644\u062d\u062c\u0645<\/td>\n<td>\u0645\u062e\u0635\u0635<\/td>\n<\/tr>\n<tr>\n<td>\u0627\u0644\u0648\u0632\u0646<\/td>\n<td>\u0645\u062e\u0635\u0635<\/td>\n<\/tr>\n<tr>\n<td>\u0627\u0644\u0637\u0627\u0642\u0629<\/td>\n<td>0<\/td>\n<\/tr>\n<tr>\n<td>\u0627\u0644\u0645\u064a\u0632\u0629<\/td>\n<td>\u0643\u0641\u0627\u0621\u0629 \u0639\u0627\u0644\u064a\u0629<\/td>\n<\/tr>\n<tr>\n<td>\u0627\u0644\u0637\u0648\u0644<\/td>\n<td>10 \/ 20 \/ 30 \/ 40 \u0628\u0648\u0635\u0629 \u0623\u0648 \u062d\u0633\u0628 \u0627\u0644\u0637\u0644\u0628<\/td>\n<\/tr>\n<tr>\n<td>\u0645\u0639\u062f\u0644 \u0627\u0644\u0625\u0632\u0627\u0644\u0629<\/td>\n<td>1 \u0645\u064a\u0643\u0631\u0648\u0646\u061b 5 \u0645\u064a\u0643\u0631\u0648\u0646<\/td>\n<\/tr>\n<tr>\n<td>\u0627\u0644\u0627\u0633\u062a\u062e\u062f\u0627\u0645<\/td>\n<td>\u0645\u0639\u0627\u0644\u062c\u0629 \u0627\u0644\u0645\u064a\u0627\u0647<\/td>\n<\/tr>\n<tr>\n<td>\u0627\u0644\u062a\u0637\u0628\u064a\u0642<\/td>\n<td>\u0627\u0644\u0635\u0646\u0627\u0639\u0629<\/td>\n<\/tr>\n<tr>\n<td>\u0627\u0644\u0644\u0648\u0646<\/td>\n<td>\u0623\u0628\u064a\u0636<\/td>\n<\/tr>\n<tr>\n<td>\u0627\u0644\u0645\u0638\u0647\u0631<\/td>\n<td>\u0645\u0646\u0642\u0648\u0634\u060c \u0644\u0627\u0645\u0639\u060c \u0625\u0644\u062e<\/td>\n<\/tr>\n<tr>\n<td>\u0627\u0644\u062a\u0635\u062f\u064a\u0642<\/td>\n<td>SGS<\/td>\n<\/tr>\n<tr>\n<td>\u0627\u0644\u0636\u0645\u0627\u0646<\/td>\n<td>\u063a\u064a\u0631 \u0645\u062a\u0627\u062d<\/td>\n<\/tr>\n<tr>\n<td>\u062e\u062f\u0645\u0629 \u0645\u0627 \u0628\u0639\u062f \u0627\u0644\u0628\u064a\u0639 \u0627\u0644\u0645\u0642\u062f\u0645\u0629<\/td>\n<td>\u0627\u0644\u062f\u0639\u0645 \u0639\u0628\u0631 \u0627\u0644\u0625\u0646\u062a\u0631\u0646\u062a<\/td>\n<\/tr>\n<tr>\n<td>\u0628\u064a\u0639 \u0627\u0644\u0648\u062d\u062f\u0627\u062a<\/td>\n<td>\u0639\u0646\u0635\u0631 \u0648\u0627\u062d\u062f<\/td>\n<\/tr>\n<tr>\n<td>\u062d\u062c\u0645 \u0627\u0644\u0639\u0628\u0648\u0629 \u0627\u0644\u0648\u0627\u062d\u062f\u0629<\/td>\n<td>34 \u00d7 34 \u00d7 34 \u00d7 54 \u0633\u0645<\/td>\n<\/tr>\n<tr>\n<td>\u0627\u0644\u0648\u0632\u0646 \u0627\u0644\u0625\u062c\u0645\u0627\u0644\u064a \u0627\u0644\u0641\u0631\u062f\u064a<\/td>\n<td>5.800 \u0643\u062c\u0645<\/td>\n<\/tr>\n<tr>\n<td>\u0646\u0648\u0639 \u0627\u0644\u062a\u0639\u0628\u0626\u0629 \/ \u0627\u0644\u0639\u0628\u0648\u0629<\/td>\n<td>\u0635\u0646\u062f\u0648\u0642 \u0648\u0631\u0642\u064a<\/td>\n<\/tr>\n<\/tbody>\n<\/table>","protected":false},"excerpt":{"rendered":"<p>\u0627\u062d\u0635\u0644 \u0639\u0644\u0649 \u0645\u064a\u0627\u0647 \u0623\u0646\u0638\u0641 \u0648\u0630\u0627\u062a \u0645\u0630\u0627\u0642 \u0623\u0641\u0636\u0644 \u0645\u0639 \u062e\u0631\u0637\u0648\u0634\u0629 \u0641\u0644\u062a\u0631 \u0627\u0644\u0623\u0644\u064a\u0627\u0641 PP \u0639\u0627\u0644\u064a\u0629 \u0627\u0644\u0643\u0641\u0627\u0621\u0629 \u0647\u0630\u0647. \u0641\u0647\u064a \u062a\u0632\u064a\u0644 \u0627\u0644\u062c\u0633\u064a\u0645\u0627\u062a \u0627\u0644\u062f\u0642\u064a\u0642\u0629 (1-5 \u0645\u064a\u0643\u0631\u0648\u0646) \u0648\u062a\u0623\u062a\u064a \u0628\u0623\u0637\u0648\u0627\u0644 10-40 \u0628\u0648\u0635\u0629 \u0623\u0648 \u0628\u0623\u062d\u062c\u0627\u0645 \u0645\u062e\u0635\u0635\u0629 \u0644\u0645\u0639\u0627\u0644\u062c\u0629 \u0627\u0644\u0645\u064a\u0627\u0647 \u0627\u0644\u0645\u0646\u0632\u0644\u064a\u0629 \u0623\u0648 \u0627\u0644\u0635\u0646\u0627\u0639\u064a\u0629.<\/p>","protected":false},"featured_media":1312,"comment_status":"open","ping_status":"closed","template":"","meta":{"_gspb_post_css":""},"product_brand":[],"product_cat":[23,17],"product_tag":[678,679,677,638,306,308],"class_list":{"0":"post-1303","1":"product","2":"type-product","3":"status-publish","4":"has-post-thumbnail","6":"product_cat-pp-filter-cartridge","7":"product_cat-sediment-filter","8":"product_tag-1-micron","9":"product_tag-5-micron","10":"product_tag-high-efficiency-filtration","11":"product_tag-pp-fiber-filter-cartridge","12":"product_tag-sgs-certified","13":"product_tag-water-treatment","15":"first","16":"instock","17":"shipping-taxable","18":"product-type-simple"},"_links":{"self":[{"href":"https:\/\/lyfilter.com\/ar\/wp-json\/wp\/v2\/product\/1303","targetHints":{"allow":["GET"]}}],"collection":[{"href":"https:\/\/lyfilter.com\/ar\/wp-json\/wp\/v2\/product"}],"about":[{"href":"https:\/\/lyfilter.com\/ar\/wp-json\/wp\/v2\/types\/product"}],"replies":[{"embeddable":true,"href":"https:\/\/lyfilter.com\/ar\/wp-json\/wp\/v2\/comments?post=1303"}],"wp:featuredmedia":[{"embeddable":true,"href":"https:\/\/lyfilter.com\/ar\/wp-json\/wp\/v2\/media\/1312"}],"wp:attachment":[{"href":"https:\/\/lyfilter.com\/ar\/wp-json\/wp\/v2\/media?parent=1303"}],"wp:term":[{"taxonomy":"product_brand","embeddable":true,"href":"https:\/\/lyfilter.com\/ar\/wp-json\/wp\/v2\/product_brand?post=1303"},{"taxonomy":"product_cat","embeddable":true,"href":"https:\/\/lyfilter.com\/ar\/wp-json\/wp\/v2\/product_cat?post=1303"},{"taxonomy":"product_tag","embeddable":true,"href":"https:\/\/lyfilter.com\/ar\/wp-json\/wp\/v2\/product_tag?post=1303"}],"curies":[{"name":"\u062f\u0628\u0644\u064a\u0648 \u0628\u064a","href":"https:\/\/api.w.org\/{rel}","templated":true}]}}